{"id":1666,"date":"2025-08-01T11:30:20","date_gmt":"2025-08-01T11:30:20","guid":{"rendered":"https:\/\/www.shouyasanitary.com\/?post_type=product&#038;p=1666"},"modified":"2025-08-01T11:30:21","modified_gmt":"2025-08-01T11:30:21","slug":"wholesale-white-bathroom-cabinet","status":"publish","type":"product","link":"https:\/\/www.shouyasanitary.com\/es\/producto\/wholesale-white-bathroom-cabinet\/","title":{"rendered":"F\u00e1brica de venta al por mayor gabinete de ba\u00f1o blanco, cuarto de ba\u00f1o Espejo Vanidad con el proveedor de material de pizarra de roca"},"content":{"rendered":"<div class=\"wp-block-columns is-layout-flex wp-container-core-columns-is-layout-9d6595d7 wp-block-columns-is-layout-flex\">\n<div class=\"wp-block-column is-layout-flow wp-block-column-is-layout-flow\">\n<h2 class=\"wp-block-heading\">Gabinete de ba\u00f1o blanco Caracter\u00edsticas:<\/h2>\n\n\n\n<p><strong>Dise\u00f1o moderno y sencillo<\/strong>: Encimeras de m\u00e1rmol blanco y texturas \u00fanicas dan al cuarto de ba\u00f1o un aire moderno y elegante.<\/p>\n\n\n\n<p><strong>Estructura de losa de roca de doble capa<\/strong>: Con la capa superior y la capa inferior, garantizando un almacenamiento claro por capas. La capa superior soporta un lavabo de cer\u00e1mica integrado, manteniendo la encimera limpia y ordenada; la capa inferior proporciona un espacio abierto, conveniente para colocar toallas y art\u00edculos de tocador de uso com\u00fan, asegurando un f\u00e1cil acceso y optimizando la experiencia de almacenamiento en el ba\u00f1o.<\/p>\n\n\n\n<p><strong>Material para losas de piedra de alto rendimiento:<\/strong> Es resistente al desgaste, a los ara\u00f1azos y al calor, apto para cuartos de ba\u00f1o h\u00famedos, y no tiende a deformarse ni a mancharse. <\/p>\n\n\n\n<p><strong>Lavabo de cer\u00e1mica integrado:<\/strong> Su superficie lisa es f\u00e1cil de limpiar. Las manchas de agua y la suciedad se pueden limpiar f\u00e1cilmente, y mantiene su belleza incluso tras un uso prolongado.<\/p>\n\n\n\n<p><strong>Compatibilidad multiestilo<\/strong>: Con un dise\u00f1o en el que predomina el blanco, minimalista y vers\u00e1til, el espejo curvado se integra a la perfecci\u00f3n con la textura de la losa de roca, encajando f\u00e1cilmente en ba\u00f1os modernos minimalistas, de lujo ligero y de otros estilos. La retroiluminaci\u00f3n de tres colores y la estructura de doble capa combinan la funcionalidad con el valor est\u00e9tico, creando una escena de lavado exquisita y pr\u00e1ctica.<\/p>\n<\/div>\n\n\n\n<div class=\"wp-block-column is-layout-flow wp-block-column-is-layout-flow\"><div class=\"wp-block-image\">\n<figure class=\"aligncenter size-full\"><img decoding=\"async\" width=\"700\" height=\"700\" src=\"https:\/\/www.shouyasanitary.com\/wp-content\/uploads\/2025\/07\/Custom-Vanity-with-Mirror-Wash-Basin-for-Hotel-Bathroom_1.webp\" alt=\"Tocador a medida con lavabo de espejo\" class=\"wp-image-1676\" style=\"object-fit:cover\" srcset=\"https:\/\/www.shouyasanitary.com\/wp-content\/uploads\/2025\/07\/Custom-Vanity-with-Mirror-Wash-Basin-for-Hotel-Bathroom_1.webp 700w, https:\/\/www.shouyasanitary.com\/wp-content\/uploads\/2025\/07\/Custom-Vanity-with-Mirror-Wash-Basin-for-Hotel-Bathroom_1-300x300.webp 300w, https:\/\/www.shouyasanitary.com\/wp-content\/uploads\/2025\/07\/Custom-Vanity-with-Mirror-Wash-Basin-for-Hotel-Bathroom_1-150x150.webp 150w, https:\/\/www.shouyasanitary.com\/wp-content\/uploads\/2025\/07\/Custom-Vanity-with-Mirror-Wash-Basin-for-Hotel-Bathroom_1-12x12.webp 12w, https:\/\/www.shouyasanitary.com\/wp-content\/uploads\/2025\/07\/Custom-Vanity-with-Mirror-Wash-Basin-for-Hotel-Bathroom_1-600x600.webp 600w, https:\/\/www.shouyasanitary.com\/wp-content\/uploads\/2025\/07\/Custom-Vanity-with-Mirror-Wash-Basin-for-Hotel-Bathroom_1-100x100.webp 100w\" sizes=\"(max-width: 700px) 100vw, 700px\" \/><\/figure>\n<\/div><\/div>\n<\/div>","protected":false},"excerpt":{"rendered":"<p>Mueble de ba\u00f1o blanco al por mayor, mueble de ba\u00f1o de m\u00e1rmol montado en la pared con lavabo de cer\u00e1mica y estante de almacenamiento abierto, dise\u00f1o simple, duradero, mejora la pulcritud del espacio de ba\u00f1o. \u00a1Personalizaci\u00f3n al por mayor, p\u00f3ngase en contacto con nosotros ahora para obtener una cotizaci\u00f3n!<\/p>\n<h2>Gabinete De Ba\u00f1o Blanco Atributos\uff1a<\/h2>\n<p><strong>N\u00ba de art\u00edculo<\/strong>: J1054-80<br \/><strong>Material del armario<\/strong>: M\u00e1rmol <br \/><strong>Color del armario<\/strong>: Blanco <br \/><strong>Espejo<\/strong>: Espejo LED (3,5 mm \/ 3,8 mm), iluminaci\u00f3n tricolor, desempa\u00f1ado con un solo toque, protegido con embalaje de espuma multicapa <br \/><strong>Tipo de instalaci\u00f3n<\/strong>: Montaje en pared <br \/><strong>Dimensiones (L \u00d7 A \u00d7 A)<\/strong>80 \u00d7 50 \u00d7 20 cm <br \/><strong>Peso bruto<\/strong>: 35 kg\/set<\/p>\n<h2>Personalizaci\u00f3n y servicios:<\/h2>\n<p><strong>OEM Y ODM<\/strong>: Soporte<br \/><strong>Dise\u00f1o<\/strong>: Gratis<br \/><strong>Accesorios<\/strong>: Lavabos, espejos, grifos y otros accesorios de ba\u00f1o<br \/><strong>Embalaje<\/strong>: Listo para montar<\/p>","protected":false},"featured_media":1676,"comment_status":"closed","ping_status":"closed","template":"","meta":{"_acf_changed":true},"product_brand":[],"product_cat":[22],"product_tag":[],"class_list":{"0":"post-1666","1":"product","2":"type-product","3":"status-publish","4":"has-post-thumbnail","6":"product_cat-wholesale-marble-bathroom-vanity-cabinets","8":"first","9":"instock","10":"shipping-taxable","11":"product-type-simple"},"acf":[],"_links":{"self":[{"href":"https:\/\/www.shouyasanitary.com\/es\/wp-json\/wp\/v2\/product\/1666","targetHints":{"allow":["GET"]}}],"collection":[{"href":"https:\/\/www.shouyasanitary.com\/es\/wp-json\/wp\/v2\/product"}],"about":[{"href":"https:\/\/www.shouyasanitary.com\/es\/wp-json\/wp\/v2\/types\/product"}],"replies":[{"embeddable":true,"href":"https:\/\/www.shouyasanitary.com\/es\/wp-json\/wp\/v2\/comments?post=1666"}],"wp:featuredmedia":[{"embeddable":true,"href":"https:\/\/www.shouyasanitary.com\/es\/wp-json\/wp\/v2\/media\/1676"}],"wp:attachment":[{"href":"https:\/\/www.shouyasanitary.com\/es\/wp-json\/wp\/v2\/media?parent=1666"}],"wp:term":[{"taxonomy":"product_brand","embeddable":true,"href":"https:\/\/www.shouyasanitary.com\/es\/wp-json\/wp\/v2\/product_brand?post=1666"},{"taxonomy":"product_cat","embeddable":true,"href":"https:\/\/www.shouyasanitary.com\/es\/wp-json\/wp\/v2\/product_cat?post=1666"},{"taxonomy":"product_tag","embeddable":true,"href":"https:\/\/www.shouyasanitary.com\/es\/wp-json\/wp\/v2\/product_tag?post=1666"}],"curies":[{"name":"wp","href":"https:\/\/api.w.org\/{rel}","templated":true}]}}