{"id":1678,"date":"2025-08-01T11:30:15","date_gmt":"2025-08-01T11:30:15","guid":{"rendered":"https:\/\/www.shouyasanitary.com\/?post_type=product&#038;p=1678"},"modified":"2025-08-01T11:30:18","modified_gmt":"2025-08-01T11:30:18","slug":"wholesale-mirrored-bathroom-vanity","status":"publish","type":"product","link":"https:\/\/www.shouyasanitary.com\/es\/producto\/wholesale-mirrored-bathroom-vanity\/","title":{"rendered":"Mayorista Espejo Ba\u00f1o Vanidad, Custom PVC Ba\u00f1o Gabinete Dise\u00f1o Elegante"},"content":{"rendered":"<div class=\"wp-block-columns is-layout-flex wp-container-core-columns-is-layout-9d6595d7 wp-block-columns-is-layout-flex\">\n<div class=\"wp-block-column is-layout-flow wp-block-column-is-layout-flow\">\n<h2 class=\"wp-block-heading\">Caracter\u00edsticas del tocador de ba\u00f1o con espejo\uff1a<\/h2>\n\n\n\n<p><strong>Dise\u00f1o cl\u00e1sico y elegante<\/strong>: El uso de espejos curvados suaviza las l\u00edneas duras y complementa los elementos blandos de estilo franc\u00e9s, haciendo eco con el armario principal de l\u00edneas arqueadas y tiradores dorados, creando un espacio elegante. <\/p>\n\n\n\n<p><strong>Material impermeable<\/strong>: El mueble principal est\u00e1 hecho de material de PVC, que es duradero y resistente a la humedad, y puede soportar el ambiente h\u00famedo del cuarto de ba\u00f1o, asegurando un uso a largo plazo. <\/p>\n\n\n\n<p><strong>Utilizaci\u00f3n del espacio<\/strong>: El armario principal mide 800\u00d7500\u00d7470 mm y presenta un dise\u00f1o tipo caj\u00f3n que aprovecha eficazmente el espacio vertical. Es ideal para guardar art\u00edculos de ba\u00f1o y objetos peque\u00f1os, manteniendo la encimera ordenada. El contorno curvado tambi\u00e9n se adapta a apartamentos peque\u00f1os, sin sensaci\u00f3n de estrechez.<\/p>\n\n\n\n<p><strong>Adaptaci\u00f3n multiestilo<\/strong>: El cuerpo blanco del mueble es sencillo y vers\u00e1til, combinando bien con diversos estilos de decoraci\u00f3n, como el franc\u00e9s y el minimalista, realzando la luminosidad del espacio.<\/p>\n\n\n\n<p><strong>Ingenio al detalle<\/strong>: La combinaci\u00f3n del armario con espejo y el armario principal, con el espejo ampliando el espacio visual, y la forma arqueada del armario principal + decoraci\u00f3n de grano vertical, recreando el romanticismo franc\u00e9s; el lavabo de cer\u00e1mica tiene un borde redondeado, emparejado con un grifo minimalista, equilibrando la apariencia y la practicidad, a\u00f1adiendo un toque de calidad a la vida del ba\u00f1o.<\/p>\n\n\n\n<p><strong>Opciones de personalizaci\u00f3n<\/strong>: De acuerdo con los diferentes requisitos de negocios y proyectos, ofrecemos servicios personalizados, como diferentes tama\u00f1os y configuraciones adecuadas para hoteles, restaurantes y otros lugares.<\/p>\n<\/div>\n\n\n\n<div class=\"wp-block-column is-layout-flow wp-block-column-is-layout-flow\"><div class=\"wp-block-image\">\n<figure class=\"aligncenter size-full\"><img decoding=\"async\" width=\"700\" height=\"700\" src=\"https:\/\/www.shouyasanitary.com\/wp-content\/uploads\/2025\/07\/OEM-Bathroom-Vanity-with-Sink.webp\" alt=\"OEM Mueble de ba\u00f1o con lavabo\" class=\"wp-image-1684\" style=\"object-fit:cover\" srcset=\"https:\/\/www.shouyasanitary.com\/wp-content\/uploads\/2025\/07\/OEM-Bathroom-Vanity-with-Sink.webp 700w, https:\/\/www.shouyasanitary.com\/wp-content\/uploads\/2025\/07\/OEM-Bathroom-Vanity-with-Sink-300x300.webp 300w, https:\/\/www.shouyasanitary.com\/wp-content\/uploads\/2025\/07\/OEM-Bathroom-Vanity-with-Sink-150x150.webp 150w, https:\/\/www.shouyasanitary.com\/wp-content\/uploads\/2025\/07\/OEM-Bathroom-Vanity-with-Sink-12x12.webp 12w, https:\/\/www.shouyasanitary.com\/wp-content\/uploads\/2025\/07\/OEM-Bathroom-Vanity-with-Sink-600x600.webp 600w, https:\/\/www.shouyasanitary.com\/wp-content\/uploads\/2025\/07\/OEM-Bathroom-Vanity-with-Sink-100x100.webp 100w\" sizes=\"(max-width: 700px) 100vw, 700px\" \/><\/figure>\n<\/div><\/div>\n<\/div>","protected":false},"excerpt":{"rendered":"<p>Mayorista de tocador de ba\u00f1o con espejo, simple y cl\u00e1sico, con grandes armarios de espejo y detalles exquisitos, satisface las necesidades de almacenamiento y a\u00f1ade una est\u00e9tica moderna, adecuada para una variedad de espacios de ba\u00f1o comerciales y dom\u00e9sticos.  P\u00f3ngase en contacto con nosotros para obtener una soluci\u00f3n personalizada.<\/p>\n<h2>Atributos del tocador de ba\u00f1o con espejo\uff1a<\/h2>\n<p><strong>Art\u00edculo No: <\/strong>6047-80<strong><br \/>Material del armario:<\/strong> PVC<br \/><strong>Color del armario:<\/strong> Blanco<br \/><strong>Espejo:<\/strong> Espejo LED (3,5 mm\/3,8 mm), iluminaci\u00f3n tricolor, desempa\u00f1ado con un solo toque, protegido con embalaje de espuma multicapa<br \/><strong>Tipo de instalaci\u00f3n:<\/strong>\u00a0Montaje en pared<br \/><strong>Dimensiones (L\u00d7A\u00d7H):<\/strong> 80x50x47 cm<br \/><strong>Peso bruto:<\/strong> 35 kg\/set<\/p>\n<h2>Personalizaci\u00f3n y servicios:<\/h2>\n<p><strong>OEM Y ODM<\/strong>: Soporte<br \/><strong>Dise\u00f1o<\/strong>: Gratis<br \/><strong>Accesorios<\/strong>: Lavabos, espejos, grifos y otros accesorios de ba\u00f1o<br \/><strong>Embalaje<\/strong>: Listo para montar<\/p>","protected":false},"featured_media":1684,"comment_status":"closed","ping_status":"closed","template":"","meta":{"_acf_changed":true},"product_brand":[],"product_cat":[24],"product_tag":[],"class_list":{"0":"post-1678","1":"product","2":"type-product","3":"status-publish","4":"has-post-thumbnail","6":"product_cat-wholesale-pvc-bathroom-vanity-cabinets","8":"first","9":"instock","10":"shipping-taxable","11":"product-type-simple"},"acf":[],"_links":{"self":[{"href":"https:\/\/www.shouyasanitary.com\/es\/wp-json\/wp\/v2\/product\/1678","targetHints":{"allow":["GET"]}}],"collection":[{"href":"https:\/\/www.shouyasanitary.com\/es\/wp-json\/wp\/v2\/product"}],"about":[{"href":"https:\/\/www.shouyasanitary.com\/es\/wp-json\/wp\/v2\/types\/product"}],"replies":[{"embeddable":true,"href":"https:\/\/www.shouyasanitary.com\/es\/wp-json\/wp\/v2\/comments?post=1678"}],"wp:featuredmedia":[{"embeddable":true,"href":"https:\/\/www.shouyasanitary.com\/es\/wp-json\/wp\/v2\/media\/1684"}],"wp:attachment":[{"href":"https:\/\/www.shouyasanitary.com\/es\/wp-json\/wp\/v2\/media?parent=1678"}],"wp:term":[{"taxonomy":"product_brand","embeddable":true,"href":"https:\/\/www.shouyasanitary.com\/es\/wp-json\/wp\/v2\/product_brand?post=1678"},{"taxonomy":"product_cat","embeddable":true,"href":"https:\/\/www.shouyasanitary.com\/es\/wp-json\/wp\/v2\/product_cat?post=1678"},{"taxonomy":"product_tag","embeddable":true,"href":"https:\/\/www.shouyasanitary.com\/es\/wp-json\/wp\/v2\/product_tag?post=1678"}],"curies":[{"name":"wp","href":"https:\/\/api.w.org\/{rel}","templated":true}]}}