{"id":1679,"date":"2025-08-01T11:30:18","date_gmt":"2025-08-01T11:30:18","guid":{"rendered":"https:\/\/www.shouyasanitary.com\/?post_type=product&#038;p=1679"},"modified":"2025-08-01T11:30:19","modified_gmt":"2025-08-01T11:30:19","slug":"custom-double-sink-bathroom-vanity","status":"publish","type":"product","link":"https:\/\/www.shouyasanitary.com\/es\/producto\/custom-double-sink-bathroom-vanity\/","title":{"rendered":"Vanidad de encargo del cuarto de ba\u00f1o del fregadero doble, gabinete azul oscuro del cuarto de ba\u00f1o del PVC con el fabricante de cer\u00e1mica de la cuenca"},"content":{"rendered":"<div class=\"wp-block-columns is-layout-flex wp-container-core-columns-is-layout-9d6595d7 wp-block-columns-is-layout-flex\">\n<div class=\"wp-block-column is-layout-flow wp-block-column-is-layout-flow\">\n<h2 class=\"wp-block-heading\">Caracter\u00edsticas del tocador de ba\u00f1o de doble lavabo\uff1a<\/h2>\n\n\n\n<p><strong>Estilo minimalista moderno<\/strong>: l\u00edneas limpias y colores elegantes, armarios de ba\u00f1o azul oscuro con encimeras negras, mostrando un sentido de la moda y la sofisticaci\u00f3n, adecuado para un ambiente moderno cuarto de ba\u00f1o....<\/p>\n\n\n\n<p><strong>Amplio espacio de almacenamiento<\/strong>: Presenta una combinaci\u00f3n de almacenamiento tipo caj\u00f3n y un armario con espejo (con una zona de almacenamiento oculta). Tanto los espacios verticales como los horizontales se aprovechan al m\u00e1ximo, satisfaciendo las necesidades diarias de art\u00edculos de aseo y almacenamiento a granel, y resolviendo el problema del desorden de peque\u00f1os objetos de ba\u00f1o.<\/p>\n\n\n\n<p><strong>Material de PVC duradero<\/strong>: Presenta excelentes propiedades de impermeabilidad y resistencia a la humedad, por lo que es adecuado para el ambiente h\u00famedo de los cuartos de ba\u00f1o. Es duradero y f\u00e1cil de limpiar. <\/p>\n\n\n\n<p><strong>Colores intensos<\/strong>: El tono azul del armario principal rompe con la monoton\u00eda de los armarios de ba\u00f1o tradicionales, inyectando vitalidad de moda al espacio y combinando f\u00e1cilmente con ba\u00f1os modernos minimalistas, de lujo ligero y de otros estilos.<\/p>\n\n\n\n<p><strong>Pr\u00e1ctico armario con espejo:<\/strong> Cuenta con una pantalla inteligente y otras funciones que hacen que tareas como el lavado, el almacenamiento y la organizaci\u00f3n del maquillaje resulten m\u00e1s c\u00f3modas y eficaces.<\/p>\n\n\n\n<p><strong>Dise\u00f1o de doble lavabo<\/strong>: Dispone de dos lavabos de cer\u00e1mica independientes, lo que resulta c\u00f3modo para que lo utilicen varias personas a la vez y mejora la eficiencia.<\/p>\n<\/div>\n\n\n\n<div class=\"wp-block-column is-layout-flow wp-block-column-is-layout-flow\"><div class=\"wp-block-image\">\n<figure class=\"aligncenter size-full\"><img decoding=\"async\" width=\"700\" height=\"700\" src=\"https:\/\/www.shouyasanitary.com\/wp-content\/uploads\/2025\/07\/Custom-Bathroom-Cabinets-with-Mirror.webp\" alt=\"Armarios de ba\u00f1o a medida con espejo\" class=\"wp-image-1680\" style=\"object-fit:cover\" srcset=\"https:\/\/www.shouyasanitary.com\/wp-content\/uploads\/2025\/07\/Custom-Bathroom-Cabinets-with-Mirror.webp 700w, https:\/\/www.shouyasanitary.com\/wp-content\/uploads\/2025\/07\/Custom-Bathroom-Cabinets-with-Mirror-300x300.webp 300w, https:\/\/www.shouyasanitary.com\/wp-content\/uploads\/2025\/07\/Custom-Bathroom-Cabinets-with-Mirror-150x150.webp 150w, https:\/\/www.shouyasanitary.com\/wp-content\/uploads\/2025\/07\/Custom-Bathroom-Cabinets-with-Mirror-12x12.webp 12w, https:\/\/www.shouyasanitary.com\/wp-content\/uploads\/2025\/07\/Custom-Bathroom-Cabinets-with-Mirror-600x600.webp 600w, https:\/\/www.shouyasanitary.com\/wp-content\/uploads\/2025\/07\/Custom-Bathroom-Cabinets-with-Mirror-100x100.webp 100w\" sizes=\"(max-width: 700px) 100vw, 700px\" \/><\/figure>\n<\/div><\/div>\n<\/div>","protected":false},"excerpt":{"rendered":"<p>Neceser de ba\u00f1o con doble lavabo a medida, esquema de color azul oscuro, con su tono elegante y profundo, combinado con un dise\u00f1o moderno y sencillo, crea un ambiente de ba\u00f1o estable y con estilo, integr\u00e1ndose perfectamente en cualquier hogar moderno o espacio comercial. P\u00f3ngase en contacto con nosotros para obtener un presupuesto y un cat\u00e1logo de productos\uff01.<\/p>\n<h2>Lavabo doble personalizado tocador de ba\u00f1o atributos\uff1a<\/h2>\n<p><strong>Art\u00edculo No: <\/strong>6070-140<strong><br \/>Material del armario:<\/strong> PVC<br \/><strong>Color del armario:<\/strong> Azul oscuro<br \/><strong>Espejo:<\/strong> Espejo LED (3,5 mm\/3,8 mm), iluminaci\u00f3n tricolor, desempa\u00f1ado con un solo toque, protegido con embalaje de espuma multicapa<br \/><strong>Tipo de instalaci\u00f3n:<\/strong>\u00a0Montaje en pared<br \/><strong>Dimensiones (L\u00d7A\u00d7H):<\/strong> 140x50x45 cm<br \/><strong>Peso bruto:<\/strong> 45 kg\/set<\/p>\n<h2>Personalizaci\u00f3n y servicios:<\/h2>\n<p><strong>OEM Y ODM<\/strong>: Soporte<br \/><strong>Dise\u00f1o<\/strong>: Gratis<br \/><strong>Accesorios<\/strong>: Lavabos, espejos, grifos y otros accesorios de ba\u00f1o<br \/><strong>Embalaje<\/strong>: Listo para montar<\/p>","protected":false},"featured_media":1680,"comment_status":"closed","ping_status":"closed","template":"","meta":{"_acf_changed":false},"product_brand":[],"product_cat":[24],"product_tag":[],"class_list":{"0":"post-1679","1":"product","2":"type-product","3":"status-publish","4":"has-post-thumbnail","6":"product_cat-wholesale-pvc-bathroom-vanity-cabinets","8":"first","9":"instock","10":"shipping-taxable","11":"product-type-simple"},"acf":[],"_links":{"self":[{"href":"https:\/\/www.shouyasanitary.com\/es\/wp-json\/wp\/v2\/product\/1679","targetHints":{"allow":["GET"]}}],"collection":[{"href":"https:\/\/www.shouyasanitary.com\/es\/wp-json\/wp\/v2\/product"}],"about":[{"href":"https:\/\/www.shouyasanitary.com\/es\/wp-json\/wp\/v2\/types\/product"}],"replies":[{"embeddable":true,"href":"https:\/\/www.shouyasanitary.com\/es\/wp-json\/wp\/v2\/comments?post=1679"}],"wp:featuredmedia":[{"embeddable":true,"href":"https:\/\/www.shouyasanitary.com\/es\/wp-json\/wp\/v2\/media\/1680"}],"wp:attachment":[{"href":"https:\/\/www.shouyasanitary.com\/es\/wp-json\/wp\/v2\/media?parent=1679"}],"wp:term":[{"taxonomy":"product_brand","embeddable":true,"href":"https:\/\/www.shouyasanitary.com\/es\/wp-json\/wp\/v2\/product_brand?post=1679"},{"taxonomy":"product_cat","embeddable":true,"href":"https:\/\/www.shouyasanitary.com\/es\/wp-json\/wp\/v2\/product_cat?post=1679"},{"taxonomy":"product_tag","embeddable":true,"href":"https:\/\/www.shouyasanitary.com\/es\/wp-json\/wp\/v2\/product_tag?post=1679"}],"curies":[{"name":"wp","href":"https:\/\/api.w.org\/{rel}","templated":true}]}}