{"id":1709,"date":"2025-08-15T06:52:53","date_gmt":"2025-08-15T06:52:53","guid":{"rendered":"https:\/\/www.shouyasanitary.com\/?post_type=product&#038;p=1709"},"modified":"2025-08-15T06:52:59","modified_gmt":"2025-08-15T06:52:59","slug":"wholesale-floating-bathroom-vanity","status":"publish","type":"product","link":"https:\/\/www.shouyasanitary.com\/es\/producto\/wholesale-floating-bathroom-vanity\/","title":{"rendered":"Mayorista Tocador de Ba\u00f1o Flotante, Armario de Ba\u00f1o de Madera Contrachapada Personalizado"},"content":{"rendered":"<div class=\"wp-block-columns is-layout-flex wp-container-core-columns-is-layout-9d6595d7 wp-block-columns-is-layout-flex\">\n<div class=\"wp-block-column is-layout-flow wp-block-column-is-layout-flow\">\n<h2 class=\"wp-block-heading\">Caracter\u00edsticas del tocador de ba\u00f1o flotante\uff1a<\/h2>\n\n\n\n<p><strong>Caqui minimalista<\/strong> <strong>Mueble de ba\u00f1o:<\/strong> Este dise\u00f1o caqui con aspecto de madera presenta l\u00edneas minimalistas y un dise\u00f1o sin asas, creando un aspecto elegante y con estilo que complementa la decoraci\u00f3n moderna del hogar.<\/p>\n\n\n\n<p><strong>Armario con espejo LED de gran capacidad: <\/strong>El armario est\u00e1 dividido en dos secciones, con estantes ajustables de varias capas. El dise\u00f1o abierto permite un almacenamiento c\u00f3modo y maximiza el aprovechamiento del espacio. Los controles LED y t\u00e1ctiles proporcionan una amplia iluminaci\u00f3n para el uso diario.<\/p>\n\n\n\n<p><strong>Contrachapado duradero<\/strong> <strong>Material:<\/strong> La madera contrachapada ha sido sometida a un tratamiento especial que le confiere una excelente impermeabilidad, por lo que es adecuada para el ambiente h\u00famedo de los cuartos de ba\u00f1o y resistente a la deformaci\u00f3n y al crecimiento de moho.<\/p>\n\n\n\n<p><strong>Seguro y saludable:<\/strong> Fabricado con materiales respetuosos con el medio ambiente, tiene una baja emisi\u00f3n de formaldeh\u00eddo, no supone ning\u00fan da\u00f1o para el cuerpo humano y su uso es seguro y fiable.<\/p>\n\n\n\n<p><strong>Estructura estable<\/strong>: Puede soportar diversos pesos durante el uso diario, lo que garantiza su durabilidad a largo plazo.<\/p>\n\n\n\n<p><strong>Admite el suministro a granel y la personalizaci\u00f3n:<\/strong> El tama\u00f1o, el color, la funci\u00f3n, etc. pueden personalizarse seg\u00fan las necesidades del cliente para satisfacer con flexibilidad las distintas demandas del mercado.<\/p>\n<\/div>\n\n\n\n<div class=\"wp-block-column is-layout-flow wp-block-column-is-layout-flow\"><div class=\"wp-block-image\">\n<figure class=\"aligncenter size-full\"><img decoding=\"async\" width=\"700\" height=\"700\" src=\"https:\/\/www.shouyasanitary.com\/wp-content\/uploads\/2025\/08\/Wholesale-of-Bathroom-Cabinet_1.webp\" alt=\"Venta al por mayor de Armario de ba\u00f1o_1\" class=\"wp-image-1722\" style=\"object-fit:cover\" srcset=\"https:\/\/www.shouyasanitary.com\/wp-content\/uploads\/2025\/08\/Wholesale-of-Bathroom-Cabinet_1.webp 700w, https:\/\/www.shouyasanitary.com\/wp-content\/uploads\/2025\/08\/Wholesale-of-Bathroom-Cabinet_1-300x300.webp 300w, https:\/\/www.shouyasanitary.com\/wp-content\/uploads\/2025\/08\/Wholesale-of-Bathroom-Cabinet_1-150x150.webp 150w, https:\/\/www.shouyasanitary.com\/wp-content\/uploads\/2025\/08\/Wholesale-of-Bathroom-Cabinet_1-12x12.webp 12w, https:\/\/www.shouyasanitary.com\/wp-content\/uploads\/2025\/08\/Wholesale-of-Bathroom-Cabinet_1-600x600.webp 600w, https:\/\/www.shouyasanitary.com\/wp-content\/uploads\/2025\/08\/Wholesale-of-Bathroom-Cabinet_1-100x100.webp 100w\" sizes=\"(max-width: 700px) 100vw, 700px\" \/><\/figure>\n<\/div><\/div>\n<\/div>","protected":false},"excerpt":{"rendered":"<p>Armarios de ba\u00f1o flotantes al por mayor, con armarios con espejo de ba\u00f1o LED. Estos dise\u00f1os minimalistas, sin tiradores son elegantes vanidades de color caqui. Directo de f\u00e1brica de Shouya, apoyar las opciones de personalizaci\u00f3n con precios competitivos y entrega confiable. P\u00f3ngase en contacto con nosotros para una cotizaci\u00f3n y propuesta.<\/p>\n<h2>Atributos del tocador de ba\u00f1o flotante\uff1a<\/h2>\n<p><strong>N\u00ba de art\u00edculo<\/strong>: 7033-100<br \/><strong>Material del armario:<\/strong>\u00a0Contrachapado<br \/><strong>Color del armario: <\/strong>Caqui<br \/><strong>Espejo:<\/strong> Espejo LED (3,5 mm\/3,8 mm), iluminaci\u00f3n tricolor, desempa\u00f1ado con un solo toque, protegido con embalaje de espuma multicapa<br \/><strong>Tipo de instalaci\u00f3n:<\/strong>\u00a0Montaje en pared<br \/><strong>Dimensiones (L\u00d7A\u00d7H):<\/strong> 100x50x48 cm<br \/><strong>Peso bruto:<\/strong> 38 kg\/set<\/p>\n<h2>Personalizaci\u00f3n y servicios:<\/h2>\n<p><strong>OEM Y ODM<\/strong>: Soporte<br \/><strong>Dise\u00f1o<\/strong>: Gratis<br \/><strong>Accesorios<\/strong>: Lavabos, espejos, grifos y otros accesorios de ba\u00f1o<br \/><strong>Embalaje<\/strong>: Listo para montar<\/p>","protected":false},"featured_media":1722,"comment_status":"closed","ping_status":"closed","template":"","meta":{"_acf_changed":false},"product_brand":[],"product_cat":[20],"product_tag":[],"class_list":{"0":"post-1709","1":"product","2":"type-product","3":"status-publish","4":"has-post-thumbnail","6":"product_cat-wholesale-plywood-bathroom-vanity-cabinets","8":"first","9":"instock","10":"shipping-taxable","11":"product-type-simple"},"acf":[],"_links":{"self":[{"href":"https:\/\/www.shouyasanitary.com\/es\/wp-json\/wp\/v2\/product\/1709","targetHints":{"allow":["GET"]}}],"collection":[{"href":"https:\/\/www.shouyasanitary.com\/es\/wp-json\/wp\/v2\/product"}],"about":[{"href":"https:\/\/www.shouyasanitary.com\/es\/wp-json\/wp\/v2\/types\/product"}],"replies":[{"embeddable":true,"href":"https:\/\/www.shouyasanitary.com\/es\/wp-json\/wp\/v2\/comments?post=1709"}],"wp:featuredmedia":[{"embeddable":true,"href":"https:\/\/www.shouyasanitary.com\/es\/wp-json\/wp\/v2\/media\/1722"}],"wp:attachment":[{"href":"https:\/\/www.shouyasanitary.com\/es\/wp-json\/wp\/v2\/media?parent=1709"}],"wp:term":[{"taxonomy":"product_brand","embeddable":true,"href":"https:\/\/www.shouyasanitary.com\/es\/wp-json\/wp\/v2\/product_brand?post=1709"},{"taxonomy":"product_cat","embeddable":true,"href":"https:\/\/www.shouyasanitary.com\/es\/wp-json\/wp\/v2\/product_cat?post=1709"},{"taxonomy":"product_tag","embeddable":true,"href":"https:\/\/www.shouyasanitary.com\/es\/wp-json\/wp\/v2\/product_tag?post=1709"}],"curies":[{"name":"wp","href":"https:\/\/api.w.org\/{rel}","templated":true}]}}