{"id":1710,"date":"2025-08-15T07:36:17","date_gmt":"2025-08-15T07:36:17","guid":{"rendered":"https:\/\/www.shouyasanitary.com\/?post_type=product&#038;p=1710"},"modified":"2025-08-15T07:36:25","modified_gmt":"2025-08-15T07:36:25","slug":"custom-wall-mount-bathroom-vanity","status":"publish","type":"product","link":"https:\/\/www.shouyasanitary.com\/es\/producto\/custom-wall-mount-bathroom-vanity\/","title":{"rendered":"Vanidad del cuarto de ba\u00f1o del montaje de pared de encargo, gabinete moderno grande del espejo del cuarto de ba\u00f1o de la madera contrachapada al por mayor"},"content":{"rendered":"<div class=\"wp-block-columns is-layout-flex wp-container-core-columns-is-layout-9d6595d7 wp-block-columns-is-layout-flex\">\n<div class=\"wp-block-column is-layout-flow wp-block-column-is-layout-flow\">\n<h2 class=\"wp-block-heading\">Lavabo de pared Caracter\u00edsticas:<\/h2>\n\n\n\n<p><strong>Utilizaci\u00f3n eficiente del espacio<\/strong>: El lado izquierdo del armario principal presenta un dise\u00f1o de caj\u00f3n, que permite un deslizamiento suave y es adecuado para guardar objetos peque\u00f1os como joyas e hisopos de algod\u00f3n. Los art\u00edculos est\u00e1n clasificados por categor\u00edas para evitar el desorden y facilitar su recuperaci\u00f3n. El lado derecho est\u00e1 dise\u00f1ado con estantes, que proporcionan un amplio espacio para botellas m\u00e1s grandes, latas o toallas de repuesto. Este dise\u00f1o facilita la visi\u00f3n y el acceso a los art\u00edculos, mejorando el aprovechamiento del espacio.<\/p>\n\n\n\n<p><strong>Protecci\u00f3n del medio ambiente y salud<\/strong>: Elija madera contrachapada ecol\u00f3gica con baja emisi\u00f3n de formaldeh\u00eddo, que cumple las normas medioambientales nacionales, garantizando la salud de su familia y proporcionando tranquilidad durante su uso. <\/p>\n\n\n\n<p><strong>Materiales rentables<\/strong>: En comparaci\u00f3n con la madera maciza y otros materiales, el contrachapado es m\u00e1s asequible y rentable, y satisface las necesidades del mercado de consumo general.<\/p>\n\n\n\n<p><strong>Empu\u00f1adura ergon\u00f3mica<\/strong>: Los cajones y las puertas de los armarios se abren y cierran con suavidad, lo que facilita su uso; los estantes est\u00e1n a una altura moderada, lo que permite acceder sin esfuerzo a los objetos almacenados. <\/p>\n\n\n\n<p><strong>Dise\u00f1o minimalista y a la moda<\/strong>El dise\u00f1o: un estilo vers\u00e1til. El estilo general es sencillo y elegante, con l\u00edneas depuradas y colores frescos. Puede combinarse a la perfecci\u00f3n con varios estilos de decoraci\u00f3n de ba\u00f1o, realzando el atractivo est\u00e9tico del espacio. <\/p>\n\n\n\n<p><strong>Procesado fino<\/strong>: El tratamiento de la superficie es meticuloso, proporcionando una sensaci\u00f3n de suavidad. Los detalles exhiben calidad, a\u00f1adiendo un toque de elegancia y sofisticaci\u00f3n al cuarto de ba\u00f1o.<\/p>\n\n\n\n<p><strong>Suministro directo de f\u00e1brica<\/strong>: La f\u00e1brica de Shouya produce productos, lo que reduce el n\u00famero de intermediarios y hace que los precios sean m\u00e1s competitivos. Apoyamos la personalizaci\u00f3n de lotes para satisfacer las necesidades de diferentes proyectos.<\/p>\n<\/div>\n\n\n\n<div class=\"wp-block-column is-layout-flow wp-block-column-is-layout-flow\"><div class=\"wp-block-image\">\n<figure class=\"aligncenter size-full\"><img decoding=\"async\" width=\"700\" height=\"700\" src=\"https:\/\/www.shouyasanitary.com\/wp-content\/uploads\/2025\/08\/Bulk-Purchases-Batnroom-Vanity-Cabinet.webp\" alt=\"Compras al por mayor Batnroom Vanity Cabinet\" class=\"wp-image-1719\" style=\"object-fit:cover\" srcset=\"https:\/\/www.shouyasanitary.com\/wp-content\/uploads\/2025\/08\/Bulk-Purchases-Batnroom-Vanity-Cabinet.webp 700w, https:\/\/www.shouyasanitary.com\/wp-content\/uploads\/2025\/08\/Bulk-Purchases-Batnroom-Vanity-Cabinet-300x300.webp 300w, https:\/\/www.shouyasanitary.com\/wp-content\/uploads\/2025\/08\/Bulk-Purchases-Batnroom-Vanity-Cabinet-150x150.webp 150w, https:\/\/www.shouyasanitary.com\/wp-content\/uploads\/2025\/08\/Bulk-Purchases-Batnroom-Vanity-Cabinet-12x12.webp 12w, https:\/\/www.shouyasanitary.com\/wp-content\/uploads\/2025\/08\/Bulk-Purchases-Batnroom-Vanity-Cabinet-600x600.webp 600w, https:\/\/www.shouyasanitary.com\/wp-content\/uploads\/2025\/08\/Bulk-Purchases-Batnroom-Vanity-Cabinet-100x100.webp 100w\" sizes=\"(max-width: 700px) 100vw, 700px\" \/><\/figure>\n<\/div><\/div>\n<\/div>","protected":false},"excerpt":{"rendered":"<p>Neceser de ba\u00f1o de montaje en pared a medida, la distribuci\u00f3n flexible de las divisiones y la madera contrachapada ecol\u00f3gica son resistentes a la humedad, duraderas y vers\u00e1tiles, lo que las convierte en la opci\u00f3n ideal para crear un espacio de ba\u00f1o c\u00f3modo y funcional. P\u00f3ngase en contacto con nosotros para obtener un presupuesto y un cat\u00e1logo de productos.<\/p>\n<h2>Atributos del tocador de ba\u00f1o de montaje en pared\uff1a<\/h2>\n<p><strong>Art\u00edculo No:<\/strong>7032-120<strong><br \/>Material del armario:<\/strong> Contrachapado<br \/><strong>Color del armario: <\/strong> Caqui<br \/><strong>Espejo:<\/strong>\u00a0Espejo LED (3,5 mm \/ 3,8 mm), iluminaci\u00f3n tricolor, desempa\u00f1ado con un solo toque, protegido con embalaje de espuma multicapa<br \/><strong>Tipo de instalaci\u00f3n:<\/strong>\u00a0Montaje en pared<br \/><strong>Dimensiones (L \u00d7 A \u00d7 A):<\/strong> 120 x 50 x 50 cm<br \/><strong>Peso bruto:<\/strong> 45 kg\/set<\/p>\n<h2>Personalizaci\u00f3n y servicios:<\/h2>\n<p><strong>OEM Y ODM<\/strong>: Soporte<br \/><strong>Dise\u00f1o<\/strong>: Gratis<br \/><strong>Accesorios<\/strong>: Lavabos, espejos, grifos y otros accesorios de ba\u00f1o<br \/><strong>Embalaje<\/strong>: Listo para montar<\/p>","protected":false},"featured_media":1719,"comment_status":"closed","ping_status":"closed","template":"","meta":{"_acf_changed":false},"product_brand":[],"product_cat":[20],"product_tag":[],"class_list":{"0":"post-1710","1":"product","2":"type-product","3":"status-publish","4":"has-post-thumbnail","6":"product_cat-wholesale-plywood-bathroom-vanity-cabinets","8":"first","9":"instock","10":"shipping-taxable","11":"product-type-simple"},"acf":[],"_links":{"self":[{"href":"https:\/\/www.shouyasanitary.com\/es\/wp-json\/wp\/v2\/product\/1710","targetHints":{"allow":["GET"]}}],"collection":[{"href":"https:\/\/www.shouyasanitary.com\/es\/wp-json\/wp\/v2\/product"}],"about":[{"href":"https:\/\/www.shouyasanitary.com\/es\/wp-json\/wp\/v2\/types\/product"}],"replies":[{"embeddable":true,"href":"https:\/\/www.shouyasanitary.com\/es\/wp-json\/wp\/v2\/comments?post=1710"}],"wp:featuredmedia":[{"embeddable":true,"href":"https:\/\/www.shouyasanitary.com\/es\/wp-json\/wp\/v2\/media\/1719"}],"wp:attachment":[{"href":"https:\/\/www.shouyasanitary.com\/es\/wp-json\/wp\/v2\/media?parent=1710"}],"wp:term":[{"taxonomy":"product_brand","embeddable":true,"href":"https:\/\/www.shouyasanitary.com\/es\/wp-json\/wp\/v2\/product_brand?post=1710"},{"taxonomy":"product_cat","embeddable":true,"href":"https:\/\/www.shouyasanitary.com\/es\/wp-json\/wp\/v2\/product_cat?post=1710"},{"taxonomy":"product_tag","embeddable":true,"href":"https:\/\/www.shouyasanitary.com\/es\/wp-json\/wp\/v2\/product_tag?post=1710"}],"curies":[{"name":"wp","href":"https:\/\/api.w.org\/{rel}","templated":true}]}}