{"id":1711,"date":"2025-08-15T07:36:53","date_gmt":"2025-08-15T07:36:53","guid":{"rendered":"https:\/\/www.shouyasanitary.com\/?post_type=product&#038;p=1711"},"modified":"2025-08-15T07:42:15","modified_gmt":"2025-08-15T07:42:15","slug":"custom-modern-bathroom-vanity","status":"publish","type":"product","link":"https:\/\/www.shouyasanitary.com\/es\/producto\/custom-modern-bathroom-vanity\/","title":{"rendered":"Personalizado moderno tocador de ba\u00f1o, montado en la pared del gabinete de ba\u00f1o de la f\u00e1brica de color caqui"},"content":{"rendered":"<div class=\"wp-block-columns is-layout-flex wp-container-core-columns-is-layout-9d6595d7 wp-block-columns-is-layout-flex\">\n<div class=\"wp-block-column is-layout-flow wp-block-column-is-layout-flow\">\n<h2 class=\"wp-block-heading\">Tocador de ba\u00f1o moderno Caracter\u00edsticas:<\/h2>\n\n\n\n<p><strong>Disposici\u00f3n de la partici\u00f3n izquierda-derecha<\/strong>: A la izquierda hay un armario con espejo y puerta, que permite usar el tocador con claridad cuando est\u00e1 cerrado y puede almacenar diversos objetos peque\u00f1os cuando est\u00e1 abierto, protegiendo la intimidad y evitando el polvo. A la derecha, hay un estante abierto de tres compartimentos, donde los art\u00edculos de aseo de uso com\u00fan y las botellas pueden colocarse f\u00e1cilmente a mano para un acceso c\u00f3modo. Este dise\u00f1o utiliza el espacio vertical para ampliar el almacenamiento, manteniendo ordenadas las encimeras. <\/p>\n\n\n\n<p><strong>La parte superior est\u00e1 equipada con una banda luminosa<\/strong>: Proporciona iluminaci\u00f3n adicional, mejorando las condiciones de iluminaci\u00f3n para el uso del tocador y creando un ambiente acogedor.<\/p>\n\n\n\n<p><strong>Estructura del armario<\/strong>: El armario principal presenta un dise\u00f1o de doble puerta con un espacio interior ordenado, que permite almacenar de forma categ\u00f3rica art\u00edculos de gran tama\u00f1o, como toallas de ba\u00f1o y art\u00edculos de limpieza, satisfaciendo diversas necesidades de almacenamiento en el cuarto de ba\u00f1o. <\/p>\n\n\n\n<p><strong>Asas sencillas:<\/strong> se abre y se cierra con suavidad, y su aspecto minimalista complementa varios estilos de decoraci\u00f3n, manteniendo el cuarto de ba\u00f1o limpio y est\u00e9ticamente agradable.<\/p>\n\n\n\n<p><strong>Material impermeable<\/strong>: El cuerpo del armario est\u00e1 hecho de madera contrachapada, que cuenta con excelentes propiedades impermeables y resistentes a la humedad. Es resistente a la deformaci\u00f3n y al crecimiento de moho en el ambiente h\u00famedo del cuarto de ba\u00f1o, lo que garantiza su estabilidad y durabilidad. <\/p>\n\n\n\n<p><strong>Lavabo de cer\u00e1mica:<\/strong> La encimera y el lavabo est\u00e1n moldeados integralmente, lo que proporciona una superficie lisa y f\u00e1cil de limpiar. Las manchas de agua y suciedad se eliminan f\u00e1cilmente con un pa\u00f1o, lo que reduce las zonas muertas de limpieza y facilita el mantenimiento diario. <\/p>\n\n\n\n<p><strong>Dise\u00f1o flotante:<\/strong> La instalaci\u00f3n suspendida general elimina cualquier zona muerta de limpieza por debajo, permitiendo que los robots de limpieza naveguen libremente y facilitando una limpieza eficaz del suelo del cuarto de ba\u00f1o.<\/p>\n<\/div>\n\n\n\n<div class=\"wp-block-column is-layout-flow wp-block-column-is-layout-flow\"><div class=\"wp-block-image\">\n<figure class=\"aligncenter size-full\"><img decoding=\"async\" width=\"700\" height=\"700\" src=\"https:\/\/www.shouyasanitary.com\/wp-content\/uploads\/2025\/08\/Wholesale-of-Bathroom-Cabinet.webp\" alt=\"Mayorista de Armarios de Ba\u00f1o\" class=\"wp-image-1716\" style=\"object-fit:cover\" srcset=\"https:\/\/www.shouyasanitary.com\/wp-content\/uploads\/2025\/08\/Wholesale-of-Bathroom-Cabinet.webp 700w, https:\/\/www.shouyasanitary.com\/wp-content\/uploads\/2025\/08\/Wholesale-of-Bathroom-Cabinet-300x300.webp 300w, https:\/\/www.shouyasanitary.com\/wp-content\/uploads\/2025\/08\/Wholesale-of-Bathroom-Cabinet-150x150.webp 150w, https:\/\/www.shouyasanitary.com\/wp-content\/uploads\/2025\/08\/Wholesale-of-Bathroom-Cabinet-12x12.webp 12w, https:\/\/www.shouyasanitary.com\/wp-content\/uploads\/2025\/08\/Wholesale-of-Bathroom-Cabinet-600x600.webp 600w, https:\/\/www.shouyasanitary.com\/wp-content\/uploads\/2025\/08\/Wholesale-of-Bathroom-Cabinet-100x100.webp 100w\" sizes=\"(max-width: 700px) 100vw, 700px\" \/><\/figure>\n<\/div><\/div>\n<\/div>","protected":false},"excerpt":{"rendered":"<p>Mueble de ba\u00f1o moderno a medida, las divisiones izquierda y derecha cuentan con armarios con espejos y estantes abiertos para satisfacer diversas necesidades de almacenamiento. El material de madera contrachapada y el dise\u00f1o colgante son resistentes a la humedad y f\u00e1ciles de limpiar. Tambi\u00e9n almacenamos pedidos semipersonalizados al por mayor. P\u00f3ngase en contacto con nosotros para obtener un cat\u00e1logo de productos.<\/p>\n<h2>Atributos del tocador de ba\u00f1o moderno\uff1a<\/h2>\n<p><strong>N\u00ba de art\u00edculo<\/strong>: 7031-80<br \/><strong>Material del armario<\/strong>: Contrachapado<br \/><strong>Color del armario<\/strong>: Caqui<br \/><strong>Espejo<\/strong>: Espejo LED (3,5 mm \/ 3,8 mm), iluminaci\u00f3n tricolor, desempa\u00f1ado con un solo toque, protegido con embalaje de espuma multicapa <br \/><strong>Tipo de instalaci\u00f3n<\/strong>: Montaje en pared <br \/><strong>Dimensiones (L \u00d7 A \u00d7 A)<\/strong>: 80 x 48 x 52 cm<br \/><strong>Peso bruto<\/strong>: 35kg\/set<\/p>\n<h2>Personalizaci\u00f3n y servicios:<\/h2>\n<p><strong>OEM Y ODM<\/strong>: Soporte<br \/><strong>Dise\u00f1o<\/strong>: Gratis<br \/><strong>Accesorios<\/strong>: Lavabos, espejos, grifos y otros accesorios de ba\u00f1o<br \/><strong>Embalaje<\/strong>: Listo para montar<\/p>","protected":false},"featured_media":1716,"comment_status":"closed","ping_status":"closed","template":"","meta":{"_acf_changed":true},"product_brand":[],"product_cat":[20],"product_tag":[],"class_list":{"0":"post-1711","1":"product","2":"type-product","3":"status-publish","4":"has-post-thumbnail","6":"product_cat-wholesale-plywood-bathroom-vanity-cabinets","8":"first","9":"instock","10":"shipping-taxable","11":"product-type-simple"},"acf":[],"_links":{"self":[{"href":"https:\/\/www.shouyasanitary.com\/es\/wp-json\/wp\/v2\/product\/1711","targetHints":{"allow":["GET"]}}],"collection":[{"href":"https:\/\/www.shouyasanitary.com\/es\/wp-json\/wp\/v2\/product"}],"about":[{"href":"https:\/\/www.shouyasanitary.com\/es\/wp-json\/wp\/v2\/types\/product"}],"replies":[{"embeddable":true,"href":"https:\/\/www.shouyasanitary.com\/es\/wp-json\/wp\/v2\/comments?post=1711"}],"wp:featuredmedia":[{"embeddable":true,"href":"https:\/\/www.shouyasanitary.com\/es\/wp-json\/wp\/v2\/media\/1716"}],"wp:attachment":[{"href":"https:\/\/www.shouyasanitary.com\/es\/wp-json\/wp\/v2\/media?parent=1711"}],"wp:term":[{"taxonomy":"product_brand","embeddable":true,"href":"https:\/\/www.shouyasanitary.com\/es\/wp-json\/wp\/v2\/product_brand?post=1711"},{"taxonomy":"product_cat","embeddable":true,"href":"https:\/\/www.shouyasanitary.com\/es\/wp-json\/wp\/v2\/product_cat?post=1711"},{"taxonomy":"product_tag","embeddable":true,"href":"https:\/\/www.shouyasanitary.com\/es\/wp-json\/wp\/v2\/product_tag?post=1711"}],"curies":[{"name":"wp","href":"https:\/\/api.w.org\/{rel}","templated":true}]}}