{"id":1712,"date":"2025-08-15T07:41:58","date_gmt":"2025-08-15T07:41:58","guid":{"rendered":"https:\/\/www.shouyasanitary.com\/?post_type=product&#038;p=1712"},"modified":"2025-08-15T07:42:05","modified_gmt":"2025-08-15T07:42:05","slug":"custom-bathroom-mirror-vanity","status":"publish","type":"product","link":"https:\/\/www.shouyasanitary.com\/es\/producto\/custom-bathroom-mirror-vanity\/","title":{"rendered":"Espejo de ba\u00f1o a medida Vanidad, moderno gabinete de ba\u00f1o de madera contrachapada blanca para el hotel a granel"},"content":{"rendered":"<div class=\"wp-block-columns is-layout-flex wp-container-core-columns-is-layout-9d6595d7 wp-block-columns-is-layout-flex\">\n<div class=\"wp-block-column is-layout-flow wp-block-column-is-layout-flow\">\n<h2 class=\"wp-block-heading\">Espejo de ba\u00f1o Vanidad Caracter\u00edsticas\uff1a<\/h2>\n\n\n\n<p><strong>Espejo redondo con luz<\/strong>: Equipado con un espejo redondo inteligente, rodeado de iluminaci\u00f3n suave en los bordes, no s\u00f3lo mejora la experiencia de lavado y aseo de iluminaci\u00f3n, sino que tambi\u00e9n a\u00f1ade un ambiente de moda al espacio, encajando con varios estilos de decoraci\u00f3n.<\/p>\n\n\n\n<p><strong>Elegante mueble de ba\u00f1o<\/strong>: El cuerpo principal es principalmente blanco, con un dise\u00f1o de doble caj\u00f3n y l\u00edneas suaves y sencillas. Visualmente, es minimalista y elegante, encajando f\u00e1cilmente en diversos espacios de ba\u00f1o y creando una sensaci\u00f3n limpia y refrescante.<\/p>\n\n\n\n<p><strong>Material contrachapado de alta calidad: <\/strong>El contrachapado seleccionado presenta una excelente estabilidad estructural, resistente a la deformaci\u00f3n y al agrietamiento. Mantiene buenas propiedades f\u00edsicas incluso en un entorno de ba\u00f1o h\u00famedo, lo que garantiza su uso a largo plazo. <\/p>\n\n\n\n<p><strong>Lavabo de cer\u00e1mica integrado<\/strong>El suelo: fabricado con un proceso de moldeado integrado, presenta una superficie lisa y f\u00e1cil de limpiar. Las manchas de agua y suciedad dif\u00edcilmente se adhieren a su superficie. Adem\u00e1s, el material cer\u00e1mico es duradero y resistente a las manchas y las bacterias, lo que aumenta la comodidad y la higiene en el uso diario.<\/p>\n\n\n\n<p><strong>Almacenamiento multifuncional<\/strong>: Los cajones dobles ofrecen espacio de almacenamiento escalonado, lo que permite guardar por categor\u00edas art\u00edculos de tocador, productos para el cuidado de la piel y mucho m\u00e1s. Junto con los estantes abiertos laterales (visibles en la imagen), satisface varias necesidades de almacenamiento, garantizando la colocaci\u00f3n ordenada de los art\u00edculos de ba\u00f1o. <\/p>\n\n\n\n<p><strong>Dise\u00f1o flotante<\/strong>: El dise\u00f1o del mueble suspendido reduce las zonas muertas de limpieza en el suelo, facilitando la limpieza diaria, al tiempo que mejora la sensaci\u00f3n de transparencia espacial, haciendo que el cuarto de ba\u00f1o parezca menos estrecho y adapt\u00e1ndose bien a apartamentos de tama\u00f1o reducido.<\/p>\n<\/div>\n\n\n\n<div class=\"wp-block-column is-layout-flow wp-block-column-is-layout-flow\"><div class=\"wp-block-image\">\n<figure class=\"aligncenter size-full\"><img decoding=\"async\" width=\"700\" height=\"700\" src=\"https:\/\/www.shouyasanitary.com\/wp-content\/uploads\/2025\/08\/Wholesale-Bathroom-Vanity-Cabinet.webp\" alt=\"Mayorista Armario de Ba\u00f1o\" class=\"wp-image-1713\" style=\"object-fit:cover\" srcset=\"https:\/\/www.shouyasanitary.com\/wp-content\/uploads\/2025\/08\/Wholesale-Bathroom-Vanity-Cabinet.webp 700w, https:\/\/www.shouyasanitary.com\/wp-content\/uploads\/2025\/08\/Wholesale-Bathroom-Vanity-Cabinet-300x300.webp 300w, https:\/\/www.shouyasanitary.com\/wp-content\/uploads\/2025\/08\/Wholesale-Bathroom-Vanity-Cabinet-150x150.webp 150w, https:\/\/www.shouyasanitary.com\/wp-content\/uploads\/2025\/08\/Wholesale-Bathroom-Vanity-Cabinet-12x12.webp 12w, https:\/\/www.shouyasanitary.com\/wp-content\/uploads\/2025\/08\/Wholesale-Bathroom-Vanity-Cabinet-600x600.webp 600w, https:\/\/www.shouyasanitary.com\/wp-content\/uploads\/2025\/08\/Wholesale-Bathroom-Vanity-Cabinet-100x100.webp 100w\" sizes=\"(max-width: 700px) 100vw, 700px\" \/><\/figure>\n<\/div><\/div>\n<\/div>","protected":false},"excerpt":{"rendered":"<p>El tocador con espejo de ba\u00f1o a medida presenta un elegante dise\u00f1o minimalista en blanco con espejo LED redondo y lavabo de cer\u00e1mica. Su generoso tama\u00f1o lo convierte en el complemento perfecto para cualquier decoraci\u00f3n. Shouya ofrece servicio OEM\/ODM. \u00a1Venta al por mayor en contacto con nosotros para obtener una cotizaci\u00f3n!<\/p>\n<h2>Espejo de ba\u00f1o Vanidad Atributos\uff1a<\/h2>\n<p><strong>N\u00ba de art\u00edculo<\/strong>: 6050-100w<br \/><strong>Material del armario:<\/strong>\u00a0Contrachapado<br \/><strong>Color del armario: <\/strong>Blanco<br \/><strong>Espejo:<\/strong> Espejo LED (3,5 mm\/3,8 mm), iluminaci\u00f3n tricolor, desempa\u00f1ado con un solo toque, protegido con embalaje de espuma multicapa<br \/><strong>Tipo de instalaci\u00f3n:<\/strong>\u00a0Montaje en pared<br \/><strong>Dimensiones (L\u00d7A\u00d7H):<\/strong> 100x50x47 cm<br \/><strong>Peso bruto:<\/strong> 38 kg\/set<\/p>\n<h2>Personalizaci\u00f3n y servicios:<\/h2>\n<p><strong>OEM Y ODM<\/strong>: Soporte<br \/><strong>Dise\u00f1o<\/strong>: Gratis<br \/><strong>Accesorios<\/strong>: Lavabos, espejos, grifos y otros accesorios de ba\u00f1o<br \/><strong>Embalaje<\/strong>: Listo para montar<\/p>","protected":false},"featured_media":1713,"comment_status":"closed","ping_status":"closed","template":"","meta":{"_acf_changed":true},"product_brand":[],"product_cat":[20],"product_tag":[],"class_list":{"0":"post-1712","1":"product","2":"type-product","3":"status-publish","4":"has-post-thumbnail","6":"product_cat-wholesale-plywood-bathroom-vanity-cabinets","8":"first","9":"instock","10":"shipping-taxable","11":"product-type-simple"},"acf":[],"_links":{"self":[{"href":"https:\/\/www.shouyasanitary.com\/es\/wp-json\/wp\/v2\/product\/1712","targetHints":{"allow":["GET"]}}],"collection":[{"href":"https:\/\/www.shouyasanitary.com\/es\/wp-json\/wp\/v2\/product"}],"about":[{"href":"https:\/\/www.shouyasanitary.com\/es\/wp-json\/wp\/v2\/types\/product"}],"replies":[{"embeddable":true,"href":"https:\/\/www.shouyasanitary.com\/es\/wp-json\/wp\/v2\/comments?post=1712"}],"wp:featuredmedia":[{"embeddable":true,"href":"https:\/\/www.shouyasanitary.com\/es\/wp-json\/wp\/v2\/media\/1713"}],"wp:attachment":[{"href":"https:\/\/www.shouyasanitary.com\/es\/wp-json\/wp\/v2\/media?parent=1712"}],"wp:term":[{"taxonomy":"product_brand","embeddable":true,"href":"https:\/\/www.shouyasanitary.com\/es\/wp-json\/wp\/v2\/product_brand?post=1712"},{"taxonomy":"product_cat","embeddable":true,"href":"https:\/\/www.shouyasanitary.com\/es\/wp-json\/wp\/v2\/product_cat?post=1712"},{"taxonomy":"product_tag","embeddable":true,"href":"https:\/\/www.shouyasanitary.com\/es\/wp-json\/wp\/v2\/product_tag?post=1712"}],"curies":[{"name":"wp","href":"https:\/\/api.w.org\/{rel}","templated":true}]}}