{"id":1726,"date":"2025-08-15T07:32:26","date_gmt":"2025-08-15T07:32:26","guid":{"rendered":"https:\/\/www.shouyasanitary.com\/?post_type=product&#038;p=1726"},"modified":"2025-08-15T07:32:33","modified_gmt":"2025-08-15T07:32:33","slug":"wholesale-vanity-cabinets-bathroom","status":"publish","type":"product","link":"https:\/\/www.shouyasanitary.com\/es\/producto\/wholesale-vanity-cabinets-bathroom\/","title":{"rendered":"Mayorista Armarios de Ba\u00f1o, Proveedor Preferido de Armarios de Ba\u00f1o"},"content":{"rendered":"<div class=\"wp-block-columns is-layout-flex wp-container-core-columns-is-layout-9d6595d7 wp-block-columns-is-layout-flex\">\n<div class=\"wp-block-column is-layout-flow wp-block-column-is-layout-flow\">\n<h2 class=\"wp-block-heading\">Armarios de tocador Caracter\u00edsticas del ba\u00f1o\uff1a<\/h2>\n\n\n\n<p><strong>Gran compatibilidad de tama\u00f1os:<\/strong> El dise\u00f1o de 80 cm de especificaci\u00f3n permite una adaptaci\u00f3n flexible a diversos espacios de ba\u00f1o. Tanto si se trata de una distribuci\u00f3n peque\u00f1a y compacta como de una distribuci\u00f3n regular, puede utilizar eficazmente la superficie de la pared y evitar el desperdicio de espacio.<\/p>\n\n\n\n<p><strong>Material pr\u00e1ctico y duradero:<\/strong> El cuerpo del armario est\u00e1 hecho de madera contrachapada, que tiene cierta capacidad de carga y estabilidad, y tiene una alta relaci\u00f3n coste-rendimiento, por lo que es adecuado para el consumo masivo.<\/p>\n\n\n\n<p><strong>Armario con espejo LED integrado<\/strong>: No s\u00f3lo proporciona una iluminaci\u00f3n clara para facilitar el lavado, aseo, etc., sino que tambi\u00e9n puede utilizarse para guardar art\u00edculos de aseo dentro del armario, consiguiendo una colocaci\u00f3n ordenada de los art\u00edculos de ba\u00f1o y mejorando la limpieza del espacio.<\/p>\n\n\n\n<p><strong>F\u00e1cil de limpiar<\/strong>: Combinado con fregaderos de cer\u00e1mica, la superficie es lisa y f\u00e1cil de limpiar, resistente a las manchas y la suciedad, y conveniente para el uso diario y el mantenimiento.<\/p>\n\n\n\n<p><strong>Dise\u00f1o global coordinado:<\/strong> El mueble de ba\u00f1o, el lavabo de cer\u00e1mica y el armario con espejo LED forman una combinaci\u00f3n completa, con un estilo unificado, que puede integrarse en varios estilos de decoraci\u00f3n de ba\u00f1os modernos, minimalistas y otros, satisfaciendo tanto las necesidades pr\u00e1cticas como realzando el atractivo est\u00e9tico del ba\u00f1o.<\/p>\n<\/div>\n\n\n\n<div class=\"wp-block-column is-layout-flow wp-block-column-is-layout-flow\"><div class=\"wp-block-image\">\n<figure class=\"aligncenter size-full\"><img decoding=\"async\" width=\"700\" height=\"700\" src=\"https:\/\/www.shouyasanitary.com\/wp-content\/uploads\/2025\/08\/Bulk-Purchases-Bathroom-Cabinet-Vanity.webp\" alt=\"Compras a granel Mueble de ba\u00f1o Vanity\" class=\"wp-image-1730\" style=\"object-fit:cover\" srcset=\"https:\/\/www.shouyasanitary.com\/wp-content\/uploads\/2025\/08\/Bulk-Purchases-Bathroom-Cabinet-Vanity.webp 700w, https:\/\/www.shouyasanitary.com\/wp-content\/uploads\/2025\/08\/Bulk-Purchases-Bathroom-Cabinet-Vanity-300x300.webp 300w, https:\/\/www.shouyasanitary.com\/wp-content\/uploads\/2025\/08\/Bulk-Purchases-Bathroom-Cabinet-Vanity-150x150.webp 150w, https:\/\/www.shouyasanitary.com\/wp-content\/uploads\/2025\/08\/Bulk-Purchases-Bathroom-Cabinet-Vanity-12x12.webp 12w, https:\/\/www.shouyasanitary.com\/wp-content\/uploads\/2025\/08\/Bulk-Purchases-Bathroom-Cabinet-Vanity-600x600.webp 600w, https:\/\/www.shouyasanitary.com\/wp-content\/uploads\/2025\/08\/Bulk-Purchases-Bathroom-Cabinet-Vanity-100x100.webp 100w\" sizes=\"(max-width: 700px) 100vw, 700px\" \/><\/figure>\n<\/div><\/div>\n<\/div>","protected":false},"excerpt":{"rendered":"<p>Armario de ba\u00f1o al por mayor Armario de ba\u00f1o de madera contrachapada de 80 cm con lavabo de cer\u00e1mica + armario con espejo LED. Rentable y duradero, adecuado para escenarios a granel como hoteles y apartamentos. Ingenier\u00eda de personalizaci\u00f3n apoyado. \u00a1Bienvenido a preguntar y negociar en cualquier momento!<\/p>\n<h2>Tocadores y armarios de ba\u00f1o Atributos\uff1a<\/h2>\n<p><strong>N\u00ba de art\u00edculo<\/strong>: 7028-80<br \/><strong>Material del armario:<\/strong>\u00a0Contrachapado<br \/><strong>Color del armario: <\/strong>Marr\u00f3n<br \/><strong>Espejo:<\/strong> Espejo LED (3,5 mm\/3,8 mm), iluminaci\u00f3n tricolor, desempa\u00f1ado con un solo toque, protegido con embalaje de espuma multicapa<br \/><strong>Tipo de instalaci\u00f3n:<\/strong>\u00a0Montaje en pared<br \/><strong>Dimensiones (L\u00d7A\u00d7H):<\/strong> 80x50x52 cm<br \/><strong>Peso bruto:<\/strong> 30 kg\/set<\/p>\n<h2>Personalizaci\u00f3n y servicios:<\/h2>\n<p><strong>OEM Y ODM<\/strong>: Soporte<br \/><strong>Dise\u00f1o<\/strong>: Gratis<br \/><strong>Accesorios<\/strong>: Lavabos, espejos, grifos y otros accesorios de ba\u00f1o<br \/><strong>Embalaje<\/strong>: Listo para montar<\/p>","protected":false},"featured_media":1730,"comment_status":"closed","ping_status":"closed","template":"","meta":{"_acf_changed":false},"product_brand":[],"product_cat":[20],"product_tag":[],"class_list":{"0":"post-1726","1":"product","2":"type-product","3":"status-publish","4":"has-post-thumbnail","6":"product_cat-wholesale-plywood-bathroom-vanity-cabinets","8":"first","9":"instock","10":"shipping-taxable","11":"product-type-simple"},"acf":[],"_links":{"self":[{"href":"https:\/\/www.shouyasanitary.com\/es\/wp-json\/wp\/v2\/product\/1726","targetHints":{"allow":["GET"]}}],"collection":[{"href":"https:\/\/www.shouyasanitary.com\/es\/wp-json\/wp\/v2\/product"}],"about":[{"href":"https:\/\/www.shouyasanitary.com\/es\/wp-json\/wp\/v2\/types\/product"}],"replies":[{"embeddable":true,"href":"https:\/\/www.shouyasanitary.com\/es\/wp-json\/wp\/v2\/comments?post=1726"}],"wp:featuredmedia":[{"embeddable":true,"href":"https:\/\/www.shouyasanitary.com\/es\/wp-json\/wp\/v2\/media\/1730"}],"wp:attachment":[{"href":"https:\/\/www.shouyasanitary.com\/es\/wp-json\/wp\/v2\/media?parent=1726"}],"wp:term":[{"taxonomy":"product_brand","embeddable":true,"href":"https:\/\/www.shouyasanitary.com\/es\/wp-json\/wp\/v2\/product_brand?post=1726"},{"taxonomy":"product_cat","embeddable":true,"href":"https:\/\/www.shouyasanitary.com\/es\/wp-json\/wp\/v2\/product_cat?post=1726"},{"taxonomy":"product_tag","embeddable":true,"href":"https:\/\/www.shouyasanitary.com\/es\/wp-json\/wp\/v2\/product_tag?post=1726"}],"curies":[{"name":"wp","href":"https:\/\/api.w.org\/{rel}","templated":true}]}}