{"id":1727,"date":"2025-08-15T07:17:04","date_gmt":"2025-08-15T07:17:04","guid":{"rendered":"https:\/\/www.shouyasanitary.com\/?post_type=product&#038;p=1727"},"modified":"2025-10-28T07:44:45","modified_gmt":"2025-10-28T07:44:45","slug":"wholesale-bathroom-single-vanity","status":"publish","type":"product","link":"https:\/\/www.shouyasanitary.com\/es\/producto\/wholesale-bathroom-single-vanity\/","title":{"rendered":"Mayorista Armario de Ba\u00f1o, 60cm Armario de Ba\u00f1o Peque\u00f1o Proveedor"},"content":{"rendered":"<div class=\"wp-block-columns is-layout-flex wp-container-core-columns-is-layout-9d6595d7 wp-block-columns-is-layout-flex\">\n<div class=\"wp-block-column is-layout-flow wp-block-column-is-layout-flow\">\n<h2 class=\"wp-block-heading\">Caracter\u00edsticas de un solo tocador de ba\u00f1o\uff1a<\/h2>\n\n\n\n<p><strong>Ahorro de espacio<\/strong>: La versi\u00f3n delgada de 60 cm se adapta perfectamente a los cuartos de ba\u00f1o peque\u00f1os sin ocupar demasiado espacio, por lo que los cuartos de ba\u00f1o peque\u00f1os pueden ser espaciosos y estar despejados.<\/p>\n\n\n\n<p><strong>Madera contrachapada duradera a prueba de humedad:<\/strong> El contrachapado se trata varias veces para que sea menos susceptible a la absorci\u00f3n de humedad, el hinchamiento o la deformaci\u00f3n en condiciones de humedad excesiva; de este modo, se prolonga la vida \u00fatil del producto.<\/p>\n\n\n\n<p><strong>Espejo inteligente para el aseo personal<\/strong>: Combinado con un espejo inteligente, proporciona luz natural, lo que facilita ver los detalles durante el aseo diario y el maquillaje, mejorando la usabilidad.<\/p>\n\n\n\n<p><strong>Almacenamiento sofisticado por compartimentos<\/strong>: El dise\u00f1o com\u00fan de compartimentos semiabiertos y cajones permite almacenar y ordenar cosas, con los art\u00edculos de uso frecuente f\u00e1cilmente accesibles y las cosas privadas ocultas a la vista, manteniendo el \u00e1rea peque\u00f1a limpia y organizada.<\/p>\n\n\n\n<p><strong>Lavabo de cer\u00e1mica f\u00e1cil de limpiar<\/strong>: El aspecto liso y brillante esmaltado del lavabo de cer\u00e1mica tiene una cualidad disolvente de manchas que puede eliminarlas f\u00e1cilmente con poca o ninguna limpieza en\u00e9rgica y preservar el tiempo de mantenimiento.<\/p>\n\n\n\n<p><strong>Personalizaci\u00f3n exclusiva de la marca<\/strong>: Apoyamos LOGO personalizado y dise\u00f1o exclusivo para mejorar la imagen de marca y reconocimiento en el mercado.<\/p>\n<\/div>\n\n\n\n<div class=\"wp-block-column is-layout-flow wp-block-column-is-layout-flow\"><div class=\"wp-block-image\">\n<figure class=\"aligncenter size-full\"><img decoding=\"async\" width=\"700\" height=\"700\" src=\"https:\/\/www.shouyasanitary.com\/wp-content\/uploads\/2025\/08\/Bulk-Purchases-Bathroom-Cabinet-Vanity_1.webp\" alt=\"Compras a granel Mueble de ba\u00f1o Vanity_1\" class=\"wp-image-1739\" style=\"object-fit:cover\" srcset=\"https:\/\/www.shouyasanitary.com\/wp-content\/uploads\/2025\/08\/Bulk-Purchases-Bathroom-Cabinet-Vanity_1.webp 700w, https:\/\/www.shouyasanitary.com\/wp-content\/uploads\/2025\/08\/Bulk-Purchases-Bathroom-Cabinet-Vanity_1-300x300.webp 300w, https:\/\/www.shouyasanitary.com\/wp-content\/uploads\/2025\/08\/Bulk-Purchases-Bathroom-Cabinet-Vanity_1-150x150.webp 150w, https:\/\/www.shouyasanitary.com\/wp-content\/uploads\/2025\/08\/Bulk-Purchases-Bathroom-Cabinet-Vanity_1-12x12.webp 12w, https:\/\/www.shouyasanitary.com\/wp-content\/uploads\/2025\/08\/Bulk-Purchases-Bathroom-Cabinet-Vanity_1-600x600.webp 600w, https:\/\/www.shouyasanitary.com\/wp-content\/uploads\/2025\/08\/Bulk-Purchases-Bathroom-Cabinet-Vanity_1-100x100.webp 100w\" sizes=\"(max-width: 700px) 100vw, 700px\" \/><\/figure>\n<\/div><\/div>\n<\/div>","protected":false},"excerpt":{"rendered":"<p>Combinaci\u00f3n de lavabo y tocador de madera contrachapada al por mayor, ideal para ahorrar espacio en apartamentos peque\u00f1os. La madera contrachapada a prueba de humedad garantiza durabilidad y resistencia a la deformaci\u00f3n. Ofrecemos pedidos OEM y al por mayor, garantizando la calidad directa de f\u00e1brica. P\u00f3ngase en contacto con nosotros hoy mismo.<\/p>\n<h2>Atributos de un tocador de ba\u00f1o\uff1a<\/h2>\n<p><strong>N\u00ba de art\u00edculo<\/strong>: 7031-60<br \/><strong>Material del armario:<\/strong>\u00a0Contrachapado<br \/><strong>Color del armario: <\/strong>Caqui<br \/><strong>Espejo:<\/strong> Espejo LED (3,5 mm\/3,8 mm), iluminaci\u00f3n tricolor, desempa\u00f1ado con un solo toque, protegido con embalaje de espuma multicapa<br \/><strong>Tipo de instalaci\u00f3n:<\/strong>\u00a0Montaje en pared<br \/><strong>Dimensiones (L\u00d7A\u00d7H):<\/strong> 60x48x52 cm<br \/><strong>Peso bruto:<\/strong> 28 kg\/set<\/p>\n<h2>Personalizaci\u00f3n y servicios:<\/h2>\n<p><strong>OEM Y ODM<\/strong>: Soporte<br \/><strong>Dise\u00f1o<\/strong>: Gratis<br \/><strong>Accesorios<\/strong>: Lavabos, espejos, grifos y otros accesorios de ba\u00f1o<br \/><strong>Embalaje<\/strong>: Listo para montar<\/p>","protected":false},"featured_media":1739,"comment_status":"closed","ping_status":"closed","template":"","meta":{"_acf_changed":false},"product_brand":[],"product_cat":[20],"product_tag":[],"class_list":{"0":"post-1727","1":"product","2":"type-product","3":"status-publish","4":"has-post-thumbnail","6":"product_cat-wholesale-plywood-bathroom-vanity-cabinets","8":"first","9":"instock","10":"shipping-taxable","11":"product-type-simple"},"acf":[],"_links":{"self":[{"href":"https:\/\/www.shouyasanitary.com\/es\/wp-json\/wp\/v2\/product\/1727","targetHints":{"allow":["GET"]}}],"collection":[{"href":"https:\/\/www.shouyasanitary.com\/es\/wp-json\/wp\/v2\/product"}],"about":[{"href":"https:\/\/www.shouyasanitary.com\/es\/wp-json\/wp\/v2\/types\/product"}],"replies":[{"embeddable":true,"href":"https:\/\/www.shouyasanitary.com\/es\/wp-json\/wp\/v2\/comments?post=1727"}],"wp:featuredmedia":[{"embeddable":true,"href":"https:\/\/www.shouyasanitary.com\/es\/wp-json\/wp\/v2\/media\/1739"}],"wp:attachment":[{"href":"https:\/\/www.shouyasanitary.com\/es\/wp-json\/wp\/v2\/media?parent=1727"}],"wp:term":[{"taxonomy":"product_brand","embeddable":true,"href":"https:\/\/www.shouyasanitary.com\/es\/wp-json\/wp\/v2\/product_brand?post=1727"},{"taxonomy":"product_cat","embeddable":true,"href":"https:\/\/www.shouyasanitary.com\/es\/wp-json\/wp\/v2\/product_cat?post=1727"},{"taxonomy":"product_tag","embeddable":true,"href":"https:\/\/www.shouyasanitary.com\/es\/wp-json\/wp\/v2\/product_tag?post=1727"}],"curies":[{"name":"wp","href":"https:\/\/api.w.org\/{rel}","templated":true}]}}