{"id":1728,"date":"2025-08-15T07:19:34","date_gmt":"2025-08-15T07:19:34","guid":{"rendered":"https:\/\/www.shouyasanitary.com\/?post_type=product&#038;p=1728"},"modified":"2025-10-28T07:28:31","modified_gmt":"2025-10-28T07:28:31","slug":"custom-bathroom-vanity-mirror-cabinet","status":"publish","type":"product","link":"https:\/\/www.shouyasanitary.com\/es\/producto\/custom-bathroom-vanity-mirror-cabinet\/","title":{"rendered":"Custom Ba\u00f1o Vanidad Espejo Gabinete, a granel Folating Ba\u00f1o Gabinete Amarillo"},"content":{"rendered":"<div class=\"wp-block-columns is-layout-flex wp-container-core-columns-is-layout-9d6595d7 wp-block-columns-is-layout-flex\">\n<div class=\"wp-block-column is-layout-flow wp-block-column-is-layout-flow\">\n<h2 class=\"wp-block-heading\">Caracter\u00edsticas del gabinete del espejo de la vanidad del cuarto de ba\u00f1o\uff1a<\/h2>\n\n\n\n<p><strong>Sabidur\u00eda de almacenamiento por zonas:<\/strong> Los estantes semiabiertos del armario con espejo se utilizan para guardar los objetos de uso frecuente, los cajones para guardar objetos privados y las vitrinas laterales para exponer objetos. La l\u00f3gica de almacenamiento en tres niveles resuelve el problema de la dificultad para encontrar los objetos y proporciona una presentaci\u00f3n est\u00e9tica.<\/p>\n\n\n\n<p><strong>Tecnolog\u00eda de contrachapado con sensores t\u00e9rmicos:<\/strong> La superficie del contrachapado est\u00e1 especialmente tratada, por lo que no se calienta en verano ni se hiela en invierno. Ofrece un tacto confortable en todas las estaciones, realzando los detalles de la experiencia del usuario.<\/p>\n\n\n\n<p><strong>Compatibilidad con escenas duales: <\/strong>La madera contrachapada de color madera clara es duradera y vers\u00e1til, y el elegante armario con espejo realza el estilo. Es adecuado para la exhibici\u00f3n de art\u00edculos de hotel y el almacenamiento de privacidad en el hogar, cubriendo diversas necesidades.<\/p>\n\n\n\n<p><strong>Utilizaci\u00f3n eficiente del espacio:<\/strong> Instalaci\u00f3n suspendida + dise\u00f1o integrado. Utiliza el espacio vertical de la pared, no ocupa superficie de suelo y puede ampliar el espacio visual gracias al material de cristal. Incluso un cuarto de ba\u00f1o peque\u00f1o puede conseguir \"peque\u00f1o pero con todo lo necesario\" en t\u00e9rminos de almacenamiento ordenado.<\/p>\n<\/div>\n\n\n\n<div class=\"wp-block-column is-layout-flow wp-block-column-is-layout-flow\"><div class=\"wp-block-image\">\n<figure class=\"aligncenter size-full\"><img decoding=\"async\" width=\"700\" height=\"700\" src=\"https:\/\/www.shouyasanitary.com\/wp-content\/uploads\/2025\/08\/Custom-bathroom-cabinet-vanity.webp\" alt=\"Mueble de ba\u00f1o a medida\" class=\"wp-image-1736\" style=\"object-fit:cover\" srcset=\"https:\/\/www.shouyasanitary.com\/wp-content\/uploads\/2025\/08\/Custom-bathroom-cabinet-vanity.webp 700w, https:\/\/www.shouyasanitary.com\/wp-content\/uploads\/2025\/08\/Custom-bathroom-cabinet-vanity-300x300.webp 300w, https:\/\/www.shouyasanitary.com\/wp-content\/uploads\/2025\/08\/Custom-bathroom-cabinet-vanity-150x150.webp 150w, https:\/\/www.shouyasanitary.com\/wp-content\/uploads\/2025\/08\/Custom-bathroom-cabinet-vanity-12x12.webp 12w, https:\/\/www.shouyasanitary.com\/wp-content\/uploads\/2025\/08\/Custom-bathroom-cabinet-vanity-600x600.webp 600w, https:\/\/www.shouyasanitary.com\/wp-content\/uploads\/2025\/08\/Custom-bathroom-cabinet-vanity-100x100.webp 100w\" sizes=\"(max-width: 700px) 100vw, 700px\" \/><\/figure>\n<\/div><\/div>\n<\/div>","protected":false},"excerpt":{"rendered":"<p>El gabinete del espejo de la vanidad del cuarto de ba\u00f1o de encargo, almacenamiento de tres zonas, los paneles a prueba de humedad termalmente sensibles proporcionan comodidad durante todo el a\u00f1o, y el gabinete elegante del espejo y el dise\u00f1o de cristal son convenientes para el uso casero y del hotel. Ofrecemos precios al por mayor, por favor p\u00f3ngase en contacto con nosotros para consultas.<\/p>\n<h2>Gabinete del espejo de la vanidad del cuarto de ba\u00f1o Atributos\uff1a<\/h2>\n<p><strong>N\u00ba de art\u00edculo<\/strong>: 7030-80<br \/><strong>Material del armario:<\/strong>\u00a0Contrachapado<br \/><strong>Color del armario: <\/strong>Amarillo<br \/><strong>Espejo:<\/strong> Espejo LED (3,5 mm\/3,8 mm), iluminaci\u00f3n tricolor, desempa\u00f1ado con un solo toque, protegido con embalaje de espuma multicapa<br \/><strong>Tipo de instalaci\u00f3n:<\/strong>\u00a0Montaje en pared<br \/><strong>Dimensiones (L\u00d7A\u00d7H):<\/strong> 80x48x52 cm<br \/><strong>Peso bruto:<\/strong> 30 kg\/set<\/p>\n<h2>Personalizaci\u00f3n y servicios:<\/h2>\n<p><strong>OEM Y ODM<\/strong>: Soporte<br \/><strong>Dise\u00f1o<\/strong>: Gratis<br \/><strong>Accesorios<\/strong>: Lavabos, espejos, grifos y otros accesorios de ba\u00f1o<br \/><strong>Embalaje<\/strong>: Listo para montar<\/p>","protected":false},"featured_media":1736,"comment_status":"closed","ping_status":"closed","template":"","meta":{"_acf_changed":false},"product_brand":[],"product_cat":[20],"product_tag":[],"class_list":{"0":"post-1728","1":"product","2":"type-product","3":"status-publish","4":"has-post-thumbnail","6":"product_cat-wholesale-plywood-bathroom-vanity-cabinets","8":"first","9":"instock","10":"shipping-taxable","11":"product-type-simple"},"acf":[],"_links":{"self":[{"href":"https:\/\/www.shouyasanitary.com\/es\/wp-json\/wp\/v2\/product\/1728","targetHints":{"allow":["GET"]}}],"collection":[{"href":"https:\/\/www.shouyasanitary.com\/es\/wp-json\/wp\/v2\/product"}],"about":[{"href":"https:\/\/www.shouyasanitary.com\/es\/wp-json\/wp\/v2\/types\/product"}],"replies":[{"embeddable":true,"href":"https:\/\/www.shouyasanitary.com\/es\/wp-json\/wp\/v2\/comments?post=1728"}],"wp:featuredmedia":[{"embeddable":true,"href":"https:\/\/www.shouyasanitary.com\/es\/wp-json\/wp\/v2\/media\/1736"}],"wp:attachment":[{"href":"https:\/\/www.shouyasanitary.com\/es\/wp-json\/wp\/v2\/media?parent=1728"}],"wp:term":[{"taxonomy":"product_brand","embeddable":true,"href":"https:\/\/www.shouyasanitary.com\/es\/wp-json\/wp\/v2\/product_brand?post=1728"},{"taxonomy":"product_cat","embeddable":true,"href":"https:\/\/www.shouyasanitary.com\/es\/wp-json\/wp\/v2\/product_cat?post=1728"},{"taxonomy":"product_tag","embeddable":true,"href":"https:\/\/www.shouyasanitary.com\/es\/wp-json\/wp\/v2\/product_tag?post=1728"}],"curies":[{"name":"wp","href":"https:\/\/api.w.org\/{rel}","templated":true}]}}