{"id":1729,"date":"2025-08-15T07:27:46","date_gmt":"2025-08-15T07:27:46","guid":{"rendered":"https:\/\/www.shouyasanitary.com\/?post_type=product&#038;p=1729"},"modified":"2025-08-24T15:51:25","modified_gmt":"2025-08-24T15:51:25","slug":"wholesale-bathroom-wall-cabinets","status":"publish","type":"product","link":"https:\/\/www.shouyasanitary.com\/es\/producto\/wholesale-bathroom-wall-cabinets\/","title":{"rendered":"Mayorista Armarios de Pared de Ba\u00f1o, Madera Contrachapada Marr\u00f3n Tocador de Ba\u00f1o con Fregadero a Medida"},"content":{"rendered":"<div class=\"wp-block-columns is-layout-flex wp-container-core-columns-is-layout-9d6595d7 wp-block-columns-is-layout-flex\">\n<div class=\"wp-block-column is-layout-flow wp-block-column-is-layout-flow\">\n<h2 class=\"wp-block-heading\">Gabinetes de pared de ba\u00f1o Caracter\u00edsticas:<\/h2>\n\n\n\n<p><strong>Fuerte integraci\u00f3n de estilos<\/strong>: El cuerpo del mueble de chapa de madera, el lavabo de cer\u00e1mica blanca y el material de la superficie de espejo se combinan para crear una sensaci\u00f3n sencilla pero lujosa. Se adapta a varios estilos de decoraci\u00f3n modernos y n\u00f3rdicos, reduciendo la dificultad de combinar.<\/p>\n\n\n\n<p><strong>Dise\u00f1o estructural innovador<\/strong>: El cuerpo del armario adopta una combinaci\u00f3n de cajones y vitrinas laterales. Los cajones est\u00e1n dise\u00f1ados para guardar objetos personales, mientras que las vitrinas laterales facilitan el acceso a los art\u00edculos de aseo m\u00e1s utilizados. La zonificaci\u00f3n clara mejora la eficacia a la hora de recuperar objetos en el cuarto de ba\u00f1o.<\/p>\n\n\n\n<p><strong>Actualizaci\u00f3n inteligente del armario con espejo<\/strong>: El armario con espejo de doble puerta est\u00e1 equipado con tiras de luz ambiental LED. Adem\u00e1s de proporcionar una iluminaci\u00f3n b\u00e1sica, las luces pueden crear un ambiente de ba\u00f1o acogedor. La superficie del armario con espejo cuenta con interruptores t\u00e1ctiles, que son sencillos, elegantes y f\u00e1ciles de manejar.<\/p>\n\n\n\n<p><strong>Optimizaci\u00f3n de materiales<\/strong>: La madera contrachapada ha sido sometida a un tratamiento especial a prueba de humedad. En el ambiente h\u00famedo del cuarto de ba\u00f1o, es menos probable que se deforme o moho, extendiendo la vida \u00fatil del gabinete y es adecuado para escenarios de uso de alta frecuencia a largo plazo.<\/p>\n\n\n\n<p><strong>Opciones de personalizaci\u00f3n flexibles<\/strong>: Ofrecemos opciones de personalizaci\u00f3n en tama\u00f1o, logotipo, color, acabado, funci\u00f3n, etc., para satisfacer los requisitos de diferentes mercados y estilos de decoraci\u00f3n.<\/p>\n<\/div>\n\n\n\n<div class=\"wp-block-column is-layout-flow wp-block-column-is-layout-flow\"><div class=\"wp-block-image\">\n<figure class=\"aligncenter size-full\"><img decoding=\"async\" width=\"700\" height=\"700\" src=\"https:\/\/www.shouyasanitary.com\/wp-content\/uploads\/2025\/08\/OEM-bathroom-cabinet-vanity.webp\" alt=\"OEM mueble de ba\u00f1o tocador\" class=\"wp-image-1733\" style=\"object-fit:cover\" srcset=\"https:\/\/www.shouyasanitary.com\/wp-content\/uploads\/2025\/08\/OEM-bathroom-cabinet-vanity.webp 700w, https:\/\/www.shouyasanitary.com\/wp-content\/uploads\/2025\/08\/OEM-bathroom-cabinet-vanity-300x300.webp 300w, https:\/\/www.shouyasanitary.com\/wp-content\/uploads\/2025\/08\/OEM-bathroom-cabinet-vanity-150x150.webp 150w, https:\/\/www.shouyasanitary.com\/wp-content\/uploads\/2025\/08\/OEM-bathroom-cabinet-vanity-12x12.webp 12w, https:\/\/www.shouyasanitary.com\/wp-content\/uploads\/2025\/08\/OEM-bathroom-cabinet-vanity-600x600.webp 600w, https:\/\/www.shouyasanitary.com\/wp-content\/uploads\/2025\/08\/OEM-bathroom-cabinet-vanity-100x100.webp 100w\" sizes=\"(max-width: 700px) 100vw, 700px\" \/><\/figure>\n<\/div><\/div>\n<\/div>","protected":false},"excerpt":{"rendered":"<p>Los armarios de pared para ba\u00f1o al por mayor, con almacenamiento dividido y un armario con espejo LED de doble puerta, son adecuados para una gran variedad de decoraciones. Ofrecemos un suministro estable, precios al por mayor y servicio personalizado. P\u00f3ngase en contacto con nosotros para solicitar un presupuesto.<\/p>\n<h2>Armarios de Pared de Ba\u00f1o Atributos\uff1a<\/h2>\n<p><strong>Art\u00edculo No:<\/strong>7029-80<strong><br \/>Material del armario:<\/strong>\u00a0Contrachapado<br \/><strong>Color del armario:<\/strong> Marr\u00f3n<br \/><strong>Espejo:<\/strong> Espejo LED (3,5 mm\/3,8 mm), iluminaci\u00f3n tricolor, desempa\u00f1ado con un solo toque, protegido con embalaje de espuma multicapa<br \/><strong>Tipo de instalaci\u00f3n:<\/strong>\u00a0Montaje en pared<br \/><strong>Dimensiones (L\u00d7A\u00d7H):<\/strong> 80x50x48 cm<br \/><strong>Peso bruto:<\/strong> 30 kg\/set<\/p>\n<h2>Personalizaci\u00f3n y servicios:<\/h2>\n<p><strong>OEM Y ODM<\/strong>: Soporte<br \/><strong>Dise\u00f1o<\/strong>: Gratis<br \/><strong>Accesorios<\/strong>: Lavabos, espejos, grifos y otros accesorios de ba\u00f1o<br \/><strong>Embalaje<\/strong>: Listo para montar<\/p>","protected":false},"featured_media":1733,"comment_status":"closed","ping_status":"closed","template":"","meta":{"_acf_changed":false},"product_brand":[],"product_cat":[20],"product_tag":[],"class_list":{"0":"post-1729","1":"product","2":"type-product","3":"status-publish","4":"has-post-thumbnail","6":"product_cat-wholesale-plywood-bathroom-vanity-cabinets","8":"first","9":"instock","10":"shipping-taxable","11":"product-type-simple"},"acf":[],"_links":{"self":[{"href":"https:\/\/www.shouyasanitary.com\/es\/wp-json\/wp\/v2\/product\/1729","targetHints":{"allow":["GET"]}}],"collection":[{"href":"https:\/\/www.shouyasanitary.com\/es\/wp-json\/wp\/v2\/product"}],"about":[{"href":"https:\/\/www.shouyasanitary.com\/es\/wp-json\/wp\/v2\/types\/product"}],"replies":[{"embeddable":true,"href":"https:\/\/www.shouyasanitary.com\/es\/wp-json\/wp\/v2\/comments?post=1729"}],"wp:featuredmedia":[{"embeddable":true,"href":"https:\/\/www.shouyasanitary.com\/es\/wp-json\/wp\/v2\/media\/1733"}],"wp:attachment":[{"href":"https:\/\/www.shouyasanitary.com\/es\/wp-json\/wp\/v2\/media?parent=1729"}],"wp:term":[{"taxonomy":"product_brand","embeddable":true,"href":"https:\/\/www.shouyasanitary.com\/es\/wp-json\/wp\/v2\/product_brand?post=1729"},{"taxonomy":"product_cat","embeddable":true,"href":"https:\/\/www.shouyasanitary.com\/es\/wp-json\/wp\/v2\/product_cat?post=1729"},{"taxonomy":"product_tag","embeddable":true,"href":"https:\/\/www.shouyasanitary.com\/es\/wp-json\/wp\/v2\/product_tag?post=1729"}],"curies":[{"name":"wp","href":"https:\/\/api.w.org\/{rel}","templated":true}]}}