{"id":1744,"date":"2025-08-15T07:12:59","date_gmt":"2025-08-15T07:12:59","guid":{"rendered":"https:\/\/www.shouyasanitary.com\/?post_type=product&#038;p=1744"},"modified":"2025-08-15T07:13:05","modified_gmt":"2025-08-15T07:13:05","slug":"custom-floating-bathroom-vanity-with-sink","status":"publish","type":"product","link":"https:\/\/www.shouyasanitary.com\/es\/producto\/custom-floating-bathroom-vanity-with-sink\/","title":{"rendered":"Armario de ba\u00f1o flotante a medida con lavabo, armarios de ba\u00f1o grandes de 100 cm con espejo"},"content":{"rendered":"<div class=\"wp-block-columns is-layout-flex wp-container-core-columns-is-layout-9d6595d7 wp-block-columns-is-layout-flex\">\n<div class=\"wp-block-column is-layout-flow wp-block-column-is-layout-flow\">\n<h2 class=\"wp-block-heading\">Caracter\u00edsticas del mueble de ba\u00f1o flotante con lavabo:<\/h2>\n\n\n\n<p><strong>Estilo Moderno Gris Claro:<\/strong> Dise\u00f1o minimalista de l\u00edneas depuradas y un elegante tono gris claro, perfecto para cualquier estilo de ba\u00f1o.<\/p>\n\n\n\n<p><strong>Gran capacidad de almacenamiento: <\/strong>Los compartimentos abiertos facilitan el acceso a los art\u00edculos de uso m\u00e1s frecuente, mientras que el dise\u00f1o de tres puertas del armario con espejo cerrado da cabida a una amplia gama de accesorios de ba\u00f1o.<\/p>\n\n\n\n<p><strong>Elegante armario con espejo LED: <\/strong>Los armarios con espejo semiabiertos crean un efecto visual sencillo pero estratificado, ofreciendo un c\u00f3modo acceso a los objetos. Los armarios con espejo LED cuentan con un interruptor de un solo toque y un<strong> <\/strong>Funci\u00f3n antivaho para mejorar la experiencia del usuario.<\/p>\n\n\n\n<p><strong>Lavabo de cer\u00e1mica duradera: <\/strong>El lavabo de cer\u00e1mica blanca pura es duradero y resistente a los ara\u00f1azos, con bordes suavemente biselados para facilitar su limpieza.<\/p>\n\n\n\n<p><strong>PVC de alto rendimiento: <\/strong>El mueble est\u00e1 fabricado en PVC de alta calidad, que ofrece una excelente resistencia a la humedad y al agua, resiste la deformaci\u00f3n y el moho y mantiene su aspecto incluso tras un uso prolongado.<\/p>\n\n\n\n<p><strong>Dise\u00f1o de montaje en pared:<\/strong> Se monta en la pared con la parte inferior suspendida, lo que garantiza una limpieza perfecta y ampl\u00eda visualmente el espacio.<\/p>\n<\/div>\n\n\n\n<div class=\"wp-block-column is-layout-flow wp-block-column-is-layout-flow\"><div class=\"wp-block-image\">\n<figure class=\"aligncenter size-full\"><img decoding=\"async\" width=\"700\" height=\"700\" src=\"https:\/\/www.shouyasanitary.com\/wp-content\/uploads\/2025\/08\/Wholesale-supply-of-PVC-bathroom-cabinet-vanity.webp\" alt=\"Suministro al por mayor de PVC mueble de ba\u00f1o vanidad\" class=\"wp-image-1752\" style=\"object-fit:cover\" srcset=\"https:\/\/www.shouyasanitary.com\/wp-content\/uploads\/2025\/08\/Wholesale-supply-of-PVC-bathroom-cabinet-vanity.webp 700w, https:\/\/www.shouyasanitary.com\/wp-content\/uploads\/2025\/08\/Wholesale-supply-of-PVC-bathroom-cabinet-vanity-300x300.webp 300w, https:\/\/www.shouyasanitary.com\/wp-content\/uploads\/2025\/08\/Wholesale-supply-of-PVC-bathroom-cabinet-vanity-150x150.webp 150w, https:\/\/www.shouyasanitary.com\/wp-content\/uploads\/2025\/08\/Wholesale-supply-of-PVC-bathroom-cabinet-vanity-12x12.webp 12w, https:\/\/www.shouyasanitary.com\/wp-content\/uploads\/2025\/08\/Wholesale-supply-of-PVC-bathroom-cabinet-vanity-600x600.webp 600w, https:\/\/www.shouyasanitary.com\/wp-content\/uploads\/2025\/08\/Wholesale-supply-of-PVC-bathroom-cabinet-vanity-100x100.webp 100w\" sizes=\"(max-width: 700px) 100vw, 700px\" \/><\/figure>\n<\/div><\/div>\n<\/div>","protected":false},"excerpt":{"rendered":"<p>Mueble de ba\u00f1o flotante a medida con lavabo, estilo moderno, mueble de PVC resistente a la humedad con espejo, regleta de luz, tres puertas para un amplio almacenamiento y un dise\u00f1o colgante para una f\u00e1cil limpieza y durabilidad. M\u00faltiples opciones de personalizaci\u00f3n disponibles, \u00a1cont\u00e1ctenos para una cotizaci\u00f3n!<\/p>\n<h2>Tocador de ba\u00f1o flotante con lavabo Atributos\uff1a<\/h2>\n<p><strong>Art\u00edculo No:<\/strong>J1202-100<strong><br \/>Material del armario<\/strong>: Contrachapado<br \/><strong>Color del armario:<\/strong> Gris claro<br \/><strong>Espejo:<\/strong> Espejo LED (3,5 mm \/ 3,8 mm), iluminaci\u00f3n tricolor, desempa\u00f1ado con un solo toque, protegido con embalaje de espuma multicapa<br \/><strong>Tipo de instalaci\u00f3n:<\/strong> Montaje en pared<br \/><strong>Dimensiones (L \u00d7 A \u00d7 A):<\/strong> 100*47*12 cm<br \/><strong>Peso bruto:<\/strong> 32 kg\/set<\/p>\n<h2>Personalizaci\u00f3n y servicios:<\/h2>\n<p><strong>OEM Y ODM<\/strong>: Soporte<br \/><strong>Dise\u00f1o<\/strong>: Gratis<br \/><strong>Accesorios<\/strong>: Lavabos, espejos, grifos y otros accesorios de ba\u00f1o<br \/><strong>Embalaje<\/strong>: Listo para montar<\/p>","protected":false},"featured_media":1752,"comment_status":"closed","ping_status":"closed","template":"","meta":{"_acf_changed":false},"product_brand":[],"product_cat":[20],"product_tag":[],"class_list":{"0":"post-1744","1":"product","2":"type-product","3":"status-publish","4":"has-post-thumbnail","6":"product_cat-wholesale-plywood-bathroom-vanity-cabinets","8":"first","9":"instock","10":"shipping-taxable","11":"product-type-simple"},"acf":[],"_links":{"self":[{"href":"https:\/\/www.shouyasanitary.com\/es\/wp-json\/wp\/v2\/product\/1744","targetHints":{"allow":["GET"]}}],"collection":[{"href":"https:\/\/www.shouyasanitary.com\/es\/wp-json\/wp\/v2\/product"}],"about":[{"href":"https:\/\/www.shouyasanitary.com\/es\/wp-json\/wp\/v2\/types\/product"}],"replies":[{"embeddable":true,"href":"https:\/\/www.shouyasanitary.com\/es\/wp-json\/wp\/v2\/comments?post=1744"}],"wp:featuredmedia":[{"embeddable":true,"href":"https:\/\/www.shouyasanitary.com\/es\/wp-json\/wp\/v2\/media\/1752"}],"wp:attachment":[{"href":"https:\/\/www.shouyasanitary.com\/es\/wp-json\/wp\/v2\/media?parent=1744"}],"wp:term":[{"taxonomy":"product_brand","embeddable":true,"href":"https:\/\/www.shouyasanitary.com\/es\/wp-json\/wp\/v2\/product_brand?post=1744"},{"taxonomy":"product_cat","embeddable":true,"href":"https:\/\/www.shouyasanitary.com\/es\/wp-json\/wp\/v2\/product_cat?post=1744"},{"taxonomy":"product_tag","embeddable":true,"href":"https:\/\/www.shouyasanitary.com\/es\/wp-json\/wp\/v2\/product_tag?post=1744"}],"curies":[{"name":"wp","href":"https:\/\/api.w.org\/{rel}","templated":true}]}}