{"id":1745,"date":"2025-08-24T15:51:10","date_gmt":"2025-08-24T15:51:10","guid":{"rendered":"https:\/\/www.shouyasanitary.com\/?post_type=product&#038;p=1745"},"modified":"2025-08-24T15:51:12","modified_gmt":"2025-08-24T15:51:12","slug":"wholesale-bathroom-vanity-with-drawers","status":"publish","type":"product","link":"https:\/\/www.shouyasanitary.com\/es\/producto\/wholesale-bathroom-vanity-with-drawers\/","title":{"rendered":"Mayorista Mueble de Ba\u00f1o con Cajones, Mueble de Ba\u00f1o de Lujo con Lavabo de Cer\u00e1mica Personalizado"},"content":{"rendered":"<div class=\"wp-block-columns is-layout-flex wp-container-core-columns-is-layout-9d6595d7 wp-block-columns-is-layout-flex\">\n<div class=\"wp-block-column is-layout-flow wp-block-column-is-layout-flow\">\n<h2 class=\"wp-block-heading\">Tocador de ba\u00f1o con cajones Caracter\u00edsticas:<\/h2>\n\n\n\n<p><strong>Aspecto moderno, ligero y lujoso:<\/strong> El aspecto minimalista del cristal combina a la perfecci\u00f3n con el conjunto de tonos grises claros y blancos, encajando con estilos de decoraci\u00f3n modernos minimalistas y de lujo ligero, a\u00f1adiendo valor est\u00e9tico al cuarto de ba\u00f1o.<\/p>\n\n\n\n<p><strong>Pr\u00e1ctica banda luminosa<\/strong>: La iluminaci\u00f3n complementa la luz natural a la vez que realza el ambiente. <\/p>\n\n\n\n<p><strong>Pr\u00e1ctico y bonito armario con espejo: <\/strong>Su exclusivo dise\u00f1o de apertura de puerta + estante permite ocultar art\u00edculos privados o de uso poco frecuente en la zona de la puerta, mientras que la parte del estante exhibe productos de aromaterapia y delicados frascos peque\u00f1os de cuidado de la piel, creando un modo de almacenamiento \"combinaci\u00f3n de ocultaci\u00f3n y exhibici\u00f3n\". Ampl\u00eda la dimensi\u00f3n de almacenamiento del cuarto de ba\u00f1o, haciendo que el espacio sea a la vez ordenado y digno de exposici\u00f3n. <\/p>\n\n\n\n<p><strong>Doble caj\u00f3n con espacio interior ordenado<\/strong>: Permite guardar de forma clasificada toallas, utensilios de limpieza facial, etc. <\/p>\n\n\n\n<p><strong>Dise\u00f1o de instalaci\u00f3n colgante: <\/strong>Conserva el espacio del suelo, realzando la apertura del cuarto de ba\u00f1o. <\/p>\n\n\n\n<p><strong>Larga vida \u00fatil<\/strong>: El cuerpo del mueble de PVC gris claro combinado con un lavabo de cer\u00e1mica blanca crea una combinaci\u00f3n de colores fresca. El lavabo de cer\u00e1mica es f\u00e1cil de limpiar y muy resistente a las manchas, mientras que el cuerpo del mueble de PVC es impermeable, resistente a la humedad y a la deformaci\u00f3n. La combinaci\u00f3n de ambos hace frente con facilidad al ambiente h\u00famedo del cuarto de ba\u00f1o, facilitando la limpieza de las salpicaduras de agua y manteniendo un buen estado incluso despu\u00e9s de un uso prolongado.<\/p>\n\n\n\n<p><strong>Materiales resistentes a la humedad y al agua: <\/strong>El cuerpo del armario est\u00e1 fabricado en PVC, un material ligero que reduce la carga sobre la pared y facilita la instalaci\u00f3n. Adem\u00e1s, presenta excelentes propiedades de impermeabilidad, resistencia a la humedad y resistencia a la corrosi\u00f3n. Incluso cuando se expone al ambiente h\u00famedo de un cuarto de ba\u00f1o durante periodos prolongados, es menos propenso al moho y la deformaci\u00f3n. <\/p>\n\n\n\n<p><strong>Dise\u00f1o flexible<\/strong>: El almacenamiento multidimensional con cajones dobles y un armario con espejo organiza eficazmente diversos art\u00edculos de ba\u00f1o, encajando a la perfecci\u00f3n en espacios peque\u00f1os y compactos, a la vez que proporciona almacenamiento adicional para ba\u00f1os m\u00e1s grandes, atendiendo a diversas necesidades de distribuci\u00f3n.<\/p>\n<\/div>\n\n\n\n<div class=\"wp-block-column is-layout-flow wp-block-column-is-layout-flow\"><div class=\"wp-block-image\">\n<figure class=\"aligncenter size-full\"><img decoding=\"async\" width=\"700\" height=\"700\" src=\"https:\/\/www.shouyasanitary.com\/wp-content\/uploads\/2025\/08\/Wholesale-of-Bathroom-Cabinet-With-Drawer.webp\" alt=\"Mayorista de Armario de ba\u00f1o con caj\u00f3n\" class=\"wp-image-1775\" style=\"object-fit:cover\" srcset=\"https:\/\/www.shouyasanitary.com\/wp-content\/uploads\/2025\/08\/Wholesale-of-Bathroom-Cabinet-With-Drawer.webp 700w, https:\/\/www.shouyasanitary.com\/wp-content\/uploads\/2025\/08\/Wholesale-of-Bathroom-Cabinet-With-Drawer-300x300.webp 300w, https:\/\/www.shouyasanitary.com\/wp-content\/uploads\/2025\/08\/Wholesale-of-Bathroom-Cabinet-With-Drawer-150x150.webp 150w, https:\/\/www.shouyasanitary.com\/wp-content\/uploads\/2025\/08\/Wholesale-of-Bathroom-Cabinet-With-Drawer-12x12.webp 12w, https:\/\/www.shouyasanitary.com\/wp-content\/uploads\/2025\/08\/Wholesale-of-Bathroom-Cabinet-With-Drawer-600x600.webp 600w, https:\/\/www.shouyasanitary.com\/wp-content\/uploads\/2025\/08\/Wholesale-of-Bathroom-Cabinet-With-Drawer-100x100.webp 100w\" sizes=\"(max-width: 700px) 100vw, 700px\" \/><\/figure>\n<\/div><\/div>\n<\/div>","protected":false},"excerpt":{"rendered":"<p>Mayorista tocador de ba\u00f1o con cajones, tono gris claro, equipado con un armario con espejo de cristal y lavabo de cer\u00e1mica integrado, hecho de PVC duradero, con un dise\u00f1o de almacenamiento multidimensional. Directo de f\u00e1brica, soporte de personalizaci\u00f3n, adecuado para hoteles, apartamentos y renovaciones del hogar. \u00a1P\u00f3ngase en contacto con nosotros para un presupuesto y cat\u00e1logo de productos!<\/p>\n<h2>Tocador de ba\u00f1o con cajones Atributos\uff1a<\/h2>\n<p><strong>Art\u00edculo No:<\/strong>1212-80<strong><br \/>Material del armario:<\/strong> PVC<br \/><strong>Color del armario: <\/strong> Gris claro<br \/><strong>Espejo:<\/strong> Espejo LED (3,5 mm\/3,8 mm), iluminaci\u00f3n tricolor, desempa\u00f1ado con un solo toque, protegido con embalaje de espuma multicapa<br \/><strong>Tipo de instalaci\u00f3n:<\/strong>\u00a0Montaje en pared<br \/><strong>Dimensiones (L\u00d7A\u00d7H):<\/strong> 80*50*45cm<br \/><strong>Peso bruto:<\/strong> 35 kg\/set<\/p>\n<h2>Personalizaci\u00f3n y servicios:<\/h2>\n<p><strong>OEM Y ODM<\/strong>: Soporte<br \/><strong>Dise\u00f1o<\/strong>: Gratis<br \/><strong>Accesorios<\/strong>: Lavabos, espejos, grifos y otros accesorios de ba\u00f1o<br \/><strong>Embalaje<\/strong>: Listo para montar<\/p>","protected":false},"featured_media":1775,"comment_status":"closed","ping_status":"closed","template":"","meta":{"_acf_changed":true},"product_brand":[],"product_cat":[24],"product_tag":[],"class_list":{"0":"post-1745","1":"product","2":"type-product","3":"status-publish","4":"has-post-thumbnail","6":"product_cat-wholesale-pvc-bathroom-vanity-cabinets","8":"first","9":"instock","10":"shipping-taxable","11":"product-type-simple"},"acf":[],"_links":{"self":[{"href":"https:\/\/www.shouyasanitary.com\/es\/wp-json\/wp\/v2\/product\/1745","targetHints":{"allow":["GET"]}}],"collection":[{"href":"https:\/\/www.shouyasanitary.com\/es\/wp-json\/wp\/v2\/product"}],"about":[{"href":"https:\/\/www.shouyasanitary.com\/es\/wp-json\/wp\/v2\/types\/product"}],"replies":[{"embeddable":true,"href":"https:\/\/www.shouyasanitary.com\/es\/wp-json\/wp\/v2\/comments?post=1745"}],"wp:featuredmedia":[{"embeddable":true,"href":"https:\/\/www.shouyasanitary.com\/es\/wp-json\/wp\/v2\/media\/1775"}],"wp:attachment":[{"href":"https:\/\/www.shouyasanitary.com\/es\/wp-json\/wp\/v2\/media?parent=1745"}],"wp:term":[{"taxonomy":"product_brand","embeddable":true,"href":"https:\/\/www.shouyasanitary.com\/es\/wp-json\/wp\/v2\/product_brand?post=1745"},{"taxonomy":"product_cat","embeddable":true,"href":"https:\/\/www.shouyasanitary.com\/es\/wp-json\/wp\/v2\/product_cat?post=1745"},{"taxonomy":"product_tag","embeddable":true,"href":"https:\/\/www.shouyasanitary.com\/es\/wp-json\/wp\/v2\/product_tag?post=1745"}],"curies":[{"name":"wp","href":"https:\/\/api.w.org\/{rel}","templated":true}]}}