{"id":1746,"date":"2025-08-24T15:51:14","date_gmt":"2025-08-24T15:51:14","guid":{"rendered":"https:\/\/www.shouyasanitary.com\/?post_type=product&#038;p=1746"},"modified":"2025-08-24T15:51:17","modified_gmt":"2025-08-24T15:51:17","slug":"wholesale-wall-bathroom-cabinet","status":"publish","type":"product","link":"https:\/\/www.shouyasanitary.com\/es\/producto\/wholesale-wall-bathroom-cabinet\/","title":{"rendered":"Mayorista Mueble de Ba\u00f1o de Pared, Tocador de Ba\u00f1o de PVC con Espejo y Estante Abierto Fabricante"},"content":{"rendered":"<div class=\"wp-block-columns is-layout-flex wp-container-core-columns-is-layout-9d6595d7 wp-block-columns-is-layout-flex\">\n<div class=\"wp-block-column is-layout-flow wp-block-column-is-layout-flow\">\n<h2 class=\"wp-block-heading\">Mueble de ba\u00f1o de pared Caracter\u00edsticas:<\/h2>\n\n\n\n<p><strong>Armario con espejo y estantes abiertos integrados: <\/strong>El armario con espejo es de cristal y ofrece im\u00e1genes n\u00edtidas para satisfacer las necesidades diarias de aseo y orden. Debajo del espejo hay un estante abierto que facilita el acceso a los productos de aromaterapia m\u00e1s utilizados y a los peque\u00f1os frascos de productos para el cuidado de la piel. Esto crea un modo de almacenamiento escalonado de \"almacenamiento en el espejo + f\u00e1cil acceso bajo el espejo\".<\/p>\n\n\n\n<p><strong>Regleta de luces que rodea el armario con espejo<\/strong>: Cuando las luces est\u00e1n encendidas, realzan el ambiente del cuarto de ba\u00f1o y tambi\u00e9n sirven como luz de relleno. <\/p>\n\n\n\n<p><strong>Estilo moderno y sencillo<\/strong>: El aspecto sencillo del cristal complementa el conjunto del mueble en tonos grises, creando un estilo de ba\u00f1o minimalista y moderno.<\/p>\n\n\n\n<p><strong>Armario principal de doble caj\u00f3n:<\/strong> Permite almacenar por categor\u00edas art\u00edculos como toallas y toallitas faciales. Los cajones est\u00e1n sellados para bloquear la humedad, y la naturaleza impermeable del material de PVC mantiene secos los art\u00edculos almacenados, abordando el problema de la humedad y el crecimiento bacteriano en el ba\u00f1o. <\/p>\n\n\n\n<p><strong>Material duradero combinado con colores frescos<\/strong>: El cuerpo del mueble de PVC gris combinado con un lavabo de cer\u00e1mica blanca crea una armoniosa combinaci\u00f3n de colores. El lavabo de cer\u00e1mica es f\u00e1cil de limpiar y resistente a las manchas, y complementa las propiedades impermeables y resistentes a la humedad del cuerpo del mueble de PVC. <\/p>\n\n\n\n<p><strong>Optimizar el dise\u00f1o del espacio: <\/strong>Con instalaci\u00f3n suspendida, cajones dobles y un estante con espejo, este dise\u00f1o ampl\u00eda el espacio de almacenamiento en m\u00faltiples dimensiones. Permite organizar ordenadamente el desorden del ba\u00f1o, diciendo adi\u00f3s al caos. <\/p>\n\n\n\n<p><strong>Dise\u00f1o compacto<\/strong>: Es adecuado para apartamentos peque\u00f1os y tambi\u00e9n puede mejorar la funcionalidad de almacenamiento en ba\u00f1os grandes. Fabricado en material de PVC ligero pero resistente, reduce la carga sobre las paredes y es f\u00e1cil de instalar.<\/p>\n<\/div>\n\n\n\n<div class=\"wp-block-column is-layout-flow wp-block-column-is-layout-flow\"><div class=\"wp-block-image\">\n<figure class=\"aligncenter size-full\"><img decoding=\"async\" width=\"700\" height=\"700\" src=\"https:\/\/www.shouyasanitary.com\/wp-content\/uploads\/2025\/08\/Bulk-Purchases-Batnroom-Vanity-1.webp\" alt=\"Compras a granel Vanidad Batnroom (1)\" class=\"wp-image-1772\" style=\"object-fit:cover\" srcset=\"https:\/\/www.shouyasanitary.com\/wp-content\/uploads\/2025\/08\/Bulk-Purchases-Batnroom-Vanity-1.webp 700w, https:\/\/www.shouyasanitary.com\/wp-content\/uploads\/2025\/08\/Bulk-Purchases-Batnroom-Vanity-1-300x300.webp 300w, https:\/\/www.shouyasanitary.com\/wp-content\/uploads\/2025\/08\/Bulk-Purchases-Batnroom-Vanity-1-150x150.webp 150w, https:\/\/www.shouyasanitary.com\/wp-content\/uploads\/2025\/08\/Bulk-Purchases-Batnroom-Vanity-1-12x12.webp 12w, https:\/\/www.shouyasanitary.com\/wp-content\/uploads\/2025\/08\/Bulk-Purchases-Batnroom-Vanity-1-600x600.webp 600w, https:\/\/www.shouyasanitary.com\/wp-content\/uploads\/2025\/08\/Bulk-Purchases-Batnroom-Vanity-1-100x100.webp 100w\" sizes=\"(max-width: 700px) 100vw, 700px\" \/><\/figure>\n<\/div><\/div>\n<\/div>","protected":false},"excerpt":{"rendered":"<p>Bienvenido a la venta al por mayor de armario de ba\u00f1o de pared. El esquema de color gris claro y blanco es simple y vers\u00e1til. Los cajones dobles y estantes de espejo proporcionan un almacenamiento eficiente. Shouya ofrece compras al por mayor o pedidos personalizados. \u00a1P\u00f3ngase en contacto con nosotros para m\u00e1s detalles y un presupuesto!<\/p>\n<h2>Atributos de los armarios de ba\u00f1o de pared\uff1a<\/h2>\n<p><strong>Art\u00edculo No:<\/strong>1211-60<strong><br \/>Material del armario:<\/strong> PVC<br \/><strong>Color del armario:<\/strong> Gris<br \/><strong>Espejo:<\/strong> Espejo LED (3,5 mm\/3,8 mm), iluminaci\u00f3n tricolor, desempa\u00f1ado con un solo toque, protegido con embalaje de espuma multicapa<br \/><strong>Tipo de instalaci\u00f3n:<\/strong>\u00a0Montaje en pared<br \/><strong>Dimensiones (L\u00d7A\u00d7H):<\/strong> 60*50*45 cm<br \/><strong>Peso bruto:<\/strong> 30 kg\/set<\/p>\n<h2>Personalizaci\u00f3n y servicios:<\/h2>\n<p><strong>OEM Y ODM<\/strong>: Soporte<br \/><strong>Dise\u00f1o<\/strong>: Gratis<br \/><strong>Accesorios<\/strong>: Lavabos, espejos, grifos y otros accesorios de ba\u00f1o<br \/><strong>Embalaje<\/strong>: Listo para montar<\/p>","protected":false},"featured_media":1772,"comment_status":"closed","ping_status":"closed","template":"","meta":{"_acf_changed":true},"product_brand":[],"product_cat":[24],"product_tag":[],"class_list":{"0":"post-1746","1":"product","2":"type-product","3":"status-publish","4":"has-post-thumbnail","6":"product_cat-wholesale-pvc-bathroom-vanity-cabinets","8":"first","9":"instock","10":"shipping-taxable","11":"product-type-simple"},"acf":[],"_links":{"self":[{"href":"https:\/\/www.shouyasanitary.com\/es\/wp-json\/wp\/v2\/product\/1746","targetHints":{"allow":["GET"]}}],"collection":[{"href":"https:\/\/www.shouyasanitary.com\/es\/wp-json\/wp\/v2\/product"}],"about":[{"href":"https:\/\/www.shouyasanitary.com\/es\/wp-json\/wp\/v2\/types\/product"}],"replies":[{"embeddable":true,"href":"https:\/\/www.shouyasanitary.com\/es\/wp-json\/wp\/v2\/comments?post=1746"}],"wp:featuredmedia":[{"embeddable":true,"href":"https:\/\/www.shouyasanitary.com\/es\/wp-json\/wp\/v2\/media\/1772"}],"wp:attachment":[{"href":"https:\/\/www.shouyasanitary.com\/es\/wp-json\/wp\/v2\/media?parent=1746"}],"wp:term":[{"taxonomy":"product_brand","embeddable":true,"href":"https:\/\/www.shouyasanitary.com\/es\/wp-json\/wp\/v2\/product_brand?post=1746"},{"taxonomy":"product_cat","embeddable":true,"href":"https:\/\/www.shouyasanitary.com\/es\/wp-json\/wp\/v2\/product_cat?post=1746"},{"taxonomy":"product_tag","embeddable":true,"href":"https:\/\/www.shouyasanitary.com\/es\/wp-json\/wp\/v2\/product_tag?post=1746"}],"curies":[{"name":"wp","href":"https:\/\/api.w.org\/{rel}","templated":true}]}}