{"id":1747,"date":"2025-08-24T15:51:12","date_gmt":"2025-08-24T15:51:12","guid":{"rendered":"https:\/\/www.shouyasanitary.com\/?post_type=product&#038;p=1747"},"modified":"2025-08-24T15:51:14","modified_gmt":"2025-08-24T15:51:14","slug":"wholesale-white-cabinet-bathroom-vanity","status":"publish","type":"product","link":"https:\/\/www.shouyasanitary.com\/es\/producto\/wholesale-white-cabinet-bathroom-vanity\/","title":{"rendered":"Mayorista Armario Blanco Tocador de Ba\u00f1o, Armarios de Pared Ba\u00f1o con Encimera Espacioso Personalizado"},"content":{"rendered":"<div class=\"wp-block-columns is-layout-flex wp-container-core-columns-is-layout-9d6595d7 wp-block-columns-is-layout-flex\">\n<div class=\"wp-block-column is-layout-flow wp-block-column-is-layout-flow\">\n<h2 class=\"wp-block-heading\">Vanidad del cuarto de ba\u00f1o del gabinete blanco Features\uff1a<\/h2>\n\n\n\n<p><strong>Aspecto blanco vers\u00e1til<\/strong>: El sencillo tono blanco se adapta a varios estilos de decoraci\u00f3n, con suaves l\u00edneas de armario, un dise\u00f1o de tirador sencillo y \u00fanico, y una armoniosa combinaci\u00f3n entre el armario con espejo y el armario principal, creando un ambiente de ba\u00f1o sencillo y elegante, a\u00f1adiendo valor a la apariencia del ba\u00f1o.<\/p>\n\n\n\n<p><strong>Material de PVC de alta calidad<\/strong>: Es impermeable, a prueba de humedad y resistente a la corrosi\u00f3n, no es f\u00e1cil que se forme moho o se deforme en un entorno de ba\u00f1o h\u00famedo. Es ligero y f\u00e1cil de instalar y transportar.<\/p>\n\n\n\n<p><strong>Material ligero: <\/strong>El cuerpo del mueble est\u00e1 fabricado en material de PVC, que posee excelentes propiedades de impermeabilidad y resistencia a la humedad, por lo que es menos propenso a deformarse y descomponerse en un cuarto de ba\u00f1o h\u00famedo. El material ligero reduce la carga sobre la pared, lo que facilita la instalaci\u00f3n. <\/p>\n\n\n\n<p><strong>Dise\u00f1o de instalaci\u00f3n suspendida<\/strong>: con la parte inferior suspendida en el aire, reduce la ocupaci\u00f3n de espacio en el suelo, facilita la limpieza y hace que el espacio del cuarto de ba\u00f1o parezca m\u00e1s transparente. <\/p>\n\n\n\n<p><strong>Espacio de almacenamiento de gran capacidad<\/strong>: organiza eficazmente el desorden del ba\u00f1o, diciendo adi\u00f3s al caos y mejorando la limpieza del espacio. <\/p>\n\n\n\n<p><strong>Amplia encimera de almacenamiento: <\/strong>Hay un amplio espacio en la encimera para colocar art\u00edculos de uso com\u00fan como cepillos de dientes y art\u00edculos de aseo, manteniendo la zona de lavado limpia y ordenada.<\/p>\n\n\n\n<p><strong>F\u00e1cil de limpiar<\/strong>: La superficie es lisa y delicada, lo que facilita la limpieza de las manchas. La limpieza diaria con un pa\u00f1o h\u00famedo es suficiente, lo que se traduce en bajos costes de mantenimiento y un aspecto limpio que perdura.<\/p>\n<\/div>\n\n\n\n<div class=\"wp-block-column is-layout-flow wp-block-column-is-layout-flow\"><div class=\"wp-block-image\">\n<figure class=\"aligncenter size-full\"><img decoding=\"async\" width=\"700\" height=\"700\" src=\"https:\/\/www.shouyasanitary.com\/wp-content\/uploads\/2025\/08\/Wholesale-of-White-Bathroom-Cabinet.webp\" alt=\"Mayorista de Armario de Ba\u00f1o Blanco\" class=\"wp-image-1769\" style=\"object-fit:cover\" srcset=\"https:\/\/www.shouyasanitary.com\/wp-content\/uploads\/2025\/08\/Wholesale-of-White-Bathroom-Cabinet.webp 700w, https:\/\/www.shouyasanitary.com\/wp-content\/uploads\/2025\/08\/Wholesale-of-White-Bathroom-Cabinet-300x300.webp 300w, https:\/\/www.shouyasanitary.com\/wp-content\/uploads\/2025\/08\/Wholesale-of-White-Bathroom-Cabinet-150x150.webp 150w, https:\/\/www.shouyasanitary.com\/wp-content\/uploads\/2025\/08\/Wholesale-of-White-Bathroom-Cabinet-12x12.webp 12w, https:\/\/www.shouyasanitary.com\/wp-content\/uploads\/2025\/08\/Wholesale-of-White-Bathroom-Cabinet-600x600.webp 600w, https:\/\/www.shouyasanitary.com\/wp-content\/uploads\/2025\/08\/Wholesale-of-White-Bathroom-Cabinet-100x100.webp 100w\" sizes=\"(max-width: 700px) 100vw, 700px\" \/><\/figure>\n<\/div><\/div>\n<\/div>","protected":false},"excerpt":{"rendered":"<p>Mayorista armario blanco tocador de ba\u00f1o, estructura montada en la pared, material de PVC, ligero y f\u00e1cil de instalar, con un armario con espejo y dise\u00f1o de gran capacidad de almacenamiento, proporcionando funcionalidad y realzando la belleza del cuarto de ba\u00f1o. \u00a1Bienvenido a contactar con nosotros para m\u00e1s detalles!<\/p>\n<h2>Gabinete blanco tocador de ba\u00f1o Atributos\uff1a<\/h2>\n<p><strong>Art\u00edculo No: <\/strong>1210-100<strong><br \/>Material del armario:<\/strong> PVC<br \/><strong>Color del armario: <\/strong>Blanco<br \/><strong>Espejo:<\/strong> Espejo LED (3,5 mm\/3,8 mm), iluminaci\u00f3n tricolor, desempa\u00f1ado con un solo toque, protegido con embalaje de espuma multicapa<br \/><strong>Tipo de instalaci\u00f3n:<\/strong>\u00a0Montaje en pared<br \/><strong>Dimensiones (L\u00d7A\u00d7H):<\/strong> 100*50*45 cm<br \/><strong>Peso bruto:<\/strong> 38 kg\/set<\/p>\n<h2>Personalizaci\u00f3n y servicios:<\/h2>\n<p><strong>OEM Y ODM<\/strong>: Soporte<br \/><strong>Dise\u00f1o<\/strong>: Gratis<br \/><strong>Accesorios<\/strong>: Lavabos, espejos, grifos y otros accesorios de ba\u00f1o<br \/><strong>Embalaje<\/strong>: Listo para montar<\/p>","protected":false},"featured_media":1769,"comment_status":"closed","ping_status":"closed","template":"","meta":{"_acf_changed":true},"product_brand":[],"product_cat":[24],"product_tag":[],"class_list":{"0":"post-1747","1":"product","2":"type-product","3":"status-publish","4":"has-post-thumbnail","6":"product_cat-wholesale-pvc-bathroom-vanity-cabinets","8":"first","9":"instock","10":"shipping-taxable","11":"product-type-simple"},"acf":[],"_links":{"self":[{"href":"https:\/\/www.shouyasanitary.com\/es\/wp-json\/wp\/v2\/product\/1747","targetHints":{"allow":["GET"]}}],"collection":[{"href":"https:\/\/www.shouyasanitary.com\/es\/wp-json\/wp\/v2\/product"}],"about":[{"href":"https:\/\/www.shouyasanitary.com\/es\/wp-json\/wp\/v2\/types\/product"}],"replies":[{"embeddable":true,"href":"https:\/\/www.shouyasanitary.com\/es\/wp-json\/wp\/v2\/comments?post=1747"}],"wp:featuredmedia":[{"embeddable":true,"href":"https:\/\/www.shouyasanitary.com\/es\/wp-json\/wp\/v2\/media\/1769"}],"wp:attachment":[{"href":"https:\/\/www.shouyasanitary.com\/es\/wp-json\/wp\/v2\/media?parent=1747"}],"wp:term":[{"taxonomy":"product_brand","embeddable":true,"href":"https:\/\/www.shouyasanitary.com\/es\/wp-json\/wp\/v2\/product_brand?post=1747"},{"taxonomy":"product_cat","embeddable":true,"href":"https:\/\/www.shouyasanitary.com\/es\/wp-json\/wp\/v2\/product_cat?post=1747"},{"taxonomy":"product_tag","embeddable":true,"href":"https:\/\/www.shouyasanitary.com\/es\/wp-json\/wp\/v2\/product_tag?post=1747"}],"curies":[{"name":"wp","href":"https:\/\/api.w.org\/{rel}","templated":true}]}}