{"id":1748,"date":"2025-08-24T15:51:08","date_gmt":"2025-08-24T15:51:08","guid":{"rendered":"https:\/\/www.shouyasanitary.com\/?post_type=product&#038;p=1748"},"modified":"2025-08-24T15:51:10","modified_gmt":"2025-08-24T15:51:10","slug":"wholesale-floating-vanity-bathroom","status":"publish","type":"product","link":"https:\/\/www.shouyasanitary.com\/es\/producto\/wholesale-floating-vanity-bathroom\/","title":{"rendered":"Mayorista Vanidad Flotante Ba\u00f1o, Espejo Led Multifuncional Babinet Ba\u00f1o Personalizado"},"content":{"rendered":"<div class=\"wp-block-columns is-layout-flex wp-container-core-columns-is-layout-9d6595d7 wp-block-columns-is-layout-flex\">\n<div class=\"wp-block-column is-layout-flow wp-block-column-is-layout-flow\">\n<h2 class=\"wp-block-heading\">Caracter\u00edsticas del cuarto de ba\u00f1o del tocador flotante\uff1a<\/h2>\n\n\n\n<p><strong>Material duradero<\/strong>: El mueble de ba\u00f1o est\u00e1 hecho de material de PVC de alta calidad, con excelentes propiedades a prueba de humedad e impermeables. Puede resistir eficazmente la erosi\u00f3n del agua, es poco probable que se deforme, agriete o se llene de moho, y tiene una larga vida \u00fatil.<\/p>\n\n\n\n<p><strong>Estilo sencillo<\/strong>: El dise\u00f1o general es sencillo y moderno, con l\u00edneas suaves. El aspecto es limpio y ordenado. El armario con espejo y el lavabo combinan bien, y el estilo es vers\u00e1til. Puede integrarse f\u00e1cilmente en varios estilos de decoraci\u00f3n de cuartos de ba\u00f1o. Tanto si se trata de un cuarto de ba\u00f1o de estilo minimalista moderno, como de estilo n\u00f3rdico o japon\u00e9s, puede adaptarse perfectamente y realzar la est\u00e9tica general del cuarto de ba\u00f1o.<\/p>\n\n\n\n<p><strong>Dise\u00f1o mural:<\/strong> La estructura montada en la pared no s\u00f3lo libera espacio en el suelo y facilita la limpieza, sino que tambi\u00e9n hace que el cuarto de ba\u00f1o parezca m\u00e1s espacioso, por lo que resulta especialmente adecuada para apartamentos peque\u00f1os modernos y cuartos de ba\u00f1o elegantes.<\/p>\n\n\n\n<p><strong>F\u00e1cil de limpiar<\/strong>: La superficie cer\u00e1mica del lavabo es lisa y resiste f\u00e1cilmente las manchas. La limpieza diaria es muy c\u00f3moda. Basta con pasar suavemente un pa\u00f1o h\u00famedo para restaurar la limpieza, ahorrando mucho tiempo y esfuerzo de limpieza, y manteniendo el cuarto de ba\u00f1o siempre limpio y ordenado.<\/p>\n\n\n\n<p><strong>Pr\u00e1ctica funci\u00f3n de almacenamiento<\/strong>: Est\u00e1 equipado con un armario con espejo inteligente, que ofrece una superficie de espejo clara y un espacio de almacenamiento \u00fatil. La superficie del espejo tiene im\u00e1genes claras, satisfaciendo las necesidades de aseo diario; la combinaci\u00f3n de compartimentos de almacenamiento abiertos y cerrados en el interior puede almacenar categ\u00f3ricamente art\u00edculos de tocador, productos de cuidado de la piel, etc., haciendo que el almacenamiento de art\u00edculos de ba\u00f1o ordenado.<\/p>\n\n\n\n<p><strong>Servicios de personalizaci\u00f3n:<\/strong> Ofrecemos opciones de personalizaci\u00f3n multidimensional en cuanto a tama\u00f1o, estilo, color y armarios con espejo a juego para satisfacer las preferencias de distribuci\u00f3n espacial y dise\u00f1o de una clientela diversa.<\/p>\n<\/div>\n\n\n\n<div class=\"wp-block-column is-layout-flow wp-block-column-is-layout-flow\"><div class=\"wp-block-image\">\n<figure class=\"aligncenter size-full\"><img decoding=\"async\" width=\"700\" height=\"700\" src=\"https:\/\/www.shouyasanitary.com\/wp-content\/uploads\/2025\/08\/Wholesale-Bathroom-Vanity-Cabinet-4.webp\" alt=\"Mayorista Armario de Ba\u00f1o\" class=\"wp-image-1807\" style=\"object-fit:cover\" srcset=\"https:\/\/www.shouyasanitary.com\/wp-content\/uploads\/2025\/08\/Wholesale-Bathroom-Vanity-Cabinet-4.webp 700w, https:\/\/www.shouyasanitary.com\/wp-content\/uploads\/2025\/08\/Wholesale-Bathroom-Vanity-Cabinet-4-300x300.webp 300w, https:\/\/www.shouyasanitary.com\/wp-content\/uploads\/2025\/08\/Wholesale-Bathroom-Vanity-Cabinet-4-150x150.webp 150w, https:\/\/www.shouyasanitary.com\/wp-content\/uploads\/2025\/08\/Wholesale-Bathroom-Vanity-Cabinet-4-12x12.webp 12w, https:\/\/www.shouyasanitary.com\/wp-content\/uploads\/2025\/08\/Wholesale-Bathroom-Vanity-Cabinet-4-600x600.webp 600w, https:\/\/www.shouyasanitary.com\/wp-content\/uploads\/2025\/08\/Wholesale-Bathroom-Vanity-Cabinet-4-100x100.webp 100w\" sizes=\"(max-width: 700px) 100vw, 700px\" \/><\/figure>\n<\/div><\/div>\n<\/div>","protected":false},"excerpt":{"rendered":"<p>Selecci\u00f3n de compra por lotes a granel,Este armario de ba\u00f1o de PVC est\u00e1 construido con materiales a prueba de humedad para garantizar la calidad, con un dise\u00f1o sencillo que se adapta a varios estilos, un armario con espejo inteligente para mejorar las funciones pr\u00e1cticas, y propiedades de f\u00e1cil limpieza para reducir los costes de mantenimiento. Por favor, pregunte para m\u00e1s detalles.<\/p>\n<h2>Atributos de los tocadores para cuartos de ba\u00f1o\uff1a<\/h2>\n<p><strong>Art\u00edculo No: <\/strong>J1221-80<strong><br \/>Material del armario:<\/strong> PVC<br \/><strong>Color del armario: <\/strong> Gris claro<br \/><strong>Espejo:<\/strong> Espejo LED (3,5 mm\/3,8 mm), iluminaci\u00f3n tricolor, desempa\u00f1ado con un solo toque, protegido con embalaje de espuma multicapa<br \/><strong>Tipo de instalaci\u00f3n:<\/strong>\u00a0Montaje en pared<br \/><strong>Dimensiones (L\u00d7A\u00d7H):<\/strong> 80*50*48 cm<br \/><strong>Peso bruto:<\/strong> 30 kg\/set<\/p>\n<h2>Personalizaci\u00f3n y servicios:<\/h2>\n<p><strong>OEM Y ODM<\/strong>: Soporte<br \/><strong>Dise\u00f1o<\/strong>: Gratis<br \/><strong>Accesorios<\/strong>: Lavabos, espejos, grifos y otros accesorios de ba\u00f1o<br \/><strong>Embalaje<\/strong>: Listo para montar<\/p>","protected":false},"featured_media":1807,"comment_status":"closed","ping_status":"closed","template":"","meta":{"_acf_changed":true},"product_brand":[],"product_cat":[24],"product_tag":[],"class_list":{"0":"post-1748","1":"product","2":"type-product","3":"status-publish","4":"has-post-thumbnail","6":"product_cat-wholesale-pvc-bathroom-vanity-cabinets","8":"first","9":"instock","10":"shipping-taxable","11":"product-type-simple"},"acf":[],"_links":{"self":[{"href":"https:\/\/www.shouyasanitary.com\/es\/wp-json\/wp\/v2\/product\/1748","targetHints":{"allow":["GET"]}}],"collection":[{"href":"https:\/\/www.shouyasanitary.com\/es\/wp-json\/wp\/v2\/product"}],"about":[{"href":"https:\/\/www.shouyasanitary.com\/es\/wp-json\/wp\/v2\/types\/product"}],"replies":[{"embeddable":true,"href":"https:\/\/www.shouyasanitary.com\/es\/wp-json\/wp\/v2\/comments?post=1748"}],"wp:featuredmedia":[{"embeddable":true,"href":"https:\/\/www.shouyasanitary.com\/es\/wp-json\/wp\/v2\/media\/1807"}],"wp:attachment":[{"href":"https:\/\/www.shouyasanitary.com\/es\/wp-json\/wp\/v2\/media?parent=1748"}],"wp:term":[{"taxonomy":"product_brand","embeddable":true,"href":"https:\/\/www.shouyasanitary.com\/es\/wp-json\/wp\/v2\/product_brand?post=1748"},{"taxonomy":"product_cat","embeddable":true,"href":"https:\/\/www.shouyasanitary.com\/es\/wp-json\/wp\/v2\/product_cat?post=1748"},{"taxonomy":"product_tag","embeddable":true,"href":"https:\/\/www.shouyasanitary.com\/es\/wp-json\/wp\/v2\/product_tag?post=1748"}],"curies":[{"name":"wp","href":"https:\/\/api.w.org\/{rel}","templated":true}]}}