{"id":1750,"date":"2025-08-24T15:51:21","date_gmt":"2025-08-24T15:51:21","guid":{"rendered":"https:\/\/www.shouyasanitary.com\/?post_type=product&#038;p=1750"},"modified":"2025-08-24T15:51:23","modified_gmt":"2025-08-24T15:51:23","slug":"wholesale-gray-bathroom-cabinets","status":"publish","type":"product","link":"https:\/\/www.shouyasanitary.com\/es\/producto\/wholesale-gray-bathroom-cabinets\/","title":{"rendered":"Mayorista Armarios de Ba\u00f1o Grises, Tocador de Ba\u00f1o de PVC con Espejo Impermeable 80 cm Personalizado"},"content":{"rendered":"<div class=\"wp-block-columns is-layout-flex wp-container-core-columns-is-layout-9d6595d7 wp-block-columns-is-layout-flex\">\n<div class=\"wp-block-column is-layout-flow wp-block-column-is-layout-flow\">\n<h2 class=\"wp-block-heading\">Caracter\u00edsticas de los armarios de ba\u00f1o grises\uff1a<\/h2>\n\n\n\n<p><strong>Materiales impermeables: <\/strong>Hecho de material de PVC de alta calidad, tiene un excelente rendimiento a prueba de agua, evitando eficazmente que el gabinete sea erosionado por ambientes h\u00famedos, asegurando que no se deforme o agriete durante un largo per\u00edodo de uso, y es duradero.<\/p>\n\n\n\n<p><strong>Estilo moderno y minimalista: <\/strong>El mueble de ba\u00f1o est\u00e1 dise\u00f1ado en un estilo sencillo y a la moda, con l\u00edneas suaves y colores suaves, que pueden combinarse con diversos estilos de decoraci\u00f3n de cuartos de ba\u00f1o, realzando el atractivo est\u00e9tico general y el estilo del espacio.<\/p>\n\n\n\n<p><strong>Armario con espejo de dise\u00f1o integrado: <\/strong>Est\u00e1 equipado con un dise\u00f1o combinado con un armario con espejo, que no s\u00f3lo proporciona un amplio espacio de almacenamiento para guardar c\u00f3modamente los art\u00edculos de aseo, sino que tambi\u00e9n tiene una funci\u00f3n de espejo para satisfacer las necesidades de aseo diario, siendo pr\u00e1ctico y c\u00f3modo.<\/p>\n\n\n\n<p><strong>Detalles exquisitos: <\/strong>En cuanto al dise\u00f1o detallado del producto, demuestra plenamente la firme b\u00fasqueda de la calidad. Las esquinas del mueble de ba\u00f1o se han pulido meticulosamente, presentando una textura suave y redondeada. Esto no s\u00f3lo evita posibles golpes y lesiones durante el uso, sino que tambi\u00e9n a\u00f1ade un toque de suave belleza. <\/p>\n\n\n\n<p><strong>Estructura protectora estable<\/strong>: El sistema de apertura y cierre de la puerta del armario se ha ajustado repetidamente, lo que garantiza un funcionamiento suave sin ninguna obstrucci\u00f3n y tiene un excelente rendimiento de sellado, evitando eficazmente que el polvo y la humedad entren en el armario.<\/p>\n\n\n\n<p><strong>Gran cantidad de existencias semipersonalizadas<\/strong>:  Garantiza la entrega r\u00e1pida de productos al contado, satisface necesidades personalizadas y tiene en cuenta la flexibilidad y la alta eficiencia.<\/p>\n<\/div>\n\n\n\n<div class=\"wp-block-column is-layout-flow wp-block-column-is-layout-flow\"><div class=\"wp-block-image\">\n<figure class=\"aligncenter size-full\"><img decoding=\"async\" width=\"700\" height=\"700\" src=\"https:\/\/www.shouyasanitary.com\/wp-content\/uploads\/2025\/08\/OEM-bathroom-cabinet-vanity-1.webp\" alt=\"OEM mueble de ba\u00f1o tocador\" class=\"wp-image-1760\" style=\"object-fit:cover\" srcset=\"https:\/\/www.shouyasanitary.com\/wp-content\/uploads\/2025\/08\/OEM-bathroom-cabinet-vanity-1.webp 700w, https:\/\/www.shouyasanitary.com\/wp-content\/uploads\/2025\/08\/OEM-bathroom-cabinet-vanity-1-300x300.webp 300w, https:\/\/www.shouyasanitary.com\/wp-content\/uploads\/2025\/08\/OEM-bathroom-cabinet-vanity-1-150x150.webp 150w, https:\/\/www.shouyasanitary.com\/wp-content\/uploads\/2025\/08\/OEM-bathroom-cabinet-vanity-1-12x12.webp 12w, https:\/\/www.shouyasanitary.com\/wp-content\/uploads\/2025\/08\/OEM-bathroom-cabinet-vanity-1-600x600.webp 600w, https:\/\/www.shouyasanitary.com\/wp-content\/uploads\/2025\/08\/OEM-bathroom-cabinet-vanity-1-100x100.webp 100w\" sizes=\"(max-width: 700px) 100vw, 700px\" \/><\/figure>\n<\/div><\/div>\n<\/div>","protected":false},"excerpt":{"rendered":"<p>Los armarios de ba\u00f1o grises al por mayor, fabricados en material de PVC impermeable con un juego de espejos, presentan un dise\u00f1o sencillo que se adapta a varios estilos, proporcionando funcionalidad tanto de almacenamiento como de espejo. A\u00f1ade practicidad y belleza al cuarto de ba\u00f1o. Tenemos un gran inventario de art\u00edculos semi-personalizados, ofreciendo precios al por mayor y servicios personalizados. P\u00f3ngase en contacto con nosotros para solicitar un presupuesto.<\/p>\n<h2>Gabinetes de Ba\u00f1o Grises Atributos\uff1a<\/h2>\n<p><strong>Art\u00edculo No: <\/strong>J1205-80<strong><br \/>Material del armario:<\/strong> PVC<br \/><strong>Color del armario:\u00a0<\/strong>Gris<br \/><strong>Espejo:<\/strong> Espejo LED (3,5 mm\/3,8 mm), iluminaci\u00f3n tricolor, desempa\u00f1ado con un solo toque, protegido con embalaje de espuma multicapa<br \/><strong>Tipo de instalaci\u00f3n:<\/strong>\u00a0Montaje en pared<br \/><strong>Dimensiones (L\u00d7A\u00d7H):<\/strong> 80*47*45 cm<br \/><strong>Peso bruto:<\/strong> 30 kg\/set<\/p>\n<h2>Personalizaci\u00f3n y servicios:<\/h2>\n<p><strong>OEM Y ODM<\/strong>: Soporte<br \/><strong>Dise\u00f1o<\/strong>: Gratis<br \/><strong>Accesorios<\/strong>: Lavabos, espejos, grifos y otros accesorios de ba\u00f1o<br \/><strong>Embalaje<\/strong>: Listo para montar<\/p>","protected":false},"featured_media":1760,"comment_status":"closed","ping_status":"closed","template":"","meta":{"_acf_changed":true},"product_brand":[],"product_cat":[24],"product_tag":[],"class_list":{"0":"post-1750","1":"product","2":"type-product","3":"status-publish","4":"has-post-thumbnail","6":"product_cat-wholesale-pvc-bathroom-vanity-cabinets","8":"first","9":"instock","10":"shipping-taxable","11":"product-type-simple"},"acf":[],"_links":{"self":[{"href":"https:\/\/www.shouyasanitary.com\/es\/wp-json\/wp\/v2\/product\/1750","targetHints":{"allow":["GET"]}}],"collection":[{"href":"https:\/\/www.shouyasanitary.com\/es\/wp-json\/wp\/v2\/product"}],"about":[{"href":"https:\/\/www.shouyasanitary.com\/es\/wp-json\/wp\/v2\/types\/product"}],"replies":[{"embeddable":true,"href":"https:\/\/www.shouyasanitary.com\/es\/wp-json\/wp\/v2\/comments?post=1750"}],"wp:featuredmedia":[{"embeddable":true,"href":"https:\/\/www.shouyasanitary.com\/es\/wp-json\/wp\/v2\/media\/1760"}],"wp:attachment":[{"href":"https:\/\/www.shouyasanitary.com\/es\/wp-json\/wp\/v2\/media?parent=1750"}],"wp:term":[{"taxonomy":"product_brand","embeddable":true,"href":"https:\/\/www.shouyasanitary.com\/es\/wp-json\/wp\/v2\/product_brand?post=1750"},{"taxonomy":"product_cat","embeddable":true,"href":"https:\/\/www.shouyasanitary.com\/es\/wp-json\/wp\/v2\/product_cat?post=1750"},{"taxonomy":"product_tag","embeddable":true,"href":"https:\/\/www.shouyasanitary.com\/es\/wp-json\/wp\/v2\/product_tag?post=1750"}],"curies":[{"name":"wp","href":"https:\/\/api.w.org\/{rel}","templated":true}]}}