{"id":1751,"date":"2025-08-15T07:01:17","date_gmt":"2025-08-15T07:01:17","guid":{"rendered":"https:\/\/www.shouyasanitary.com\/?post_type=product&#038;p=1751"},"modified":"2025-10-28T06:37:08","modified_gmt":"2025-10-28T06:37:08","slug":"wholesale-grey-bathroom-cabinets","status":"publish","type":"product","link":"https:\/\/www.shouyasanitary.com\/es\/producto\/wholesale-grey-bathroom-cabinets\/","title":{"rendered":"Venta al por mayor armarios de ba\u00f1o gris, PVC flotante tocador de ba\u00f1o personalizado"},"content":{"rendered":"<div class=\"wp-block-columns is-layout-flex wp-container-core-columns-is-layout-9d6595d7 wp-block-columns-is-layout-flex\">\n<div class=\"wp-block-column is-layout-flow wp-block-column-is-layout-flow\">\n<h2 class=\"wp-block-heading\">Caracter\u00edsticas de los armarios de ba\u00f1o grises\uff1a<\/h2>\n\n\n\n<p><strong>Coordinaci\u00f3n multiestilo:<\/strong> El aspecto exterior es liso y de tipo nuevo, con un color gris claro suave y flexible. Puede encajar de forma natural en diferentes estilos de decoraci\u00f3n de cuartos de ba\u00f1o, como el estilo n\u00f3rdico, el estilo minimalista moderno o un poco de estilo lujoso. Puede satisfacer completamente las diferentes demandas est\u00e9ticas de la casa.<\/p>\n\n\n\n<p><strong>Eficiencia espacial:<\/strong> El espacio parcialmente abierto del armario con espejo alberga art\u00edculos de aseo de f\u00e1cil acceso; la puerta con espejo cerrada alberga un espejo de tocador de alta definici\u00f3n e iluminaci\u00f3n LED. Los armarios de ba\u00f1o de doble puerta son perfectos para guardar accesorios de ba\u00f1o de mayor tama\u00f1o y optimizar el aprovechamiento del espacio.<\/p>\n\n\n\n<p><strong>Optimizaci\u00f3n de los detalles funcionales<\/strong>: Adem\u00e1s de servir como luz auxiliar cuando est\u00e1n encendidas y generar un ambiente c\u00e1lido, las luces de ambiente superiores en forma de punto sobre el armario con espejo tambi\u00e9n eliminan el aspecto apagado de las puertas de panel.<\/p>\n\n\n\n<p><strong>Material de PVC de larga duraci\u00f3n<\/strong>: El cuerpo del armario est\u00e1 fabricado con material de PVC de primera calidad con fuertes propiedades impermeables y a prueba de humedad. Conserva un buen aspecto incluso despu\u00e9s de un uso prolongado.<\/p>\n<\/div>\n\n\n\n<div class=\"wp-block-column is-layout-flow wp-block-column-is-layout-flow\"><div class=\"wp-block-image\">\n<figure class=\"aligncenter size-full\"><img decoding=\"async\" width=\"700\" height=\"700\" src=\"https:\/\/www.shouyasanitary.com\/wp-content\/uploads\/2025\/08\/Factory-wholesale-PVC-Bathroom-Cabinet-Vanity.webp\" alt=\"F\u00e1brica al por mayor de PVC Cuarto de ba\u00f1o Vanidad Gabinete\" class=\"wp-image-1756\" style=\"object-fit:cover\" srcset=\"https:\/\/www.shouyasanitary.com\/wp-content\/uploads\/2025\/08\/Factory-wholesale-PVC-Bathroom-Cabinet-Vanity.webp 700w, https:\/\/www.shouyasanitary.com\/wp-content\/uploads\/2025\/08\/Factory-wholesale-PVC-Bathroom-Cabinet-Vanity-300x300.webp 300w, https:\/\/www.shouyasanitary.com\/wp-content\/uploads\/2025\/08\/Factory-wholesale-PVC-Bathroom-Cabinet-Vanity-150x150.webp 150w, https:\/\/www.shouyasanitary.com\/wp-content\/uploads\/2025\/08\/Factory-wholesale-PVC-Bathroom-Cabinet-Vanity-12x12.webp 12w, https:\/\/www.shouyasanitary.com\/wp-content\/uploads\/2025\/08\/Factory-wholesale-PVC-Bathroom-Cabinet-Vanity-600x600.webp 600w, https:\/\/www.shouyasanitary.com\/wp-content\/uploads\/2025\/08\/Factory-wholesale-PVC-Bathroom-Cabinet-Vanity-100x100.webp 100w\" sizes=\"(max-width: 700px) 100vw, 700px\" \/><\/figure>\n<\/div><\/div>\n<\/div>","protected":false},"excerpt":{"rendered":"<p>Venta al por mayor de armarios de ba\u00f1o grises con espejo, impermeables, material de PVC duradero, dise\u00f1o colgado de la pared, personalizables para proyectos residenciales y comerciales. P\u00f3ngase en contacto con nosotros para soluciones de ba\u00f1o OEM\/ODM. Bienvenido a preguntar.<\/p>\n<h2>Gabinetes de Ba\u00f1o Grises Atributos\uff1a<\/h2>\n<p><strong>Art\u00edculo No:<\/strong>J1203-80<strong><br \/>Material del armario:<\/strong> PVC<br \/><strong>Color del armario:<\/strong> Gris claro<br \/><strong>Espejo:<\/strong> Espejo LED (3,5 mm\/3,8 mm), iluminaci\u00f3n tricolor, desempa\u00f1ado con un solo toque, protegido con embalaje de espuma multicapa<br \/><strong>Tipo de instalaci\u00f3n:<\/strong>\u00a0Montaje en pared<br \/><strong>Dimensiones (L\u00d7A\u00d7H):<\/strong> 80*47*42 cm<br \/><strong>Peso bruto:<\/strong> 30 kg\/set<\/p>\n<h2>Personalizaci\u00f3n y servicios:<\/h2>\n<p><strong>OEM Y ODM<\/strong>: Soporte<br \/><strong>Dise\u00f1o<\/strong>: Gratis<br \/><strong>Accesorios<\/strong>: Lavabos, espejos, grifos y otros accesorios de ba\u00f1o<br \/><strong>Embalaje<\/strong>: Listo para montar<\/p>","protected":false},"featured_media":1756,"comment_status":"closed","ping_status":"closed","template":"","meta":{"_acf_changed":false},"product_brand":[],"product_cat":[24],"product_tag":[],"class_list":{"0":"post-1751","1":"product","2":"type-product","3":"status-publish","4":"has-post-thumbnail","6":"product_cat-wholesale-pvc-bathroom-vanity-cabinets","8":"first","9":"instock","10":"shipping-taxable","11":"product-type-simple"},"acf":[],"_links":{"self":[{"href":"https:\/\/www.shouyasanitary.com\/es\/wp-json\/wp\/v2\/product\/1751","targetHints":{"allow":["GET"]}}],"collection":[{"href":"https:\/\/www.shouyasanitary.com\/es\/wp-json\/wp\/v2\/product"}],"about":[{"href":"https:\/\/www.shouyasanitary.com\/es\/wp-json\/wp\/v2\/types\/product"}],"replies":[{"embeddable":true,"href":"https:\/\/www.shouyasanitary.com\/es\/wp-json\/wp\/v2\/comments?post=1751"}],"wp:featuredmedia":[{"embeddable":true,"href":"https:\/\/www.shouyasanitary.com\/es\/wp-json\/wp\/v2\/media\/1756"}],"wp:attachment":[{"href":"https:\/\/www.shouyasanitary.com\/es\/wp-json\/wp\/v2\/media?parent=1751"}],"wp:term":[{"taxonomy":"product_brand","embeddable":true,"href":"https:\/\/www.shouyasanitary.com\/es\/wp-json\/wp\/v2\/product_brand?post=1751"},{"taxonomy":"product_cat","embeddable":true,"href":"https:\/\/www.shouyasanitary.com\/es\/wp-json\/wp\/v2\/product_cat?post=1751"},{"taxonomy":"product_tag","embeddable":true,"href":"https:\/\/www.shouyasanitary.com\/es\/wp-json\/wp\/v2\/product_tag?post=1751"}],"curies":[{"name":"wp","href":"https:\/\/api.w.org\/{rel}","templated":true}]}}