{"id":1759,"date":"2025-08-24T15:51:19","date_gmt":"2025-08-24T15:51:19","guid":{"rendered":"https:\/\/www.shouyasanitary.com\/?post_type=product&#038;p=1759"},"modified":"2025-08-24T15:51:21","modified_gmt":"2025-08-24T15:51:21","slug":"wholesale-small-cabinet-for-bathroom","status":"publish","type":"product","link":"https:\/\/www.shouyasanitary.com\/es\/producto\/wholesale-small-cabinet-for-bathroom\/","title":{"rendered":"Venta al por mayor peque\u00f1o gabinete para el cuarto de ba\u00f1o, flotante PVC cuarto de ba\u00f1o Vanidad Espejo Gabinete Proveedor"},"content":{"rendered":"<div class=\"wp-block-columns is-layout-flex wp-container-core-columns-is-layout-9d6595d7 wp-block-columns-is-layout-flex\">\n<div class=\"wp-block-column is-layout-flow wp-block-column-is-layout-flow\">\n<h2 class=\"wp-block-heading\">Caracter\u00edsticas del armario peque\u00f1o para ba\u00f1o\uff1a<\/h2>\n\n\n\n<p><strong>Estilo moderno y minimalista<\/strong>: Su aspecto es sencillo y elegante, con l\u00edneas suaves, y puede combinar perfectamente con diversos estilos de decoraci\u00f3n de cuartos de ba\u00f1o. Su exquisita forma y elegante color no solo realzan la est\u00e9tica general del cuarto de ba\u00f1o, sino que tambi\u00e9n a\u00f1aden un toque de moda y comodidad a su vida diaria.<\/p>\n\n\n\n<p><strong>Material de PVC de alta calidad: <\/strong>Fabricado con material de PVC de alta calidad, tiene propiedades impermeables, a prueba de humedad y resistentes a la corrosi\u00f3n, que pueden resistir eficazmente la erosi\u00f3n del ambiente h\u00famedo del cuarto de ba\u00f1o sobre el mueble, alargando su vida \u00fatil.<\/p>\n\n\n\n<p><strong>Estructura mural<\/strong>: Ahorra espacio en el suelo y es f\u00e1cil de limpiar. El peque\u00f1o tama\u00f1o del mueble de ba\u00f1o hace que el cuarto de ba\u00f1o peque\u00f1o parezca espacioso y luminoso.<\/p>\n\n\n\n<p><strong>Dise\u00f1o de armario con espejo integrado: <\/strong>Este armario de ba\u00f1o est\u00e1 equipado con un dise\u00f1o de armario con espejo integrado. No s\u00f3lo proporciona un amplio espacio de almacenamiento, por lo que es conveniente para que usted pueda almacenar art\u00edculos de tocador y cosm\u00e9ticos, pero tambi\u00e9n tiene un dise\u00f1o conveniente puerta para abrir, lo que le permite acceder f\u00e1cilmente a los elementos que necesita.<\/p>\n\n\n\n<p><strong>Pr\u00e1ctica funci\u00f3n de almacenamiento:<\/strong> Debajo del armario del cuarto de ba\u00f1o hay un pr\u00e1ctico armario de almacenamiento. El dise\u00f1o de doble puerta facilita el almacenamiento y el acceso a los art\u00edculos. Puede acomodar m\u00e1s art\u00edculos de ba\u00f1o, haciendo que el cuarto de ba\u00f1o est\u00e9 m\u00e1s limpio y organizado. Al mismo tiempo, el dise\u00f1o circular del tirador de la puerta del armario tambi\u00e9n a\u00f1ade un toque de moda y practicidad.<\/p>\n\n\n\n<p><strong>Suministro directo de f\u00e1brica:<\/strong> Precios m\u00e1s competitivos para satisfacer las necesidades de compra al por mayor. Disponemos de tama\u00f1os y colores personalizados para adaptarnos con flexibilidad a los requisitos de los distintos proyectos.<\/p>\n<\/div>\n\n\n\n<div class=\"wp-block-column is-layout-flow wp-block-column-is-layout-flow\"><div class=\"wp-block-image\">\n<figure class=\"aligncenter size-full\"><img decoding=\"async\" width=\"700\" height=\"700\" src=\"https:\/\/www.shouyasanitary.com\/wp-content\/uploads\/2025\/08\/Bulk-Purchases-PVC-bathroom-cabinet.webp\" alt=\"Compras a granel Armario de ba\u00f1o de PVC\" class=\"wp-image-1763\" style=\"object-fit:cover\" srcset=\"https:\/\/www.shouyasanitary.com\/wp-content\/uploads\/2025\/08\/Bulk-Purchases-PVC-bathroom-cabinet.webp 700w, https:\/\/www.shouyasanitary.com\/wp-content\/uploads\/2025\/08\/Bulk-Purchases-PVC-bathroom-cabinet-300x300.webp 300w, https:\/\/www.shouyasanitary.com\/wp-content\/uploads\/2025\/08\/Bulk-Purchases-PVC-bathroom-cabinet-150x150.webp 150w, https:\/\/www.shouyasanitary.com\/wp-content\/uploads\/2025\/08\/Bulk-Purchases-PVC-bathroom-cabinet-12x12.webp 12w, https:\/\/www.shouyasanitary.com\/wp-content\/uploads\/2025\/08\/Bulk-Purchases-PVC-bathroom-cabinet-600x600.webp 600w, https:\/\/www.shouyasanitary.com\/wp-content\/uploads\/2025\/08\/Bulk-Purchases-PVC-bathroom-cabinet-100x100.webp 100w\" sizes=\"(max-width: 700px) 100vw, 700px\" \/><\/figure>\n<\/div><\/div>\n<\/div>","protected":false},"excerpt":{"rendered":"<p>Mayorista peque\u00f1o armario para cuarto de ba\u00f1o, de estilo moderno, con un lavabo de cer\u00e1mica integrado y PVC impermeable, mejora f\u00e1cilmente la est\u00e9tica y la funcionalidad de almacenamiento de su cuarto de ba\u00f1o. Directo de f\u00e1brica, opciones personalizables disponibles. \u00a1P\u00f3ngase en contacto con nosotros ahora para un presupuesto!<\/p>\n<h2>Armario peque\u00f1o para ba\u00f1o Atributos\uff1a<\/h2>\n<p><strong>Art\u00edculo No: <\/strong>J1206-60<strong><br \/>Material del armario:<\/strong> PVC<br \/><strong>Color del armario:\u00a0<\/strong>Caqui<br \/><strong>Espejo:<\/strong> Espejo LED (3,5 mm\/3,8 mm), iluminaci\u00f3n tricolor, desempa\u00f1ado con un solo toque, protegido con embalaje de espuma multicapa<br \/><strong>Tipo de instalaci\u00f3n:<\/strong>\u00a0Montaje en pared<br \/><strong>Dimensiones (L\u00d7A\u00d7H):<\/strong> 60*47*45 cm<br \/><strong>Peso bruto:<\/strong> 28kg\/set<\/p>\n<h2>Personalizaci\u00f3n y servicios:<\/h2>\n<p><strong>OEM Y ODM<\/strong>: Soporte<br \/><strong>Dise\u00f1o<\/strong>: Gratis<br \/><strong>Accesorios<\/strong>: Lavabos, espejos, grifos y otros accesorios de ba\u00f1o<br \/><strong>Embalaje<\/strong>: Listo para montar<\/p>","protected":false},"featured_media":1763,"comment_status":"closed","ping_status":"closed","template":"","meta":{"_acf_changed":true},"product_brand":[],"product_cat":[24],"product_tag":[],"class_list":{"0":"post-1759","1":"product","2":"type-product","3":"status-publish","4":"has-post-thumbnail","6":"product_cat-wholesale-pvc-bathroom-vanity-cabinets","8":"first","9":"instock","10":"shipping-taxable","11":"product-type-simple"},"acf":[],"_links":{"self":[{"href":"https:\/\/www.shouyasanitary.com\/es\/wp-json\/wp\/v2\/product\/1759","targetHints":{"allow":["GET"]}}],"collection":[{"href":"https:\/\/www.shouyasanitary.com\/es\/wp-json\/wp\/v2\/product"}],"about":[{"href":"https:\/\/www.shouyasanitary.com\/es\/wp-json\/wp\/v2\/types\/product"}],"replies":[{"embeddable":true,"href":"https:\/\/www.shouyasanitary.com\/es\/wp-json\/wp\/v2\/comments?post=1759"}],"wp:featuredmedia":[{"embeddable":true,"href":"https:\/\/www.shouyasanitary.com\/es\/wp-json\/wp\/v2\/media\/1763"}],"wp:attachment":[{"href":"https:\/\/www.shouyasanitary.com\/es\/wp-json\/wp\/v2\/media?parent=1759"}],"wp:term":[{"taxonomy":"product_brand","embeddable":true,"href":"https:\/\/www.shouyasanitary.com\/es\/wp-json\/wp\/v2\/product_brand?post=1759"},{"taxonomy":"product_cat","embeddable":true,"href":"https:\/\/www.shouyasanitary.com\/es\/wp-json\/wp\/v2\/product_cat?post=1759"},{"taxonomy":"product_tag","embeddable":true,"href":"https:\/\/www.shouyasanitary.com\/es\/wp-json\/wp\/v2\/product_tag?post=1759"}],"curies":[{"name":"wp","href":"https:\/\/api.w.org\/{rel}","templated":true}]}}