{"id":1809,"date":"2025-08-24T15:51:06","date_gmt":"2025-08-24T15:51:06","guid":{"rendered":"https:\/\/www.shouyasanitary.com\/?post_type=product&#038;p=1809"},"modified":"2025-08-24T15:51:08","modified_gmt":"2025-08-24T15:51:08","slug":"wholesale-small-bathroom-cabinets","status":"publish","type":"product","link":"https:\/\/www.shouyasanitary.com\/es\/producto\/wholesale-small-bathroom-cabinets\/","title":{"rendered":"Venta al por mayor peque\u00f1os gabinetes de ba\u00f1o, tocador de ba\u00f1o de PVC con LED Espejo Gabinete Proveedor Gris"},"content":{"rendered":"<div class=\"wp-block-columns is-layout-flex wp-container-core-columns-is-layout-9d6595d7 wp-block-columns-is-layout-flex\">\n<div class=\"wp-block-column is-layout-flow wp-block-column-is-layout-flow\">\n<h2 class=\"wp-block-heading\">Armarios de ba\u00f1o peque\u00f1os Caracter\u00edsticas\uff1a<\/h2>\n\n\n\n<p><strong>Materiales ecol\u00f3gicos: <\/strong>El mueble est\u00e1 fabricado con material de PVC de alta calidad y respetuoso con el medio ambiente. Durante el proceso de producci\u00f3n, se controlan estrictamente las normas medioambientales para garantizar la salud de los usuarios. Mientras tanto, el material de PVC tiene una buena resistencia a la corrosi\u00f3n qu\u00edmica y no se erosiona f\u00e1cilmente por los productos de limpieza y otras sustancias qu\u00edmicas, proporcionando una garant\u00eda saludable y segura para el ambiente del cuarto de ba\u00f1o.<\/p>\n\n\n\n<p><strong>Utilizaci\u00f3n del espacio<\/strong>: La parte del armario con espejo adopta un dise\u00f1o combinado de espacios de almacenamiento abiertos y cerrados, lo que permite colocar los art\u00edculos de uso com\u00fan en los compartimentos abiertos para facilitar el acceso; los art\u00edculos que no se utilizan con frecuencia o que necesitan estar protegidos contra el polvo pueden guardarse en el espacio cerrado.<\/p>\n\n\n\n<p><strong>Armario con espejo LED<\/strong>: La superficie del espejo proporciona a los usuarios una experiencia de aseo de alta calidad y tambi\u00e9n tiene una funci\u00f3n de deshumidificaci\u00f3n inteligente. Incluso en presencia de vapor del ba\u00f1o, puede eliminar r\u00e1pidamente el vaho y mantener la superficie del espejo despejada. Creando una atm\u00f3sfera de uso confortable.<\/p>\n\n\n\n<p><strong>Armario de gran capacidad: <\/strong>El armario inferior del lavabo ofrece una amplia zona de almacenamiento, que permite guardar f\u00e1cilmente diversos art\u00edculos de aseo y limpieza, lo que permite aprovechar al m\u00e1ximo el limitado espacio del cuarto de ba\u00f1o y mantenerlo siempre ordenado.<\/p>\n\n\n\n<p><strong>F\u00e1cil de limpiar<\/strong>: El lavabo de cer\u00e1mica de alta calidad tiene una superficie lisa y densa resistente a las manchas. Se limpia f\u00e1cilmente con un pa\u00f1o suave, lo que reduce considerablemente el tiempo de limpieza y los costes de mantenimiento.<\/p>\n\n\n\n<p><strong>Suministro directo de f\u00e1brica:<\/strong> El estricto control del proceso de producci\u00f3n garantiza una calidad estable y fiable de los armarios de ba\u00f1o. Apoyamos la venta al por mayor y la personalizaci\u00f3n, ofreciendo precios m\u00e1s competitivos y proporcionando a los clientes una experiencia de compra \u00fanica y eficiente.<\/p>\n<\/div>\n\n\n\n<div class=\"wp-block-column is-layout-flow wp-block-column-is-layout-flow\"><div class=\"wp-block-image\">\n<figure class=\"aligncenter size-full\"><img decoding=\"async\" width=\"700\" height=\"700\" src=\"https:\/\/www.shouyasanitary.com\/wp-content\/uploads\/2025\/08\/Batch-purchase-of-luxury-bathroom-cabinet-vanity.webp\" alt=\"Compra por lotes de muebles de ba\u00f1o de lujo vanity\" class=\"wp-image-1812\" style=\"object-fit:cover\" srcset=\"https:\/\/www.shouyasanitary.com\/wp-content\/uploads\/2025\/08\/Batch-purchase-of-luxury-bathroom-cabinet-vanity.webp 700w, https:\/\/www.shouyasanitary.com\/wp-content\/uploads\/2025\/08\/Batch-purchase-of-luxury-bathroom-cabinet-vanity-300x300.webp 300w, https:\/\/www.shouyasanitary.com\/wp-content\/uploads\/2025\/08\/Batch-purchase-of-luxury-bathroom-cabinet-vanity-150x150.webp 150w, https:\/\/www.shouyasanitary.com\/wp-content\/uploads\/2025\/08\/Batch-purchase-of-luxury-bathroom-cabinet-vanity-12x12.webp 12w, https:\/\/www.shouyasanitary.com\/wp-content\/uploads\/2025\/08\/Batch-purchase-of-luxury-bathroom-cabinet-vanity-600x600.webp 600w, https:\/\/www.shouyasanitary.com\/wp-content\/uploads\/2025\/08\/Batch-purchase-of-luxury-bathroom-cabinet-vanity-100x100.webp 100w\" sizes=\"(max-width: 700px) 100vw, 700px\" \/><\/figure>\n<\/div><\/div>\n<\/div>","protected":false},"excerpt":{"rendered":"<p>Armarios de ba\u00f1o peque\u00f1os al por mayor, material de PVC a prueba de humedad e impermeable, estructura montada en la pared con un elegante armario con espejo LED y lavabo de cer\u00e1mica, son f\u00e1ciles de limpiar y ahorran espacio, y se adaptan perfectamente a una variedad de estilos de ba\u00f1o. Ofrecemos soluciones sanitarias integrales. P\u00f3ngase en contacto con nosotros para solicitar un presupuesto.<\/p>\n<h2>Peque\u00f1os armarios de ba\u00f1o Atributos\uff1a<\/h2>\n<p><strong>Art\u00edculo No:<\/strong>J1223-60<strong><br \/>Material del armario:<\/strong> PVC<br \/><strong>Color del armario:<\/strong> Gris<br \/><strong>Espejo:<\/strong> Espejo LED (3,5 mm\/3,8 mm), iluminaci\u00f3n tricolor, desempa\u00f1ado con un solo toque, protegido con embalaje de espuma multicapa<br \/><strong>Tipo de instalaci\u00f3n:<\/strong>\u00a0Montaje en pared<br \/><strong>Dimensiones (L\u00d7A\u00d7H):<\/strong> 60x50x45 cm<br \/><strong>Peso bruto:<\/strong> 28kg\/set<\/p>\n<h2>Personalizaci\u00f3n y servicios:<\/h2>\n<p><strong>OEM Y ODM<\/strong>: Soporte<br \/><strong>Dise\u00f1o<\/strong>: Gratis<br \/><strong>Accesorios<\/strong>: Lavabos, espejos, grifos y otros accesorios de ba\u00f1o<br \/><strong>Embalaje<\/strong>: Listo para montar<\/p>","protected":false},"featured_media":1812,"comment_status":"closed","ping_status":"closed","template":"","meta":{"_acf_changed":true},"product_brand":[],"product_cat":[24],"product_tag":[],"class_list":{"0":"post-1809","1":"product","2":"type-product","3":"status-publish","4":"has-post-thumbnail","6":"product_cat-wholesale-pvc-bathroom-vanity-cabinets","8":"first","9":"instock","10":"shipping-taxable","11":"product-type-simple"},"acf":[],"_links":{"self":[{"href":"https:\/\/www.shouyasanitary.com\/es\/wp-json\/wp\/v2\/product\/1809","targetHints":{"allow":["GET"]}}],"collection":[{"href":"https:\/\/www.shouyasanitary.com\/es\/wp-json\/wp\/v2\/product"}],"about":[{"href":"https:\/\/www.shouyasanitary.com\/es\/wp-json\/wp\/v2\/types\/product"}],"replies":[{"embeddable":true,"href":"https:\/\/www.shouyasanitary.com\/es\/wp-json\/wp\/v2\/comments?post=1809"}],"wp:featuredmedia":[{"embeddable":true,"href":"https:\/\/www.shouyasanitary.com\/es\/wp-json\/wp\/v2\/media\/1812"}],"wp:attachment":[{"href":"https:\/\/www.shouyasanitary.com\/es\/wp-json\/wp\/v2\/media?parent=1809"}],"wp:term":[{"taxonomy":"product_brand","embeddable":true,"href":"https:\/\/www.shouyasanitary.com\/es\/wp-json\/wp\/v2\/product_brand?post=1809"},{"taxonomy":"product_cat","embeddable":true,"href":"https:\/\/www.shouyasanitary.com\/es\/wp-json\/wp\/v2\/product_cat?post=1809"},{"taxonomy":"product_tag","embeddable":true,"href":"https:\/\/www.shouyasanitary.com\/es\/wp-json\/wp\/v2\/product_tag?post=1809"}],"curies":[{"name":"wp","href":"https:\/\/api.w.org\/{rel}","templated":true}]}}