{"id":1810,"date":"2025-08-24T15:51:02","date_gmt":"2025-08-24T15:51:02","guid":{"rendered":"https:\/\/www.shouyasanitary.com\/?post_type=product&#038;p=1810"},"modified":"2025-08-24T15:51:04","modified_gmt":"2025-08-24T15:51:04","slug":"wholesale-modern-bathroom-vanities","status":"publish","type":"product","link":"https:\/\/www.shouyasanitary.com\/es\/producto\/wholesale-modern-bathroom-vanities\/","title":{"rendered":"Mayorista Tocadores de Ba\u00f1o Modernos, Mueble de Ba\u00f1o con Espejo y Luz para Proyecto Art\u00edculo de Adquisici\u00f3n"},"content":{"rendered":"<div class=\"wp-block-columns is-layout-flex wp-container-core-columns-is-layout-9d6595d7 wp-block-columns-is-layout-flex\">\n<div class=\"wp-block-column is-layout-flow wp-block-column-is-layout-flow\">\n<h2 class=\"wp-block-heading\">Caracter\u00edsticas de los tocadores de ba\u00f1o modernos\uff1a<\/h2>\n\n\n\n<p><strong>PVC de alta calidad<\/strong>: Tiene excelentes propiedades impermeables y a prueba de humedad. No se deforma ni se pudre en un cuarto de ba\u00f1o h\u00famedo, lo que reduce el coste de mantenimiento y sustituci\u00f3n posteriores y garantiza un uso estable a largo plazo.<\/p>\n\n\n\n<p><strong>Instalaci\u00f3n mural: <\/strong>La instalaci\u00f3n colgante ahorra espacio en el suelo, liberando espacio para un aspecto m\u00e1s ligero, lo que resulta c\u00f3modo para la limpieza y el mantenimiento. <\/p>\n\n\n\n<p><strong>Armario con espejo inteligente:<\/strong> El armario con espejo proporciona una iluminaci\u00f3n c\u00f3moda para lavarse y maquillarse, mejorando la experiencia del usuario y contribuyendo a la calidad del proyecto.<\/p>\n\n\n\n<p><strong>Amplio espacio de almacenamiento:<\/strong> El tama\u00f1o de 80 cm es adecuado para la mayor\u00eda de los cuartos de ba\u00f1o. Dispone de una combinaci\u00f3n de armario con doble caj\u00f3n y espejo, que permite guardar en capas los art\u00edculos de aseo y otros art\u00edculos voluminosos. Esto ayuda a eliminar el desorden y mejora el orden en el ba\u00f1o, cumpliendo con los requisitos de configuraci\u00f3n estandarizados para hoteles, apartamentos.<\/p>\n\n\n\n<p><strong>Material f\u00e1cil de limpiar<\/strong>: El material de PVC y el material cer\u00e1mico son f\u00e1ciles de limpiar y resistentes a la suciedad, por lo que el mantenimiento diario es sencillo y adecuado para las necesidades de compra al por mayor.<\/p>\n\n\n\n<p><strong>Se adapta a diferentes estilos de decoraci\u00f3n: <\/strong>Un aspecto sencillo en gris claro, combinado con tiradores dorados y luces frontales de espejo inteligentes, mantiene un alto nivel de apariencia a la vez que se integra f\u00e1cilmente con diversos estilos de decoraci\u00f3n.<\/p>\n<\/div>\n\n\n\n<div class=\"wp-block-column is-layout-flow wp-block-column-is-layout-flow\"><div class=\"wp-block-image\">\n<figure class=\"aligncenter size-full\"><img decoding=\"async\" width=\"700\" height=\"700\" src=\"https:\/\/www.shouyasanitary.com\/wp-content\/uploads\/2025\/08\/Factory-made-custom-bathroom-cabinet-vanity.webp\" alt=\"Mueble de ba\u00f1o a medida de f\u00e1brica\" class=\"wp-image-1819\" style=\"object-fit:cover\" srcset=\"https:\/\/www.shouyasanitary.com\/wp-content\/uploads\/2025\/08\/Factory-made-custom-bathroom-cabinet-vanity.webp 700w, https:\/\/www.shouyasanitary.com\/wp-content\/uploads\/2025\/08\/Factory-made-custom-bathroom-cabinet-vanity-300x300.webp 300w, https:\/\/www.shouyasanitary.com\/wp-content\/uploads\/2025\/08\/Factory-made-custom-bathroom-cabinet-vanity-150x150.webp 150w, https:\/\/www.shouyasanitary.com\/wp-content\/uploads\/2025\/08\/Factory-made-custom-bathroom-cabinet-vanity-12x12.webp 12w, https:\/\/www.shouyasanitary.com\/wp-content\/uploads\/2025\/08\/Factory-made-custom-bathroom-cabinet-vanity-600x600.webp 600w, https:\/\/www.shouyasanitary.com\/wp-content\/uploads\/2025\/08\/Factory-made-custom-bathroom-cabinet-vanity-100x100.webp 100w\" sizes=\"(max-width: 700px) 100vw, 700px\" \/><\/figure>\n<\/div><\/div>\n<\/div>","protected":false},"excerpt":{"rendered":"<p>Venta al por mayor de tocadores de ba\u00f1o modernos, el tama\u00f1o de 80CM es adecuado para la mayor\u00eda de los espacios de ba\u00f1o. Hecho de material de PVC, impermeable y duradero. Con dos cajones y un armario con espejo para un amplio almacenamiento, el armario con espejo equipado con l\u00e1mpara es pr\u00e1ctico y conveniente. Suministrado directamente por el fabricante, ofrece ventajas para la adquisici\u00f3n de proyectos. P\u00f3ngase en contacto con nosotros para obtener m\u00e1s informaci\u00f3n.<\/p>\n<h2>tocadores de ba\u00f1o modernos atributos\uff1a<\/h2>\n<p><strong>Art\u00edculo No: <\/strong>J1232-80<strong><br \/>Material del armario:<\/strong> PVC<br \/><strong>Color del armario:<\/strong> Gris claro<br \/><strong>Espejo:<\/strong> Espejo LED (3,5 mm\/3,8 mm), iluminaci\u00f3n tricolor, desempa\u00f1ado con un solo toque, protegido con embalaje de espuma multicapa<br \/><strong>Tipo de instalaci\u00f3n:<\/strong>\u00a0Montaje en pared<br \/><strong>Dimensiones (L\u00d7A\u00d7H):<\/strong> 80x50x48 cm<br \/><strong>Peso bruto:<\/strong> 30 kg\/set<\/p>\n<h2>Personalizaci\u00f3n y servicios:<\/h2>\n<p><strong>OEM Y ODM<\/strong>: Soporte<br \/><strong>Dise\u00f1o<\/strong>: Gratis<br \/><strong>Accesorios<\/strong>: Lavabos, espejos, grifos y otros accesorios de ba\u00f1o<br \/><strong>Embalaje<\/strong>: Listo para montar<\/p>","protected":false},"featured_media":1819,"comment_status":"closed","ping_status":"closed","template":"","meta":{"_acf_changed":true},"product_brand":[],"product_cat":[24],"product_tag":[],"class_list":{"0":"post-1810","1":"product","2":"type-product","3":"status-publish","4":"has-post-thumbnail","6":"product_cat-wholesale-pvc-bathroom-vanity-cabinets","8":"first","9":"instock","10":"shipping-taxable","11":"product-type-simple"},"acf":[],"_links":{"self":[{"href":"https:\/\/www.shouyasanitary.com\/es\/wp-json\/wp\/v2\/product\/1810","targetHints":{"allow":["GET"]}}],"collection":[{"href":"https:\/\/www.shouyasanitary.com\/es\/wp-json\/wp\/v2\/product"}],"about":[{"href":"https:\/\/www.shouyasanitary.com\/es\/wp-json\/wp\/v2\/types\/product"}],"replies":[{"embeddable":true,"href":"https:\/\/www.shouyasanitary.com\/es\/wp-json\/wp\/v2\/comments?post=1810"}],"wp:featuredmedia":[{"embeddable":true,"href":"https:\/\/www.shouyasanitary.com\/es\/wp-json\/wp\/v2\/media\/1819"}],"wp:attachment":[{"href":"https:\/\/www.shouyasanitary.com\/es\/wp-json\/wp\/v2\/media?parent=1810"}],"wp:term":[{"taxonomy":"product_brand","embeddable":true,"href":"https:\/\/www.shouyasanitary.com\/es\/wp-json\/wp\/v2\/product_brand?post=1810"},{"taxonomy":"product_cat","embeddable":true,"href":"https:\/\/www.shouyasanitary.com\/es\/wp-json\/wp\/v2\/product_cat?post=1810"},{"taxonomy":"product_tag","embeddable":true,"href":"https:\/\/www.shouyasanitary.com\/es\/wp-json\/wp\/v2\/product_tag?post=1810"}],"curies":[{"name":"wp","href":"https:\/\/api.w.org\/{rel}","templated":true}]}}