{"id":1811,"date":"2025-08-24T15:51:04","date_gmt":"2025-08-24T15:51:04","guid":{"rendered":"https:\/\/www.shouyasanitary.com\/?post_type=product&#038;p=1811"},"modified":"2025-08-24T15:51:06","modified_gmt":"2025-08-24T15:51:06","slug":"wholesale-single-bathroom-vanity-with-sink","status":"publish","type":"product","link":"https:\/\/www.shouyasanitary.com\/es\/producto\/wholesale-single-bathroom-vanity-with-sink\/","title":{"rendered":"Mayorista Tocador de Ba\u00f1o Sencillo con Lavabo, Armarios de Ba\u00f1o de PVC con Espejo Iluminado al por Mayor"},"content":{"rendered":"<div class=\"wp-block-columns is-layout-flex wp-container-core-columns-is-layout-9d6595d7 wp-block-columns-is-layout-flex\">\n<div class=\"wp-block-column is-layout-flow wp-block-column-is-layout-flow\">\n<h2 class=\"wp-block-heading\">Mueble de ba\u00f1o individual con lavabo Caracter\u00edsticas\uff1a<\/h2>\n\n\n\n<p><strong>Tama\u00f1o compacto<\/strong>: Con un tama\u00f1o compacto de 60CM, es adecuado para ba\u00f1os de peque\u00f1o tama\u00f1o y no ocupa mucho espacio. <\/p>\n\n\n\n<p><strong>Material duradero: <\/strong>Fabricado con material de PVC, tiene excelentes propiedades impermeables y a prueba de humedad. No se deformar\u00e1 ni enmohecer\u00e1 en un entorno de ba\u00f1o h\u00famedo, permaneciendo estable durante mucho tiempo y reduciendo el coste de mantenimiento en el futuro.<\/p>\n\n\n\n<p><strong>L\u00e1mpara de control t\u00e1ctil inteligente: <\/strong>El armario con espejo viene con una luz t\u00e1ctil inteligente, que proporciona una iluminaci\u00f3n clara para maquillarse, afeitarse, etc. <\/p>\n\n\n\n<p><strong>Almacenamiento multicapa<\/strong>: El armario con espejo, combinado con puertas dobles bajo el lavabo y estantes abiertos en el lateral, presenta un dise\u00f1o de almacenamiento en varios niveles. Los cosm\u00e9ticos y las necesidades diarias pueden guardarse por separado, manteniendo el espacio ordenado y organizado.<\/p>\n\n\n\n<p><strong>Lavabo de cer\u00e1mica<\/strong>: Es f\u00e1cil de limpiar y mantener, lo que facilita su uso diario. Es adecuado para la compra por lotes por los hoteles, apartamentos, etc., para proyectos de ingenier\u00eda.<\/p>\n\n\n\n<p><strong>Instalaci\u00f3n suspendida<\/strong>: Ahorra espacio en el suelo y es f\u00e1cil de limpiar. <\/p>\n\n\n\n<p><strong>Aspecto moderno<\/strong>: El color claro es gris claro, sencillo y a la moda, que combina con los estilos modernos de decoraci\u00f3n de cuartos de ba\u00f1o y realza la textura del espacio.<\/p>\n<\/div>\n\n\n\n<div class=\"wp-block-column is-layout-flow wp-block-column-is-layout-flow\"><div class=\"wp-block-image\">\n<figure class=\"aligncenter size-full\"><img decoding=\"async\" width=\"700\" height=\"700\" src=\"https:\/\/www.shouyasanitary.com\/wp-content\/uploads\/2025\/08\/Custom-bathroom-cabinet-vanity-1.webp\" alt=\"Mueble de ba\u00f1o a medida\" class=\"wp-image-1816\" style=\"object-fit:cover\" srcset=\"https:\/\/www.shouyasanitary.com\/wp-content\/uploads\/2025\/08\/Custom-bathroom-cabinet-vanity-1.webp 700w, https:\/\/www.shouyasanitary.com\/wp-content\/uploads\/2025\/08\/Custom-bathroom-cabinet-vanity-1-300x300.webp 300w, https:\/\/www.shouyasanitary.com\/wp-content\/uploads\/2025\/08\/Custom-bathroom-cabinet-vanity-1-150x150.webp 150w, https:\/\/www.shouyasanitary.com\/wp-content\/uploads\/2025\/08\/Custom-bathroom-cabinet-vanity-1-12x12.webp 12w, https:\/\/www.shouyasanitary.com\/wp-content\/uploads\/2025\/08\/Custom-bathroom-cabinet-vanity-1-600x600.webp 600w, https:\/\/www.shouyasanitary.com\/wp-content\/uploads\/2025\/08\/Custom-bathroom-cabinet-vanity-1-100x100.webp 100w\" sizes=\"(max-width: 700px) 100vw, 700px\" \/><\/figure>\n<\/div><\/div>\n<\/div>","protected":false},"excerpt":{"rendered":"<p>Venta directa de f\u00e1brica, PVC 60CM gabinete de ba\u00f1o, adecuado para apartamentos de tama\u00f1o peque\u00f1o, hecho de material de PVC, resistente al agua ya prueba de humedad, gabinete de espejo inteligente con luces, almacenamiento de m\u00faltiples capas para el almacenamiento de art\u00edculos clasificados, f\u00e1cil instalaci\u00f3n, bienvenido a preguntar sobre el precio\uff01.<\/p>\n<h2>Lavabo doble personalizado tocador de ba\u00f1o atributos\uff1a<\/h2>\n<p><strong>Art\u00edculo No: <\/strong>J1227-60<strong><br \/>Material del armario:<\/strong> PVC<br \/><strong>Color del armario:<\/strong> Gris claro<br \/><strong>Espejo:<\/strong> Espejo LED (3,5 mm\/3,8 mm), iluminaci\u00f3n tricolor, desempa\u00f1ado con un solo toque, protegido con embalaje de espuma multicapa<br \/><strong>Tipo de instalaci\u00f3n:<\/strong>\u00a0Montaje en pared<br \/><strong>Dimensiones (L\u00d7A\u00d7H):<\/strong> 60\u00d747,5\u00d742 cm<br \/><strong>Peso bruto:<\/strong> 28kg\/set<\/p>\n<h2>Personalizaci\u00f3n y servicios:<\/h2>\n<p><strong>OEM Y ODM<\/strong>: Soporte<br \/><strong>Dise\u00f1o<\/strong>: Gratis<br \/><strong>Accesorios<\/strong>: Lavabos, espejos, grifos y otros accesorios de ba\u00f1o<br \/><strong>Embalaje<\/strong>: Listo para montar<\/p>","protected":false},"featured_media":1816,"comment_status":"closed","ping_status":"closed","template":"","meta":{"_acf_changed":true},"product_brand":[],"product_cat":[24],"product_tag":[],"class_list":{"0":"post-1811","1":"product","2":"type-product","3":"status-publish","4":"has-post-thumbnail","6":"product_cat-wholesale-pvc-bathroom-vanity-cabinets","8":"first","9":"instock","10":"shipping-taxable","11":"product-type-simple"},"acf":[],"_links":{"self":[{"href":"https:\/\/www.shouyasanitary.com\/es\/wp-json\/wp\/v2\/product\/1811","targetHints":{"allow":["GET"]}}],"collection":[{"href":"https:\/\/www.shouyasanitary.com\/es\/wp-json\/wp\/v2\/product"}],"about":[{"href":"https:\/\/www.shouyasanitary.com\/es\/wp-json\/wp\/v2\/types\/product"}],"replies":[{"embeddable":true,"href":"https:\/\/www.shouyasanitary.com\/es\/wp-json\/wp\/v2\/comments?post=1811"}],"wp:featuredmedia":[{"embeddable":true,"href":"https:\/\/www.shouyasanitary.com\/es\/wp-json\/wp\/v2\/media\/1816"}],"wp:attachment":[{"href":"https:\/\/www.shouyasanitary.com\/es\/wp-json\/wp\/v2\/media?parent=1811"}],"wp:term":[{"taxonomy":"product_brand","embeddable":true,"href":"https:\/\/www.shouyasanitary.com\/es\/wp-json\/wp\/v2\/product_brand?post=1811"},{"taxonomy":"product_cat","embeddable":true,"href":"https:\/\/www.shouyasanitary.com\/es\/wp-json\/wp\/v2\/product_cat?post=1811"},{"taxonomy":"product_tag","embeddable":true,"href":"https:\/\/www.shouyasanitary.com\/es\/wp-json\/wp\/v2\/product_tag?post=1811"}],"curies":[{"name":"wp","href":"https:\/\/api.w.org\/{rel}","templated":true}]}}