{"id":1829,"date":"2025-08-29T08:44:05","date_gmt":"2025-08-29T08:44:05","guid":{"rendered":"https:\/\/www.shouyasanitary.com\/?post_type=product&#038;p=1829"},"modified":"2025-08-29T08:44:55","modified_gmt":"2025-08-29T08:44:55","slug":"wholesale-black-bathroom-cabinet","status":"publish","type":"product","link":"https:\/\/www.shouyasanitary.com\/es\/producto\/wholesale-black-bathroom-cabinet\/","title":{"rendered":"Venta al por mayor gabinete de ba\u00f1o negro, madera contrachapada moderna tocador de ba\u00f1o de un solo fregadero proveedor"},"content":{"rendered":"<div class=\"wp-block-columns is-layout-flex wp-container-core-columns-is-layout-9d6595d7 wp-block-columns-is-layout-flex\">\n<div class=\"wp-block-column is-layout-flow wp-block-column-is-layout-flow\">\n<h2 class=\"wp-block-heading\">Gabinete de Ba\u00f1o Negro Caracter\u00edsticas:<\/h2>\n\n\n\n<p><strong>Tono sedante:<\/strong> En cuanto a la presentaci\u00f3n de los colores, el cuerpo principal del mueble de ba\u00f1o se ha elegido en gris oscuro, un tono con cuerpo que emana intr\u00ednsecamente una textura sedosa. El lavabo blanco sirve de \"parche luminoso\" en el espacio, equilibrando la pesadez del gris oscuro.<\/p>\n\n\n\n<p><strong>Estilo vers\u00e1til: <\/strong>El cuerpo de armario gris oscuro acierta con precisi\u00f3n en los puntos est\u00e9ticos del minimalismo moderno y el lujo ligero. Tanto si se combina con paredes gris cemento para crear un estilo industrial como si choca con un espacio de color crema, puede integrarse con naturalidad. <\/p>\n\n\n\n<p><strong>Material duradero<\/strong>: El contrachapado est\u00e1 formado por m\u00faltiples capas finas encoladas entre s\u00ed, lo que proporciona una estructura estable. Dado el entorno h\u00famedo y variable de los cuartos de ba\u00f1o, la madera contrachapada, con su excelente resistencia a la deformaci\u00f3n, puede soportar cambios de temperatura y humedad. Es menos propenso a agrietarse y alabearse incluso tras un uso prolongado, lo que garantiza la durabilidad de los armarios de ba\u00f1o. Es una \"elecci\u00f3n fiable\" para espacios h\u00famedos.<\/p>\n\n\n\n<p><strong>Efecto visual: <\/strong>El gris oscuro aporta una sensaci\u00f3n de contracci\u00f3n, disminuyendo el volumen del mueble y haciendo que el cuarto de ba\u00f1o parezca menos abarrotado. Cuando se combina con un lavabo blanco, el contraste entre los colores claros y oscuros rompe la monoton\u00eda, dando al espacio un efecto de \"filtro claro y oscuro\", que aumenta instant\u00e1neamente la sensaci\u00f3n de profundidad. Aunque el cuarto de ba\u00f1o sea peque\u00f1o, puede parecer espacioso con la magia del color. <\/p>\n\n\n\n<p><strong>Instalaci\u00f3n mural:<\/strong> El dise\u00f1o suspendido libera el suelo, lo que permite que los robots de limpieza se desplacen f\u00e1cilmente y garantiza que no haya zonas muertas de limpieza. Sin la \"obstrucci\u00f3n\" de los armarios apoyados en el suelo, el espacio parece m\u00e1s transparente, dando incluso a los ba\u00f1os peque\u00f1os una sensaci\u00f3n de \"gran nivel plano\".<\/p>\n\n\n\n<p><strong>Precio al por mayor<\/strong>: El suministro directo de f\u00e1brica, las grandes cantidades de inventario semipersonalizado, las compras a granel a gran escala disfrutan de precios al por mayor, reducen los costes unitarios y ayudan a los distribuidores y contratistas a obtener mayores m\u00e1rgenes de beneficio.<\/p>\n<\/div>\n\n\n\n<div class=\"wp-block-column is-layout-flow wp-block-column-is-layout-flow\"><div class=\"wp-block-image\">\n<figure class=\"aligncenter size-full\"><img decoding=\"async\" width=\"700\" height=\"700\" src=\"https:\/\/www.shouyasanitary.com\/wp-content\/uploads\/2025\/08\/Custom-Solutions-Bathroom-Wall-Mount.webp\" alt=\"Soluciones a medida Soporte de pared para ba\u00f1o\" class=\"wp-image-1833\" style=\"object-fit:cover\" srcset=\"https:\/\/www.shouyasanitary.com\/wp-content\/uploads\/2025\/08\/Custom-Solutions-Bathroom-Wall-Mount.webp 700w, https:\/\/www.shouyasanitary.com\/wp-content\/uploads\/2025\/08\/Custom-Solutions-Bathroom-Wall-Mount-300x300.webp 300w, https:\/\/www.shouyasanitary.com\/wp-content\/uploads\/2025\/08\/Custom-Solutions-Bathroom-Wall-Mount-150x150.webp 150w, https:\/\/www.shouyasanitary.com\/wp-content\/uploads\/2025\/08\/Custom-Solutions-Bathroom-Wall-Mount-12x12.webp 12w, https:\/\/www.shouyasanitary.com\/wp-content\/uploads\/2025\/08\/Custom-Solutions-Bathroom-Wall-Mount-600x600.webp 600w, https:\/\/www.shouyasanitary.com\/wp-content\/uploads\/2025\/08\/Custom-Solutions-Bathroom-Wall-Mount-100x100.webp 100w\" sizes=\"(max-width: 700px) 100vw, 700px\" \/><\/figure>\n<\/div><\/div>\n<\/div>","protected":false},"excerpt":{"rendered":"<p>Mueble de ba\u00f1o negro al por mayor, los sencillos armarios con espejos y los lavabos blancos crean una sensaci\u00f3n ligera y lujosa. La madera contrachapada es resistente a la humedad y duradero, y el dise\u00f1o montado en la pared ahorra espacio, por lo que es ideal para ba\u00f1os peque\u00f1os. Precios al por mayor de f\u00e1brica y opciones OEM disponibles. P\u00f3ngase en contacto con nosotros para obtener un presupuesto y un cat\u00e1logo de productos.<\/p>\n<h2>Gabinete de ba\u00f1o negro Atributos\uff1a<\/h2>\n<p><strong>N\u00ba de art\u00edculo<\/strong>: 6047A-604<\/p>\n<p><strong>Material del armario<\/strong>: Contrachapado<br \/><strong>Color del armario<\/strong>: Negro<\/p>\n<p><strong>Espejo:<\/strong> Espejo LED (3,5 mm\/3,8 mm), iluminaci\u00f3n tricolor, desempa\u00f1ado con un solo toque, protegido con embalaje de espuma multicapa<br \/><strong>Tipo de instalaci\u00f3n:<\/strong>\u00a0Montaje en pared<br \/><strong>Dimensiones (L\u00d7A\u00d7H):<\/strong> 60*47*48cm<\/p>\n<h2>Personalizaci\u00f3n y servicios:<\/h2>\n<p><strong>OEM Y ODM<\/strong>: Soporte<br \/><strong>Dise\u00f1o<\/strong>: Gratis<br \/><strong>Accesorios<\/strong>: Lavabos, espejos, grifos y otros accesorios de ba\u00f1o<br \/><strong>Embalaje<\/strong>: Listo para montar<\/p>","protected":false},"featured_media":1833,"comment_status":"closed","ping_status":"closed","template":"","meta":{"_acf_changed":true},"product_brand":[],"product_cat":[20],"product_tag":[],"class_list":{"0":"post-1829","1":"product","2":"type-product","3":"status-publish","4":"has-post-thumbnail","6":"product_cat-wholesale-plywood-bathroom-vanity-cabinets","8":"first","9":"instock","10":"shipping-taxable","11":"product-type-simple"},"acf":[],"_links":{"self":[{"href":"https:\/\/www.shouyasanitary.com\/es\/wp-json\/wp\/v2\/product\/1829","targetHints":{"allow":["GET"]}}],"collection":[{"href":"https:\/\/www.shouyasanitary.com\/es\/wp-json\/wp\/v2\/product"}],"about":[{"href":"https:\/\/www.shouyasanitary.com\/es\/wp-json\/wp\/v2\/types\/product"}],"replies":[{"embeddable":true,"href":"https:\/\/www.shouyasanitary.com\/es\/wp-json\/wp\/v2\/comments?post=1829"}],"wp:featuredmedia":[{"embeddable":true,"href":"https:\/\/www.shouyasanitary.com\/es\/wp-json\/wp\/v2\/media\/1833"}],"wp:attachment":[{"href":"https:\/\/www.shouyasanitary.com\/es\/wp-json\/wp\/v2\/media?parent=1829"}],"wp:term":[{"taxonomy":"product_brand","embeddable":true,"href":"https:\/\/www.shouyasanitary.com\/es\/wp-json\/wp\/v2\/product_brand?post=1829"},{"taxonomy":"product_cat","embeddable":true,"href":"https:\/\/www.shouyasanitary.com\/es\/wp-json\/wp\/v2\/product_cat?post=1829"},{"taxonomy":"product_tag","embeddable":true,"href":"https:\/\/www.shouyasanitary.com\/es\/wp-json\/wp\/v2\/product_tag?post=1829"}],"curies":[{"name":"wp","href":"https:\/\/api.w.org\/{rel}","templated":true}]}}