{"id":1830,"date":"2025-08-29T08:48:14","date_gmt":"2025-08-29T08:48:14","guid":{"rendered":"https:\/\/www.shouyasanitary.com\/?post_type=product&#038;p=1830"},"modified":"2025-08-29T08:48:19","modified_gmt":"2025-08-29T08:48:19","slug":"wholesale-bathroom-single-sink-vanity","status":"publish","type":"product","link":"https:\/\/www.shouyasanitary.com\/es\/producto\/wholesale-bathroom-single-sink-vanity\/","title":{"rendered":"Mayorista Lavabo de Ba\u00f1o, Mueble de Ba\u00f1o Colgante Marr\u00f3n para Hotel al por mayor"},"content":{"rendered":"<div class=\"wp-block-columns is-layout-flex wp-container-core-columns-is-layout-9d6595d7 wp-block-columns-is-layout-flex\">\n<div class=\"wp-block-column is-layout-flow wp-block-column-is-layout-flow\">\n<h2 class=\"wp-block-heading\">Caracter\u00edsticas del tocador del fregadero del solo cuarto de ba\u00f1o\uff1a<\/h2>\n\n\n\n<p><strong>Elegantes colores de madera: <\/strong>El cuerpo del armario exhibe un tono de madera natural, impregnado de un tono c\u00e1lido y r\u00fastico. Combinado con paredes gris claro, lavabos blancos, l\u00e1mparas doradas y peque\u00f1as patas de mesa, crea un ambiente acogedor y refinado a la vez. La calidez del color madera equilibra los tonos fr\u00edos del espacio, mejorando la armon\u00eda visual general.<\/p>\n\n\n\n<p><strong>Material de contrachapado duradero:<\/strong> La madera contrachapada, hecha de m\u00faltiples capas finas pegadas entre s\u00ed, presume de una estructura estable. En el ambiente h\u00famedo del cuarto de ba\u00f1o, es menos propenso a deformarse y agrietarse debido a los cambios de humedad, lo que garantiza la durabilidad a largo plazo del armario y proporciona un soporte fiable para el almacenamiento en el cuarto de ba\u00f1o. <\/p>\n\n\n\n<p><strong>Dise\u00f1o de almacenamiento dividido<\/strong>: La combinaci\u00f3n de un armario con espejo y un armario inferior permite acceder f\u00e1cilmente a los art\u00edculos de aseo de uso habitual en la rejilla abierta del armario con espejo, mientras que el espacio cerrado del armario inferior puede alojar art\u00edculos almacenados u objetos personales. El almacenamiento en capas mantiene los art\u00edculos de ba\u00f1o en sus lugares designados, mejorando el orden del espacio y la eficiencia de uso.<\/p>\n\n\n\n<p><strong>Optimizaci\u00f3n visual espacial: <\/strong>La calidez natural del color de la madera suaviza la \"sensaci\u00f3n de fr\u00edo\" del mueble de ba\u00f1o, formando un suave contraste con el lavabo blanco, haciendo que el espacio resulte m\u00e1s acogedor. El dise\u00f1o montado en la pared reduce la ocupaci\u00f3n de espacio en el suelo, permitiendo que incluso los espacios peque\u00f1os permanezcan abiertos y transparentes, ampliando visualmente la escala del espacio de ba\u00f1o. <\/p>\n\n\n\n<p><strong>Instalaci\u00f3n mural<\/strong>: Elimina la necesidad de una compleja construcci\u00f3n del suelo, haciendo que la instalaci\u00f3n sea c\u00f3moda. Durante la limpieza diaria, no hay armario bloqueando el suelo, por lo que es f\u00e1cil de limpiar las manchas de agua y el polvo, manteniendo el espacio de ba\u00f1o limpio y satisfacer las necesidades del hogar conveniencia moderna.<\/p>\n\n\n\n<p><strong>Personalizaci\u00f3n flexible<\/strong>: Los pedidos de gran volumen permiten personalizar el color, el tama\u00f1o, el material, etc., para satisfacer las necesidades de distintos mercados y proyectos.<\/p>\n<\/div>\n\n\n\n<div class=\"wp-block-column is-layout-flow wp-block-column-is-layout-flow\"><div class=\"wp-block-image\">\n<figure class=\"aligncenter size-full\"><img decoding=\"async\" width=\"700\" height=\"700\" src=\"https:\/\/www.shouyasanitary.com\/wp-content\/uploads\/2025\/08\/Custom-Bathroom-Cabinets-with-Mirror-Cabinet.webp\" alt=\"Armarios de ba\u00f1o a medida con armario con espejo\" class=\"wp-image-1836\" style=\"object-fit:cover\" srcset=\"https:\/\/www.shouyasanitary.com\/wp-content\/uploads\/2025\/08\/Custom-Bathroom-Cabinets-with-Mirror-Cabinet.webp 700w, https:\/\/www.shouyasanitary.com\/wp-content\/uploads\/2025\/08\/Custom-Bathroom-Cabinets-with-Mirror-Cabinet-300x300.webp 300w, https:\/\/www.shouyasanitary.com\/wp-content\/uploads\/2025\/08\/Custom-Bathroom-Cabinets-with-Mirror-Cabinet-150x150.webp 150w, https:\/\/www.shouyasanitary.com\/wp-content\/uploads\/2025\/08\/Custom-Bathroom-Cabinets-with-Mirror-Cabinet-12x12.webp 12w, https:\/\/www.shouyasanitary.com\/wp-content\/uploads\/2025\/08\/Custom-Bathroom-Cabinets-with-Mirror-Cabinet-600x600.webp 600w, https:\/\/www.shouyasanitary.com\/wp-content\/uploads\/2025\/08\/Custom-Bathroom-Cabinets-with-Mirror-Cabinet-100x100.webp 100w\" sizes=\"(max-width: 700px) 100vw, 700px\" \/><\/figure>\n<\/div><\/div>\n<\/div>","protected":false},"excerpt":{"rendered":"<p>El tocador de lavabo individual para ba\u00f1o al por mayor Shouya cuenta con madera contrachapada resistente a la humedad y duradera, almacenamiento dividido y dise\u00f1os montados en la pared que ahorran espacio. Los tonos de madera simples y c\u00e1lidos complementan una variedad de estilos de decoraci\u00f3n. Apoyamos la personalizaci\u00f3n al por mayor y damos la bienvenida a su consulta para una cotizaci\u00f3n.<\/p>\n<h2>Cuarto de ba\u00f1o de un solo lavabo Vanidad Atributos\uff1a<\/h2>\n<p><strong>Art\u00edculo No:<\/strong>6047A-6010<strong><br \/>Material del armario:<\/strong>\u00a0Contrachapado<br \/><strong>Color del armario:<\/strong> Marr\u00f3n<br \/><strong>Espejo:<\/strong> Espejo LED (3,5 mm\/3,8 mm), iluminaci\u00f3n tricolor, desempa\u00f1ado con un solo toque, protegido con embalaje de espuma multicapa<br \/><strong>Tipo de instalaci\u00f3n:<\/strong>\u00a0Montaje en pared<br \/><strong>Dimensiones (L\u00d7A\u00d7H):<\/strong> 60x47x48 cm<br \/><strong>Peso bruto:<\/strong> 30 kg\/set<\/p>\n<h2>Personalizaci\u00f3n y servicios:<\/h2>\n<p><strong>OEM Y ODM<\/strong>: Soporte<br \/><strong>Dise\u00f1o<\/strong>: Gratis<br \/><strong>Accesorios<\/strong>: Lavabos, espejos, grifos y otros accesorios de ba\u00f1o<br \/><strong>Embalaje<\/strong>: Listo para montar<\/p>","protected":false},"featured_media":1836,"comment_status":"closed","ping_status":"closed","template":"","meta":{"_acf_changed":true},"product_brand":[],"product_cat":[20],"product_tag":[],"class_list":{"0":"post-1830","1":"product","2":"type-product","3":"status-publish","4":"has-post-thumbnail","6":"product_cat-wholesale-plywood-bathroom-vanity-cabinets","8":"first","9":"instock","10":"shipping-taxable","11":"product-type-simple"},"acf":[],"_links":{"self":[{"href":"https:\/\/www.shouyasanitary.com\/es\/wp-json\/wp\/v2\/product\/1830","targetHints":{"allow":["GET"]}}],"collection":[{"href":"https:\/\/www.shouyasanitary.com\/es\/wp-json\/wp\/v2\/product"}],"about":[{"href":"https:\/\/www.shouyasanitary.com\/es\/wp-json\/wp\/v2\/types\/product"}],"replies":[{"embeddable":true,"href":"https:\/\/www.shouyasanitary.com\/es\/wp-json\/wp\/v2\/comments?post=1830"}],"wp:featuredmedia":[{"embeddable":true,"href":"https:\/\/www.shouyasanitary.com\/es\/wp-json\/wp\/v2\/media\/1836"}],"wp:attachment":[{"href":"https:\/\/www.shouyasanitary.com\/es\/wp-json\/wp\/v2\/media?parent=1830"}],"wp:term":[{"taxonomy":"product_brand","embeddable":true,"href":"https:\/\/www.shouyasanitary.com\/es\/wp-json\/wp\/v2\/product_brand?post=1830"},{"taxonomy":"product_cat","embeddable":true,"href":"https:\/\/www.shouyasanitary.com\/es\/wp-json\/wp\/v2\/product_cat?post=1830"},{"taxonomy":"product_tag","embeddable":true,"href":"https:\/\/www.shouyasanitary.com\/es\/wp-json\/wp\/v2\/product_tag?post=1830"}],"curies":[{"name":"wp","href":"https:\/\/api.w.org\/{rel}","templated":true}]}}