{"id":1831,"date":"2025-08-29T08:50:48","date_gmt":"2025-08-29T08:50:48","guid":{"rendered":"https:\/\/www.shouyasanitary.com\/?post_type=product&#038;p=1831"},"modified":"2025-08-29T08:50:54","modified_gmt":"2025-08-29T08:50:54","slug":"wholesale-floating-bathroom-sink-vanity","status":"publish","type":"product","link":"https:\/\/www.shouyasanitary.com\/es\/producto\/wholesale-floating-bathroom-sink-vanity\/","title":{"rendered":"Mayorista Lavabo de Ba\u00f1o Flotante, Tocadores de Ba\u00f1o Blancos con Espejo y Lavabo de Cer\u00e1mica a Medida"},"content":{"rendered":"<div class=\"wp-block-columns is-layout-flex wp-container-core-columns-is-layout-9d6595d7 wp-block-columns-is-layout-flex\">\n<div class=\"wp-block-column is-layout-flow wp-block-column-is-layout-flow\">\n<h2 class=\"wp-block-heading\">Lavabo de ba\u00f1o flotante Vanidad Caracter\u00edsticas\uff1a<\/h2>\n\n\n\n<p><strong>Est\u00e9tica visual:<\/strong> Textura pura y estilo moderno, con el cuerpo del mueble principalmente en blanco como tono principal, combinado con textura de m\u00e1rmol natural, creando un efecto visual puro y de alta gama. El sencillo contorno rectangular y el dise\u00f1o de l\u00edneas rectas se hacen eco del n\u00facleo del estilo minimalista moderno, encajando f\u00e1cilmente en varios escenarios de decoraci\u00f3n de ba\u00f1os.<\/p>\n\n\n\n<p><strong>Dise\u00f1o mural:<\/strong> La adopci\u00f3n de un m\u00e9todo de instalaci\u00f3n montado en la pared libera por completo espacio en el suelo y mejora la transparencia visual de los cuartos de ba\u00f1o peque\u00f1os. La estructura suspendida facilita la limpieza diaria y evita la acumulaci\u00f3n de humedad; la relaci\u00f3n de profundidad y anchura del cuerpo del armario est\u00e1 coordinada para maximizar el uso del espacio de almacenamiento vertical. <\/p>\n\n\n\n<p><strong>Encimera de losa de roca<\/strong>Encimera: la encimera est\u00e1 hecha de material de losa de roca integrada, con una superficie densa y sin juntas, fuerte resistencia a la penetraci\u00f3n de manchas, y limpieza y mantenimiento sencillos.<\/p>\n\n\n\n<p><strong>Lavabo de cer\u00e1mica integrado<\/strong>: Se conecta a la perfecci\u00f3n con la encimera, lo que reduce los callejones sin salida sanitarios. El armario con espejo est\u00e1 equipado con una tira de iluminaci\u00f3n LED oculta, que proporciona una suave luz de relleno, y tambi\u00e9n funciona como espejo de belleza, mejorando la comodidad del usuario.<\/p>\n\n\n\n<p><strong>Una potente herramienta para mejorar los espacios peque\u00f1os: <\/strong>Especialmente dise\u00f1ado para cuartos de ba\u00f1o compactos, el armario es compacto pero conserva la funcionalidad de almacenamiento, con un amplio espacio reservado para las piernas debajo. Su tono neutro y su dise\u00f1o minimalista lo hacen f\u00e1cilmente compatible con diversos estilos de decoraci\u00f3n, como el n\u00f3rdico y el moderno, lo que lo convierte en una opci\u00f3n ideal para actualizar espacios de ba\u00f1o peque\u00f1os.<\/p>\n<\/div>\n\n\n\n<div class=\"wp-block-column is-layout-flow wp-block-column-is-layout-flow\"><div class=\"wp-block-image\">\n<figure class=\"aligncenter size-full\"><img decoding=\"async\" width=\"700\" height=\"700\" src=\"https:\/\/www.shouyasanitary.com\/wp-content\/uploads\/2025\/08\/Custom-Vanity-with-Mirror-Wash-Basin-for-Hotel-Bathroom.webp\" alt=\"Tocador a medida con lavabo de espejo para ba\u00f1o de hotel\" class=\"wp-image-1843\" style=\"object-fit:cover\" srcset=\"https:\/\/www.shouyasanitary.com\/wp-content\/uploads\/2025\/08\/Custom-Vanity-with-Mirror-Wash-Basin-for-Hotel-Bathroom.webp 700w, https:\/\/www.shouyasanitary.com\/wp-content\/uploads\/2025\/08\/Custom-Vanity-with-Mirror-Wash-Basin-for-Hotel-Bathroom-300x300.webp 300w, https:\/\/www.shouyasanitary.com\/wp-content\/uploads\/2025\/08\/Custom-Vanity-with-Mirror-Wash-Basin-for-Hotel-Bathroom-150x150.webp 150w, https:\/\/www.shouyasanitary.com\/wp-content\/uploads\/2025\/08\/Custom-Vanity-with-Mirror-Wash-Basin-for-Hotel-Bathroom-12x12.webp 12w, https:\/\/www.shouyasanitary.com\/wp-content\/uploads\/2025\/08\/Custom-Vanity-with-Mirror-Wash-Basin-for-Hotel-Bathroom-600x600.webp 600w, https:\/\/www.shouyasanitary.com\/wp-content\/uploads\/2025\/08\/Custom-Vanity-with-Mirror-Wash-Basin-for-Hotel-Bathroom-100x100.webp 100w\" sizes=\"(max-width: 700px) 100vw, 700px\" \/><\/figure>\n<\/div><\/div>\n<\/div>","protected":false},"excerpt":{"rendered":"<p>Mayorista lavabo flotante ba\u00f1o vanidad, dise\u00f1o minimalista blanco cuenta con una encimera de pizarra, un fregadero de cer\u00e1mica de una sola pieza, y un gabinete de espejo LED oculto. Utiliza un dise\u00f1o montado en la pared de ahorro de espacio y material de madera contrachapada duradera. El dise\u00f1o compacto es perfecto para apartamentos m\u00e1s peque\u00f1os. Venta al por mayor de f\u00e1brica, opciones personalizadas disponibles. P\u00f3ngase en contacto con nosotros para obtener m\u00e1s informaci\u00f3n.<\/p>\n<h2>Lavabo de ba\u00f1o flotante Vanidad Atributos\uff1a<\/h2>\n<p><strong>Art\u00edculo No: <\/strong>6047B-605<strong><br \/>Material del armario:<\/strong>\u00a0Contrachapado<br \/><strong>Color del armario:<\/strong> Blanco<br \/><strong>Espejo:<\/strong> Espejo LED (3,5 mm\/3,8 mm), iluminaci\u00f3n tricolor, desempa\u00f1ado con un solo toque, protegido con embalaje de espuma multicapa<br \/><strong>Tipo de instalaci\u00f3n:<\/strong>\u00a0Montaje en pared<br \/><strong>Dimensiones (L\u00d7A\u00d7H):<\/strong> 60x47x48 cm<br \/><strong>Peso bruto:<\/strong> 30 kg\/set<\/p>\n<h2>Personalizaci\u00f3n y servicios:<\/h2>\n<p><strong>OEM Y ODM<\/strong>: Soporte<br \/><strong>Dise\u00f1o<\/strong>: Gratis<br \/><strong>Accesorios<\/strong>: Lavabos, espejos, grifos y otros accesorios de ba\u00f1o<br \/><strong>Embalaje<\/strong>: Listo para montar<\/p>","protected":false},"featured_media":1843,"comment_status":"closed","ping_status":"closed","template":"","meta":{"_acf_changed":true},"product_brand":[],"product_cat":[20],"product_tag":[],"class_list":{"0":"post-1831","1":"product","2":"type-product","3":"status-publish","4":"has-post-thumbnail","6":"product_cat-wholesale-plywood-bathroom-vanity-cabinets","8":"first","9":"instock","10":"shipping-taxable","11":"product-type-simple"},"acf":[],"_links":{"self":[{"href":"https:\/\/www.shouyasanitary.com\/es\/wp-json\/wp\/v2\/product\/1831","targetHints":{"allow":["GET"]}}],"collection":[{"href":"https:\/\/www.shouyasanitary.com\/es\/wp-json\/wp\/v2\/product"}],"about":[{"href":"https:\/\/www.shouyasanitary.com\/es\/wp-json\/wp\/v2\/types\/product"}],"replies":[{"embeddable":true,"href":"https:\/\/www.shouyasanitary.com\/es\/wp-json\/wp\/v2\/comments?post=1831"}],"wp:featuredmedia":[{"embeddable":true,"href":"https:\/\/www.shouyasanitary.com\/es\/wp-json\/wp\/v2\/media\/1843"}],"wp:attachment":[{"href":"https:\/\/www.shouyasanitary.com\/es\/wp-json\/wp\/v2\/media?parent=1831"}],"wp:term":[{"taxonomy":"product_brand","embeddable":true,"href":"https:\/\/www.shouyasanitary.com\/es\/wp-json\/wp\/v2\/product_brand?post=1831"},{"taxonomy":"product_cat","embeddable":true,"href":"https:\/\/www.shouyasanitary.com\/es\/wp-json\/wp\/v2\/product_cat?post=1831"},{"taxonomy":"product_tag","embeddable":true,"href":"https:\/\/www.shouyasanitary.com\/es\/wp-json\/wp\/v2\/product_tag?post=1831"}],"curies":[{"name":"wp","href":"https:\/\/api.w.org\/{rel}","templated":true}]}}