{"id":1832,"date":"2025-08-29T08:46:00","date_gmt":"2025-08-29T08:46:00","guid":{"rendered":"https:\/\/www.shouyasanitary.com\/?post_type=product&#038;p=1832"},"modified":"2025-08-29T08:46:06","modified_gmt":"2025-08-29T08:46:06","slug":"wholesale-light-mirror-bathroom-cabinet","status":"publish","type":"product","link":"https:\/\/www.shouyasanitary.com\/es\/producto\/wholesale-light-mirror-bathroom-cabinet\/","title":{"rendered":"Mayorista Armario de Ba\u00f1o con Espejo de Luz, Tocadores de Ba\u00f1o de Madera Contrachapada en Tono C\u00e1lido Personalizados"},"content":{"rendered":"<div class=\"wp-block-columns is-layout-flex wp-container-core-columns-is-layout-9d6595d7 wp-block-columns-is-layout-flex\">\n<div class=\"wp-block-column is-layout-flow wp-block-column-is-layout-flow\">\n<h2 class=\"wp-block-heading\">Luz Espejo Mueble de Ba\u00f1o Caracter\u00edsticas:<\/h2>\n\n\n\n<p><strong>Tono c\u00e1lido:<\/strong> El cuerpo del armario adopta un color de grano de madera gris claro, formando un contraste de capas con la superficie gris oscura de la pared. La textura natural y delicada de la madera realza la calidez del espacio. <\/p>\n\n\n\n<p><strong>Material impermeable:<\/strong> La superficie de madera contrachapada est\u00e1 recubierta con una capa impermeable, resistente a los ambientes h\u00famedos, que conserva el tacto original de la madera, equilibrando est\u00e9tica y durabilidad. <\/p>\n\n\n\n<p><strong>Estructura flotante<\/strong>: La parte inferior del armario est\u00e1 separada del suelo, es visualmente ligera y transparente, f\u00e1cil de limpiar y evita la acumulaci\u00f3n de agua y la corrosi\u00f3n. <\/p>\n\n\n\n<p><strong>Almacenamiento pr\u00e1ctico: <\/strong>Los cajones de varias capas est\u00e1n equipados con gu\u00edas deslizantes silenciosas, con una divisi\u00f3n interna razonable, lo que facilita el almacenamiento de art\u00edculos de aseo y herramientas, y mejora el aprovechamiento del espacio.<\/p>\n\n\n\n<p><strong>Dise\u00f1o inteligente:<\/strong> Equipado con una tira de LED integrada y un espejo antivaho, proporciona una iluminaci\u00f3n uniforme, reduce las interferencias del vapor de agua y mejora la claridad para maquillarse o afeitarse. <\/p>\n\n\n\n<p><strong>Dise\u00f1o sencillo<\/strong>: Tanto la bisagra como el asa adoptan un dise\u00f1o minimalista, minimizando el desorden visual y garantizando la estabilidad a largo plazo.<\/p>\n\n\n\n<p><strong>Respetuoso con el medio ambiente: <\/strong>La madera contrachapada utiliza adhesivos respetuosos con el medio ambiente con baja emisi\u00f3n de formaldeh\u00eddo, cumpliendo los est\u00e1ndares de hogar ecol\u00f3gico. El revestimiento impermeable de la superficie puede limpiarse directamente con un pa\u00f1o h\u00famedo, por lo que no requiere un mantenimiento complejo, lo que la hace adecuada para un ritmo de vida acelerado.<\/p>\n<\/div>\n\n\n\n<div class=\"wp-block-column is-layout-flow wp-block-column-is-layout-flow\"><div class=\"wp-block-image\">\n<figure class=\"aligncenter size-full\"><img decoding=\"async\" width=\"700\" height=\"700\" src=\"https:\/\/www.shouyasanitary.com\/wp-content\/uploads\/2025\/08\/ODM-Bathroom-Vanity-with-Sink.webp\" alt=\"ODM Mueble de ba\u00f1o con lavabo\" class=\"wp-image-1840\" style=\"object-fit:cover\" srcset=\"https:\/\/www.shouyasanitary.com\/wp-content\/uploads\/2025\/08\/ODM-Bathroom-Vanity-with-Sink.webp 700w, https:\/\/www.shouyasanitary.com\/wp-content\/uploads\/2025\/08\/ODM-Bathroom-Vanity-with-Sink-300x300.webp 300w, https:\/\/www.shouyasanitary.com\/wp-content\/uploads\/2025\/08\/ODM-Bathroom-Vanity-with-Sink-150x150.webp 150w, https:\/\/www.shouyasanitary.com\/wp-content\/uploads\/2025\/08\/ODM-Bathroom-Vanity-with-Sink-12x12.webp 12w, https:\/\/www.shouyasanitary.com\/wp-content\/uploads\/2025\/08\/ODM-Bathroom-Vanity-with-Sink-600x600.webp 600w, https:\/\/www.shouyasanitary.com\/wp-content\/uploads\/2025\/08\/ODM-Bathroom-Vanity-with-Sink-100x100.webp 100w\" sizes=\"(max-width: 700px) 100vw, 700px\" \/><\/figure>\n<\/div><\/div>\n<\/div>","protected":false},"excerpt":{"rendered":"<p>Mueble de ba\u00f1o con espejo de luz al por mayor, equipado con cajones de varias capas, un espejo antivaho y tiras de luces LED, el grano de madera gris claro crea un ambiente c\u00e1lido. El dise\u00f1o colgante ahorra espacio. Es simple y pr\u00e1ctico, adecuado para una variedad de estilos de ba\u00f1o modernos. Disponemos de servicios personalizados. P\u00f3ngase en contacto con nosotros.<\/p>\n<h2>Luz Espejo Ba\u00f1o Gabinete Atributos\uff1a<\/h2>\n<p><strong>N\u00ba de art\u00edculo<\/strong>: 6047B-601<br \/><strong>Material del armario<\/strong>: Contrachapado<br \/><strong>Color del armario<\/strong>: Marr\u00f3n<\/p>\n<p><strong>Espejo:<\/strong> Espejo LED (3,5 mm\/3,8 mm), iluminaci\u00f3n tricolor, desempa\u00f1ado con un solo toque, protegido con embalaje de espuma multicapa<br \/><strong>Tipo de instalaci\u00f3n:<\/strong>\u00a0Montaje en pared<br \/><strong>Dimensiones (L\u00d7A\u00d7H):<\/strong> 60*47*48cm<\/p>\n<h2>Personalizaci\u00f3n y servicios:<\/h2>\n<p><strong>OEM Y ODM<\/strong>: Soporte<br \/><strong>Dise\u00f1o<\/strong>: Gratis<br \/><strong>Accesorios<\/strong>: Lavabos, espejos, grifos y otros accesorios de ba\u00f1o<br \/><strong>Embalaje<\/strong>: Listo para montar<\/p>","protected":false},"featured_media":1840,"comment_status":"closed","ping_status":"closed","template":"","meta":{"_acf_changed":true},"product_brand":[],"product_cat":[20],"product_tag":[],"class_list":{"0":"post-1832","1":"product","2":"type-product","3":"status-publish","4":"has-post-thumbnail","6":"product_cat-wholesale-plywood-bathroom-vanity-cabinets","8":"first","9":"instock","10":"shipping-taxable","11":"product-type-simple"},"acf":[],"_links":{"self":[{"href":"https:\/\/www.shouyasanitary.com\/es\/wp-json\/wp\/v2\/product\/1832","targetHints":{"allow":["GET"]}}],"collection":[{"href":"https:\/\/www.shouyasanitary.com\/es\/wp-json\/wp\/v2\/product"}],"about":[{"href":"https:\/\/www.shouyasanitary.com\/es\/wp-json\/wp\/v2\/types\/product"}],"replies":[{"embeddable":true,"href":"https:\/\/www.shouyasanitary.com\/es\/wp-json\/wp\/v2\/comments?post=1832"}],"wp:featuredmedia":[{"embeddable":true,"href":"https:\/\/www.shouyasanitary.com\/es\/wp-json\/wp\/v2\/media\/1840"}],"wp:attachment":[{"href":"https:\/\/www.shouyasanitary.com\/es\/wp-json\/wp\/v2\/media?parent=1832"}],"wp:term":[{"taxonomy":"product_brand","embeddable":true,"href":"https:\/\/www.shouyasanitary.com\/es\/wp-json\/wp\/v2\/product_brand?post=1832"},{"taxonomy":"product_cat","embeddable":true,"href":"https:\/\/www.shouyasanitary.com\/es\/wp-json\/wp\/v2\/product_cat?post=1832"},{"taxonomy":"product_tag","embeddable":true,"href":"https:\/\/www.shouyasanitary.com\/es\/wp-json\/wp\/v2\/product_tag?post=1832"}],"curies":[{"name":"wp","href":"https:\/\/api.w.org\/{rel}","templated":true}]}}