{"id":1894,"date":"2025-09-07T23:16:48","date_gmt":"2025-09-07T23:16:48","guid":{"rendered":"https:\/\/www.shouyasanitary.com\/?post_type=product&#038;p=1894"},"modified":"2025-09-07T23:16:50","modified_gmt":"2025-09-07T23:16:50","slug":"custom-bathroom-sink-cabinets","status":"publish","type":"product","link":"https:\/\/www.shouyasanitary.com\/es\/producto\/custom-bathroom-sink-cabinets\/","title":{"rendered":"Lavabo de ba\u00f1o personalizado gabinetes de color caqui, madera contrachapada moderno cuarto de ba\u00f1o tocador con espejo y caj\u00f3n de proveedores"},"content":{"rendered":"<div class=\"wp-block-columns is-layout-flex wp-container-core-columns-is-layout-9d6595d7 wp-block-columns-is-layout-flex\">\n<div class=\"wp-block-column is-layout-flow wp-block-column-is-layout-flow\">\n<h2 class=\"wp-block-heading\">Armarios para lavabos de ba\u00f1o Caracter\u00edsticas:<\/h2>\n\n\n\n<p><strong>Sencillo y elegante: <\/strong>El color principal del mueble es un blanco sencillo, combinado con tiradores dorados, que desprenden elegancia en medio de la sencillez, combinando con el estilo general retro pero a la moda del cuarto de ba\u00f1o y realzando la sensaci\u00f3n de sofisticaci\u00f3n del espacio desde el punto de vista del color. <\/p>\n\n\n\n<p><strong>Est\u00e9tica de l\u00edneas<\/strong>: Las l\u00edneas limpias y los paneles de puerta a rayas verticales evitan que el armario parezca mon\u00f3tono, complementando elementos como arcos y azulejos retro, creando una escena est\u00e9tica armoniosa y unificada en el cuarto de ba\u00f1o.<\/p>\n\n\n\n<p><strong>Dise\u00f1o de doble lavabo<\/strong>: Satisface las necesidades de varios usuarios simult\u00e1neamente, garantizando un aseo diario eficiente y ordenado durante los periodos de mayor afluencia, mejorando as\u00ed la eficiencia del uso del ba\u00f1o. <\/p>\n\n\n\n<p><strong>Pr\u00e1ctica funci\u00f3n de almacenamiento<\/strong>: La combinaci\u00f3n de cajones de varios niveles en la parte inferior y una encimera abierta permite un almacenamiento eficiente de art\u00edculos peque\u00f1os como art\u00edculos de tocador y productos para el cuidado de la piel en los cajones, mientras que la encimera ofrece espacio para art\u00edculos de uso com\u00fan o arreglos florales decorativos, equilibrando las funciones de almacenamiento y exposici\u00f3n.<\/p>\n\n\n\n<p><strong>Material contrachapado de alta calidad: <\/strong>En t\u00e9rminos de propiedades f\u00edsicas, la madera contrachapada presenta una buena resistencia a la compresi\u00f3n y a la deformaci\u00f3n. En los cuartos de ba\u00f1o h\u00famedos, es menos propenso a agrietarse y alabearse debido a los cambios de humedad, lo que garantiza la estabilidad del mueble a largo plazo. En comparaci\u00f3n con la madera maciza, la madera contrachapada es m\u00e1s respetuosa con el medio ambiente en t\u00e9rminos de abastecimiento de materiales, con una alta tasa de utilizaci\u00f3n de la madera durante la producci\u00f3n. Adem\u00e1s, tras el tratamiento de la superficie, posee ciertas propiedades de impermeabilidad y resistencia a la humedad, lo que la hace adecuada para cuartos de ba\u00f1o h\u00famedos y ofrece una mejor relaci\u00f3n coste-rendimiento que algunas maderas naturales. <\/p>\n\n\n\n<p><strong>F\u00e1cil de instalar:<\/strong> Su peso relativamente ligero facilita la instalaci\u00f3n y el posterior traslado, reduciendo la carga sobre paredes y suelos, al tiempo que facilita el transporte y la instalaci\u00f3n.<\/p>\n<\/div>\n\n\n\n<div class=\"wp-block-column is-layout-flow wp-block-column-is-layout-flow\"><div class=\"wp-block-image\">\n<figure class=\"aligncenter size-full\"><img decoding=\"async\" width=\"700\" height=\"700\" src=\"https:\/\/www.shouyasanitary.com\/wp-content\/uploads\/2025\/08\/Custom-Solutions-Bathroom-Cabinet-With-Drawers.webp\" alt=\"Soluciones a medida Armario de ba\u00f1o con cajones\" class=\"wp-image-1911\" style=\"object-fit:cover\" srcset=\"https:\/\/www.shouyasanitary.com\/wp-content\/uploads\/2025\/08\/Custom-Solutions-Bathroom-Cabinet-With-Drawers.webp 700w, https:\/\/www.shouyasanitary.com\/wp-content\/uploads\/2025\/08\/Custom-Solutions-Bathroom-Cabinet-With-Drawers-300x300.webp 300w, https:\/\/www.shouyasanitary.com\/wp-content\/uploads\/2025\/08\/Custom-Solutions-Bathroom-Cabinet-With-Drawers-150x150.webp 150w, https:\/\/www.shouyasanitary.com\/wp-content\/uploads\/2025\/08\/Custom-Solutions-Bathroom-Cabinet-With-Drawers-12x12.webp 12w, https:\/\/www.shouyasanitary.com\/wp-content\/uploads\/2025\/08\/Custom-Solutions-Bathroom-Cabinet-With-Drawers-600x600.webp 600w, https:\/\/www.shouyasanitary.com\/wp-content\/uploads\/2025\/08\/Custom-Solutions-Bathroom-Cabinet-With-Drawers-100x100.webp 100w\" sizes=\"(max-width: 700px) 100vw, 700px\" \/><\/figure>\n<\/div><\/div>\n<\/div>","protected":false},"excerpt":{"rendered":"<p>Armarios para lavabo de ba\u00f1o a medida, las divisiones izquierda y derecha cuentan con armarios con espejos y estantes abiertos para satisfacer diversas necesidades de almacenamiento. El material de madera contrachapada y el dise\u00f1o colgante son resistentes a la humedad y f\u00e1ciles de limpiar. Tambi\u00e9n almacenamos pedidos semipersonalizados a granel. P\u00f3ngase en contacto con nosotros para obtener un cat\u00e1logo de productos.<\/p>\n<h2>Armarios para lavabos de ba\u00f1o Atributos\uff1a<\/h2>\n<p><strong>N\u00ba de art\u00edculo<\/strong>: SYY20250801-100<br \/><strong>Material del armario<\/strong>: Contrachapado<br \/><strong>Color del armario<\/strong>: Caqui<br \/><strong>Espejo<\/strong>: Espejo LED (3,5 mm \/ 3,8 mm), iluminaci\u00f3n tricolor, desempa\u00f1ado con un solo toque, protegido con embalaje de espuma multicapa <br \/><strong>Tipo de instalaci\u00f3n<\/strong>: Montaje en pared <br \/><strong>Dimensiones (L \u00d7 A \u00d7 A)<\/strong>: 100 x 50 x 50 cm<br \/><strong>Peso bruto<\/strong>: 35kg\/set<\/p>\n<h2>Personalizaci\u00f3n y servicios:<\/h2>\n<p><strong>OEM Y ODM<\/strong>: Soporte<br \/><strong>Dise\u00f1o<\/strong>: Gratis<br \/><strong>Accesorios<\/strong>: Lavabos, espejos, grifos y otros accesorios de ba\u00f1o<br \/><strong>Embalaje<\/strong>: Listo para montar<\/p>","protected":false},"featured_media":1911,"comment_status":"closed","ping_status":"closed","template":"","meta":{"_acf_changed":true},"product_brand":[],"product_cat":[20],"product_tag":[],"class_list":{"0":"post-1894","1":"product","2":"type-product","3":"status-publish","4":"has-post-thumbnail","6":"product_cat-wholesale-plywood-bathroom-vanity-cabinets","8":"first","9":"instock","10":"shipping-taxable","11":"product-type-simple"},"acf":[],"_links":{"self":[{"href":"https:\/\/www.shouyasanitary.com\/es\/wp-json\/wp\/v2\/product\/1894","targetHints":{"allow":["GET"]}}],"collection":[{"href":"https:\/\/www.shouyasanitary.com\/es\/wp-json\/wp\/v2\/product"}],"about":[{"href":"https:\/\/www.shouyasanitary.com\/es\/wp-json\/wp\/v2\/types\/product"}],"replies":[{"embeddable":true,"href":"https:\/\/www.shouyasanitary.com\/es\/wp-json\/wp\/v2\/comments?post=1894"}],"wp:featuredmedia":[{"embeddable":true,"href":"https:\/\/www.shouyasanitary.com\/es\/wp-json\/wp\/v2\/media\/1911"}],"wp:attachment":[{"href":"https:\/\/www.shouyasanitary.com\/es\/wp-json\/wp\/v2\/media?parent=1894"}],"wp:term":[{"taxonomy":"product_brand","embeddable":true,"href":"https:\/\/www.shouyasanitary.com\/es\/wp-json\/wp\/v2\/product_brand?post=1894"},{"taxonomy":"product_cat","embeddable":true,"href":"https:\/\/www.shouyasanitary.com\/es\/wp-json\/wp\/v2\/product_cat?post=1894"},{"taxonomy":"product_tag","embeddable":true,"href":"https:\/\/www.shouyasanitary.com\/es\/wp-json\/wp\/v2\/product_tag?post=1894"}],"curies":[{"name":"wp","href":"https:\/\/api.w.org\/{rel}","templated":true}]}}