{"id":1895,"date":"2025-08-29T08:51:47","date_gmt":"2025-08-29T08:51:47","guid":{"rendered":"https:\/\/www.shouyasanitary.com\/?post_type=product&#038;p=1895"},"modified":"2025-08-29T08:51:53","modified_gmt":"2025-08-29T08:51:53","slug":"wholesale-mirror-bathroom-cabinet","status":"publish","type":"product","link":"https:\/\/www.shouyasanitary.com\/es\/producto\/wholesale-mirror-bathroom-cabinet\/","title":{"rendered":"Mayorista Armario de Ba\u00f1o con Espejo, Lavabo de Pared con Encimera de Lujo a Granel"},"content":{"rendered":"<div class=\"wp-block-columns is-layout-flex wp-container-core-columns-is-layout-9d6595d7 wp-block-columns-is-layout-flex\">\n<div class=\"wp-block-column is-layout-flow wp-block-column-is-layout-flow\">\n<h2 class=\"wp-block-heading\">Espejo Armario de Ba\u00f1o Caracter\u00edsticas:<\/h2>\n\n\n\n<p><strong>Est\u00e9tica de dise\u00f1o a la moda<\/strong>: los espejos irregulares y las rayas verticales de la superficie del mueble rompen la tradicional disposici\u00f3n cuadrada y muestran un temperamento art\u00edstico \u00fanico.<\/p>\n\n\n\n<p><strong>Efecto de combinaci\u00f3n vers\u00e1til:<\/strong> Este mueble de ba\u00f1o se adapta a cualquier estilo y puede integrarse perfectamente en la decoraci\u00f3n de cualquier cuarto de ba\u00f1o, ya sea de estilo moderno minimalista, estilo n\u00f3rdico o estilo pastoral. Crear\u00e1 para usted un espacio de ba\u00f1o c\u00f3modo, bonito y totalmente funcional.<\/p>\n\n\n\n<p><strong>Material contrachapado de alta calidad<\/strong>: Tiene una excelente estabilidad y durabilidad, resiste eficazmente la influencia del ambiente h\u00famedo del cuarto de ba\u00f1o, y no es propenso a deformarse ni agrietarse. La superficie ha sido sometida a un tratamiento especial, con un excelente rendimiento a prueba de agua y humedad, f\u00e1cil de limpiar y mantener.<\/p>\n\n\n\n<p><strong>Potente funci\u00f3n de almacenamiento: <\/strong>El dise\u00f1o de 80 cm de tama\u00f1o es razonable, con una disposici\u00f3n de doble caj\u00f3n que proporciona un amplio espacio de almacenamiento. Puede almacenar f\u00e1cilmente art\u00edculos como art\u00edculos de tocador, toallas y cosm\u00e9ticos por categor\u00edas, haciendo que la encimera del ba\u00f1o est\u00e9 m\u00e1s ordenada. El interior del caj\u00f3n es espacioso, por lo que resulta c\u00f3modo y r\u00e1pido acceder a los art\u00edculos, satisfaciendo sus diversas necesidades de almacenamiento.<\/p>\n\n\n\n<p><strong>Optimizaci\u00f3n del espacio<\/strong>: El dise\u00f1o montado en la pared reduce el espacio y es f\u00e1cil de limpiar, adecuado para apartamentos peque\u00f1os y cuartos de ba\u00f1o grandes. El espejo irregular ampl\u00eda el efecto visual y aumenta la sensaci\u00f3n de espacio.<\/p>\n\n\n\n<p><strong>Suministro directo de f\u00e1brica<\/strong>: Env\u00edo de la f\u00e1brica de la fuente de Shouya, calidad estable, precio m\u00e1s competitivo.<\/p>\n<\/div>\n\n\n\n<div class=\"wp-block-column is-layout-flow wp-block-column-is-layout-flow\"><div class=\"wp-block-image\">\n<figure class=\"aligncenter size-full\"><img decoding=\"async\" width=\"700\" height=\"700\" src=\"https:\/\/www.shouyasanitary.com\/wp-content\/uploads\/2025\/08\/Bulk-Purchases-Plywood-bathroom-cabinet-vanity.webp\" alt=\"Compras a granel Contrachapado mueble de ba\u00f1o tocador\" class=\"wp-image-1899\" style=\"object-fit:cover\" srcset=\"https:\/\/www.shouyasanitary.com\/wp-content\/uploads\/2025\/08\/Bulk-Purchases-Plywood-bathroom-cabinet-vanity.webp 700w, https:\/\/www.shouyasanitary.com\/wp-content\/uploads\/2025\/08\/Bulk-Purchases-Plywood-bathroom-cabinet-vanity-300x300.webp 300w, https:\/\/www.shouyasanitary.com\/wp-content\/uploads\/2025\/08\/Bulk-Purchases-Plywood-bathroom-cabinet-vanity-150x150.webp 150w, https:\/\/www.shouyasanitary.com\/wp-content\/uploads\/2025\/08\/Bulk-Purchases-Plywood-bathroom-cabinet-vanity-12x12.webp 12w, https:\/\/www.shouyasanitary.com\/wp-content\/uploads\/2025\/08\/Bulk-Purchases-Plywood-bathroom-cabinet-vanity-600x600.webp 600w, https:\/\/www.shouyasanitary.com\/wp-content\/uploads\/2025\/08\/Bulk-Purchases-Plywood-bathroom-cabinet-vanity-100x100.webp 100w\" sizes=\"(max-width: 700px) 100vw, 700px\" \/><\/figure>\n<\/div><\/div>\n<\/div>","protected":false},"excerpt":{"rendered":"<p>Bienvenido al por mayor armario con espejo de ba\u00f1o, cuenta con un espejo irregular, rayas verticales un dise\u00f1o de doble caj\u00f3n, creando un dise\u00f1o elegante y ahorro de espacio. Hecho de material de madera contrachapada, es durable y ofrece un amplio espacio de almacenamiento. Suministro directo de f\u00e1brica, apoyamos la venta al por mayor y la personalizaci\u00f3n, por lo que es ideal para proyectos y distribuidores. P\u00f3ngase en contacto con nosotros para obtener un presupuesto.<\/p>\n<h2>Espejo Armario de Ba\u00f1o Atributos\uff1a<\/h2>\n<p><strong>N\u00ba de art\u00edculo<\/strong>: SYY20250806-80<br \/><strong>Material del armario<\/strong>: Contrachapado<br \/><strong>Color del armario<\/strong>: Marr\u00f3n<br \/><strong>Espejo<\/strong>: Espejo LED (3,5 mm \/ 3,8 mm), iluminaci\u00f3n tricolor, desempa\u00f1ado con un solo toque, protegido con embalaje de espuma multicapa <br \/><strong>Tipo de instalaci\u00f3n<\/strong>: Montaje en pared <br \/><strong>Dimensiones (L \u00d7 A \u00d7 A)<\/strong>: 80 x 50 x 52 cm<br \/><strong>Peso bruto<\/strong>: 30kg\/set<\/p>\n<h2>Personalizaci\u00f3n y servicios:<\/h2>\n<p><strong>OEM Y ODM<\/strong>: Soporte<br \/><strong>Dise\u00f1o<\/strong>: Gratis<br \/><strong>Accesorios<\/strong>: Lavabos, espejos, grifos y otros accesorios de ba\u00f1o<br \/><strong>Embalaje<\/strong>: Listo para montar<\/p>","protected":false},"featured_media":1899,"comment_status":"closed","ping_status":"closed","template":"","meta":{"_acf_changed":true},"product_brand":[],"product_cat":[20],"product_tag":[],"class_list":{"0":"post-1895","1":"product","2":"type-product","3":"status-publish","4":"has-post-thumbnail","6":"product_cat-wholesale-plywood-bathroom-vanity-cabinets","8":"first","9":"instock","10":"shipping-taxable","11":"product-type-simple"},"acf":[],"_links":{"self":[{"href":"https:\/\/www.shouyasanitary.com\/es\/wp-json\/wp\/v2\/product\/1895","targetHints":{"allow":["GET"]}}],"collection":[{"href":"https:\/\/www.shouyasanitary.com\/es\/wp-json\/wp\/v2\/product"}],"about":[{"href":"https:\/\/www.shouyasanitary.com\/es\/wp-json\/wp\/v2\/types\/product"}],"replies":[{"embeddable":true,"href":"https:\/\/www.shouyasanitary.com\/es\/wp-json\/wp\/v2\/comments?post=1895"}],"wp:featuredmedia":[{"embeddable":true,"href":"https:\/\/www.shouyasanitary.com\/es\/wp-json\/wp\/v2\/media\/1899"}],"wp:attachment":[{"href":"https:\/\/www.shouyasanitary.com\/es\/wp-json\/wp\/v2\/media?parent=1895"}],"wp:term":[{"taxonomy":"product_brand","embeddable":true,"href":"https:\/\/www.shouyasanitary.com\/es\/wp-json\/wp\/v2\/product_brand?post=1895"},{"taxonomy":"product_cat","embeddable":true,"href":"https:\/\/www.shouyasanitary.com\/es\/wp-json\/wp\/v2\/product_cat?post=1895"},{"taxonomy":"product_tag","embeddable":true,"href":"https:\/\/www.shouyasanitary.com\/es\/wp-json\/wp\/v2\/product_tag?post=1895"}],"curies":[{"name":"wp","href":"https:\/\/api.w.org\/{rel}","templated":true}]}}