{"id":1896,"date":"2025-09-07T23:16:50","date_gmt":"2025-09-07T23:16:50","guid":{"rendered":"https:\/\/www.shouyasanitary.com\/?post_type=product&#038;p=1896"},"modified":"2025-09-07T23:16:52","modified_gmt":"2025-09-07T23:16:52","slug":"wholesale-wall-mount-bathroom-cabinet","status":"publish","type":"product","link":"https:\/\/www.shouyasanitary.com\/es\/producto\/wholesale-wall-mount-bathroom-cabinet\/","title":{"rendered":"Mayorista Armario de Ba\u00f1o de Pared, Espejo Redondo Madera Contrachapada Set de Tocador de Ba\u00f1o Batch Supply"},"content":{"rendered":"<div class=\"wp-block-columns is-layout-flex wp-container-core-columns-is-layout-9d6595d7 wp-block-columns-is-layout-flex\">\n<div class=\"wp-block-column is-layout-flow wp-block-column-is-layout-flow\">\n<h2 class=\"wp-block-heading\">Armario de ba\u00f1o de montaje en pared Caracter\u00edsticas\uff1a<\/h2>\n\n\n\n<p><strong>Materiales de calidad superior<\/strong>: Est\u00e1 meticulosamente seleccionada en cuanto a materiales. La encimera est\u00e1 hecha de materiales de alta calidad, con una superficie lisa y f\u00e1cil de limpiar. La parte del armario utiliza material de madera contrachapada, que ha sido finamente procesado y tiene una textura s\u00f3lida y estable, no es propenso a la deformaci\u00f3n o agrietamiento, asegurando eficazmente la vida \u00fatil del producto y a\u00f1adiendo fiabilidad y tranquilidad al cuarto de ba\u00f1o.<\/p>\n\n\n\n<p><strong>Tama\u00f1o razonable:<\/strong> El tama\u00f1o total es de 80 cm. Este dise\u00f1o de especificaciones moderadas le permite adaptarse a espacios de ba\u00f1o de distintos tama\u00f1os. Tanto si se trata de un cuarto de ba\u00f1o peque\u00f1o que busca un uso eficiente del espacio como de un cuarto de ba\u00f1o m\u00e1s grande que sirve como elemento decorativo, puede integrarse perfectamente. <\/p>\n\n\n\n<p><strong>Instalaci\u00f3n mural<\/strong>: No s\u00f3lo ahorra espacio en el suelo, haciendo que el cuarto de ba\u00f1o parezca m\u00e1s espacioso y ordenado, sino que tambi\u00e9n facilita la limpieza y el mantenimiento diarios, reduciendo las zonas de limpieza ocultas.<\/p>\n\n\n\n<p><strong>Espejo \u00fanico redondo e irregular<\/strong>: Los bordes est\u00e1n acabados con cenefas de madera, coordinando con el estilo de grano de madera del armario, a\u00f1adiendo una atm\u00f3sfera natural y c\u00e1lida. Alrededor del espejo hay una iluminaci\u00f3n suave que no s\u00f3lo realza visualmente el estilo del cuarto de ba\u00f1o, sino que tambi\u00e9n proporciona luz suficiente y uniforme para el aseo diario, el maquillaje, etc.<\/p>\n\n\n\n<p><strong>Combinaci\u00f3n pr\u00e1ctica que satisface las necesidades diarias<\/strong><br>Se trata de un pr\u00e1ctico producto combinado que integra un lavabo, un armario y un espejo. El lavabo proporciona un amplio espacio de funcionamiento, satisfaciendo las necesidades diarias de aseo y creando una experiencia de ba\u00f1o eficiente y c\u00f3moda para los usuarios.<\/p>\n<\/div>\n\n\n\n<div class=\"wp-block-column is-layout-flow wp-block-column-is-layout-flow\"><div class=\"wp-block-image\">\n<figure class=\"aligncenter size-full\"><img decoding=\"async\" width=\"700\" height=\"700\" src=\"https:\/\/www.shouyasanitary.com\/wp-content\/uploads\/2025\/08\/Wholesale-80CM-plywood-Bathroom-Vanity-Cabinet.webp\" alt=\"Venta al por mayor 80CM contrachapado Cuarto de ba\u00f1o Vanidad Gabinete\" class=\"wp-image-1908\" style=\"object-fit:cover\" srcset=\"https:\/\/www.shouyasanitary.com\/wp-content\/uploads\/2025\/08\/Wholesale-80CM-plywood-Bathroom-Vanity-Cabinet.webp 700w, https:\/\/www.shouyasanitary.com\/wp-content\/uploads\/2025\/08\/Wholesale-80CM-plywood-Bathroom-Vanity-Cabinet-300x300.webp 300w, https:\/\/www.shouyasanitary.com\/wp-content\/uploads\/2025\/08\/Wholesale-80CM-plywood-Bathroom-Vanity-Cabinet-150x150.webp 150w, https:\/\/www.shouyasanitary.com\/wp-content\/uploads\/2025\/08\/Wholesale-80CM-plywood-Bathroom-Vanity-Cabinet-12x12.webp 12w, https:\/\/www.shouyasanitary.com\/wp-content\/uploads\/2025\/08\/Wholesale-80CM-plywood-Bathroom-Vanity-Cabinet-600x600.webp 600w, https:\/\/www.shouyasanitary.com\/wp-content\/uploads\/2025\/08\/Wholesale-80CM-plywood-Bathroom-Vanity-Cabinet-100x100.webp 100w\" sizes=\"(max-width: 700px) 100vw, 700px\" \/><\/figure>\n<\/div><\/div>\n<\/div>","protected":false},"excerpt":{"rendered":"<p>Armario de ba\u00f1o de montaje en pared al por mayor, tama\u00f1o de 80 cm con madera contrachapada resistente al agua, es duradero, con un dise\u00f1o elegante y pr\u00e1ctico. Las funciones completas y dimensiones razonables hacen que sea adecuado para diversos escenarios, ayudando a satisfacer f\u00e1cilmente las necesidades del cliente. Ofrecemos una soluci\u00f3n integral de art\u00edculos sanitarios. No dude en ponerse en contacto con nosotros.<\/p>\n<h2>Gabinete de ba\u00f1o de montaje en pared atributos\uff1a<\/h2>\n<p><strong>N\u00ba de art\u00edculo<\/strong>:SYY20250810-80<br \/><strong>Material del armario:<\/strong>\u00a0Contrachapado<br \/><strong>Color del armario: <\/strong>Marr\u00f3n<br \/><strong>Espejo:<\/strong> Espejo LED (3,5 mm\/3,8 mm), iluminaci\u00f3n tricolor, desempa\u00f1ado con un solo toque, protegido con embalaje de espuma multicapa<br \/><strong>Tipo de instalaci\u00f3n:<\/strong>\u00a0Montaje en pared<br \/><strong>Dimensiones (L\u00d7A\u00d7H):<\/strong> 80x48x52 cm<br \/><strong>Peso bruto:<\/strong> 30 kg\/set<\/p>\n<h2>Personalizaci\u00f3n y servicios:<\/h2>\n<p><strong>OEM Y ODM<\/strong>: Soporte<br \/><strong>Dise\u00f1o<\/strong>: Gratis<br \/><strong>Accesorios<\/strong>: Lavabos, espejos, grifos y otros accesorios de ba\u00f1o<br \/><strong>Embalaje<\/strong>: Listo para montar<\/p>","protected":false},"featured_media":1908,"comment_status":"closed","ping_status":"closed","template":"","meta":{"_acf_changed":true},"product_brand":[],"product_cat":[20],"product_tag":[],"class_list":{"0":"post-1896","1":"product","2":"type-product","3":"status-publish","4":"has-post-thumbnail","6":"product_cat-wholesale-plywood-bathroom-vanity-cabinets","8":"first","9":"instock","10":"shipping-taxable","11":"product-type-simple"},"acf":[],"_links":{"self":[{"href":"https:\/\/www.shouyasanitary.com\/es\/wp-json\/wp\/v2\/product\/1896","targetHints":{"allow":["GET"]}}],"collection":[{"href":"https:\/\/www.shouyasanitary.com\/es\/wp-json\/wp\/v2\/product"}],"about":[{"href":"https:\/\/www.shouyasanitary.com\/es\/wp-json\/wp\/v2\/types\/product"}],"replies":[{"embeddable":true,"href":"https:\/\/www.shouyasanitary.com\/es\/wp-json\/wp\/v2\/comments?post=1896"}],"wp:featuredmedia":[{"embeddable":true,"href":"https:\/\/www.shouyasanitary.com\/es\/wp-json\/wp\/v2\/media\/1908"}],"wp:attachment":[{"href":"https:\/\/www.shouyasanitary.com\/es\/wp-json\/wp\/v2\/media?parent=1896"}],"wp:term":[{"taxonomy":"product_brand","embeddable":true,"href":"https:\/\/www.shouyasanitary.com\/es\/wp-json\/wp\/v2\/product_brand?post=1896"},{"taxonomy":"product_cat","embeddable":true,"href":"https:\/\/www.shouyasanitary.com\/es\/wp-json\/wp\/v2\/product_cat?post=1896"},{"taxonomy":"product_tag","embeddable":true,"href":"https:\/\/www.shouyasanitary.com\/es\/wp-json\/wp\/v2\/product_tag?post=1896"}],"curies":[{"name":"wp","href":"https:\/\/api.w.org\/{rel}","templated":true}]}}