{"id":1897,"date":"2025-08-29T08:58:32","date_gmt":"2025-08-29T08:58:32","guid":{"rendered":"https:\/\/www.shouyasanitary.com\/?post_type=product&#038;p=1897"},"modified":"2025-08-29T08:58:38","modified_gmt":"2025-08-29T08:58:38","slug":"custom-luxury-bathroom-cabinets","status":"publish","type":"product","link":"https:\/\/www.shouyasanitary.com\/es\/producto\/custom-luxury-bathroom-cabinets\/","title":{"rendered":"Gabinetes de ba\u00f1o de lujo personalizados, tocador de ba\u00f1o de madera contrachapada de grado de ingenier\u00eda para hotel a granel"},"content":{"rendered":"<div class=\"wp-block-columns is-layout-flex wp-container-core-columns-is-layout-9d6595d7 wp-block-columns-is-layout-flex\">\n<div class=\"wp-block-column is-layout-flow wp-block-column-is-layout-flow\">\n<h2 class=\"wp-block-heading\">Caracter\u00edsticas de los armarios de ba\u00f1o de lujo\uff1a<\/h2>\n\n\n\n<p><strong>Lujoso dise\u00f1o exterior: <\/strong>En el dise\u00f1o general predomina el m\u00e1rmol negro, con texturas naturales y grandiosas. Es como un cuadro de arte natural, que resalta el temperamento noble y elegante. El exclusivo dise\u00f1o de la superficie de espejo en forma de nube, combinado con una suave retroiluminaci\u00f3n, no solo a\u00f1ade profundidad visual y tridimensionalidad al espacio, sino que tambi\u00e9n crea una atm\u00f3sfera c\u00e1lida y rom\u00e1ntica.<\/p>\n\n\n\n<p><strong>Selecci\u00f3n de materiales de alta calidad:<\/strong> El m\u00e1rmol negro de primera calidad se utiliza como material de encimera y fondo. Es muy duradero y resistente al desgaste. El m\u00e1rmol tiene propiedades impermeables naturales y no es propenso a las filtraciones de agua, por lo que resulta c\u00f3modo de limpiar y mantener. La parte del mueble est\u00e1 fabricada con materiales de alta calidad, con una estructura estable y una larga durabilidad. La superficie del espejo utiliza cristal de alta definici\u00f3n a prueba de explosiones, que es seguro y fiable, con im\u00e1genes claras, proporcion\u00e1ndole una experiencia de uso definitiva.<\/p>\n\n\n\n<p><strong>Adaptaci\u00f3n de escenas de alta gama: <\/strong>Este mueble de ba\u00f1o, con su aspecto lujoso y su excelente calidad, puede adaptarse perfectamente a los estilos de decoraci\u00f3n de ba\u00f1os de hoteles de alta gama, villas de lujo y apartamentos boutique, realzando el grado y el gusto de todo el espacio y proporcionando a los usuarios una experiencia de ba\u00f1o de lujo.<\/p>\n\n\n\n<p><strong>Funciones potentes y pr\u00e1cticas:<\/strong> La encimera de 120 cm de ancho ofrece un amplio espacio de maniobra, lo que permite colocar f\u00e1cilmente art\u00edculos de tocador, cosm\u00e9ticos y otros objetos. A\u00f1ade un ambiente art\u00edstico al cuarto de ba\u00f1o y le facilita el acceso a los art\u00edculos de uso frecuente. El armario inferior tiene una gran capacidad de almacenamiento, satisfaciendo sus necesidades de almacenamiento clasificado de art\u00edculos de ba\u00f1o.<\/p>\n\n\n\n<p><strong>Servicio personalizado<\/strong>: El tama\u00f1o, el color, el material y el esquema de combinaci\u00f3n se pueden personalizar seg\u00fan los requisitos del proyecto para satisfacer las diversas necesidades de hoteles, casas de alta decoraci\u00f3n y proyectos de ingenier\u00eda.<\/p>\n<\/div>\n\n\n\n<div class=\"wp-block-column is-layout-flow wp-block-column-is-layout-flow\"><div class=\"wp-block-image\">\n<figure class=\"aligncenter size-full\"><img decoding=\"async\" width=\"700\" height=\"700\" src=\"https:\/\/www.shouyasanitary.com\/wp-content\/uploads\/2025\/08\/OEM-plywood-Bathroom-Vanity-Cabinet.webp\" alt=\"OEM contrachapado Ba\u00f1o Vanidad Gabinete\" class=\"wp-image-1905\" style=\"object-fit:cover\" srcset=\"https:\/\/www.shouyasanitary.com\/wp-content\/uploads\/2025\/08\/OEM-plywood-Bathroom-Vanity-Cabinet.webp 700w, https:\/\/www.shouyasanitary.com\/wp-content\/uploads\/2025\/08\/OEM-plywood-Bathroom-Vanity-Cabinet-300x300.webp 300w, https:\/\/www.shouyasanitary.com\/wp-content\/uploads\/2025\/08\/OEM-plywood-Bathroom-Vanity-Cabinet-150x150.webp 150w, https:\/\/www.shouyasanitary.com\/wp-content\/uploads\/2025\/08\/OEM-plywood-Bathroom-Vanity-Cabinet-12x12.webp 12w, https:\/\/www.shouyasanitary.com\/wp-content\/uploads\/2025\/08\/OEM-plywood-Bathroom-Vanity-Cabinet-600x600.webp 600w, https:\/\/www.shouyasanitary.com\/wp-content\/uploads\/2025\/08\/OEM-plywood-Bathroom-Vanity-Cabinet-100x100.webp 100w\" sizes=\"(max-width: 700px) 100vw, 700px\" \/><\/figure>\n<\/div><\/div>\n<\/div>","protected":false},"excerpt":{"rendered":"<p>Los armarios de ba\u00f1o de lujo personalizados, combinados con un espejo LED en forma de nube y una amplia encimera de m\u00e1rmol, son adecuados para espacios de gama alta como hoteles, villas y apartamentos. Shouya f\u00e1brica de suministro directo, el apoyo a la venta al por mayor y la personalizaci\u00f3n. No dude en ponerse en contacto con nosotros.<\/p>\n<h2>Gabinetes de Ba\u00f1o de Lujo Atributos\uff1a<\/h2>\n<p><strong>N\u00ba de art\u00edculo<\/strong>: SYY20250808-120<br \/><strong>Material del armario:<\/strong>\u00a0Contrachapado<br \/><strong>Color del armario: <\/strong>Marr\u00f3n<br \/><strong>Espejo:<\/strong> Espejo LED (3,5 mm\/3,8 mm), iluminaci\u00f3n tricolor, desempa\u00f1ado con un solo toque, protegido con embalaje de espuma multicapa<br \/><strong>Tipo de instalaci\u00f3n:<\/strong>\u00a0Montaje en pared<br \/><strong>Dimensiones (L\u00d7A\u00d7H):<\/strong> 120x 48 x 52cm<br \/><strong>Peso bruto:<\/strong> 38 kg\/set<\/p>\n<h2>Personalizaci\u00f3n y servicios:<\/h2>\n<p><strong>OEM Y ODM<\/strong>: Soporte<br \/><strong>Dise\u00f1o<\/strong>: Gratis<br \/><strong>Accesorios<\/strong>: Lavabos, espejos, grifos y otros accesorios de ba\u00f1o<br \/><strong>Embalaje<\/strong>: Listo para montar<\/p>","protected":false},"featured_media":1905,"comment_status":"closed","ping_status":"closed","template":"","meta":{"_acf_changed":true},"product_brand":[],"product_cat":[20],"product_tag":[],"class_list":{"0":"post-1897","1":"product","2":"type-product","3":"status-publish","4":"has-post-thumbnail","6":"product_cat-wholesale-plywood-bathroom-vanity-cabinets","8":"first","9":"instock","10":"shipping-taxable","11":"product-type-simple"},"acf":[],"_links":{"self":[{"href":"https:\/\/www.shouyasanitary.com\/es\/wp-json\/wp\/v2\/product\/1897","targetHints":{"allow":["GET"]}}],"collection":[{"href":"https:\/\/www.shouyasanitary.com\/es\/wp-json\/wp\/v2\/product"}],"about":[{"href":"https:\/\/www.shouyasanitary.com\/es\/wp-json\/wp\/v2\/types\/product"}],"replies":[{"embeddable":true,"href":"https:\/\/www.shouyasanitary.com\/es\/wp-json\/wp\/v2\/comments?post=1897"}],"wp:featuredmedia":[{"embeddable":true,"href":"https:\/\/www.shouyasanitary.com\/es\/wp-json\/wp\/v2\/media\/1905"}],"wp:attachment":[{"href":"https:\/\/www.shouyasanitary.com\/es\/wp-json\/wp\/v2\/media?parent=1897"}],"wp:term":[{"taxonomy":"product_brand","embeddable":true,"href":"https:\/\/www.shouyasanitary.com\/es\/wp-json\/wp\/v2\/product_brand?post=1897"},{"taxonomy":"product_cat","embeddable":true,"href":"https:\/\/www.shouyasanitary.com\/es\/wp-json\/wp\/v2\/product_cat?post=1897"},{"taxonomy":"product_tag","embeddable":true,"href":"https:\/\/www.shouyasanitary.com\/es\/wp-json\/wp\/v2\/product_tag?post=1897"}],"curies":[{"name":"wp","href":"https:\/\/api.w.org\/{rel}","templated":true}]}}