{"id":1898,"date":"2025-09-07T23:16:52","date_gmt":"2025-09-07T23:16:52","guid":{"rendered":"https:\/\/www.shouyasanitary.com\/?post_type=product&#038;p=1898"},"modified":"2025-09-07T23:16:54","modified_gmt":"2025-09-07T23:16:54","slug":"wholesale-bathroom-cabinets-free-standing","status":"publish","type":"product","link":"https:\/\/www.shouyasanitary.com\/es\/producto\/wholesale-bathroom-cabinets-free-standing\/","title":{"rendered":"Mayorista Armarios de Ba\u00f1o Free Standing, Madera Contrachapada Orientada Tocador de Ba\u00f1o con Espejo Verde Claro Elegante"},"content":{"rendered":"<div class=\"wp-block-columns is-layout-flex wp-container-core-columns-is-layout-9d6595d7 wp-block-columns-is-layout-flex\">\n<div class=\"wp-block-column is-layout-flow wp-block-column-is-layout-flow\">\n<h2 class=\"wp-block-heading\">Armarios de ba\u00f1o de pie Caracter\u00edsticas:<\/h2>\n\n\n\n<p><strong>Espejo el\u00edptico no convencional<\/strong>que lo convierte en el elemento visual m\u00e1s destacado del cuarto de ba\u00f1o. No solo proporciona una iluminaci\u00f3n amplia y c\u00f3moda durante el lavado, sino que tambi\u00e9n a\u00f1ade un ambiente de moda y una sensaci\u00f3n tecnol\u00f3gica al cuarto de ba\u00f1o. <\/p>\n\n\n\n<p><strong>Textura \u00fanica<\/strong>: El cuerpo del armario adopta un estilo de grano de madera natural, siendo simple pero c\u00e1lido, a\u00f1adiendo un estilo \u00fanico al espacio.<\/p>\n\n\n\n<p><strong>C\u00f3moda compatibilidad de instalaci\u00f3n: <\/strong>El producto est\u00e1 dise\u00f1ado para tener plenamente en cuenta la comodidad de la instalaci\u00f3n, equipado con instrucciones de instalaci\u00f3n detalladas y los accesorios de instalaci\u00f3n necesarios. Incluso para los instaladores sin experiencia, se puede completar f\u00e1cilmente. Esto le ahorra tiempo y costes de instalaci\u00f3n, permiti\u00e9ndole crear r\u00e1pidamente el espacio de ba\u00f1o ideal.<\/p>\n\n\n\n<p><strong>Material y artesan\u00eda de alta calidad: <\/strong>El cuerpo del mueble est\u00e1 hecho de madera contrachapada de alta calidad, que tiene una excelente estabilidad y capacidad antideformaci\u00f3n, capaz de hacer frente eficazmente al ambiente h\u00famedo del cuarto de ba\u00f1o. La superficie se somete a un meticuloso proceso de tratamiento impermeable, lo que mejora a\u00fan m\u00e1s el rendimiento a prueba de humedad y prolonga la vida \u00fatil del producto.<\/p>\n\n\n\n<p><strong>Configuraci\u00f3n funcional pr\u00e1ctica: <\/strong>El dise\u00f1o de 80 cm de tama\u00f1o es razonable, con una encimera espaciosa, que permite colocar f\u00e1cilmente los art\u00edculos de uso diario, como art\u00edculos de tocador y cosm\u00e9ticos. El armario inferior ofrece un amplio espacio de almacenamiento, satisfaciendo todas sus necesidades de almacenamiento en el ba\u00f1o.<\/p>\n\n\n\n<p><strong>Soporte OEM\/ODM:\u00a0<\/strong>Ofrecemos un servicio personalizado, que incluye el color, el tama\u00f1o, el estilo del armario con espejo, la funci\u00f3n de iluminaci\u00f3n, etc., que se puede personalizar seg\u00fan las necesidades del cliente para satisfacer las diferentes necesidades de los proyectos de ingenier\u00eda.<\/p>\n<\/div>\n\n\n\n<div class=\"wp-block-column is-layout-flow wp-block-column-is-layout-flow\"><div class=\"wp-block-image\">\n<figure class=\"aligncenter size-full\"><img decoding=\"async\" width=\"700\" height=\"700\" src=\"https:\/\/www.shouyasanitary.com\/wp-content\/uploads\/2025\/08\/Customized-plywood-bathroom-cabinet-vanity.webp\" alt=\"Mueble de ba\u00f1o de madera contrachapada a medida\" class=\"wp-image-1902\" style=\"object-fit:cover\" srcset=\"https:\/\/www.shouyasanitary.com\/wp-content\/uploads\/2025\/08\/Customized-plywood-bathroom-cabinet-vanity.webp 700w, https:\/\/www.shouyasanitary.com\/wp-content\/uploads\/2025\/08\/Customized-plywood-bathroom-cabinet-vanity-300x300.webp 300w, https:\/\/www.shouyasanitary.com\/wp-content\/uploads\/2025\/08\/Customized-plywood-bathroom-cabinet-vanity-150x150.webp 150w, https:\/\/www.shouyasanitary.com\/wp-content\/uploads\/2025\/08\/Customized-plywood-bathroom-cabinet-vanity-12x12.webp 12w, https:\/\/www.shouyasanitary.com\/wp-content\/uploads\/2025\/08\/Customized-plywood-bathroom-cabinet-vanity-600x600.webp 600w, https:\/\/www.shouyasanitary.com\/wp-content\/uploads\/2025\/08\/Customized-plywood-bathroom-cabinet-vanity-100x100.webp 100w\" sizes=\"(max-width: 700px) 100vw, 700px\" \/><\/figure>\n<\/div><\/div>\n<\/div>","protected":false},"excerpt":{"rendered":"<p>Mayorista de armarios de ba\u00f1o independientes, el tocador de ba\u00f1o de madera contrachapada de 80 cm cuenta con un espejo \u00fanico e irregular con suave retroiluminaci\u00f3n, que presenta un aspecto elegante y llamativo. La disposici\u00f3n bien organizada proporciona un pr\u00e1ctico espacio de almacenamiento, por lo que es una excelente opci\u00f3n para cuartos de ba\u00f1o de hoteles y establecimientos comerciales. No dude en consultarnos en cualquier momento.<\/p>\n<h2>Armarios De Ba\u00f1o Independiente Atributos\uff1a<\/h2>\n<p><strong>N\u00ba de art\u00edculo<\/strong>: SYY20250807-80<\/p>\n<p><strong>Material del armario<\/strong>: Contrachapado<br \/><strong>Color del armario<\/strong>: Verde claro<\/p>\n<p><strong>Espejo:<\/strong> Espejo LED (3,5 mm\/3,8 mm), iluminaci\u00f3n tricolor, desempa\u00f1ado con un solo toque, protegido con embalaje de espuma multicapa<br \/><strong>Tipo de instalaci\u00f3n:<\/strong> De pie<br \/><strong>Dimensiones (L\u00d7A\u00d7H):<\/strong> 80*50*48cm<\/p>\n<h2>Personalizaci\u00f3n y servicios:<\/h2>\n<p><strong>OEM Y ODM<\/strong>: Soporte<br \/><strong>Dise\u00f1o<\/strong>: Gratis<br \/><strong>Accesorios<\/strong>: Lavabos, espejos, grifos y otros accesorios de ba\u00f1o<br \/><strong>Embalaje<\/strong>: Listo para montar<\/p>","protected":false},"featured_media":1902,"comment_status":"closed","ping_status":"closed","template":"","meta":{"_acf_changed":true},"product_brand":[],"product_cat":[20],"product_tag":[],"class_list":{"0":"post-1898","1":"product","2":"type-product","3":"status-publish","4":"has-post-thumbnail","6":"product_cat-wholesale-plywood-bathroom-vanity-cabinets","8":"first","9":"instock","10":"shipping-taxable","11":"product-type-simple"},"acf":[],"_links":{"self":[{"href":"https:\/\/www.shouyasanitary.com\/es\/wp-json\/wp\/v2\/product\/1898","targetHints":{"allow":["GET"]}}],"collection":[{"href":"https:\/\/www.shouyasanitary.com\/es\/wp-json\/wp\/v2\/product"}],"about":[{"href":"https:\/\/www.shouyasanitary.com\/es\/wp-json\/wp\/v2\/types\/product"}],"replies":[{"embeddable":true,"href":"https:\/\/www.shouyasanitary.com\/es\/wp-json\/wp\/v2\/comments?post=1898"}],"wp:featuredmedia":[{"embeddable":true,"href":"https:\/\/www.shouyasanitary.com\/es\/wp-json\/wp\/v2\/media\/1902"}],"wp:attachment":[{"href":"https:\/\/www.shouyasanitary.com\/es\/wp-json\/wp\/v2\/media?parent=1898"}],"wp:term":[{"taxonomy":"product_brand","embeddable":true,"href":"https:\/\/www.shouyasanitary.com\/es\/wp-json\/wp\/v2\/product_brand?post=1898"},{"taxonomy":"product_cat","embeddable":true,"href":"https:\/\/www.shouyasanitary.com\/es\/wp-json\/wp\/v2\/product_cat?post=1898"},{"taxonomy":"product_tag","embeddable":true,"href":"https:\/\/www.shouyasanitary.com\/es\/wp-json\/wp\/v2\/product_tag?post=1898"}],"curies":[{"name":"wp","href":"https:\/\/api.w.org\/{rel}","templated":true}]}}