{"id":1914,"date":"2025-09-07T23:16:45","date_gmt":"2025-09-07T23:16:45","guid":{"rendered":"https:\/\/www.shouyasanitary.com\/?post_type=product&#038;p=1914"},"modified":"2025-09-07T23:16:48","modified_gmt":"2025-09-07T23:16:48","slug":"wholesale-green-bathroom-cabinets","status":"publish","type":"product","link":"https:\/\/www.shouyasanitary.com\/es\/producto\/wholesale-green-bathroom-cabinets\/","title":{"rendered":"Venta al por mayor gabinetes de ba\u00f1o verde, madera contrachapada Vanidad Ba\u00f1o Espejo Gabinete para Hotel Proveedor"},"content":{"rendered":"<div class=\"wp-block-columns is-layout-flex wp-container-core-columns-is-layout-9d6595d7 wp-block-columns-is-layout-flex\">\n<div class=\"wp-block-column is-layout-flow wp-block-column-is-layout-flow\">\n<h2 class=\"wp-block-heading\">Caracter\u00edsticas de los armarios de ba\u00f1o ecol\u00f3gicos\uff1a<\/h2>\n\n\n\n<p><strong>Dise\u00f1o de color verde fresco: <\/strong>El mueble adopta un fresco verde menta, rompiendo las limitaciones de color tradicionales de los armarios de ba\u00f1o e inyectando vitalidad natural al espacio. Combinado con una pared de color beige claro, crea una atm\u00f3sfera suave y reparadora en el cuarto de ba\u00f1o, adecuada para estilos minimalistas modernos, Wabi-Sabi claro y otros. <\/p>\n\n\n\n<p><strong>Dise\u00f1o Colorblock<\/strong>: El armario con espejo integra el marr\u00f3n claro y el blanco roto, enriqueciendo la jerarqu\u00eda visual mediante el empalme de colores, formando un equilibrio entre lo fr\u00edo y lo c\u00e1lido con el armario, haciendo que el cuarto de ba\u00f1o tenga un dise\u00f1o m\u00e1s orientado.<\/p>\n\n\n\n<p><strong>Instalaci\u00f3n suspendida<\/strong>: Libera espacio en la parte inferior, reduce las zonas muertas de limpieza y facilita la limpieza diaria. Adem\u00e1s, hace que los ba\u00f1os peque\u00f1os parezcan m\u00e1s espaciosos y ampl\u00eda visualmente el espacio, por lo que es adecuado para apartamentos peque\u00f1os. <\/p>\n\n\n\n<p><strong>Armario con espejo integrado<\/strong>: Integra las funciones de almacenamiento y espejo, con una zona de almacenamiento oculta para guardar de forma clasificada los productos de cuidado de la piel y los art\u00edculos de aseo, manteniendo limpia la encimera. El espejo lleva incorporado un reloj inteligente, combinando practicidad con sentido de la tecnolog\u00eda.<\/p>\n\n\n\n<p><strong>Ventajas del n\u00facleo de madera contrachapada:<\/strong> fuerte tenacidad del material, resistencia a la deformaci\u00f3n y al abombamiento debido a la erosi\u00f3n de la humedad en entornos de ba\u00f1o h\u00famedos a largo plazo, garantizando una estructura estable del armario y prolongando la vida \u00fatil, adapt\u00e1ndose a las necesidades especiales de los espacios de ba\u00f1o.<\/p>\n\n\n\n<p><strong>F\u00e1cil de instalar y mantener:<\/strong> Es m\u00e1s ligero que la madera maciza, f\u00e1cil de instalar, requiere poca capacidad de carga de la pared, lo que reduce la dificultad y el riesgo de instalaci\u00f3n; y la superficie de madera contrachapada est\u00e1 especialmente tratada, con un excelente rendimiento a prueba de agua y moho, un mantenimiento diario sencillo, y se puede limpiar con un pa\u00f1o h\u00famedo. <\/p>\n\n\n\n<p><strong>Suministro de f\u00e1brica<\/strong>: El proceso de producci\u00f3n es respetuoso con el medio ambiente y eficiente, con una utilizaci\u00f3n racional de los recursos madereros, costes controlables y la capacidad de lograr tanto sentido del dise\u00f1o como practicidad a un precio asequible, lo que permite a los consumidores crear espacios de ba\u00f1o de alta calidad a un coste asequible.<\/p>\n<\/div>\n\n\n\n<div class=\"wp-block-column is-layout-flow wp-block-column-is-layout-flow\"><div class=\"wp-block-image\">\n<figure class=\"aligncenter size-full\"><img decoding=\"async\" width=\"700\" height=\"700\" src=\"https:\/\/www.shouyasanitary.com\/wp-content\/uploads\/2025\/08\/Bulk-Purchases-Cabinet-With-Mirror.webp\" alt=\"Compras a Granel Armario Con Espejo\" class=\"wp-image-1915\" style=\"object-fit:cover\" srcset=\"https:\/\/www.shouyasanitary.com\/wp-content\/uploads\/2025\/08\/Bulk-Purchases-Cabinet-With-Mirror.webp 700w, https:\/\/www.shouyasanitary.com\/wp-content\/uploads\/2025\/08\/Bulk-Purchases-Cabinet-With-Mirror-300x300.webp 300w, https:\/\/www.shouyasanitary.com\/wp-content\/uploads\/2025\/08\/Bulk-Purchases-Cabinet-With-Mirror-150x150.webp 150w, https:\/\/www.shouyasanitary.com\/wp-content\/uploads\/2025\/08\/Bulk-Purchases-Cabinet-With-Mirror-12x12.webp 12w, https:\/\/www.shouyasanitary.com\/wp-content\/uploads\/2025\/08\/Bulk-Purchases-Cabinet-With-Mirror-600x600.webp 600w, https:\/\/www.shouyasanitary.com\/wp-content\/uploads\/2025\/08\/Bulk-Purchases-Cabinet-With-Mirror-100x100.webp 100w\" sizes=\"(max-width: 700px) 100vw, 700px\" \/><\/figure>\n<\/div><\/div>\n<\/div>","protected":false},"excerpt":{"rendered":"<p>Armarios de ba\u00f1o verdes al por mayor, fabricados con madera contrachapada duradera para un dise\u00f1o ligero. Con un dise\u00f1o suspendido y un armario con espejo con un esquema de color a juego, tambi\u00e9n integran un reloj inteligente incorporado y tira de luz LED. Esta soluci\u00f3n de ba\u00f1o rentable es perfecta para renovaciones de ba\u00f1os modernos y de peque\u00f1o tama\u00f1o. P\u00f3ngase en contacto con nosotros para obtener una soluci\u00f3n personalizada.<\/p>\n<h2>Armarios de ba\u00f1o verdes Atributos\uff1a<\/h2>\n<p><strong>Art\u00edculo No: <\/strong>SYY20250802-60<strong><br \/>Material del armario:<\/strong> PVC<br \/><strong>Color del armario:\u00a0<\/strong>Verde<br \/><strong>Espejo:<\/strong> Espejo LED (3,5 mm\/3,8 mm), iluminaci\u00f3n tricolor, desempa\u00f1ado con un solo toque, protegido con embalaje de espuma multicapa<br \/><strong>Tipo de instalaci\u00f3n:<\/strong>\u00a0Montaje en pared<br \/><strong>Dimensiones (L\u00d7A\u00d7H):<\/strong> 60*47*47 cm<br \/><strong>Peso bruto:<\/strong> 30 kg\/set<\/p>\n<h2>Personalizaci\u00f3n y servicios:<\/h2>\n<p><strong>OEM Y ODM<\/strong>: Soporte<br \/><strong>Dise\u00f1o<\/strong>: Gratis<br \/><strong>Accesorios<\/strong>: Lavabos, espejos, grifos y otros accesorios de ba\u00f1o<br \/><strong>Embalaje<\/strong>: Listo para montar<\/p>","protected":false},"featured_media":1915,"comment_status":"closed","ping_status":"closed","template":"","meta":{"_acf_changed":true},"product_brand":[],"product_cat":[24],"product_tag":[],"class_list":{"0":"post-1914","1":"product","2":"type-product","3":"status-publish","4":"has-post-thumbnail","6":"product_cat-wholesale-pvc-bathroom-vanity-cabinets","8":"first","9":"instock","10":"shipping-taxable","11":"product-type-simple"},"acf":[],"_links":{"self":[{"href":"https:\/\/www.shouyasanitary.com\/es\/wp-json\/wp\/v2\/product\/1914","targetHints":{"allow":["GET"]}}],"collection":[{"href":"https:\/\/www.shouyasanitary.com\/es\/wp-json\/wp\/v2\/product"}],"about":[{"href":"https:\/\/www.shouyasanitary.com\/es\/wp-json\/wp\/v2\/types\/product"}],"replies":[{"embeddable":true,"href":"https:\/\/www.shouyasanitary.com\/es\/wp-json\/wp\/v2\/comments?post=1914"}],"wp:featuredmedia":[{"embeddable":true,"href":"https:\/\/www.shouyasanitary.com\/es\/wp-json\/wp\/v2\/media\/1915"}],"wp:attachment":[{"href":"https:\/\/www.shouyasanitary.com\/es\/wp-json\/wp\/v2\/media?parent=1914"}],"wp:term":[{"taxonomy":"product_brand","embeddable":true,"href":"https:\/\/www.shouyasanitary.com\/es\/wp-json\/wp\/v2\/product_brand?post=1914"},{"taxonomy":"product_cat","embeddable":true,"href":"https:\/\/www.shouyasanitary.com\/es\/wp-json\/wp\/v2\/product_cat?post=1914"},{"taxonomy":"product_tag","embeddable":true,"href":"https:\/\/www.shouyasanitary.com\/es\/wp-json\/wp\/v2\/product_tag?post=1914"}],"curies":[{"name":"wp","href":"https:\/\/api.w.org\/{rel}","templated":true}]}}