{"id":1918,"date":"2025-09-07T23:16:43","date_gmt":"2025-09-07T23:16:43","guid":{"rendered":"https:\/\/www.shouyasanitary.com\/?post_type=product&#038;p=1918"},"modified":"2025-09-07T23:16:45","modified_gmt":"2025-09-07T23:16:45","slug":"custom-modern-bathroom-vanities","status":"publish","type":"product","link":"https:\/\/www.shouyasanitary.com\/es\/producto\/custom-modern-bathroom-vanities\/","title":{"rendered":"Tocadores de Ba\u00f1o Modernos a Medida, Armarios de Ba\u00f1o Verdes Espejos Contrachapados con Cajones a Granel"},"content":{"rendered":"<div class=\"wp-block-columns is-layout-flex wp-container-core-columns-is-layout-9d6595d7 wp-block-columns-is-layout-flex\">\n<div class=\"wp-block-column is-layout-flow wp-block-column-is-layout-flow\">\n<h2 class=\"wp-block-heading\">Tocadores de ba\u00f1o modernos Caracter\u00edsticas:<\/h2>\n\n\n\n<p><strong>Colores suaves: <\/strong>El cuerpo del armario adopta un fresco y suave color verde claro, que aporta una sensaci\u00f3n de curaci\u00f3n. Combinado con encimeras y paredes de color blanco roto, crea un ambiente sereno y c\u00e1lido. Es adecuado para el minimalismo moderno, el estilo crema y otros diversos estilos de decoraci\u00f3n del hogar, inyectando vitalidad natural al cuarto de ba\u00f1o y rompiendo la monoton\u00eda del espacio. <\/p>\n\n\n\n<p><strong>Funci\u00f3n de almacenamiento: <\/strong>El armario principal adopta una disposici\u00f3n asim\u00e9trica de \"cajones dobles + puerta sencilla\", de dise\u00f1o exquisito y pr\u00e1ctico. Los cajones dobles est\u00e1n situados en el lado izquierdo, lo que permite guardar por categor\u00edas art\u00edculos peque\u00f1os como cepillos de dientes y productos para el cuidado de la piel, de f\u00e1cil acceso y que pueden evitar la humedad. El armario con puerta de apertura en el lado derecho tiene un espacio ordenado, adecuado para guardar art\u00edculos grandes como toallas y art\u00edculos de ba\u00f1o. La clara zonificaci\u00f3n aprovecha al m\u00e1ximo cada cent\u00edmetro de espacio, y la gran capacidad de almacenamiento mantiene el cuarto de ba\u00f1o ordenado. <\/p>\n\n\n\n<p><strong>Material contrachapado de alta calidad: <\/strong> En los cuartos de ba\u00f1o h\u00famedos, es menos propenso a deformarse y agrietarse debido a los cambios de humedad, lo que garantiza su uso a largo plazo. Su textura relativamente ligera reduce la carga sobre la pared, lo que facilita su instalaci\u00f3n. <\/p>\n\n\n\n<p><strong>Superficie impermeable y resistente a la humedad<\/strong>: La superficie se impermeabiliza y pinta f\u00e1cilmente, y puede adherirse firmemente a un acabado de pintura verde claro, manteniendo un color brillante. Tambi\u00e9n posee un cierto grado de resistencia a la humedad, encajando bien con los escenarios de uso del cuarto de ba\u00f1o. <\/p>\n\n\n\n<p><strong>Alto rendimiento econ\u00f3mico<\/strong>: Su rentabilidad supera a la de algunas maderas naturales, logrando un equilibrio entre est\u00e9tica y practicidad.<\/p>\n<\/div>\n\n\n\n<div class=\"wp-block-column is-layout-flow wp-block-column-is-layout-flow\"><div class=\"wp-block-image\">\n<figure class=\"aligncenter size-full\"><img decoding=\"async\" width=\"700\" height=\"700\" src=\"https:\/\/www.shouyasanitary.com\/wp-content\/uploads\/2025\/08\/Bulk-Purchases-Bathroom-Cabinet-1.webp\" alt=\"Compras a granel Armario de ba\u00f1o\" class=\"wp-image-1919\" style=\"object-fit:cover\" srcset=\"https:\/\/www.shouyasanitary.com\/wp-content\/uploads\/2025\/08\/Bulk-Purchases-Bathroom-Cabinet-1.webp 700w, https:\/\/www.shouyasanitary.com\/wp-content\/uploads\/2025\/08\/Bulk-Purchases-Bathroom-Cabinet-1-300x300.webp 300w, https:\/\/www.shouyasanitary.com\/wp-content\/uploads\/2025\/08\/Bulk-Purchases-Bathroom-Cabinet-1-150x150.webp 150w, https:\/\/www.shouyasanitary.com\/wp-content\/uploads\/2025\/08\/Bulk-Purchases-Bathroom-Cabinet-1-12x12.webp 12w, https:\/\/www.shouyasanitary.com\/wp-content\/uploads\/2025\/08\/Bulk-Purchases-Bathroom-Cabinet-1-600x600.webp 600w, https:\/\/www.shouyasanitary.com\/wp-content\/uploads\/2025\/08\/Bulk-Purchases-Bathroom-Cabinet-1-100x100.webp 100w\" sizes=\"(max-width: 700px) 100vw, 700px\" \/><\/figure>\n<\/div><\/div>\n<\/div>","protected":false},"excerpt":{"rendered":"<p>A granel tocadores personalizados ba\u00f1o, excelente material, es la opci\u00f3n ideal para crear un espacio de ba\u00f1o c\u00f3modo y funcional. Por favor, p\u00f3ngase en contacto con nosotros para una cotizaci\u00f3n y cat\u00e1logo de productos\uff01.<\/p>\n<h2>Armarios de ba\u00f1o de madera contrachapada a medida Atributos\uff1a<\/h2>\n<p><strong>N\u00ba de art\u00edculo<\/strong>: SYY20250803-80<\/p>\n<p><strong>Material del armario<\/strong>: Contrachapado<br \/><strong>Color del armario<\/strong>: Verde<\/p>\n<p><strong>Espejo:<\/strong> Espejo LED (3,5 mm\/3,8 mm), iluminaci\u00f3n tricolor, desempa\u00f1ado con un solo toque, protegido con embalaje de espuma multicapa<br \/><strong>Tipo de instalaci\u00f3n:<\/strong>\u00a0Montaje en pared<br \/><strong>Dimensiones (L\u00d7A\u00d7H):<\/strong> 80*47*48cm<\/p>\n<h2>Personalizaci\u00f3n y servicios:<\/h2>\n<p><strong>OEM Y ODM<\/strong>: Soporte<br \/><strong>Dise\u00f1o<\/strong>: Gratis<br \/><strong>Accesorios<\/strong>: Lavabos, espejos, grifos y otros accesorios de ba\u00f1o<br \/><strong>Embalaje<\/strong>: Listo para montar<\/p>","protected":false},"featured_media":1919,"comment_status":"closed","ping_status":"closed","template":"","meta":{"_acf_changed":true},"product_brand":[],"product_cat":[20],"product_tag":[],"class_list":{"0":"post-1918","1":"product","2":"type-product","3":"status-publish","4":"has-post-thumbnail","6":"product_cat-wholesale-plywood-bathroom-vanity-cabinets","8":"first","9":"instock","10":"shipping-taxable","11":"product-type-simple"},"acf":[],"_links":{"self":[{"href":"https:\/\/www.shouyasanitary.com\/es\/wp-json\/wp\/v2\/product\/1918","targetHints":{"allow":["GET"]}}],"collection":[{"href":"https:\/\/www.shouyasanitary.com\/es\/wp-json\/wp\/v2\/product"}],"about":[{"href":"https:\/\/www.shouyasanitary.com\/es\/wp-json\/wp\/v2\/types\/product"}],"replies":[{"embeddable":true,"href":"https:\/\/www.shouyasanitary.com\/es\/wp-json\/wp\/v2\/comments?post=1918"}],"wp:featuredmedia":[{"embeddable":true,"href":"https:\/\/www.shouyasanitary.com\/es\/wp-json\/wp\/v2\/media\/1919"}],"wp:attachment":[{"href":"https:\/\/www.shouyasanitary.com\/es\/wp-json\/wp\/v2\/media?parent=1918"}],"wp:term":[{"taxonomy":"product_brand","embeddable":true,"href":"https:\/\/www.shouyasanitary.com\/es\/wp-json\/wp\/v2\/product_brand?post=1918"},{"taxonomy":"product_cat","embeddable":true,"href":"https:\/\/www.shouyasanitary.com\/es\/wp-json\/wp\/v2\/product_cat?post=1918"},{"taxonomy":"product_tag","embeddable":true,"href":"https:\/\/www.shouyasanitary.com\/es\/wp-json\/wp\/v2\/product_tag?post=1918"}],"curies":[{"name":"wp","href":"https:\/\/api.w.org\/{rel}","templated":true}]}}