{"id":1922,"date":"2025-09-07T23:16:40","date_gmt":"2025-09-07T23:16:40","guid":{"rendered":"https:\/\/www.shouyasanitary.com\/?post_type=product&#038;p=1922"},"modified":"2025-09-07T23:16:43","modified_gmt":"2025-09-07T23:16:43","slug":"wholesale-double-sink-bathroom-vanity","status":"publish","type":"product","link":"https:\/\/www.shouyasanitary.com\/es\/producto\/wholesale-double-sink-bathroom-vanity\/","title":{"rendered":"Venta al por mayor de doble lavabo tocador de ba\u00f1o, armarios de lujo de ba\u00f1o montado en la pared de madera contrachapada gris Espejo Proveedor de Gabinete"},"content":{"rendered":"<div class=\"wp-block-columns is-layout-flex wp-container-core-columns-is-layout-9d6595d7 wp-block-columns-is-layout-flex\">\n<div class=\"wp-block-column is-layout-flow wp-block-column-is-layout-flow\">\n<h2 class=\"wp-block-heading\">Caracter\u00edsticas del tocador de ba\u00f1o de doble lavabo\uff1a<\/h2>\n\n\n\n<p><strong>Estilo de alta gama: <\/strong>El esquema crom\u00e1tico general est\u00e1 dominado por el gris oscuro y el negro, combinados con armarios de color hueso e incorporando elementos de textura de m\u00e1rmol, lo que crea una atm\u00f3sfera espacial lujosa y sosegada. Est\u00e1 en consonancia con el dise\u00f1o de viviendas modernas de lujo y luminosas. <\/p>\n\n\n\n<p><strong>Espejo inteligente de gran tama\u00f1o<\/strong>: Con iluminaci\u00f3n envolvente que realza la sensaci\u00f3n de refinamiento y ambiente.<\/p>\n\n\n\n<p><strong>Zonificaci\u00f3n razonable: <\/strong>La combinaci\u00f3n de armarios dobles y una zona de almacenamiento abierta en el centro, con puertas de suave revestimiento en forma de rombo a ambos lados de los armarios, proporciona un amplio espacio de almacenamiento oculto para guardar de forma categ\u00f3rica toallas de ba\u00f1o, art\u00edculos de aseo y otros art\u00edculos. La zona abierta del centro facilita el acceso a art\u00edculos de uso com\u00fan, como cepillos de dientes y productos de aromaterapia. Cuando los armarios est\u00e1n cerrados, forman un espacio herm\u00e9tico, con las puertas de suave cubierta que encajan herm\u00e9ticamente para reducir la entrada de polvo. Aunque la zona abierta del centro est\u00e1 expuesta, debido al uso frecuente de los art\u00edculos y al entorno general relativamente limpio, junto con la limpieza diaria del cuarto de ba\u00f1o, puede controlar eficazmente la acumulaci\u00f3n de polvo.<\/p>\n\n\n\n<p><strong>Utilizaci\u00f3n razonable del espacio:<\/strong> El dise\u00f1o de instalaci\u00f3n suspendida ahorra espacio en el suelo, facilita la limpieza y hace que el cuarto de ba\u00f1o parezca m\u00e1s espacioso; el gran espejo ampl\u00eda el efecto visual y, cuando se combina con la iluminaci\u00f3n, da sensaci\u00f3n de amplitud a un espacio peque\u00f1o. <\/p>\n\n\n\n<p><strong>Dise\u00f1o de fregadero doble<\/strong>: Permite que varios usuarios utilicen el espacio simult\u00e1neamente, lo que aumenta la eficiencia de la utilizaci\u00f3n del espacio.<\/p>\n<\/div>\n\n\n\n<div class=\"wp-block-column is-layout-flow wp-block-column-is-layout-flow\"><div class=\"wp-block-image\">\n<figure class=\"aligncenter size-full\"><img decoding=\"async\" width=\"700\" height=\"700\" src=\"https:\/\/www.shouyasanitary.com\/wp-content\/uploads\/2025\/08\/Custom-With-Cabinet-Vanity.webp\" alt=\"Personalizado Con Armario Vanidad\" class=\"wp-image-1923\" style=\"object-fit:cover\" srcset=\"https:\/\/www.shouyasanitary.com\/wp-content\/uploads\/2025\/08\/Custom-With-Cabinet-Vanity.webp 700w, https:\/\/www.shouyasanitary.com\/wp-content\/uploads\/2025\/08\/Custom-With-Cabinet-Vanity-300x300.webp 300w, https:\/\/www.shouyasanitary.com\/wp-content\/uploads\/2025\/08\/Custom-With-Cabinet-Vanity-150x150.webp 150w, https:\/\/www.shouyasanitary.com\/wp-content\/uploads\/2025\/08\/Custom-With-Cabinet-Vanity-12x12.webp 12w, https:\/\/www.shouyasanitary.com\/wp-content\/uploads\/2025\/08\/Custom-With-Cabinet-Vanity-600x600.webp 600w, https:\/\/www.shouyasanitary.com\/wp-content\/uploads\/2025\/08\/Custom-With-Cabinet-Vanity-100x100.webp 100w\" sizes=\"(max-width: 700px) 100vw, 700px\" \/><\/figure>\n<\/div><\/div>\n<\/div>","protected":false},"excerpt":{"rendered":"<p>Bienvenido a la venta al por mayor de tocador de ba\u00f1o de doble lavabo. El dise\u00f1o de m\u00e1rmol gris oscuro y negro desprende una lujosa elegancia. Lavabos dobles, almacenamiento dividido, un dise\u00f1o montado en la pared, y un gran espejo iluminado crean un ambiente espacioso. Ideal para residencias de lujo, apartamentos y hoteles. Ofrecemos venta al por mayor, directa de f\u00e1brica y opciones personalizadas. P\u00f3ngase en contacto con nosotros para obtener un presupuesto.<\/p>\n<h2>Lavabo doble tocador de ba\u00f1o Atributos\uff1a<\/h2>\n<p><strong>Art\u00edculo No:<\/strong>SYY20250805-140<strong><br \/>Material del armario:<\/strong>\u00a0Contrachapado<br \/><strong>Color del armario:<\/strong> Gris<br \/><strong>Espejo:<\/strong> Espejo LED (3,5 mm\/3,8 mm), iluminaci\u00f3n tricolor, desempa\u00f1ado con un solo toque, protegido con embalaje de espuma multicapa<br \/><strong>Tipo de instalaci\u00f3n:<\/strong>\u00a0Montaje en pared<br \/><strong>Dimensiones (L\u00d7A\u00d7H):<\/strong> 140x50x45 cm<br \/><strong>Peso bruto:<\/strong> 45 kg\/set<\/p>\n<h2>Personalizaci\u00f3n y servicios:<\/h2>\n<p><strong>OEM Y ODM<\/strong>: Soporte<br \/><strong>Dise\u00f1o<\/strong>: Gratis<br \/><strong>Accesorios<\/strong>: Lavabos, espejos, grifos y otros accesorios de ba\u00f1o<br \/><strong>Embalaje<\/strong>: Listo para montar<\/p>","protected":false},"featured_media":1923,"comment_status":"closed","ping_status":"closed","template":"","meta":{"_acf_changed":true},"product_brand":[],"product_cat":[20],"product_tag":[],"class_list":{"0":"post-1922","1":"product","2":"type-product","3":"status-publish","4":"has-post-thumbnail","6":"product_cat-wholesale-plywood-bathroom-vanity-cabinets","8":"first","9":"instock","10":"shipping-taxable","11":"product-type-simple"},"acf":[],"_links":{"self":[{"href":"https:\/\/www.shouyasanitary.com\/es\/wp-json\/wp\/v2\/product\/1922","targetHints":{"allow":["GET"]}}],"collection":[{"href":"https:\/\/www.shouyasanitary.com\/es\/wp-json\/wp\/v2\/product"}],"about":[{"href":"https:\/\/www.shouyasanitary.com\/es\/wp-json\/wp\/v2\/types\/product"}],"replies":[{"embeddable":true,"href":"https:\/\/www.shouyasanitary.com\/es\/wp-json\/wp\/v2\/comments?post=1922"}],"wp:featuredmedia":[{"embeddable":true,"href":"https:\/\/www.shouyasanitary.com\/es\/wp-json\/wp\/v2\/media\/1923"}],"wp:attachment":[{"href":"https:\/\/www.shouyasanitary.com\/es\/wp-json\/wp\/v2\/media?parent=1922"}],"wp:term":[{"taxonomy":"product_brand","embeddable":true,"href":"https:\/\/www.shouyasanitary.com\/es\/wp-json\/wp\/v2\/product_brand?post=1922"},{"taxonomy":"product_cat","embeddable":true,"href":"https:\/\/www.shouyasanitary.com\/es\/wp-json\/wp\/v2\/product_cat?post=1922"},{"taxonomy":"product_tag","embeddable":true,"href":"https:\/\/www.shouyasanitary.com\/es\/wp-json\/wp\/v2\/product_tag?post=1922"}],"curies":[{"name":"wp","href":"https:\/\/api.w.org\/{rel}","templated":true}]}}