{"id":1936,"date":"2025-09-12T09:46:56","date_gmt":"2025-09-12T09:46:56","guid":{"rendered":"https:\/\/www.shouyasanitary.com\/?post_type=product&#038;p=1936"},"modified":"2025-09-12T09:46:58","modified_gmt":"2025-09-12T09:46:58","slug":"wholesale-modern-vanities-for-bathrooms","status":"publish","type":"product","link":"https:\/\/www.shouyasanitary.com\/es\/producto\/wholesale-modern-vanities-for-bathrooms\/","title":{"rendered":"Mayorista Tocadores Modernos para Ba\u00f1os, Mueble de Ba\u00f1o de Pared con Rejilla y Encimera Lavabo a Medida"},"content":{"rendered":"<div class=\"wp-block-columns is-layout-flex wp-container-core-columns-is-layout-9d6595d7 wp-block-columns-is-layout-flex\">\n<div class=\"wp-block-column is-layout-flow wp-block-column-is-layout-flow\">\n<h2 class=\"wp-block-heading\">Caracter\u00edsticas de los lavabos modernos:<\/h2>\n\n\n\n<p><strong>Contrachapado refinado, calidad superior: <\/strong>Utilizando materiales de madera contrachapada de alta calidad y someti\u00e9ndose a un meticuloso procesamiento, este mueble de ba\u00f1o garantiza su durabilidad y resistencia a la humedad. <\/p>\n\n\n\n<p><strong>Tama\u00f1o razonable<\/strong>: El dise\u00f1o del tama\u00f1o de 100CM se adapta perfectamente a varios espacios de ba\u00f1o peque\u00f1os y medianos, satisfaciendo las necesidades de almacenamiento al tiempo que muestra el uso eficiente del espacio. <\/p>\n\n\n\n<p><strong>Instalaci\u00f3n mural:<\/strong> El exclusivo dise\u00f1o montado en la pared no s\u00f3lo mantiene el mueble de ba\u00f1o alejado de la humedad del suelo, evitando eficazmente la formaci\u00f3n de moho, sino que tambi\u00e9n ahorra significativamente espacio en el ba\u00f1o, facilitando la limpieza y el mantenimiento diarios. Al mismo tiempo, este m\u00e9todo de instalaci\u00f3n da al espacio del cuarto de ba\u00f1o una impresi\u00f3n visual de mayor amplitud, mejorando la experiencia general del usuario.<\/p>\n\n\n\n<p><strong>Dise\u00f1o del panel de la puerta de la rejilla:<\/strong> Las puertas del armario presentan un dise\u00f1o con textura de rejilla, que no s\u00f3lo a\u00f1ade profundidad y belleza al armario del cuarto de ba\u00f1o, sino que tambi\u00e9n garantiza la ventilaci\u00f3n y la circulaci\u00f3n del aire en el interior del armario, evitando que los objetos se humedezcan. Los tiradores circulares blancos complementan el dise\u00f1o general, a\u00f1adiendo un toque de luminosidad al espacio de ba\u00f1o.<\/p>\n\n\n\n<p><strong>Combinaci\u00f3n de lavabo blanco: <\/strong>El lavabo circular blanco a juego es sencillo y elegante, f\u00e1cil de limpiar, y se integra perfectamente con el estilo general del mueble de ba\u00f1o. El espacio de pared sobre el lavabo puede instalarse de forma flexible con grifos y espejos, satisfaciendo las necesidades de los clientes de ingenier\u00eda para una soluci\u00f3n de ba\u00f1o sencilla y a la moda.<\/p>\n\n\n\n<p><strong>Opciones de personalizaci\u00f3n flexibles<\/strong>: Ofrecemos servicios de personalizaci\u00f3n, incluyendo tama\u00f1o, logotipo, color, acabado, funci\u00f3n, etc., para satisfacer las necesidades del cliente.<\/p>\n<\/div>\n\n\n\n<div class=\"wp-block-column is-layout-flow wp-block-column-is-layout-flow\"><div class=\"wp-block-image\">\n<figure class=\"aligncenter size-full\"><img decoding=\"async\" width=\"700\" height=\"700\" src=\"https:\/\/www.shouyasanitary.com\/wp-content\/uploads\/2025\/08\/Custom-bathroom-cabinet-vanity-2.webp\" alt=\"Mueble de ba\u00f1o a medida\" class=\"wp-image-1940\" style=\"object-fit:cover\" srcset=\"https:\/\/www.shouyasanitary.com\/wp-content\/uploads\/2025\/08\/Custom-bathroom-cabinet-vanity-2.webp 700w, https:\/\/www.shouyasanitary.com\/wp-content\/uploads\/2025\/08\/Custom-bathroom-cabinet-vanity-2-300x300.webp 300w, https:\/\/www.shouyasanitary.com\/wp-content\/uploads\/2025\/08\/Custom-bathroom-cabinet-vanity-2-150x150.webp 150w, https:\/\/www.shouyasanitary.com\/wp-content\/uploads\/2025\/08\/Custom-bathroom-cabinet-vanity-2-12x12.webp 12w, https:\/\/www.shouyasanitary.com\/wp-content\/uploads\/2025\/08\/Custom-bathroom-cabinet-vanity-2-600x600.webp 600w, https:\/\/www.shouyasanitary.com\/wp-content\/uploads\/2025\/08\/Custom-bathroom-cabinet-vanity-2-100x100.webp 100w\" sizes=\"(max-width: 700px) 100vw, 700px\" \/><\/figure>\n<\/div><\/div>\n<\/div>","protected":false},"excerpt":{"rendered":"<p>Shouya vende al por mayor tocadores modernos para cuartos de ba\u00f1o, utilizan material de contrachapado duradero. La instalaci\u00f3n en la pared ahorra espacio y es f\u00e1cil de limpiar y mantener; el lavabo de porcelana blanca, combinado con un dise\u00f1o sencillo y a la moda, realza el estilo del cuarto de ba\u00f1o. Ofrecemos una personalizaci\u00f3n flexible. P\u00f3ngase en contacto con nosotros para obtener m\u00e1s informaci\u00f3n sobre nuestros productos.<\/p>\n<h2>Tocadores modernos para cuartos de ba\u00f1o Atributos\uff1a<\/h2>\n<p><strong>N\u00ba de art\u00edculo<\/strong>: SYY20250811-100<\/p>\n<p><strong>Material del armario<\/strong>: Contrachapado<br \/><strong>Color del armario<\/strong>: Amarillo<\/p>\n<p><strong>Espejo:<\/strong> Espejo LED (3,5 mm\/3,8 mm), iluminaci\u00f3n tricolor, desempa\u00f1ado con un solo toque, protegido con embalaje de espuma multicapa<br \/><strong>Tipo de instalaci\u00f3n:<\/strong>\u00a0Montaje en pared<br \/><strong>Dimensiones (L\u00d7A\u00d7H):<\/strong> 100*50*50cm<\/p>\n<h2>Personalizaci\u00f3n y servicios:<\/h2>\n<p><strong>OEM Y ODM<\/strong>: Soporte<br \/><strong>Dise\u00f1o<\/strong>: Gratis<br \/><strong>Accesorios<\/strong>: Lavabos, espejos, grifos y otros accesorios de ba\u00f1o<br \/><strong>Embalaje<\/strong>: Listo para montar<\/p>","protected":false},"featured_media":1940,"comment_status":"closed","ping_status":"closed","template":"","meta":{"_acf_changed":true},"product_brand":[],"product_cat":[20],"product_tag":[],"class_list":{"0":"post-1936","1":"product","2":"type-product","3":"status-publish","4":"has-post-thumbnail","6":"product_cat-wholesale-plywood-bathroom-vanity-cabinets","8":"first","9":"instock","10":"shipping-taxable","11":"product-type-simple"},"acf":[],"_links":{"self":[{"href":"https:\/\/www.shouyasanitary.com\/es\/wp-json\/wp\/v2\/product\/1936","targetHints":{"allow":["GET"]}}],"collection":[{"href":"https:\/\/www.shouyasanitary.com\/es\/wp-json\/wp\/v2\/product"}],"about":[{"href":"https:\/\/www.shouyasanitary.com\/es\/wp-json\/wp\/v2\/types\/product"}],"replies":[{"embeddable":true,"href":"https:\/\/www.shouyasanitary.com\/es\/wp-json\/wp\/v2\/comments?post=1936"}],"wp:featuredmedia":[{"embeddable":true,"href":"https:\/\/www.shouyasanitary.com\/es\/wp-json\/wp\/v2\/media\/1940"}],"wp:attachment":[{"href":"https:\/\/www.shouyasanitary.com\/es\/wp-json\/wp\/v2\/media?parent=1936"}],"wp:term":[{"taxonomy":"product_brand","embeddable":true,"href":"https:\/\/www.shouyasanitary.com\/es\/wp-json\/wp\/v2\/product_brand?post=1936"},{"taxonomy":"product_cat","embeddable":true,"href":"https:\/\/www.shouyasanitary.com\/es\/wp-json\/wp\/v2\/product_cat?post=1936"},{"taxonomy":"product_tag","embeddable":true,"href":"https:\/\/www.shouyasanitary.com\/es\/wp-json\/wp\/v2\/product_tag?post=1936"}],"curies":[{"name":"wp","href":"https:\/\/api.w.org\/{rel}","templated":true}]}}