{"id":1937,"date":"2025-09-12T09:46:52","date_gmt":"2025-09-12T09:46:52","guid":{"rendered":"https:\/\/www.shouyasanitary.com\/?post_type=product&#038;p=1937"},"modified":"2025-09-12T09:46:54","modified_gmt":"2025-09-12T09:46:54","slug":"bathroom-cabinets-semi-custom","status":"publish","type":"product","link":"https:\/\/www.shouyasanitary.com\/es\/producto\/bathroom-cabinets-semi-custom\/","title":{"rendered":"Armarios de Ba\u00f1o Semi Personalizados, Armario de Pared de Ba\u00f1o de Contrachapado Marr\u00f3n 100cm Suministro de F\u00e1brica"},"content":{"rendered":"<div class=\"wp-block-columns is-layout-flex wp-container-core-columns-is-layout-9d6595d7 wp-block-columns-is-layout-flex\">\n<div class=\"wp-block-column is-layout-flow wp-block-column-is-layout-flow\">\n<h2 class=\"wp-block-heading\">Caracter\u00edsticas de los armarios de ba\u00f1o semi a medida\uff1a<\/h2>\n\n\n\n<p><strong>Material contrachapado de alta calidad: <\/strong>El mueble de ba\u00f1o de madera contrachapada ha sido finamente procesado y tratado, lo que puede resistir eficazmente los cambios de temperatura y humedad en el ambiente del ba\u00f1o, y es poco probable que se deforme o agriete, asegurando su vida \u00fatil, lo que le permite evitar reemplazos frecuentes y ahorrarle tiempo y esfuerzo.<\/p>\n\n\n\n<p><strong>Dimensiones ideales: <\/strong>El tama\u00f1o total del mueble de ba\u00f1o es de 100CM. Tanto si se trata de un cuarto de ba\u00f1o peque\u00f1o que necesita aprovechar bien el espacio limitado, como de un cuarto de ba\u00f1o grande que persigue la armon\u00eda general y la grandeza, puede encajar perfectamente y proporcionar suficiente espacio de almacenamiento para los art\u00edculos de ba\u00f1o.<\/p>\n\n\n\n<p><strong>Dise\u00f1o minimalista<\/strong>: Desde el exterior, este armario de ba\u00f1o presenta un estilo minimalista pero a la moda. Las puertas del armario tienen un panel de madera con una textura \u00fanica, que presenta l\u00edneas suaves y fluidas. Combinado con la encimera blanca y limpia, crea un efecto visual refrescante y elegante.<\/p>\n\n\n\n<p><strong>Disposici\u00f3n racional del almacenamiento: <\/strong>El espacio interior del armario est\u00e1 bien planificado, con un dise\u00f1o de doble puerta que facilita el acceso a los objetos del interior. En la encimera, la disposici\u00f3n del lavabo y la zona de almacenamiento es compacta. Todos los elementos pueden colocarse en sus respectivas posiciones, manteniendo el cuarto de ba\u00f1o limpio y ordenado en todo momento, y haciendo que el uso diario sea m\u00e1s c\u00f3modo y eficiente.<\/p>\n<\/div>\n\n\n\n<div class=\"wp-block-column is-layout-flow wp-block-column-is-layout-flow\"><div class=\"wp-block-image\">\n<figure class=\"aligncenter size-full\"><img decoding=\"async\" width=\"700\" height=\"700\" src=\"https:\/\/www.shouyasanitary.com\/wp-content\/uploads\/2025\/08\/Wholesale-Discount-Wall-mounted-bathroom-cabinet-vanity.webp\" alt=\"Mayorista Descuento Mueble de ba\u00f1o montado en la pared tocador\" class=\"wp-image-1949\" style=\"object-fit:cover\" srcset=\"https:\/\/www.shouyasanitary.com\/wp-content\/uploads\/2025\/08\/Wholesale-Discount-Wall-mounted-bathroom-cabinet-vanity.webp 700w, https:\/\/www.shouyasanitary.com\/wp-content\/uploads\/2025\/08\/Wholesale-Discount-Wall-mounted-bathroom-cabinet-vanity-300x300.webp 300w, https:\/\/www.shouyasanitary.com\/wp-content\/uploads\/2025\/08\/Wholesale-Discount-Wall-mounted-bathroom-cabinet-vanity-150x150.webp 150w, https:\/\/www.shouyasanitary.com\/wp-content\/uploads\/2025\/08\/Wholesale-Discount-Wall-mounted-bathroom-cabinet-vanity-12x12.webp 12w, https:\/\/www.shouyasanitary.com\/wp-content\/uploads\/2025\/08\/Wholesale-Discount-Wall-mounted-bathroom-cabinet-vanity-600x600.webp 600w, https:\/\/www.shouyasanitary.com\/wp-content\/uploads\/2025\/08\/Wholesale-Discount-Wall-mounted-bathroom-cabinet-vanity-100x100.webp 100w\" sizes=\"(max-width: 700px) 100vw, 700px\" \/><\/figure>\n<\/div><\/div>\n<\/div>","protected":false},"excerpt":{"rendered":"<p>Armarios de ba\u00f1o Shouya semi a medida, con madera contrachapada duradera, un tama\u00f1o razonable, funci\u00f3n de almacenamiento y una estructura montada en la pared. Combina estabilidad, estilo elegante y una disposici\u00f3n de almacenamiento optimizada, perfecta tanto para ba\u00f1os peque\u00f1os como grandes. P\u00f3ngase en contacto con nosotros hoy mismo para obtener soluciones de tocador de ba\u00f1o al por mayor o personalizadas.<\/p>\n<h2>Armarios de Ba\u00f1o Semi Personalizados Atributos\uff1a<\/h2>\n<p><strong>Art\u00edculo No:<\/strong>SYY20250815-100<strong><br \/>Material del armario:<\/strong>\u00a0Contrachapado<br \/><strong>Color del armario:<\/strong> Marr\u00f3n<br \/><strong>Espejo:<\/strong> Espejo LED (3,5 mm\/3,8 mm), iluminaci\u00f3n tricolor, desempa\u00f1ado con un solo toque, protegido con embalaje de espuma multicapa<br \/><strong>Tipo de instalaci\u00f3n:<\/strong> Montaje en pared<br \/><strong>Dimensiones (L\u00d7A\u00d7H):<\/strong> 100x50x47 cm<br \/><strong>Peso bruto:<\/strong> 35 kg\/set<\/p>\n<h2>Personalizaci\u00f3n y servicios:<\/h2>\n<p><strong>OEM Y ODM<\/strong>: Soporte<br \/><strong>Dise\u00f1o<\/strong>: Gratis<br \/><strong>Accesorios<\/strong>: Lavabos, espejos, grifos y otros accesorios de ba\u00f1o<br \/><strong>Embalaje<\/strong>: Listo para montar<\/p>","protected":false},"featured_media":1949,"comment_status":"closed","ping_status":"closed","template":"","meta":{"_acf_changed":true},"product_brand":[],"product_cat":[20],"product_tag":[],"class_list":{"0":"post-1937","1":"product","2":"type-product","3":"status-publish","4":"has-post-thumbnail","6":"product_cat-wholesale-plywood-bathroom-vanity-cabinets","8":"first","9":"instock","10":"shipping-taxable","11":"product-type-simple"},"acf":[],"_links":{"self":[{"href":"https:\/\/www.shouyasanitary.com\/es\/wp-json\/wp\/v2\/product\/1937","targetHints":{"allow":["GET"]}}],"collection":[{"href":"https:\/\/www.shouyasanitary.com\/es\/wp-json\/wp\/v2\/product"}],"about":[{"href":"https:\/\/www.shouyasanitary.com\/es\/wp-json\/wp\/v2\/types\/product"}],"replies":[{"embeddable":true,"href":"https:\/\/www.shouyasanitary.com\/es\/wp-json\/wp\/v2\/comments?post=1937"}],"wp:featuredmedia":[{"embeddable":true,"href":"https:\/\/www.shouyasanitary.com\/es\/wp-json\/wp\/v2\/media\/1949"}],"wp:attachment":[{"href":"https:\/\/www.shouyasanitary.com\/es\/wp-json\/wp\/v2\/media?parent=1937"}],"wp:term":[{"taxonomy":"product_brand","embeddable":true,"href":"https:\/\/www.shouyasanitary.com\/es\/wp-json\/wp\/v2\/product_brand?post=1937"},{"taxonomy":"product_cat","embeddable":true,"href":"https:\/\/www.shouyasanitary.com\/es\/wp-json\/wp\/v2\/product_cat?post=1937"},{"taxonomy":"product_tag","embeddable":true,"href":"https:\/\/www.shouyasanitary.com\/es\/wp-json\/wp\/v2\/product_tag?post=1937"}],"curies":[{"name":"wp","href":"https:\/\/api.w.org\/{rel}","templated":true}]}}