{"id":1938,"date":"2025-09-12T09:46:49","date_gmt":"2025-09-12T09:46:49","guid":{"rendered":"https:\/\/www.shouyasanitary.com\/?post_type=product&#038;p=1938"},"modified":"2025-09-12T09:46:51","modified_gmt":"2025-09-12T09:46:51","slug":"wholesale-bathroom-floor-cabinet","status":"publish","type":"product","link":"https:\/\/www.shouyasanitary.com\/es\/producto\/wholesale-bathroom-floor-cabinet\/","title":{"rendered":"Mayorista Mueble de Ba\u00f1o, Doble Lavabo Set de Tocador de Ba\u00f1o con Espejo Estilo de Alta Gama Personalizado"},"content":{"rendered":"<div class=\"wp-block-columns is-layout-flex wp-container-core-columns-is-layout-9d6595d7 wp-block-columns-is-layout-flex\">\n<div class=\"wp-block-column is-layout-flow wp-block-column-is-layout-flow\">\n<h2 class=\"wp-block-heading\">Caracter\u00edsticas del gabinete del piso del cuarto de ba\u00f1o:<\/h2>\n\n\n\n<p><strong>Material de alta calidad y duradero: <\/strong>Fabricado con material de madera contrachapada de alta calidad, se somete a un procesamiento preciso y una estricta inspecci\u00f3n de calidad para garantizar una estructura estable y una fuerte resistencia a la deformaci\u00f3n. Es adecuado para un ambiente de ba\u00f1o h\u00famedo.<\/p>\n\n\n\n<p><strong>Dise\u00f1o de doble espejo:<\/strong> La exclusiva configuraci\u00f3n de doble espejo no s\u00f3lo satisface las necesidades de varias personas que lo utilizan al mismo tiempo, sino que tambi\u00e9n mejora la eficiencia del espacio del cuarto de ba\u00f1o. <\/p>\n\n\n\n<p><strong>Sencillo dise\u00f1o de marco negro<\/strong>: Aporta un toque moderno y a la moda, combinando perfectamente con el estilo de decoraci\u00f3n de hoteles, apartamentos, etc.<\/p>\n\n\n\n<p><strong>Disposici\u00f3n razonable: <\/strong>El espacioso dise\u00f1o del armario de 120CM, combinado con m\u00faltiples cajones y puertas de armario, proporciona un amplio espacio de almacenamiento, por lo que es conveniente almacenar diversos suministros de ba\u00f1o en categor\u00edas, manteniendo la encimera limpia y ordenada. <\/p>\n\n\n\n<p><strong>Estilo moderno y sencillo:<\/strong> El armario de color madera clara se combina con una encimera blanca, creando un aspecto fresco y natural que complementa las peque\u00f1as paredes de azulejos blancos, creando un ambiente de ba\u00f1o luminoso y espacioso. <\/p>\n\n\n\n<p><strong>Aplicable a m\u00faltiples escenarios de ba\u00f1o<\/strong>: Tanto si se trata de mejorar la calidad general de las habitaciones de hotel como de crear una experiencia confortable para los cuartos de ba\u00f1o de los apartamentos, el mueble de ba\u00f1o con suelo es una excelente elecci\u00f3n.<\/p>\n<\/div>\n\n\n\n<div class=\"wp-block-column is-layout-flow wp-block-column-is-layout-flow\"><div class=\"wp-block-image\">\n<figure class=\"aligncenter size-full\"><img decoding=\"async\" width=\"700\" height=\"700\" src=\"https:\/\/www.shouyasanitary.com\/wp-content\/uploads\/2025\/08\/Bulk-Purchases-120CM-Bathroom-Cabinet-Vanity.webp\" alt=\"Compras a granel 120CM Cuarto de ba\u00f1o Vanidad Gabinete\" class=\"wp-image-1946\" style=\"object-fit:cover\" srcset=\"https:\/\/www.shouyasanitary.com\/wp-content\/uploads\/2025\/08\/Bulk-Purchases-120CM-Bathroom-Cabinet-Vanity.webp 700w, https:\/\/www.shouyasanitary.com\/wp-content\/uploads\/2025\/08\/Bulk-Purchases-120CM-Bathroom-Cabinet-Vanity-300x300.webp 300w, https:\/\/www.shouyasanitary.com\/wp-content\/uploads\/2025\/08\/Bulk-Purchases-120CM-Bathroom-Cabinet-Vanity-150x150.webp 150w, https:\/\/www.shouyasanitary.com\/wp-content\/uploads\/2025\/08\/Bulk-Purchases-120CM-Bathroom-Cabinet-Vanity-12x12.webp 12w, https:\/\/www.shouyasanitary.com\/wp-content\/uploads\/2025\/08\/Bulk-Purchases-120CM-Bathroom-Cabinet-Vanity-600x600.webp 600w, https:\/\/www.shouyasanitary.com\/wp-content\/uploads\/2025\/08\/Bulk-Purchases-120CM-Bathroom-Cabinet-Vanity-100x100.webp 100w\" sizes=\"(max-width: 700px) 100vw, 700px\" \/><\/figure>\n<\/div><\/div>\n<\/div>","protected":false},"excerpt":{"rendered":"<p>Los armarios de suelo para cuartos de ba\u00f1o al por mayor de f\u00e1brica, con material resistente y un pr\u00e1ctico dise\u00f1o de doble espejo, est\u00e1n especialmente creados para mejorar la calidad de los cuartos de ba\u00f1o comerciales. Es una excelente opci\u00f3n para la compra al por mayor. P\u00f3ngase en contacto con nosotros para solicitar un presupuesto en cualquier momento.<\/p>\n<h2>Atributos de los armarios de ba\u00f1o\uff1a<\/h2>\n<p><strong>N\u00ba de art\u00edculo<\/strong>: SYY20250814-120<br \/><strong>Material del armario<\/strong>: Contrachapado<br \/><strong>Color del armario<\/strong>: Marr\u00f3n<br \/><strong>Espejo<\/strong>: Espejo LED (3,5 mm \/ 3,8 mm), iluminaci\u00f3n tricolor, desempa\u00f1ado con un solo toque, protegido con embalaje de espuma multicapa <br \/><strong>Tipo de instalaci\u00f3n<\/strong>: De pie<br \/><strong>Dimensiones (L \u00d7 A \u00d7 A)<\/strong>: 120 x 50 x 70 cm<br \/><strong>Peso bruto<\/strong>: 42kg\/set<\/p>\n<h2>Personalizaci\u00f3n y servicios:<\/h2>\n<p><strong>OEM Y ODM<\/strong>: Soporte<br \/><strong>Dise\u00f1o<\/strong>: Gratis<br \/><strong>Accesorios<\/strong>: Lavabos, espejos, grifos y otros accesorios de ba\u00f1o<br \/><strong>Embalaje<\/strong>: Listo para montar<\/p>","protected":false},"featured_media":1946,"comment_status":"closed","ping_status":"closed","template":"","meta":{"_acf_changed":true},"product_brand":[],"product_cat":[20],"product_tag":[],"class_list":{"0":"post-1938","1":"product","2":"type-product","3":"status-publish","4":"has-post-thumbnail","6":"product_cat-wholesale-plywood-bathroom-vanity-cabinets","8":"first","9":"instock","10":"shipping-taxable","11":"product-type-simple"},"acf":[],"_links":{"self":[{"href":"https:\/\/www.shouyasanitary.com\/es\/wp-json\/wp\/v2\/product\/1938","targetHints":{"allow":["GET"]}}],"collection":[{"href":"https:\/\/www.shouyasanitary.com\/es\/wp-json\/wp\/v2\/product"}],"about":[{"href":"https:\/\/www.shouyasanitary.com\/es\/wp-json\/wp\/v2\/types\/product"}],"replies":[{"embeddable":true,"href":"https:\/\/www.shouyasanitary.com\/es\/wp-json\/wp\/v2\/comments?post=1938"}],"wp:featuredmedia":[{"embeddable":true,"href":"https:\/\/www.shouyasanitary.com\/es\/wp-json\/wp\/v2\/media\/1946"}],"wp:attachment":[{"href":"https:\/\/www.shouyasanitary.com\/es\/wp-json\/wp\/v2\/media?parent=1938"}],"wp:term":[{"taxonomy":"product_brand","embeddable":true,"href":"https:\/\/www.shouyasanitary.com\/es\/wp-json\/wp\/v2\/product_brand?post=1938"},{"taxonomy":"product_cat","embeddable":true,"href":"https:\/\/www.shouyasanitary.com\/es\/wp-json\/wp\/v2\/product_cat?post=1938"},{"taxonomy":"product_tag","embeddable":true,"href":"https:\/\/www.shouyasanitary.com\/es\/wp-json\/wp\/v2\/product_tag?post=1938"}],"curies":[{"name":"wp","href":"https:\/\/api.w.org\/{rel}","templated":true}]}}