{"id":1939,"date":"2025-09-12T09:46:54","date_gmt":"2025-09-12T09:46:54","guid":{"rendered":"https:\/\/www.shouyasanitary.com\/?post_type=product&#038;p=1939"},"modified":"2025-09-12T09:46:56","modified_gmt":"2025-09-12T09:46:56","slug":"wholesale-modern-style-bathroom-vanity","status":"publish","type":"product","link":"https:\/\/www.shouyasanitary.com\/es\/producto\/wholesale-modern-style-bathroom-vanity\/","title":{"rendered":"Mayorista Tocador de Ba\u00f1o de Estilo Moderno, OEM Juego de Tocador de Ba\u00f1o Negro con Espejo Retroiluminado Redondo para Montaje en Pared"},"content":{"rendered":"<div class=\"wp-block-columns is-layout-flex wp-container-core-columns-is-layout-9d6595d7 wp-block-columns-is-layout-flex\">\n<div class=\"wp-block-column is-layout-flow wp-block-column-is-layout-flow\">\n<h2 class=\"wp-block-heading\">Caracter\u00edsticas del tocador de ba\u00f1o de estilo moderno\uff1a<\/h2>\n\n\n\n<p><strong>Material contrachapado de alta calidad: <\/strong>El principal material utilizado es la madera contrachapada de alta densidad, que no s\u00f3lo garantiza la durabilidad y resistencia del producto, sino que tambi\u00e9n le confiere excelentes propiedades a prueba de humedad, lo que lo hace muy adecuado para su uso en cuartos de ba\u00f1o. <\/p>\n\n\n\n<p><strong>Suave y duradero<\/strong>: La superficie ha sido sometida a un tratamiento especial, que la hace suave y fina, f\u00e1cil de limpiar y mantener, y permanece brillante y nueva incluso despu\u00e9s de un uso prolongado.<\/p>\n\n\n\n<p><strong>Encimera de dise\u00f1o espacioso de 120CM: <\/strong>Con una encimera de 120 cent\u00edmetros de ancho, es a la vez bonito y pr\u00e1ctico. El amplio espacio es lo suficientemente grande como para acomodar art\u00edculos de aseo diario y adornos.<\/p>\n\n\n\n<p><strong>Espejo circular inteligente retroiluminado: <\/strong>Equipada con un espejo circular retroiluminado, la luz es suave y no deslumbra, proporcionando una iluminaci\u00f3n ideal para los preparativos matutinos. <\/p>\n\n\n\n<p><strong>Armario multifuncional<\/strong>: Dispone de estantes abiertos para acceder c\u00f3modamente a los art\u00edculos de uso frecuente, as\u00ed como de un espacio de almacenamiento cerrado con puerta de persiana, que evita eficazmente el polvo a la vez que mantiene el cuarto de ba\u00f1o ordenado y organizado.<\/p>\n\n\n\n<p><strong>Estilo minimalista moderno: <\/strong>El dise\u00f1o general se adhiere al concepto de minimalismo moderno, con l\u00edneas suaves y combinaciones de colores armoniosas. Tanto los armarios grises oscuros como las encimeras blancas combinan a la perfecci\u00f3n con distintos estilos de decoraci\u00f3n de ba\u00f1os.<\/p>\n<\/div>\n\n\n\n<div class=\"wp-block-column is-layout-flow wp-block-column-is-layout-flow\"><div class=\"wp-block-image\">\n<figure class=\"aligncenter size-full\"><img decoding=\"async\" width=\"700\" height=\"700\" src=\"https:\/\/www.shouyasanitary.com\/wp-content\/uploads\/2025\/08\/Factory-made-custom-bathroom-cabinet-vanity-1.webp\" alt=\"Mueble de ba\u00f1o a medida de f\u00e1brica\" class=\"wp-image-1943\" style=\"object-fit:cover\" srcset=\"https:\/\/www.shouyasanitary.com\/wp-content\/uploads\/2025\/08\/Factory-made-custom-bathroom-cabinet-vanity-1.webp 700w, https:\/\/www.shouyasanitary.com\/wp-content\/uploads\/2025\/08\/Factory-made-custom-bathroom-cabinet-vanity-1-300x300.webp 300w, https:\/\/www.shouyasanitary.com\/wp-content\/uploads\/2025\/08\/Factory-made-custom-bathroom-cabinet-vanity-1-150x150.webp 150w, https:\/\/www.shouyasanitary.com\/wp-content\/uploads\/2025\/08\/Factory-made-custom-bathroom-cabinet-vanity-1-12x12.webp 12w, https:\/\/www.shouyasanitary.com\/wp-content\/uploads\/2025\/08\/Factory-made-custom-bathroom-cabinet-vanity-1-600x600.webp 600w, https:\/\/www.shouyasanitary.com\/wp-content\/uploads\/2025\/08\/Factory-made-custom-bathroom-cabinet-vanity-1-100x100.webp 100w\" sizes=\"(max-width: 700px) 100vw, 700px\" \/><\/figure>\n<\/div><\/div>\n<\/div>","protected":false},"excerpt":{"rendered":"<p>Mayorista de tocador de ba\u00f1o de estilo moderno. Este conjunto de gabinete de ba\u00f1o de madera contrachapada de 120CM combina una est\u00e9tica minimalista moderna, con un espejo retroiluminado redondo y un armario de almacenamiento eficiente. Es duradero y resistente a la humedad. \u00a1Bienvenido a preguntar por el precio!<\/p>\n<h2>Lavabo de estilo moderno Atributos:<\/h2>\n<p><strong>N\u00ba de art\u00edculo<\/strong>: SYY20250812-120<br \/><strong>Material del armario:<\/strong>\u00a0Contrachapado<br \/><strong>Color del armario: <\/strong>Negro<br \/><strong>Espejo:<\/strong> Espejo LED (3,5 mm\/3,8 mm), iluminaci\u00f3n tricolor, desempa\u00f1ado con un solo toque, protegido con embalaje de espuma multicapa<br \/><strong>Tipo de instalaci\u00f3n:<\/strong>\u00a0Montaje en pared<br \/><strong>Dimensiones (L\u00d7A\u00d7H):<\/strong> 120x 47 x 27cm<br \/><strong>Peso bruto:<\/strong> 38 kg\/set<\/p>\n<h2>Personalizaci\u00f3n y servicios:<\/h2>\n<p><strong>OEM Y ODM<\/strong>: Soporte<br \/><strong>Dise\u00f1o<\/strong>: Gratis<br \/><strong>Accesorios<\/strong>: Lavabos, espejos, grifos y otros accesorios de ba\u00f1o<br \/><strong>Embalaje<\/strong>: Listo para montar<\/p>","protected":false},"featured_media":1943,"comment_status":"closed","ping_status":"closed","template":"","meta":{"_acf_changed":true},"product_brand":[],"product_cat":[20],"product_tag":[],"class_list":{"0":"post-1939","1":"product","2":"type-product","3":"status-publish","4":"has-post-thumbnail","6":"product_cat-wholesale-plywood-bathroom-vanity-cabinets","8":"first","9":"instock","10":"shipping-taxable","11":"product-type-simple"},"acf":[],"_links":{"self":[{"href":"https:\/\/www.shouyasanitary.com\/es\/wp-json\/wp\/v2\/product\/1939","targetHints":{"allow":["GET"]}}],"collection":[{"href":"https:\/\/www.shouyasanitary.com\/es\/wp-json\/wp\/v2\/product"}],"about":[{"href":"https:\/\/www.shouyasanitary.com\/es\/wp-json\/wp\/v2\/types\/product"}],"replies":[{"embeddable":true,"href":"https:\/\/www.shouyasanitary.com\/es\/wp-json\/wp\/v2\/comments?post=1939"}],"wp:featuredmedia":[{"embeddable":true,"href":"https:\/\/www.shouyasanitary.com\/es\/wp-json\/wp\/v2\/media\/1943"}],"wp:attachment":[{"href":"https:\/\/www.shouyasanitary.com\/es\/wp-json\/wp\/v2\/media?parent=1939"}],"wp:term":[{"taxonomy":"product_brand","embeddable":true,"href":"https:\/\/www.shouyasanitary.com\/es\/wp-json\/wp\/v2\/product_brand?post=1939"},{"taxonomy":"product_cat","embeddable":true,"href":"https:\/\/www.shouyasanitary.com\/es\/wp-json\/wp\/v2\/product_cat?post=1939"},{"taxonomy":"product_tag","embeddable":true,"href":"https:\/\/www.shouyasanitary.com\/es\/wp-json\/wp\/v2\/product_tag?post=1939"}],"curies":[{"name":"wp","href":"https:\/\/api.w.org\/{rel}","templated":true}]}}