{"id":1953,"date":"2025-09-12T09:46:51","date_gmt":"2025-09-12T09:46:51","guid":{"rendered":"https:\/\/www.shouyasanitary.com\/?post_type=product&#038;p=1953"},"modified":"2025-09-12T09:46:52","modified_gmt":"2025-09-12T09:46:52","slug":"wholesale-bathroom-vanities-free-standing","status":"publish","type":"product","link":"https:\/\/www.shouyasanitary.com\/es\/producto\/wholesale-bathroom-vanities-free-standing\/","title":{"rendered":"Venta al por mayor tocadores de ba\u00f1o Free Standing, Peque\u00f1o armario con espejo de ba\u00f1o Proveedor de madera contrachapada"},"content":{"rendered":"<div class=\"wp-block-columns is-layout-flex wp-container-core-columns-is-layout-9d6595d7 wp-block-columns-is-layout-flex\">\n<div class=\"wp-block-column is-layout-flow wp-block-column-is-layout-flow\">\n<h2 class=\"wp-block-heading\">Caracter\u00edsticas:<\/h2>\n\n\n\n<p><strong>Dise\u00f1o compacto<\/strong>: Su tama\u00f1o compacto y su estructura lineal lo hacen ideal para apartamentos peque\u00f1os o rincones de cuartos de ba\u00f1o, aprovechando al m\u00e1ximo el espacio limitado.<\/p>\n\n\n\n<p><strong>Pr\u00e1ctica combinaci\u00f3n de armario y espejo<\/strong>: El armario con espejo cuenta con compartimentos de almacenamiento para art\u00edculos de aseo diario, creando una experiencia de almacenamiento hermosa y conveniente, manteniendo su encimera ordenada.<\/p>\n\n\n\n<p><strong>Materiales de alta calidad:<\/strong> El armario est\u00e1 fabricado con madera contrachapada de alta calidad, que ofrece una superficie natural, resistente al desgaste y a la humedad para una mayor durabilidad.<\/p>\n\n\n\n<p><strong>Est\u00e9tica minimalista moderna<\/strong>: El mueble de madera oscura combinado con el lavabo de cer\u00e1mica blanca crea un dise\u00f1o sencillo y elegante que realza el estilo general del cuarto de ba\u00f1o.<\/p>\n\n\n\n<p><strong>Almacenamiento t\u00e1ctico<\/strong>: El armario de una puerta ofrece un amplio espacio de almacenamiento interno, y cuando se combina con el armario con espejo, hace que el lavado y el aseo sean m\u00e1s eficientes.<\/p>\n\n\n\n<p><strong>Suministro directo de f\u00e1brica<\/strong>: Suministrados por Shouya, ofrecemos precios competitivos y servicios mayoristas y personalizados. Apoyamos la personalizaci\u00f3n de tama\u00f1o, color y material, ayudando a los clientes a ahorrar en costes de adquisici\u00f3n y mejorar su competitividad en el mercado.<\/p>\n<\/div>\n\n\n\n<div class=\"wp-block-column is-layout-flow wp-block-column-is-layout-flow\"><div class=\"wp-block-image\">\n<figure class=\"aligncenter size-full\"><img decoding=\"async\" width=\"700\" height=\"700\" src=\"https:\/\/www.shouyasanitary.com\/wp-content\/uploads\/2025\/08\/Bulk-Purchases-Plywood-Cabinet-Vanity.webp\" alt=\"Compras a granel Armario contrachapado Vanity\" class=\"wp-image-1958\" style=\"object-fit:cover\" srcset=\"https:\/\/www.shouyasanitary.com\/wp-content\/uploads\/2025\/08\/Bulk-Purchases-Plywood-Cabinet-Vanity.webp 700w, https:\/\/www.shouyasanitary.com\/wp-content\/uploads\/2025\/08\/Bulk-Purchases-Plywood-Cabinet-Vanity-300x300.webp 300w, https:\/\/www.shouyasanitary.com\/wp-content\/uploads\/2025\/08\/Bulk-Purchases-Plywood-Cabinet-Vanity-150x150.webp 150w, https:\/\/www.shouyasanitary.com\/wp-content\/uploads\/2025\/08\/Bulk-Purchases-Plywood-Cabinet-Vanity-12x12.webp 12w, https:\/\/www.shouyasanitary.com\/wp-content\/uploads\/2025\/08\/Bulk-Purchases-Plywood-Cabinet-Vanity-600x600.webp 600w, https:\/\/www.shouyasanitary.com\/wp-content\/uploads\/2025\/08\/Bulk-Purchases-Plywood-Cabinet-Vanity-100x100.webp 100w\" sizes=\"(max-width: 700px) 100vw, 700px\" \/><\/figure>\n<\/div><\/div>\n<\/div>","protected":false},"excerpt":{"rendered":"<p>Venta al por mayor gabinete de ba\u00f1o negro, a granel tocadores de ba\u00f1o personalizado, hecho de madera contrachapada, elegante y hermoso. Directo de f\u00e1brica, Nueva Llegada 2025. P\u00f3ngase en contacto con nosotros para una cita y cat\u00e1logo de productos.<\/p>\n<h2>Gabinete de ba\u00f1o negro Atributos\uff1a<\/h2>\n<p><strong>N\u00ba de art\u00edculo<\/strong>: SYY20250817-40<\/p>\n<p><strong>Material del armario<\/strong>: Contrachapado<br \/><strong>Color del armario<\/strong>: Marr\u00f3n<\/p>\n<p><strong>Espejo:<\/strong> Espejo LED (3,5 mm\/3,8 mm), iluminaci\u00f3n tricolor, desempa\u00f1ado con un solo toque, protegido con embalaje de espuma multicapa<br \/><strong>Tipo de instalaci\u00f3n:<\/strong> De pie<br \/><strong>Dimensiones (L\u00d7A\u00d7H):<\/strong> 40*30*60cm<\/p>\n<h2>Personalizaci\u00f3n y servicios:<\/h2>\n<p><strong>OEM Y ODM<\/strong>: Soporte<br \/><strong>Dise\u00f1o<\/strong>: Gratis<br \/><strong>Accesorios<\/strong>: Lavabos, espejos, grifos y otros accesorios de ba\u00f1o<br \/><strong>Embalaje<\/strong>: Listo para montar<\/p>","protected":false},"featured_media":1958,"comment_status":"closed","ping_status":"closed","template":"","meta":{"_acf_changed":true},"product_brand":[],"product_cat":[20],"product_tag":[],"class_list":{"0":"post-1953","1":"product","2":"type-product","3":"status-publish","4":"has-post-thumbnail","6":"product_cat-wholesale-plywood-bathroom-vanity-cabinets","8":"first","9":"instock","10":"shipping-taxable","11":"product-type-simple"},"acf":[],"_links":{"self":[{"href":"https:\/\/www.shouyasanitary.com\/es\/wp-json\/wp\/v2\/product\/1953","targetHints":{"allow":["GET"]}}],"collection":[{"href":"https:\/\/www.shouyasanitary.com\/es\/wp-json\/wp\/v2\/product"}],"about":[{"href":"https:\/\/www.shouyasanitary.com\/es\/wp-json\/wp\/v2\/types\/product"}],"replies":[{"embeddable":true,"href":"https:\/\/www.shouyasanitary.com\/es\/wp-json\/wp\/v2\/comments?post=1953"}],"wp:featuredmedia":[{"embeddable":true,"href":"https:\/\/www.shouyasanitary.com\/es\/wp-json\/wp\/v2\/media\/1958"}],"wp:attachment":[{"href":"https:\/\/www.shouyasanitary.com\/es\/wp-json\/wp\/v2\/media?parent=1953"}],"wp:term":[{"taxonomy":"product_brand","embeddable":true,"href":"https:\/\/www.shouyasanitary.com\/es\/wp-json\/wp\/v2\/product_brand?post=1953"},{"taxonomy":"product_cat","embeddable":true,"href":"https:\/\/www.shouyasanitary.com\/es\/wp-json\/wp\/v2\/product_cat?post=1953"},{"taxonomy":"product_tag","embeddable":true,"href":"https:\/\/www.shouyasanitary.com\/es\/wp-json\/wp\/v2\/product_tag?post=1953"}],"curies":[{"name":"wp","href":"https:\/\/api.w.org\/{rel}","templated":true}]}}