{"id":1954,"date":"2025-09-12T09:46:47","date_gmt":"2025-09-12T09:46:47","guid":{"rendered":"https:\/\/www.shouyasanitary.com\/?post_type=product&#038;p=1954"},"modified":"2025-09-12T09:46:49","modified_gmt":"2025-09-12T09:46:49","slug":"wholesale-free-standing-bathroom-cabinets","status":"publish","type":"product","link":"https:\/\/www.shouyasanitary.com\/es\/producto\/wholesale-free-standing-bathroom-cabinets\/","title":{"rendered":"Mayorista Armarios de Ba\u00f1o, Lavabos de Lujo con Fregadero Contrachapado Negro Bulk Supply"},"content":{"rendered":"<div class=\"wp-block-columns is-layout-flex wp-container-core-columns-is-layout-9d6595d7 wp-block-columns-is-layout-flex\">\n<div class=\"wp-block-column is-layout-flow wp-block-column-is-layout-flow\">\n<h2 class=\"wp-block-heading\">Armarios de ba\u00f1o independientes Caracter\u00edsticas:<\/h2>\n\n\n\n<p><strong>Estilo generoso: <\/strong>Con el negro cl\u00e1sico como tono principal, emparejado con tiradores y patas dorados, esboza un estilo moderno de lujo ligero con el tel\u00f3n de fondo de una pared blanca clara y un espacio luminoso. El sencillo espejo rectangular de marco negro y el lavabo de cer\u00e1mica blanca forman un equilibrio visual, creando un espacio de ba\u00f1o refinado y de buen gusto<\/p>\n\n\n\n<p><strong>Disposici\u00f3n razonable:<\/strong> El dise\u00f1o de doble puerta y doble caj\u00f3n satisface diversas necesidades de almacenamiento. Las grandes puertas acomodan art\u00edculos de limpieza y otros art\u00edculos esenciales, mientras que los cajones son convenientes para almacenar objetos peque\u00f1os, manteniendo el espacio ordenado y organizado, asegurando un almacenamiento eficiente incluso en apartamentos peque\u00f1os.<\/p>\n\n\n\n<p><strong>Estructura autoportante:<\/strong> Utiliza el espacio vertical, ampliando el almacenamiento desde la encimera hasta el fondo del armario, garantizando que los art\u00edculos de aseo diario est\u00e9n todos en su sitio, incluso en apartamentos peque\u00f1os, consiguiendo un almacenamiento ordenado.<\/p>\n\n\n\n<p><strong>Amplia encimera:<\/strong> La encimera del lavabo blanco es espaciosa y puede alojar varios estilos de grifer\u00eda, lo que permite una mayor libertad en las operaciones de lavado y aseo. <\/p>\n\n\n\n<p><strong>Material de contrachapado duradero:<\/strong> El material negro del mueble principal es impermeable y resistente a la humedad, lo que garantiza su durabilidad incluso en el entorno h\u00famedo del cuarto de ba\u00f1o. <\/p>\n\n\n\n<p><strong>Detalles exquisitos<\/strong>: Las piezas met\u00e1licas doradas no son s\u00f3lo decorativas, sino que tambi\u00e9n sirven de refuerzo y practicidad. Las asas son suaves y los pies robustos, y ofrecen tanto atractivo est\u00e9tico como funcionalidad, interpretando la vida de ba\u00f1o \"bonita y funcional\" a trav\u00e9s de los detalles.<\/p>\n\n\n\n<p><strong>Soporte OEM\/ODM<\/strong>: Shouya ofrece servicios de personalizaci\u00f3n flexibles, que incluyen color, tama\u00f1o, accesorios, etc., para satisfacer las necesidades de los distintos proyectos de cuartos de ba\u00f1o.<\/p>\n<\/div>\n\n\n\n<div class=\"wp-block-column is-layout-flow wp-block-column-is-layout-flow\"><div class=\"wp-block-image\">\n<figure class=\"aligncenter size-full\"><img decoding=\"async\" width=\"700\" height=\"700\" src=\"https:\/\/www.shouyasanitary.com\/wp-content\/uploads\/2025\/08\/Custom-Solutions-Cabinet-with-Black-Color.webp\" alt=\"Armario de soluciones personalizadas en color negro\" class=\"wp-image-1962\" style=\"object-fit:cover\" srcset=\"https:\/\/www.shouyasanitary.com\/wp-content\/uploads\/2025\/08\/Custom-Solutions-Cabinet-with-Black-Color.webp 700w, https:\/\/www.shouyasanitary.com\/wp-content\/uploads\/2025\/08\/Custom-Solutions-Cabinet-with-Black-Color-300x300.webp 300w, https:\/\/www.shouyasanitary.com\/wp-content\/uploads\/2025\/08\/Custom-Solutions-Cabinet-with-Black-Color-150x150.webp 150w, https:\/\/www.shouyasanitary.com\/wp-content\/uploads\/2025\/08\/Custom-Solutions-Cabinet-with-Black-Color-12x12.webp 12w, https:\/\/www.shouyasanitary.com\/wp-content\/uploads\/2025\/08\/Custom-Solutions-Cabinet-with-Black-Color-600x600.webp 600w, https:\/\/www.shouyasanitary.com\/wp-content\/uploads\/2025\/08\/Custom-Solutions-Cabinet-with-Black-Color-100x100.webp 100w\" sizes=\"(max-width: 700px) 100vw, 700px\" \/><\/figure>\n<\/div><\/div>\n<\/div>","protected":false},"excerpt":{"rendered":"<p>Los armarios de ba\u00f1o de libre instalaci\u00f3n al por mayor presentan un dise\u00f1o moderno y minimalista, almacenamiento con doble puerta y caj\u00f3n, material impermeable duradero y un amplio lavabo blanco. Perfectos para cuartos de ba\u00f1o de lujo. P\u00f3ngase en contacto con nosotros para obtener un presupuesto y un cat\u00e1logo de productos.<\/p>\n<h2>Armarios de ba\u00f1o independientes Atributos\uff1a<\/h2>\n<p><strong>N\u00ba de art\u00edculo<\/strong>: SYY20250818-50<br \/><strong>Material del armario<\/strong>: Contrachapado<br \/><strong>Color del armario<\/strong>: Negro<\/p>\n<p><strong>Espejo:<\/strong> Espejo LED (3,5 mm\/3,8 mm), iluminaci\u00f3n tricolor, desempa\u00f1ado con un solo toque, protegido con embalaje de espuma multicapa<br \/><strong>Tipo de instalaci\u00f3n:<\/strong> De pie<br \/><strong>Dimensiones (L\u00d7A\u00d7H):<\/strong> 50*40*65cm<\/p>\n<h2>Personalizaci\u00f3n y servicios:<\/h2>\n<p><strong>OEM Y ODM<\/strong>: Soporte<br \/><strong>Dise\u00f1o<\/strong>: Gratis<br \/><strong>Accesorios<\/strong>: Lavabos, espejos, grifos y otros accesorios de ba\u00f1o<br \/><strong>Embalaje<\/strong>: Listo para montar<\/p>","protected":false},"featured_media":1962,"comment_status":"closed","ping_status":"closed","template":"","meta":{"_acf_changed":true},"product_brand":[],"product_cat":[20],"product_tag":[],"class_list":{"0":"post-1954","1":"product","2":"type-product","3":"status-publish","4":"has-post-thumbnail","6":"product_cat-wholesale-plywood-bathroom-vanity-cabinets","8":"first","9":"instock","10":"shipping-taxable","11":"product-type-simple"},"acf":[],"_links":{"self":[{"href":"https:\/\/www.shouyasanitary.com\/es\/wp-json\/wp\/v2\/product\/1954","targetHints":{"allow":["GET"]}}],"collection":[{"href":"https:\/\/www.shouyasanitary.com\/es\/wp-json\/wp\/v2\/product"}],"about":[{"href":"https:\/\/www.shouyasanitary.com\/es\/wp-json\/wp\/v2\/types\/product"}],"replies":[{"embeddable":true,"href":"https:\/\/www.shouyasanitary.com\/es\/wp-json\/wp\/v2\/comments?post=1954"}],"wp:featuredmedia":[{"embeddable":true,"href":"https:\/\/www.shouyasanitary.com\/es\/wp-json\/wp\/v2\/media\/1962"}],"wp:attachment":[{"href":"https:\/\/www.shouyasanitary.com\/es\/wp-json\/wp\/v2\/media?parent=1954"}],"wp:term":[{"taxonomy":"product_brand","embeddable":true,"href":"https:\/\/www.shouyasanitary.com\/es\/wp-json\/wp\/v2\/product_brand?post=1954"},{"taxonomy":"product_cat","embeddable":true,"href":"https:\/\/www.shouyasanitary.com\/es\/wp-json\/wp\/v2\/product_cat?post=1954"},{"taxonomy":"product_tag","embeddable":true,"href":"https:\/\/www.shouyasanitary.com\/es\/wp-json\/wp\/v2\/product_tag?post=1954"}],"curies":[{"name":"wp","href":"https:\/\/api.w.org\/{rel}","templated":true}]}}