{"id":1955,"date":"2025-09-12T09:46:41","date_gmt":"2025-09-12T09:46:41","guid":{"rendered":"https:\/\/www.shouyasanitary.com\/?post_type=product&#038;p=1955"},"modified":"2025-09-12T09:46:44","modified_gmt":"2025-09-12T09:46:44","slug":"wholesale-wash-basin-cabinet","status":"publish","type":"product","link":"https:\/\/www.shouyasanitary.com\/es\/producto\/wholesale-wash-basin-cabinet\/","title":{"rendered":"Venta al por mayor mueble para lavabo, mueble de ba\u00f1o de madera contrachapada a medida"},"content":{"rendered":"<div class=\"wp-block-columns is-layout-flex wp-container-core-columns-is-layout-9d6595d7 wp-block-columns-is-layout-flex\">\n<div class=\"wp-block-column is-layout-flow wp-block-column-is-layout-flow\">\n<h2 class=\"wp-block-heading\">Mueble para lavabo Caracter\u00edsticas\uff1a<\/h2>\n\n\n\n<p><strong>Instalaci\u00f3n mural<\/strong>: Reduce el uso de espacio en el suelo, haciendo que los ba\u00f1os peque\u00f1os sean m\u00e1s espaciosos y transparentes. Permite que el robot de limpieza entre y salga libremente, evitando puntos ciegos y creando una sensaci\u00f3n de luz y orden en el espacio.<\/p>\n\n\n\n<p><strong>Material duradero y ecol\u00f3gico<\/strong>: El mueble est\u00e1 fabricado con madera contrachapada de alta calidad con tratamiento antihumedad e impermeable, que puede mantener la estabilidad incluso en ambientes h\u00famedos del cuarto de ba\u00f1o. En comparaci\u00f3n con la madera maciza, es m\u00e1s respetuoso con el medio ambiente y m\u00e1s rentable.<\/p>\n\n\n\n<p><strong>Almacenamiento ordenado: <\/strong>El armario de doble puerta esconde un \"universo de gran capacidad\", que permite guardar f\u00e1cilmente art\u00edculos voluminosos como gel de ducha y detergente para la ropa. Cuando la puerta est\u00e1 cerrada, se ve ordenado; cuando la puerta est\u00e1 abierta, encontrar los art\u00edculos no es una molestia, maximizando la practicidad y el orden del almacenamiento.<\/p>\n\n\n\n<p><strong>Estilo integrado: <\/strong>El mueble principal de color madera clara aporta una calidez natural, equilibrando la frialdad del espacio de ba\u00f1o; el lavabo blanco puro es sencillo y limpio, formando un suave contraste con el color de la madera. Se adapta a varios estilos, como el minimalismo moderno y la frescura japonesa. A la vez pr\u00e1ctico y decorativo.<\/p>\n\n\n\n<p><strong>Entrega eficaz y estable<\/strong>: Shouya cuenta con una l\u00ednea de producci\u00f3n completa y un estricto sistema de control de calidad, y ofrece servicios de personalizaci\u00f3n al por mayor para satisfacer las necesidades de pedidos de gran volumen y garantizar una entrega puntual y estable.<\/p>\n<\/div>\n\n\n\n<div class=\"wp-block-column is-layout-flow wp-block-column-is-layout-flow\"><div class=\"wp-block-image\">\n<figure class=\"aligncenter size-full\"><img decoding=\"async\" width=\"700\" height=\"700\" src=\"https:\/\/www.shouyasanitary.com\/wp-content\/uploads\/2025\/08\/Custom-Wall-Mount-Cabinet.webp\" alt=\"Armario mural a medida\" class=\"wp-image-1964\" style=\"object-fit:cover\" srcset=\"https:\/\/www.shouyasanitary.com\/wp-content\/uploads\/2025\/08\/Custom-Wall-Mount-Cabinet.webp 700w, https:\/\/www.shouyasanitary.com\/wp-content\/uploads\/2025\/08\/Custom-Wall-Mount-Cabinet-300x300.webp 300w, https:\/\/www.shouyasanitary.com\/wp-content\/uploads\/2025\/08\/Custom-Wall-Mount-Cabinet-150x150.webp 150w, https:\/\/www.shouyasanitary.com\/wp-content\/uploads\/2025\/08\/Custom-Wall-Mount-Cabinet-12x12.webp 12w, https:\/\/www.shouyasanitary.com\/wp-content\/uploads\/2025\/08\/Custom-Wall-Mount-Cabinet-600x600.webp 600w, https:\/\/www.shouyasanitary.com\/wp-content\/uploads\/2025\/08\/Custom-Wall-Mount-Cabinet-100x100.webp 100w\" sizes=\"(max-width: 700px) 100vw, 700px\" \/><\/figure>\n<\/div><\/div>\n<\/div>","protected":false},"excerpt":{"rendered":"<p>Mueble de lavabo al por mayor con material de madera contrachapada y un lavabo de cer\u00e1mica blanca presenta un dise\u00f1o que ahorra espacio, una disposici\u00f3n de almacenamiento razonable y un estilo minimalista, lo que lo convierte en la opci\u00f3n ideal para crear un espacio de ba\u00f1o c\u00f3modo y funcional. P\u00f3ngase en contacto con nosotros para obtener un presupuesto y un cat\u00e1logo de productos.<\/p>\n<h2>Lavabo Mueble Atributos\uff1a<\/h2>\n<p><strong>Art\u00edculo No: <\/strong>SYY20250819-40<strong><br \/>Material del armario:<\/strong>\u00a0Contrachapado<br \/><strong>Color del armario:<\/strong> Marr\u00f3n<br \/><strong>Espejo:<\/strong> Espejo LED (3,5 mm\/3,8 mm), iluminaci\u00f3n tricolor, desempa\u00f1ado con un solo toque, protegido con embalaje de espuma multicapa<br \/><strong>Tipo de instalaci\u00f3n:<\/strong>\u00a0Montaje en pared<br \/><strong>Dimensiones (L\u00d7A\u00d7H):<\/strong> 40x30x48 cm<br \/><strong>Peso bruto:<\/strong> 28kg\/set<\/p>\n<h2>Personalizaci\u00f3n y servicios:<\/h2>\n<p><strong>OEM Y ODM<\/strong>: Soporte<br \/><strong>Dise\u00f1o<\/strong>: Gratis<br \/><strong>Accesorios<\/strong>: Lavabos, espejos, grifos y otros accesorios de ba\u00f1o<br \/><strong>Embalaje<\/strong>: Listo para montar<\/p>","protected":false},"featured_media":1964,"comment_status":"closed","ping_status":"closed","template":"","meta":{"_acf_changed":true},"product_brand":[],"product_cat":[20],"product_tag":[],"class_list":{"0":"post-1955","1":"product","2":"type-product","3":"status-publish","4":"has-post-thumbnail","6":"product_cat-wholesale-plywood-bathroom-vanity-cabinets","8":"first","9":"instock","10":"shipping-taxable","11":"product-type-simple"},"acf":[],"_links":{"self":[{"href":"https:\/\/www.shouyasanitary.com\/es\/wp-json\/wp\/v2\/product\/1955","targetHints":{"allow":["GET"]}}],"collection":[{"href":"https:\/\/www.shouyasanitary.com\/es\/wp-json\/wp\/v2\/product"}],"about":[{"href":"https:\/\/www.shouyasanitary.com\/es\/wp-json\/wp\/v2\/types\/product"}],"replies":[{"embeddable":true,"href":"https:\/\/www.shouyasanitary.com\/es\/wp-json\/wp\/v2\/comments?post=1955"}],"wp:featuredmedia":[{"embeddable":true,"href":"https:\/\/www.shouyasanitary.com\/es\/wp-json\/wp\/v2\/media\/1964"}],"wp:attachment":[{"href":"https:\/\/www.shouyasanitary.com\/es\/wp-json\/wp\/v2\/media?parent=1955"}],"wp:term":[{"taxonomy":"product_brand","embeddable":true,"href":"https:\/\/www.shouyasanitary.com\/es\/wp-json\/wp\/v2\/product_brand?post=1955"},{"taxonomy":"product_cat","embeddable":true,"href":"https:\/\/www.shouyasanitary.com\/es\/wp-json\/wp\/v2\/product_cat?post=1955"},{"taxonomy":"product_tag","embeddable":true,"href":"https:\/\/www.shouyasanitary.com\/es\/wp-json\/wp\/v2\/product_tag?post=1955"}],"curies":[{"name":"wp","href":"https:\/\/api.w.org\/{rel}","templated":true}]}}