{"id":1956,"date":"2025-09-12T09:46:44","date_gmt":"2025-09-12T09:46:44","guid":{"rendered":"https:\/\/www.shouyasanitary.com\/?post_type=product&#038;p=1956"},"modified":"2025-09-12T09:46:47","modified_gmt":"2025-09-12T09:46:47","slug":"custom-bathroom-mirror-cabinets","status":"publish","type":"product","link":"https:\/\/www.shouyasanitary.com\/es\/producto\/custom-bathroom-mirror-cabinets\/","title":{"rendered":"Armarios con Espejo de Ba\u00f1o a Medida, Doble Vanitorio de Ba\u00f1o Dise\u00f1o Flotante Contrachapado a Granel"},"content":{"rendered":"<div class=\"wp-block-columns is-layout-flex wp-container-core-columns-is-layout-9d6595d7 wp-block-columns-is-layout-flex\">\n<div class=\"wp-block-column is-layout-flow wp-block-column-is-layout-flow\">\n<h2 class=\"wp-block-heading\">Espejo de ba\u00f1o Gabinetes Caracter\u00edsticas\uff1a<\/h2>\n\n\n\n<p><strong>Dise\u00f1o mural:<\/strong> Libera espacio en el suelo, lo que permite al robot aspirador desplazarse libremente y limpiar sin obst\u00e1culos, y ampl\u00eda visualmente la altura del cuarto de ba\u00f1o, transformando en un instante un espacio peque\u00f1o en otro amplio y aireado. <\/p>\n\n\n\n<p><strong>Armario con espejo de almacenamiento inteligente: <\/strong>Ofrece espacio para almacenar de forma categorizada productos para el cuidado de la piel y art\u00edculos de aseo, y cuenta con un espejo transparente para facilitar su uso diario. Los cajones dobles son perfectos para guardar toallas, aromaterapia y otros art\u00edculos de aseo, y combinan el almacenamiento abierto y cerrado para lograr un equilibrio entre est\u00e9tica y practicidad.<\/p>\n\n\n\n<p><strong>Dise\u00f1o de doble lavabo<\/strong>: Los lavabos dobles pueden satisfacer las necesidades de varias personas que los utilicen al mismo tiempo, lo que evita atascos en las horas punta de la ma\u00f1ana y mejora la eficacia. Es muy adecuado para ba\u00f1os dom\u00e9sticos o de hoteles.<\/p>\n\n\n\n<p><strong>Estilo elegante: <\/strong>Los armarios grises combinados con el lavabo oscuro y texturizado crean un lujo sutil. La iluminaci\u00f3n oculta brilla a trav\u00e9s del armario con espejo y la base, creando una sensaci\u00f3n de ambiente y transformando el ba\u00f1o en un espacio vivo que combina practicidad y est\u00e9tica.<\/p>\n\n\n\n<p><strong>Personalizable<\/strong>: La personalizaci\u00f3n flexible del tama\u00f1o, el color, el estilo del lavabo y la configuraci\u00f3n del armario con espejo est\u00e1 disponible para satisfacer las diversas necesidades de los clientes.<\/p>\n<\/div>\n\n\n\n<div class=\"wp-block-column is-layout-flow wp-block-column-is-layout-flow\"><div class=\"wp-block-image\">\n<figure class=\"aligncenter size-full\"><img decoding=\"async\" width=\"700\" height=\"700\" src=\"https:\/\/www.shouyasanitary.com\/wp-content\/uploads\/2025\/08\/wholesale-Bathroom-Cabinet-with-Mirror.webp\" alt=\"venta al mayor Armario de ba\u00f1o con espejo\" class=\"wp-image-1967\" style=\"object-fit:cover\" srcset=\"https:\/\/www.shouyasanitary.com\/wp-content\/uploads\/2025\/08\/wholesale-Bathroom-Cabinet-with-Mirror.webp 700w, https:\/\/www.shouyasanitary.com\/wp-content\/uploads\/2025\/08\/wholesale-Bathroom-Cabinet-with-Mirror-300x300.webp 300w, https:\/\/www.shouyasanitary.com\/wp-content\/uploads\/2025\/08\/wholesale-Bathroom-Cabinet-with-Mirror-150x150.webp 150w, https:\/\/www.shouyasanitary.com\/wp-content\/uploads\/2025\/08\/wholesale-Bathroom-Cabinet-with-Mirror-12x12.webp 12w, https:\/\/www.shouyasanitary.com\/wp-content\/uploads\/2025\/08\/wholesale-Bathroom-Cabinet-with-Mirror-600x600.webp 600w, https:\/\/www.shouyasanitary.com\/wp-content\/uploads\/2025\/08\/wholesale-Bathroom-Cabinet-with-Mirror-100x100.webp 100w\" sizes=\"(max-width: 700px) 100vw, 700px\" \/><\/figure>\n<\/div><\/div>\n<\/div>","protected":false},"excerpt":{"rendered":"<p>Los armarios con espejo de ba\u00f1o a medida Shouya combinan un lavabo doble, almacenamiento inteligente, materiales duraderos y un elegante dise\u00f1o de iluminaci\u00f3n. Es perfecto para cuartos de ba\u00f1o en casas, hoteles y apartamentos. Suministro directo de f\u00e1brica con opciones al por mayor y personalizadas disponibles. P\u00f3ngase en contacto con nosotros hoy mismo para obtener soluciones personalizadas.<\/p>\n<h2>Espejo de ba\u00f1o Gabinetes Atributos\uff1a<\/h2>\n<p><strong>Art\u00edculo No:<\/strong>SYY20250820-120<strong><br \/>Material del armario:<\/strong>\u00a0Contrachapado<br \/><strong>Color del armario:<\/strong> Negro<br \/><strong>Espejo:<\/strong> Espejo LED (3,5 mm\/3,8 mm), iluminaci\u00f3n tricolor, desempa\u00f1ado con un solo toque, protegido con embalaje de espuma multicapa<br \/><strong>Tipo de instalaci\u00f3n:<\/strong>\u00a0Montaje en pared<br \/><strong>Dimensiones (L\u00d7A\u00d7H):<\/strong> 120x50x45 cm<br \/><strong>Peso bruto:<\/strong> 30 kg\/set<\/p>\n<h2>Personalizaci\u00f3n y servicios:<\/h2>\n<p><strong>OEM Y ODM<\/strong>: Soporte<br \/><strong>Dise\u00f1o<\/strong>: Gratis<br \/><strong>Accesorios<\/strong>: Lavabos, espejos, grifos y otros accesorios de ba\u00f1o<br \/><strong>Embalaje<\/strong>: Listo para montar<\/p>","protected":false},"featured_media":1967,"comment_status":"closed","ping_status":"closed","template":"","meta":{"_acf_changed":true},"product_brand":[],"product_cat":[20],"product_tag":[],"class_list":{"0":"post-1956","1":"product","2":"type-product","3":"status-publish","4":"has-post-thumbnail","6":"product_cat-wholesale-plywood-bathroom-vanity-cabinets","8":"first","9":"instock","10":"shipping-taxable","11":"product-type-simple"},"acf":[],"_links":{"self":[{"href":"https:\/\/www.shouyasanitary.com\/es\/wp-json\/wp\/v2\/product\/1956","targetHints":{"allow":["GET"]}}],"collection":[{"href":"https:\/\/www.shouyasanitary.com\/es\/wp-json\/wp\/v2\/product"}],"about":[{"href":"https:\/\/www.shouyasanitary.com\/es\/wp-json\/wp\/v2\/types\/product"}],"replies":[{"embeddable":true,"href":"https:\/\/www.shouyasanitary.com\/es\/wp-json\/wp\/v2\/comments?post=1956"}],"wp:featuredmedia":[{"embeddable":true,"href":"https:\/\/www.shouyasanitary.com\/es\/wp-json\/wp\/v2\/media\/1967"}],"wp:attachment":[{"href":"https:\/\/www.shouyasanitary.com\/es\/wp-json\/wp\/v2\/media?parent=1956"}],"wp:term":[{"taxonomy":"product_brand","embeddable":true,"href":"https:\/\/www.shouyasanitary.com\/es\/wp-json\/wp\/v2\/product_brand?post=1956"},{"taxonomy":"product_cat","embeddable":true,"href":"https:\/\/www.shouyasanitary.com\/es\/wp-json\/wp\/v2\/product_cat?post=1956"},{"taxonomy":"product_tag","embeddable":true,"href":"https:\/\/www.shouyasanitary.com\/es\/wp-json\/wp\/v2\/product_tag?post=1956"}],"curies":[{"name":"wp","href":"https:\/\/api.w.org\/{rel}","templated":true}]}}