{"id":1957,"date":"2025-09-26T09:45:10","date_gmt":"2025-09-26T09:45:10","guid":{"rendered":"https:\/\/www.shouyasanitary.com\/?post_type=product&#038;p=1957"},"modified":"2025-09-26T09:45:12","modified_gmt":"2025-09-26T09:45:12","slug":"wholesale-floating-bathroom-vanities","status":"publish","type":"product","link":"https:\/\/www.shouyasanitary.com\/es\/producto\/wholesale-floating-bathroom-vanities\/","title":{"rendered":"Mayorista Tocadores de Ba\u00f1o Flotantes, Juego de Armario de Ba\u00f1o Suspendido de Madera Contrachapada con Dise\u00f1o de Diamantes al por Mayor"},"content":{"rendered":"<div class=\"wp-block-columns is-layout-flex wp-container-core-columns-is-layout-9d6595d7 wp-block-columns-is-layout-flex\">\n<div class=\"wp-block-column is-layout-flow wp-block-column-is-layout-flow\">\n<h2 class=\"wp-block-heading\">Ba\u00f1o flotante Vanidades Caracter\u00edsticas:<\/h2>\n\n\n\n<p><strong>Material duradero:<\/strong>\u00a0Este mueble de ba\u00f1o est\u00e1 fabricado con madera contrachapada de alta calidad, lo que garantiza que el producto sea resistente, duradero y tenga un excelente rendimiento a prueba de humedad.<\/p>\n\n\n\n<p><strong>Decoraci\u00f3n exquisita<\/strong>: Su superficie est\u00e1 decorada con un moderno motivo de rombos, que no s\u00f3lo a\u00f1ade profundidad visual, sino que tambi\u00e9n aporta un toque art\u00edstico moderno al cuarto de ba\u00f1o. <\/p>\n\n\n\n<p><strong>Estructura colgante<\/strong>: El dise\u00f1o suspendido hace que el armario parezca ligero y espacioso, adecuado para varios estilos de decoraci\u00f3n de ba\u00f1os modernos.<\/p>\n\n\n\n<p><strong>Espejo iluminado inteligente: <\/strong>La superficie redondeada del espejo est\u00e1 equipada con una suave retroiluminaci\u00f3n LED, que proporciona una amplia iluminaci\u00f3n y crea un ambiente c\u00e1lido y confortable en el cuarto de ba\u00f1o. <\/p>\n\n\n\n<p><strong>Pr\u00e1ctico espacio de almacenamiento:\u00a0<\/strong>Debajo del armario del cuarto de ba\u00f1o hay una amplia zona de almacenamiento. La puerta del armario con dise\u00f1o de rombos no solo es bonita, sino que tambi\u00e9n oculta eficazmente los objetos internos, manteniendo el cuarto de ba\u00f1o ordenado. <\/p>\n\n\n\n<p><strong>Existen opciones de personalizaci\u00f3n:<\/strong>\u00a0Ofrecemos servicios integrales de personalizaci\u00f3n al por mayor. Podemos ajustar el tama\u00f1o, el color y el material del mueble de ba\u00f1o en funci\u00f3n de las necesidades espec\u00edficas de los clientes, garantizando que el producto se integre perfectamente en diversos entornos de ba\u00f1o. <\/p>\n\n\n\n<p><strong>Servicios profesionales<\/strong>: Nuestro equipo de dise\u00f1adores profesionales le asesorar\u00e1 individualmente para crear una soluci\u00f3n de ba\u00f1o personalizada.<\/p>\n<\/div>\n\n\n\n<div class=\"wp-block-column is-layout-flow wp-block-column-is-layout-flow\"><div class=\"wp-block-image\">\n<figure class=\"aligncenter size-full\"><img decoding=\"async\" width=\"700\" height=\"700\" src=\"https:\/\/www.shouyasanitary.com\/wp-content\/uploads\/2025\/09\/Customized-plywood-bathroom-cabinet-vanity.webp\" alt=\"Mueble de ba\u00f1o de madera contrachapada a medida\" class=\"wp-image-1991\" style=\"object-fit:cover\" srcset=\"https:\/\/www.shouyasanitary.com\/wp-content\/uploads\/2025\/09\/Customized-plywood-bathroom-cabinet-vanity.webp 700w, https:\/\/www.shouyasanitary.com\/wp-content\/uploads\/2025\/09\/Customized-plywood-bathroom-cabinet-vanity-300x300.webp 300w, https:\/\/www.shouyasanitary.com\/wp-content\/uploads\/2025\/09\/Customized-plywood-bathroom-cabinet-vanity-150x150.webp 150w, https:\/\/www.shouyasanitary.com\/wp-content\/uploads\/2025\/09\/Customized-plywood-bathroom-cabinet-vanity-12x12.webp 12w, https:\/\/www.shouyasanitary.com\/wp-content\/uploads\/2025\/09\/Customized-plywood-bathroom-cabinet-vanity-600x600.webp 600w, https:\/\/www.shouyasanitary.com\/wp-content\/uploads\/2025\/09\/Customized-plywood-bathroom-cabinet-vanity-100x100.webp 100w\" sizes=\"(max-width: 700px) 100vw, 700px\" \/><\/figure>\n<\/div><\/div>\n<\/div>\n\n\n\n<p><\/p>","protected":false},"excerpt":{"rendered":"<p>Los tocadores de ba\u00f1o flotantes al por mayor est\u00e1n fabricados con madera contrachapada de alta calidad, complementada con espejos redondos iluminados inteligentes, que proporcionan una iluminaci\u00f3n suave y realzan su estilo. La selecci\u00f3n al por mayor ofrece una excelente relaci\u00f3n calidad-precio, adecuada para diversos proyectos de construcci\u00f3n y necesidades de compra al por mayor. Bienvenido a consultar.<\/p>\n<h2>Tocadores de ba\u00f1o flotantes Atributos\uff1a<\/h2>\n<p><strong>N\u00ba de art\u00edculo<\/strong>: SYY250901<\/p>\n<p><strong>Material del armario<\/strong>: Contrachapado<br \/><strong>Color del armario<\/strong>: Negro<\/p>\n<p><strong>Espejo:<\/strong> Espejo LED (3,5 mm\/3,8 mm), iluminaci\u00f3n tricolor, desempa\u00f1ado con un solo toque, protegido con embalaje de espuma multicapa<br \/><strong>Tipo de instalaci\u00f3n:<\/strong>\u00a0Montaje en pared<br \/><strong>Dimensiones (L\u00d7A\u00d7H):<\/strong> 120*50*55cm<\/p>\n<h2>Personalizaci\u00f3n y servicios:<\/h2>\n<p><strong>OEM Y ODM<\/strong>: Soporte<br \/><strong>Dise\u00f1o<\/strong>: Gratis<br \/><strong>Accesorios<\/strong>: Lavabos, espejos, grifos y otros accesorios de ba\u00f1o<br \/><strong>Embalaje<\/strong>: Listo para montar<\/p>","protected":false},"featured_media":1991,"comment_status":"closed","ping_status":"closed","template":"","meta":{"_acf_changed":true},"product_brand":[],"product_cat":[20],"product_tag":[],"class_list":{"0":"post-1957","1":"product","2":"type-product","3":"status-publish","4":"has-post-thumbnail","6":"product_cat-wholesale-plywood-bathroom-vanity-cabinets","8":"first","9":"instock","10":"shipping-taxable","11":"product-type-simple"},"acf":[],"_links":{"self":[{"href":"https:\/\/www.shouyasanitary.com\/es\/wp-json\/wp\/v2\/product\/1957","targetHints":{"allow":["GET"]}}],"collection":[{"href":"https:\/\/www.shouyasanitary.com\/es\/wp-json\/wp\/v2\/product"}],"about":[{"href":"https:\/\/www.shouyasanitary.com\/es\/wp-json\/wp\/v2\/types\/product"}],"replies":[{"embeddable":true,"href":"https:\/\/www.shouyasanitary.com\/es\/wp-json\/wp\/v2\/comments?post=1957"}],"wp:featuredmedia":[{"embeddable":true,"href":"https:\/\/www.shouyasanitary.com\/es\/wp-json\/wp\/v2\/media\/1991"}],"wp:attachment":[{"href":"https:\/\/www.shouyasanitary.com\/es\/wp-json\/wp\/v2\/media?parent=1957"}],"wp:term":[{"taxonomy":"product_brand","embeddable":true,"href":"https:\/\/www.shouyasanitary.com\/es\/wp-json\/wp\/v2\/product_brand?post=1957"},{"taxonomy":"product_cat","embeddable":true,"href":"https:\/\/www.shouyasanitary.com\/es\/wp-json\/wp\/v2\/product_cat?post=1957"},{"taxonomy":"product_tag","embeddable":true,"href":"https:\/\/www.shouyasanitary.com\/es\/wp-json\/wp\/v2\/product_tag?post=1957"}],"curies":[{"name":"wp","href":"https:\/\/api.w.org\/{rel}","templated":true}]}}