{"id":1994,"date":"2025-11-08T03:19:17","date_gmt":"2025-11-08T03:19:17","guid":{"rendered":"https:\/\/www.shouyasanitary.com\/?post_type=product&#038;p=1994"},"modified":"2025-11-08T03:19:19","modified_gmt":"2025-11-08T03:19:19","slug":"custom-wall-mounted-bathroom-cabinets","status":"publish","type":"product","link":"https:\/\/www.shouyasanitary.com\/es\/producto\/custom-wall-mounted-bathroom-cabinets\/","title":{"rendered":"Armarios de ba\u00f1o de pared a medida, tocador de ba\u00f1o de madera contrachapada con conjunto de espejo retroiluminado inteligente"},"content":{"rendered":"<div class=\"wp-block-columns is-layout-flex wp-container-core-columns-is-layout-9d6595d7 wp-block-columns-is-layout-flex\">\n<div class=\"wp-block-column is-layout-flow wp-block-column-is-layout-flow\">\n<h2 class=\"wp-block-heading\">Armarios de ba\u00f1o de pared Caracter\u00edsticas:<\/h2>\n\n\n\n<p><strong>Material de alta calidad:<\/strong>\u00a0Este conjunto de lavabo y armario con espejo est\u00e1 fabricado con madera contrachapada de alta calidad como material principal. Tras un meticuloso procesamiento, garantiza que el producto tenga excelentes propiedades a prueba de humedad y moho. <\/p>\n\n\n\n<p><strong>Dise\u00f1o geom\u00e9trico moderno<\/strong>: Se caracteriza por sus l\u00edneas sencillas y suaves, que presentan un fuerte sentido de modernidad y moda, a\u00f1adiendo un toque brillante al espacio del cuarto de ba\u00f1o.<\/p>\n\n\n\n<p><strong>Armario con espejo inteligente Funci\u00f3n:<\/strong>\u00a0La parte del armario con espejo adopta un dise\u00f1o de retroiluminaci\u00f3n inteligente, con luz suave y no irritante, que proporciona unas condiciones de iluminaci\u00f3n ideales para el aseo diario. La superficie del espejo tiene una gran claridad, una imagen realista y est\u00e1 equipado con una funci\u00f3n a prueba de niebla, lo que garantiza una visi\u00f3n clara incluso en ambientes h\u00famedos. <\/p>\n\n\n\n<p><strong>Soluci\u00f3n de almacenamiento eficiente:<\/strong> La distribuci\u00f3n del espacio interior del armario principal es razonable, capaz de alojar varios art\u00edculos de aseo y ba\u00f1o, ayudando a los usuarios a utilizar el espacio de forma eficaz y mantener el ba\u00f1o ordenado. <\/p>\n\n\n\n<p><strong>Dise\u00f1o pr\u00e1ctico<\/strong>:  El armario bajo el lavabo est\u00e1 decorado con motivos geom\u00e9tricos, tan bonitos como pr\u00e1cticos. Su puerta se abre y cierra suavemente, proporcionando una excelente experiencia de uso.<\/p>\n\n\n\n<p><strong>Servicios de proveedores exclusivos: <\/strong>Como proveedor profesional, ofrecemos servicios integrales, desde el dise\u00f1o y la producci\u00f3n hasta la instalaci\u00f3n. Podemos personalizar el conjunto de lavabo y armario con espejo de acuerdo con el tama\u00f1o real del cuarto de ba\u00f1o del cliente y el estilo de decoraci\u00f3n, garantizando que el producto cumpla perfectamente los requisitos de espacio.<\/p>\n<\/div>\n\n\n\n<div class=\"wp-block-column is-layout-flow wp-block-column-is-layout-flow\"><div class=\"wp-block-image\">\n<figure class=\"aligncenter size-full\"><img decoding=\"async\" width=\"700\" height=\"700\" src=\"https:\/\/www.shouyasanitary.com\/wp-content\/uploads\/2025\/09\/Engineering-procurement-bathroom-cabinet-vanity.webp\" alt=\"Adquisici\u00f3n de ingenier\u00eda mueble de ba\u00f1o tocador\" class=\"wp-image-1995\" style=\"object-fit:cover\" srcset=\"https:\/\/www.shouyasanitary.com\/wp-content\/uploads\/2025\/09\/Engineering-procurement-bathroom-cabinet-vanity.webp 700w, https:\/\/www.shouyasanitary.com\/wp-content\/uploads\/2025\/09\/Engineering-procurement-bathroom-cabinet-vanity-300x300.webp 300w, https:\/\/www.shouyasanitary.com\/wp-content\/uploads\/2025\/09\/Engineering-procurement-bathroom-cabinet-vanity-150x150.webp 150w, https:\/\/www.shouyasanitary.com\/wp-content\/uploads\/2025\/09\/Engineering-procurement-bathroom-cabinet-vanity-12x12.webp 12w, https:\/\/www.shouyasanitary.com\/wp-content\/uploads\/2025\/09\/Engineering-procurement-bathroom-cabinet-vanity-600x600.webp 600w, https:\/\/www.shouyasanitary.com\/wp-content\/uploads\/2025\/09\/Engineering-procurement-bathroom-cabinet-vanity-100x100.webp 100w\" sizes=\"(max-width: 700px) 100vw, 700px\" \/><\/figure>\n<\/div><\/div>\n<\/div>","protected":false},"excerpt":{"rendered":"<p>Armarios de ba\u00f1o murales a medida, fabricados con madera contrachapada de alta calidad, duradera y resistente a la humedad. Est\u00e1n equipados con armarios con espejos retroiluminados inteligentes, que proporcionan una iluminaci\u00f3n suave e im\u00e1genes n\u00edtidas. Suministrados directamente por el fabricante Shouya. No dude en ponerse en contacto con nosotros para cualquier consulta.<\/p>\n<h2>Armarios de ba\u00f1o de pared Atributos\uff1a<\/h2>\n<p><strong>N\u00ba de art\u00edculo<\/strong>: SYY20250904<br \/><strong>Material del armario<\/strong>: Contrachapado<br \/><strong>Color del armario<\/strong>: Negro oscuro<br \/><strong>Espejo<\/strong>: Espejo LED (3,5 mm \/ 3,8 mm), iluminaci\u00f3n tricolor, desempa\u00f1ado con un solo toque, protegido con embalaje de espuma multicapa <br \/><strong>Tipo de instalaci\u00f3n<\/strong>: Montaje en pared <br \/><strong>Dimensiones (L \u00d7 A \u00d7 A)<\/strong>: 120 x 50 x 52 cm<br \/><strong>Peso bruto<\/strong>: 45kg\/set<\/p>\n<h2>Personalizaci\u00f3n y servicios:<\/h2>\n<p><strong>OEM Y ODM<\/strong>: Soporte<br \/><strong>Dise\u00f1o<\/strong>: Gratis<br \/><strong>Accesorios<\/strong>: Lavabos, espejos, grifos y otros accesorios de ba\u00f1o<br \/><strong>Embalaje<\/strong>: Listo para montar<\/p>","protected":false},"featured_media":1995,"comment_status":"closed","ping_status":"closed","template":"","meta":{"_acf_changed":true},"product_brand":[],"product_cat":[20],"product_tag":[],"class_list":{"0":"post-1994","1":"product","2":"type-product","3":"status-publish","4":"has-post-thumbnail","6":"product_cat-wholesale-plywood-bathroom-vanity-cabinets","8":"first","9":"instock","10":"shipping-taxable","11":"product-type-simple"},"acf":[],"_links":{"self":[{"href":"https:\/\/www.shouyasanitary.com\/es\/wp-json\/wp\/v2\/product\/1994","targetHints":{"allow":["GET"]}}],"collection":[{"href":"https:\/\/www.shouyasanitary.com\/es\/wp-json\/wp\/v2\/product"}],"about":[{"href":"https:\/\/www.shouyasanitary.com\/es\/wp-json\/wp\/v2\/types\/product"}],"replies":[{"embeddable":true,"href":"https:\/\/www.shouyasanitary.com\/es\/wp-json\/wp\/v2\/comments?post=1994"}],"wp:featuredmedia":[{"embeddable":true,"href":"https:\/\/www.shouyasanitary.com\/es\/wp-json\/wp\/v2\/media\/1995"}],"wp:attachment":[{"href":"https:\/\/www.shouyasanitary.com\/es\/wp-json\/wp\/v2\/media?parent=1994"}],"wp:term":[{"taxonomy":"product_brand","embeddable":true,"href":"https:\/\/www.shouyasanitary.com\/es\/wp-json\/wp\/v2\/product_brand?post=1994"},{"taxonomy":"product_cat","embeddable":true,"href":"https:\/\/www.shouyasanitary.com\/es\/wp-json\/wp\/v2\/product_cat?post=1994"},{"taxonomy":"product_tag","embeddable":true,"href":"https:\/\/www.shouyasanitary.com\/es\/wp-json\/wp\/v2\/product_tag?post=1994"}],"curies":[{"name":"wp","href":"https:\/\/api.w.org\/{rel}","templated":true}]}}