{"id":1999,"date":"2025-11-08T03:19:54","date_gmt":"2025-11-08T03:19:54","guid":{"rendered":"https:\/\/www.shouyasanitary.com\/?post_type=product&#038;p=1999"},"modified":"2025-11-08T03:19:58","modified_gmt":"2025-11-08T03:19:58","slug":"wholesale-white-bathroom-vanity","status":"publish","type":"product","link":"https:\/\/www.shouyasanitary.com\/es\/producto\/wholesale-white-bathroom-vanity\/","title":{"rendered":"Venta al por mayor blanco tocador de ba\u00f1o, OEM lavabo moderno fregadero gabinete de ba\u00f1o de madera contrachapada para el hotel"},"content":{"rendered":"<div class=\"wp-block-columns is-layout-flex wp-container-core-columns-is-layout-9d6595d7 wp-block-columns-is-layout-flex\">\n<div class=\"wp-block-column is-layout-flow wp-block-column-is-layout-flow\">\n<h2 class=\"wp-block-heading\">Blanco Ba\u00f1o Vanidad Caracter\u00edsticas:<\/h2>\n\n\n\n<p><strong>Armario principal montado en la pared:<\/strong> El dise\u00f1o lo eleva del suelo y realza la transparencia del espacio de ba\u00f1o. <\/p>\n\n\n\n<p><strong>Espejo de forma irregular<\/strong>: Rompe con lo convencional y aporta un toque de dise\u00f1o. La suave iluminaci\u00f3n de los bordes no solo proporciona una iluminaci\u00f3n clara, sino que tambi\u00e9n realza el ambiente art\u00edstico del cuarto de ba\u00f1o. <\/p>\n\n\n\n<p><strong>Lavabo de cer\u00e1mica integrado<\/strong>: El lavabo de losa de roca blanca, con su delicada textura y aspecto puro, complementa el estilo general, elevando la sensaci\u00f3n de exquisitez del cuarto de ba\u00f1o. <\/p>\n\n\n\n<p><strong>Material de contrachapado duradero:<\/strong>\u00a0El cuerpo del armario est\u00e1 hecho de madera contrachapada, que tiene buena estabilidad, no es propensa a la deformaci\u00f3n, y puede soportar una cierta cantidad de peso, cumpliendo con los requisitos de uso diario. Las manchas de agua y la suciedad de la superficie pueden eliminarse f\u00e1cilmente, manteniendo el armario limpio.<\/p>\n\n\n\n<p><strong>Capacidad de almacenamiento: <\/strong>El espacio interior del armario se aprovecha razonablemente, proporcionando un amplio espacio de almacenamiento para art\u00edculos como art\u00edculos de tocador y toallas, que pueden clasificarse y almacenarse, creando un entorno de ba\u00f1o ordenado y limpio para los usuarios, y satisfaciendo las necesidades diarias de almacenamiento de los hogares.<\/p>\n<\/div>\n\n\n\n<div class=\"wp-block-column is-layout-flow wp-block-column-is-layout-flow\"><div class=\"wp-block-image\">\n<figure class=\"aligncenter size-full\"><img decoding=\"async\" width=\"700\" height=\"700\" src=\"https:\/\/www.shouyasanitary.com\/wp-content\/uploads\/2025\/09\/Custom-Solutions-Vanity-Cabinet.webp\" alt=\"Soluciones a medida Armario de tocador\" class=\"wp-image-2001\" style=\"object-fit:cover\" srcset=\"https:\/\/www.shouyasanitary.com\/wp-content\/uploads\/2025\/09\/Custom-Solutions-Vanity-Cabinet.webp 700w, https:\/\/www.shouyasanitary.com\/wp-content\/uploads\/2025\/09\/Custom-Solutions-Vanity-Cabinet-300x300.webp 300w, https:\/\/www.shouyasanitary.com\/wp-content\/uploads\/2025\/09\/Custom-Solutions-Vanity-Cabinet-150x150.webp 150w, https:\/\/www.shouyasanitary.com\/wp-content\/uploads\/2025\/09\/Custom-Solutions-Vanity-Cabinet-12x12.webp 12w, https:\/\/www.shouyasanitary.com\/wp-content\/uploads\/2025\/09\/Custom-Solutions-Vanity-Cabinet-600x600.webp 600w, https:\/\/www.shouyasanitary.com\/wp-content\/uploads\/2025\/09\/Custom-Solutions-Vanity-Cabinet-100x100.webp 100w\" sizes=\"(max-width: 700px) 100vw, 700px\" \/><\/figure>\n<\/div><\/div>\n<\/div>","protected":false},"excerpt":{"rendered":"<p>Bienvenido a la venta al por mayor de tocadores de ba\u00f1o blancos, una estructura montada en la pared con un lavabo de pizarra y un espejo a medida, que combina dise\u00f1o y practicidad. Hecho de madera contrachapada duradera, es f\u00e1cil de limpiar y ofrece un amplio espacio de almacenamiento. \u00a1Contacte con nosotros para opciones al por mayor y personalizadas!<\/p>\n<h2>Atributos del tocador de ba\u00f1o blanco\uff1a<\/h2>\n<p><strong>N\u00ba de art\u00edculo<\/strong>: SYY250902<\/p>\n<p><strong>Material del armario<\/strong>: Contrachapado<br \/><strong>Color del armario<\/strong>: Amarillo<\/p>\n<p><strong>Espejo:<\/strong> Espejo LED (3,5 mm\/3,8 mm), iluminaci\u00f3n tricolor, desempa\u00f1ado con un solo toque, protegido con embalaje de espuma multicapa<br \/><strong>Tipo de instalaci\u00f3n:<\/strong>\u00a0Montaje en pared<br \/><strong>Dimensiones (L\u00d7A\u00d7H):<\/strong> 80*47*48cm<\/p>\n<h2>Personalizaci\u00f3n y servicios:<\/h2>\n<p><strong>OEM Y ODM<\/strong>: Soporte<br \/><strong>Dise\u00f1o<\/strong>: Gratis<br \/><strong>Accesorios<\/strong>: Lavabos, espejos, grifos y otros accesorios de ba\u00f1o<br \/><strong>Embalaje<\/strong>: Listo para montar<\/p>","protected":false},"featured_media":2001,"comment_status":"closed","ping_status":"closed","template":"","meta":{"_acf_changed":true},"product_brand":[],"product_cat":[20],"product_tag":[],"class_list":{"0":"post-1999","1":"product","2":"type-product","3":"status-publish","4":"has-post-thumbnail","6":"product_cat-wholesale-plywood-bathroom-vanity-cabinets","8":"first","9":"instock","10":"shipping-taxable","11":"product-type-simple"},"acf":[],"_links":{"self":[{"href":"https:\/\/www.shouyasanitary.com\/es\/wp-json\/wp\/v2\/product\/1999","targetHints":{"allow":["GET"]}}],"collection":[{"href":"https:\/\/www.shouyasanitary.com\/es\/wp-json\/wp\/v2\/product"}],"about":[{"href":"https:\/\/www.shouyasanitary.com\/es\/wp-json\/wp\/v2\/types\/product"}],"replies":[{"embeddable":true,"href":"https:\/\/www.shouyasanitary.com\/es\/wp-json\/wp\/v2\/comments?post=1999"}],"wp:featuredmedia":[{"embeddable":true,"href":"https:\/\/www.shouyasanitary.com\/es\/wp-json\/wp\/v2\/media\/2001"}],"wp:attachment":[{"href":"https:\/\/www.shouyasanitary.com\/es\/wp-json\/wp\/v2\/media?parent=1999"}],"wp:term":[{"taxonomy":"product_brand","embeddable":true,"href":"https:\/\/www.shouyasanitary.com\/es\/wp-json\/wp\/v2\/product_brand?post=1999"},{"taxonomy":"product_cat","embeddable":true,"href":"https:\/\/www.shouyasanitary.com\/es\/wp-json\/wp\/v2\/product_cat?post=1999"},{"taxonomy":"product_tag","embeddable":true,"href":"https:\/\/www.shouyasanitary.com\/es\/wp-json\/wp\/v2\/product_tag?post=1999"}],"curies":[{"name":"wp","href":"https:\/\/api.w.org\/{rel}","templated":true}]}}