{"id":2007,"date":"2025-09-26T09:45:26","date_gmt":"2025-09-26T09:45:26","guid":{"rendered":"https:\/\/www.shouyasanitary.com\/?post_type=product&#038;p=2007"},"modified":"2025-09-26T09:45:28","modified_gmt":"2025-09-26T09:45:28","slug":"wholesale-wall-mounted-cabinets-bathroom","status":"publish","type":"product","link":"https:\/\/www.shouyasanitary.com\/es\/producto\/wholesale-wall-mounted-cabinets-bathroom\/","title":{"rendered":"Mayorista Armarios de Pared de Ba\u00f1o, Lavabo de Aluminio Marr\u00f3n con Fregadero de Cer\u00e1mica a Medida"},"content":{"rendered":"<div class=\"wp-block-columns is-layout-flex wp-container-core-columns-is-layout-9d6595d7 wp-block-columns-is-layout-flex\">\n<div class=\"wp-block-column is-layout-flow wp-block-column-is-layout-flow\">\n<h2 class=\"wp-block-heading\">Armarios de pared Caracter\u00edsticas del ba\u00f1o\uff1a<\/h2>\n\n\n\n<p><strong>Aspecto moderno: <\/strong>El dise\u00f1o presenta un armario principal de doble capa montado en la pared e instalado de forma suspendida para minimizar los puntos ciegos de limpieza y mejorar la limpieza del cuarto de ba\u00f1o. El espejo circular de cristal, de forma elegante y est\u00e9tica, proporciona un reflejo n\u00edtido. El lavabo de encimera blanca, sencillo y limpio, a\u00f1ade un toque de frescura al cuarto de ba\u00f1o, armonizando con el estilo general.<\/p>\n\n\n\n<p><strong>Material duradero: <\/strong>El cuerpo del armario es de aluminio, resistente a la corrosi\u00f3n y a la humedad, lo que lo hace especialmente adecuado para el ambiente h\u00famedo del cuarto de ba\u00f1o y duradero. El tratamiento de la superficie es delicado, con un tacto suave, y se puede limpiar f\u00e1cilmente para mantener limpio el cuerpo del armario<strong>.<\/strong><\/p>\n\n\n\n<p><strong>Amplia capacidad de almacenamiento: <\/strong>La estructura de doble capa proporciona un amplio espacio de almacenamiento. La capa inferior puede alojar toallas, art\u00edculos de aseo y otros art\u00edculos, mientras que la capa superior es pr\u00e1ctica para guardar los art\u00edculos de aseo diario. Esta disposici\u00f3n garantiza un almacenamiento ordenado y un f\u00e1cil acceso en el cuarto de ba\u00f1o, satisfaciendo las necesidades diarias de almacenamiento de la familia y manteniendo el cuarto de ba\u00f1o limpio y ordenado en todo momento.<\/p>\n\n\n\n<p><strong>Suministro directo de f\u00e1brica de Shouya<\/strong>: Ofrecemos armarios de ba\u00f1o al por mayor en varios tama\u00f1os y estilos para satisfacer las necesidades de compra de gran volumen de hoteles, apartamentos, proyectos de ingenier\u00eda y minoristas.<\/p>\n<\/div>\n\n\n\n<div class=\"wp-block-column is-layout-flow wp-block-column-is-layout-flow\"><div class=\"wp-block-image\">\n<figure class=\"aligncenter size-full\"><img decoding=\"async\" width=\"700\" height=\"700\" src=\"https:\/\/www.shouyasanitary.com\/wp-content\/uploads\/2025\/09\/Custom-Wall-Mount-Cabinet.webp\" alt=\"Armario mural a medida\" class=\"wp-image-2009\" style=\"object-fit:cover\" srcset=\"https:\/\/www.shouyasanitary.com\/wp-content\/uploads\/2025\/09\/Custom-Wall-Mount-Cabinet.webp 700w, https:\/\/www.shouyasanitary.com\/wp-content\/uploads\/2025\/09\/Custom-Wall-Mount-Cabinet-300x300.webp 300w, https:\/\/www.shouyasanitary.com\/wp-content\/uploads\/2025\/09\/Custom-Wall-Mount-Cabinet-150x150.webp 150w, https:\/\/www.shouyasanitary.com\/wp-content\/uploads\/2025\/09\/Custom-Wall-Mount-Cabinet-12x12.webp 12w, https:\/\/www.shouyasanitary.com\/wp-content\/uploads\/2025\/09\/Custom-Wall-Mount-Cabinet-600x600.webp 600w, https:\/\/www.shouyasanitary.com\/wp-content\/uploads\/2025\/09\/Custom-Wall-Mount-Cabinet-100x100.webp 100w\" sizes=\"(max-width: 700px) 100vw, 700px\" \/><\/figure>\n<\/div><\/div>\n<\/div>","protected":false},"excerpt":{"rendered":"<p>Mayorista armarios de pared cuarto de ba\u00f1o con un dise\u00f1o de doble capa, hecha de aleaci\u00f3n de aluminio duradero, con un espejo redondo y lavabo por encima del mostrador, para un dise\u00f1o hermoso y pr\u00e1ctico. Disponible en varios tama\u00f1os para la costumbre y al por mayor, adecuado para hoteles, apartamentos y proyectos de construcci\u00f3n. P\u00f3ngase en contacto con nosotros para solicitar un presupuesto.<\/p>\n<h2>\u00a0Armarios de Pared Ba\u00f1o Atributos\uff1a<\/h2>\n<p><strong>Art\u00edculo No: <\/strong>2506YZ-80A<strong><br \/>Material del armario:<\/strong> Aluminio<br \/><strong>Color del armario:<\/strong> Marr\u00f3n<br \/><strong>Espejo:<\/strong> Espejo LED (3,5 mm\/3,8 mm), iluminaci\u00f3n tricolor, desempa\u00f1ado con un solo toque, protegido con embalaje de espuma multicapa<br \/><strong>Tipo de instalaci\u00f3n:<\/strong>\u00a0Montaje en pared<br \/><strong>Dimensiones (L\u00d7A\u00d7H):<\/strong> 80x47x40 cm<br \/><strong>Peso bruto:<\/strong> 30 kg\/set<\/p>\n<h2>Personalizaci\u00f3n y servicios:<\/h2>\n<p><strong>OEM Y ODM<\/strong>: Soporte<br \/><strong>Dise\u00f1o<\/strong>: Gratis<br \/><strong>Accesorios<\/strong>: Lavabos, espejos, grifos y otros accesorios de ba\u00f1o<br \/><strong>Embalaje<\/strong>: Listo para montar<\/p>","protected":false},"featured_media":2009,"comment_status":"closed","ping_status":"closed","template":"","meta":{"_acf_changed":true},"product_brand":[],"product_cat":[23],"product_tag":[],"class_list":{"0":"post-2007","1":"product","2":"type-product","3":"status-publish","4":"has-post-thumbnail","6":"product_cat-wholesale-aluminum-bathroom-vanity-cabinets","8":"first","9":"instock","10":"shipping-taxable","11":"product-type-simple"},"acf":[],"_links":{"self":[{"href":"https:\/\/www.shouyasanitary.com\/es\/wp-json\/wp\/v2\/product\/2007","targetHints":{"allow":["GET"]}}],"collection":[{"href":"https:\/\/www.shouyasanitary.com\/es\/wp-json\/wp\/v2\/product"}],"about":[{"href":"https:\/\/www.shouyasanitary.com\/es\/wp-json\/wp\/v2\/types\/product"}],"replies":[{"embeddable":true,"href":"https:\/\/www.shouyasanitary.com\/es\/wp-json\/wp\/v2\/comments?post=2007"}],"wp:featuredmedia":[{"embeddable":true,"href":"https:\/\/www.shouyasanitary.com\/es\/wp-json\/wp\/v2\/media\/2009"}],"wp:attachment":[{"href":"https:\/\/www.shouyasanitary.com\/es\/wp-json\/wp\/v2\/media?parent=2007"}],"wp:term":[{"taxonomy":"product_brand","embeddable":true,"href":"https:\/\/www.shouyasanitary.com\/es\/wp-json\/wp\/v2\/product_brand?post=2007"},{"taxonomy":"product_cat","embeddable":true,"href":"https:\/\/www.shouyasanitary.com\/es\/wp-json\/wp\/v2\/product_cat?post=2007"},{"taxonomy":"product_tag","embeddable":true,"href":"https:\/\/www.shouyasanitary.com\/es\/wp-json\/wp\/v2\/product_tag?post=2007"}],"curies":[{"name":"wp","href":"https:\/\/api.w.org\/{rel}","templated":true}]}}