{"id":2008,"date":"2025-09-26T09:45:24","date_gmt":"2025-09-26T09:45:24","guid":{"rendered":"https:\/\/www.shouyasanitary.com\/?post_type=product&#038;p=2008"},"modified":"2025-09-26T09:45:26","modified_gmt":"2025-09-26T09:45:26","slug":"wholesale-small-bathroom-vanities","status":"publish","type":"product","link":"https:\/\/www.shouyasanitary.com\/es\/producto\/wholesale-small-bathroom-vanities\/","title":{"rendered":"Mayorista Peque\u00f1os Tocadores de Ba\u00f1o, Espejo de Ba\u00f1o Marr\u00f3n Montado en la Pared Juego de Armarios a Granel"},"content":{"rendered":"<div class=\"wp-block-columns is-layout-flex wp-container-core-columns-is-layout-9d6595d7 wp-block-columns-is-layout-flex\">\n<div class=\"wp-block-column is-layout-flow wp-block-column-is-layout-flow\">\n<h2 class=\"wp-block-heading\">Caracter\u00edsticas de los tocadores de ba\u00f1o peque\u00f1os\uff1a<\/h2>\n\n\n\n<p><strong>Dise\u00f1o mural<\/strong>: Hace que el mueble principal parezca suspendido en la pared, con lo que el espacio del cuarto de ba\u00f1o parece m\u00e1s abierto y transparente.<\/p>\n\n\n\n<p><strong>Espejo pr\u00e1ctico: <\/strong>El espejo rectangular de cristal, de l\u00edneas n\u00edtidas, combinado con la iluminaci\u00f3n de los bordes, no s\u00f3lo facilita la visi\u00f3n del espejo, sino que realza la sensaci\u00f3n de moda del espacio. <\/p>\n\n\n\n<p>Lavabo de cer\u00e1mica blanca: Es sencillo y elegante, combina con el estilo general, a\u00f1adiendo un ambiente limpio y refrescante al cuarto de ba\u00f1o.<\/p>\n\n\n\n<p><strong>Ventajas del material de aluminio: <\/strong>Est\u00e1 fabricado en aluminio, que posee excelentes propiedades de impermeabilidad y resistencia a la oxidaci\u00f3n, lo que lo hace id\u00f3neo para el entorno h\u00famedo del cuarto de ba\u00f1o y garantiza una larga vida \u00fatil. Adem\u00e1s, el aluminio es ligero pero resistente y duradero, lo que facilita la instalaci\u00f3n y el mantenimiento rutinario.<\/p>\n\n\n\n<p><strong>Funci\u00f3n de almacenamiento: <\/strong>Adoptando una estructura de doble capa, la primera capa cuenta con cajones que se pueden utilizar para almacenar algunos art\u00edculos de aseo privados o peque\u00f1os, evitando eficazmente la exposici\u00f3n de los art\u00edculos; los estantes de la segunda capa son convenientes para colocar art\u00edculos de uso com\u00fan como toallas y cestas de ba\u00f1o, facilitando la recuperaci\u00f3n. Este dise\u00f1o mantiene los art\u00edculos del cuarto de ba\u00f1o perfectamente organizados, satisface las diversas necesidades diarias de almacenamiento y mantiene un cuarto de ba\u00f1o limpio y ordenado en todo momento.<\/p>\n<\/div>\n\n\n\n<div class=\"wp-block-column is-layout-flow wp-block-column-is-layout-flow\"><div class=\"wp-block-image\">\n<figure class=\"aligncenter size-full\"><img decoding=\"async\" width=\"700\" height=\"700\" src=\"https:\/\/www.shouyasanitary.com\/wp-content\/uploads\/2025\/09\/wholesale-Bathroom-Cabinet-with-Mirror.webp\" alt=\"venta al mayor Armario de ba\u00f1o con espejo\" class=\"wp-image-2012\" style=\"object-fit:cover\" srcset=\"https:\/\/www.shouyasanitary.com\/wp-content\/uploads\/2025\/09\/wholesale-Bathroom-Cabinet-with-Mirror.webp 700w, https:\/\/www.shouyasanitary.com\/wp-content\/uploads\/2025\/09\/wholesale-Bathroom-Cabinet-with-Mirror-300x300.webp 300w, https:\/\/www.shouyasanitary.com\/wp-content\/uploads\/2025\/09\/wholesale-Bathroom-Cabinet-with-Mirror-150x150.webp 150w, https:\/\/www.shouyasanitary.com\/wp-content\/uploads\/2025\/09\/wholesale-Bathroom-Cabinet-with-Mirror-12x12.webp 12w, https:\/\/www.shouyasanitary.com\/wp-content\/uploads\/2025\/09\/wholesale-Bathroom-Cabinet-with-Mirror-600x600.webp 600w, https:\/\/www.shouyasanitary.com\/wp-content\/uploads\/2025\/09\/wholesale-Bathroom-Cabinet-with-Mirror-100x100.webp 100w\" sizes=\"(max-width: 700px) 100vw, 700px\" \/><\/figure>\n<\/div><\/div>\n<\/div>","protected":false},"excerpt":{"rendered":"<p>Este mueble de ba\u00f1o de aluminio est\u00e1 dise\u00f1ado con color madera, combinando est\u00e9tica y practicidad.P\u00f3ngase en contacto con nosotros para obtener un presupuesto y cat\u00e1logo de productos.<\/p>\n<h2>Conjunto de armario de ba\u00f1o Atributos\uff1a<\/h2>\n<p><strong>Art\u00edculo No:<\/strong>2509FZ-60A<strong><br \/>Material del armario:<\/strong> Aluminio<br \/><strong>Color del armario:<\/strong> Marr\u00f3n<br \/><strong>Espejo:<\/strong> Espejo LED (3,5 mm\/3,8 mm), iluminaci\u00f3n tricolor, desempa\u00f1ado con un solo toque, protegido con embalaje de espuma multicapa<br \/><strong>Tipo de instalaci\u00f3n:<\/strong>\u00a0Montaje en pared<br \/><strong>Dimensiones (L\u00d7A\u00d7H):<\/strong> 60*47*42 cm<br \/><strong>Peso bruto:<\/strong> 30 kg\/set<\/p>\n<h2>Personalizaci\u00f3n y servicios:<\/h2>\n<p><strong>OEM Y ODM<\/strong>: Soporte<br \/><strong>Dise\u00f1o<\/strong>: Gratis<br \/><strong>Accesorios<\/strong>: Lavabos, espejos, grifos y otros accesorios de ba\u00f1o<br \/><strong>Embalaje<\/strong>: Listo para montar<\/p>","protected":false},"featured_media":2012,"comment_status":"closed","ping_status":"closed","template":"","meta":{"_acf_changed":true},"product_brand":[],"product_cat":[23],"product_tag":[],"class_list":{"0":"post-2008","1":"product","2":"type-product","3":"status-publish","4":"has-post-thumbnail","6":"product_cat-wholesale-aluminum-bathroom-vanity-cabinets","8":"first","9":"instock","10":"shipping-taxable","11":"product-type-simple"},"acf":[],"_links":{"self":[{"href":"https:\/\/www.shouyasanitary.com\/es\/wp-json\/wp\/v2\/product\/2008","targetHints":{"allow":["GET"]}}],"collection":[{"href":"https:\/\/www.shouyasanitary.com\/es\/wp-json\/wp\/v2\/product"}],"about":[{"href":"https:\/\/www.shouyasanitary.com\/es\/wp-json\/wp\/v2\/types\/product"}],"replies":[{"embeddable":true,"href":"https:\/\/www.shouyasanitary.com\/es\/wp-json\/wp\/v2\/comments?post=2008"}],"wp:featuredmedia":[{"embeddable":true,"href":"https:\/\/www.shouyasanitary.com\/es\/wp-json\/wp\/v2\/media\/2012"}],"wp:attachment":[{"href":"https:\/\/www.shouyasanitary.com\/es\/wp-json\/wp\/v2\/media?parent=2008"}],"wp:term":[{"taxonomy":"product_brand","embeddable":true,"href":"https:\/\/www.shouyasanitary.com\/es\/wp-json\/wp\/v2\/product_brand?post=2008"},{"taxonomy":"product_cat","embeddable":true,"href":"https:\/\/www.shouyasanitary.com\/es\/wp-json\/wp\/v2\/product_cat?post=2008"},{"taxonomy":"product_tag","embeddable":true,"href":"https:\/\/www.shouyasanitary.com\/es\/wp-json\/wp\/v2\/product_tag?post=2008"}],"curies":[{"name":"wp","href":"https:\/\/api.w.org\/{rel}","templated":true}]}}