{"id":2015,"date":"2025-09-26T09:44:58","date_gmt":"2025-09-26T09:44:58","guid":{"rendered":"https:\/\/www.shouyasanitary.com\/?post_type=product&#038;p=2015"},"modified":"2025-09-26T09:45:01","modified_gmt":"2025-09-26T09:45:01","slug":"custom-gray-bathroom-cabinets","status":"publish","type":"product","link":"https:\/\/www.shouyasanitary.com\/es\/producto\/custom-gray-bathroom-cabinets\/","title":{"rendered":"Gabinetes de ba\u00f1o de encargo gris, textura de m\u00e1rmol de aluminio del cuarto de ba\u00f1o de la vanidad"},"content":{"rendered":"<div class=\"wp-block-columns is-layout-flex wp-container-core-columns-is-layout-9d6595d7 wp-block-columns-is-layout-flex\">\n<div class=\"wp-block-column is-layout-flow wp-block-column-is-layout-flow\">\n<h2 class=\"wp-block-heading\">Caracter\u00edsticas de los armarios de ba\u00f1o grises\uff1a<\/h2>\n\n\n\n<p><strong>Materiales y artesan\u00eda de alta calidad:<\/strong>\u00a0El mueble de ba\u00f1o est\u00e1 fabricado con marcos de aluminio de alta calidad, combinados con un bonito tratamiento de la superficie con textura de m\u00e1rmol. Es resistente y duradero, y aporta un toque moderno y un encanto elegante. Se combina con un lavabo de cer\u00e1mica de alta calidad, que tiene una superficie lisa y es f\u00e1cil de limpiar, lo que garantiza que se mantenga brillante y nuevo incluso despu\u00e9s de un uso prolongado.<\/p>\n\n\n\n<p><strong>Espejo con iluminaci\u00f3n LED inteligente: <\/strong>Equipado con un espejo inteligente con luces LED, la luz trasera tiene tres colores ajustables, proporcionando una iluminaci\u00f3n uniforme y suave. No solo facilita el maquillaje diario y el afeitado, sino que tambi\u00e9n mejora la luminosidad general y el ambiente del ba\u00f1o.<\/p>\n\n\n\n<p><strong>Pr\u00e1ctico dise\u00f1o de almacenamiento:<\/strong> Est\u00e1 dise\u00f1ado con amplios cajones de almacenamiento y estantes abiertos, que permiten clasificar y almacenar c\u00f3modamente los art\u00edculos de aseo y las toallas. Los cajones disponen de gu\u00edas deslizantes silenciosas, que se abren y cierran suavemente y sin ruido, mejorando la experiencia del usuario.<\/p>\n\n\n\n<p><strong>Instalaci\u00f3n y mantenimiento sencillos:<\/strong> El dise\u00f1o montado en la pared ahorra espacio, es f\u00e1cil de instalar y se adapta a varias distribuciones de cuartos de ba\u00f1o. La superficie de aluminio se somete a un tratamiento especial para evitar la humedad y la oxidaci\u00f3n, lo que facilita su limpieza y mantenimiento, y garantiza que el producto se mantenga como nuevo incluso tras un uso prolongado.<\/p>\n<\/div>\n\n\n\n<div class=\"wp-block-column is-layout-flow wp-block-column-is-layout-flow\"><div class=\"wp-block-image\">\n<figure class=\"aligncenter size-full\"><img decoding=\"async\" width=\"700\" height=\"700\" src=\"https:\/\/www.shouyasanitary.com\/wp-content\/uploads\/2025\/08\/Bulk-Purchases-Bathroom-Cabinet-Vanity-1.webp\" alt=\"Compras a granel Mueble de ba\u00f1o Vanity\" class=\"wp-image-1988\" style=\"object-fit:cover\" srcset=\"https:\/\/www.shouyasanitary.com\/wp-content\/uploads\/2025\/08\/Bulk-Purchases-Bathroom-Cabinet-Vanity-1.webp 700w, https:\/\/www.shouyasanitary.com\/wp-content\/uploads\/2025\/08\/Bulk-Purchases-Bathroom-Cabinet-Vanity-1-300x300.webp 300w, https:\/\/www.shouyasanitary.com\/wp-content\/uploads\/2025\/08\/Bulk-Purchases-Bathroom-Cabinet-Vanity-1-150x150.webp 150w, https:\/\/www.shouyasanitary.com\/wp-content\/uploads\/2025\/08\/Bulk-Purchases-Bathroom-Cabinet-Vanity-1-12x12.webp 12w, https:\/\/www.shouyasanitary.com\/wp-content\/uploads\/2025\/08\/Bulk-Purchases-Bathroom-Cabinet-Vanity-1-600x600.webp 600w, https:\/\/www.shouyasanitary.com\/wp-content\/uploads\/2025\/08\/Bulk-Purchases-Bathroom-Cabinet-Vanity-1-100x100.webp 100w\" sizes=\"(max-width: 700px) 100vw, 700px\" \/><\/figure>\n<\/div><\/div>\n<\/div>\n\n\n\n<p><\/p>","protected":false},"excerpt":{"rendered":"<p>Armarios de ba\u00f1o grises personalizados, material de aluminio, textura de grano de madera, dise\u00f1o suspendido, con un tama\u00f1o est\u00e1ndar de 80 cm. La superficie del espejo inteligente es clara y brillante. El lavabo de cer\u00e1mica es suave y duradero. Con alta rentabilidad, ayuda a crear un ambiente de ba\u00f1o c\u00f3modo y conveniente. Le invitamos a informarse.<\/p>\n<h2>Gabinetes de Ba\u00f1o Grises Atributos\uff1a<\/h2>\n<p><strong>Art\u00edculo No:<\/strong>2509FZ-80D<strong><br \/>Material del armario:<\/strong> Aluminio<br \/><strong>Color del armario:<\/strong> Gris<br \/><strong>Espejo:<\/strong> Espejo LED (3,5 mm\/3,8 mm), iluminaci\u00f3n tricolor, desempa\u00f1ado con un solo toque, protegido con embalaje de espuma multicapa<br \/><strong>Tipo de instalaci\u00f3n:<\/strong>\u00a0Montaje en pared<br \/><strong>Dimensiones (L\u00d7A\u00d7H):<\/strong> 60*40*30 cm<br \/><strong>Peso bruto:<\/strong> 30 kg\/set<\/p>\n<h2>Personalizaci\u00f3n y servicios:<\/h2>\n<p><strong>OEM Y ODM<\/strong>: Soporte<br \/><strong>Dise\u00f1o<\/strong>: Gratis<br \/><strong>Accesorios<\/strong>: Lavabos, espejos, grifos y otros accesorios de ba\u00f1o<br \/><strong>Embalaje<\/strong>: Listo para montar<\/p>","protected":false},"featured_media":1988,"comment_status":"closed","ping_status":"closed","template":"","meta":{"_acf_changed":true},"product_brand":[],"product_cat":[23],"product_tag":[],"class_list":{"0":"post-2015","1":"product","2":"type-product","3":"status-publish","4":"has-post-thumbnail","6":"product_cat-wholesale-aluminum-bathroom-vanity-cabinets","8":"first","9":"instock","10":"shipping-taxable","11":"product-type-simple"},"acf":[],"_links":{"self":[{"href":"https:\/\/www.shouyasanitary.com\/es\/wp-json\/wp\/v2\/product\/2015","targetHints":{"allow":["GET"]}}],"collection":[{"href":"https:\/\/www.shouyasanitary.com\/es\/wp-json\/wp\/v2\/product"}],"about":[{"href":"https:\/\/www.shouyasanitary.com\/es\/wp-json\/wp\/v2\/types\/product"}],"replies":[{"embeddable":true,"href":"https:\/\/www.shouyasanitary.com\/es\/wp-json\/wp\/v2\/comments?post=2015"}],"wp:featuredmedia":[{"embeddable":true,"href":"https:\/\/www.shouyasanitary.com\/es\/wp-json\/wp\/v2\/media\/1988"}],"wp:attachment":[{"href":"https:\/\/www.shouyasanitary.com\/es\/wp-json\/wp\/v2\/media?parent=2015"}],"wp:term":[{"taxonomy":"product_brand","embeddable":true,"href":"https:\/\/www.shouyasanitary.com\/es\/wp-json\/wp\/v2\/product_brand?post=2015"},{"taxonomy":"product_cat","embeddable":true,"href":"https:\/\/www.shouyasanitary.com\/es\/wp-json\/wp\/v2\/product_cat?post=2015"},{"taxonomy":"product_tag","embeddable":true,"href":"https:\/\/www.shouyasanitary.com\/es\/wp-json\/wp\/v2\/product_tag?post=2015"}],"curies":[{"name":"wp","href":"https:\/\/api.w.org\/{rel}","templated":true}]}}