{"id":2016,"date":"2025-09-26T09:45:21","date_gmt":"2025-09-26T09:45:21","guid":{"rendered":"https:\/\/www.shouyasanitary.com\/?post_type=product&#038;p=2016"},"modified":"2025-09-26T09:45:24","modified_gmt":"2025-09-26T09:45:24","slug":"wholesale-bathroom-vanity-mirror-cabinet","status":"publish","type":"product","link":"https:\/\/www.shouyasanitary.com\/es\/producto\/wholesale-bathroom-vanity-mirror-cabinet\/","title":{"rendered":"Mayorista Ba\u00f1o Vanidad Espejo Gabinete, Aluminio veteado de madera Ba\u00f1o Gabinete Set"},"content":{"rendered":"<div class=\"wp-block-columns is-layout-flex wp-container-core-columns-is-layout-9d6595d7 wp-block-columns-is-layout-flex\">\n<div class=\"wp-block-column is-layout-flow wp-block-column-is-layout-flow\">\n<h2 class=\"wp-block-heading\">Caracter\u00edsticas del gabinete del espejo de la vanidad del cuarto de ba\u00f1o\uff1a<\/h2>\n\n\n\n<p><strong>Estilo minimalista moderno<\/strong>: Este mueble de lavabo est\u00e1 fabricado con una estructura de aluminio y su superficie est\u00e1 tratada con un efecto de grano de madera, presentando una textura natural y c\u00e1lida. El tama\u00f1o del mueble de ba\u00f1o es de 80 cm. Puede adaptarse tanto a cuartos de ba\u00f1o grandes como peque\u00f1os. El dise\u00f1o montado en la pared permite ahorrar espacio y es la opci\u00f3n ideal para crear un cuarto de ba\u00f1o acogedor.<\/p>\n\n\n\n<p><strong>Superficie de espejo inteligente: <\/strong>Equipada con una superficie de espejo inteligente, la luz de fondo proporciona tres colores de luz. Proporciona luz suficiente para el uso diario, con luz uniforme y suave, mejorando el brillo general y el efecto visual del cuarto de ba\u00f1o.<\/p>\n\n\n\n<p><strong>Espacio de almacenamiento multifuncional: <\/strong>Est\u00e1 dise\u00f1ado con pr\u00e1cticos cajones y estantes abiertos, que proporcionan un amplio espacio de almacenamiento, facilitando la organizaci\u00f3n y el almacenamiento de art\u00edculos de tocador, toallas, etc. Los cajones est\u00e1n equipados con gu\u00edas correderas de alta calidad que se abren y cierran con suavidad y resultan c\u00f3modas de usar.<\/p>\n\n\n\n<p><strong>Instalaci\u00f3n estable: <\/strong>El producto est\u00e1 equipado con accesorios de instalaci\u00f3n profesionales e instrucciones de instalaci\u00f3n detalladas, lo que garantiza un proceso de instalaci\u00f3n sencillo y r\u00e1pido. Una vez instalado, el armario es estable y fiable. <\/p>\n\n\n\n<p><strong>Excelente servicio posventa<\/strong>: Ofrecemos un amplio servicio postventa. Si hay alg\u00fan problema de calidad o preguntas de uso, puede ponerse en contacto con nosotros r\u00e1pidamente, para que no tenga que preocuparse por nada.<\/p>\n<\/div>\n\n\n\n<div class=\"wp-block-column is-layout-flow wp-block-column-is-layout-flow\"><div class=\"wp-block-image\">\n<figure class=\"aligncenter size-full\"><img decoding=\"async\" width=\"700\" height=\"700\" src=\"https:\/\/www.shouyasanitary.com\/wp-content\/uploads\/2025\/09\/OEM-aluminium-Bathroom-Vanity-Cabinet.webp\" alt=\"OEM aluminio Mueble de ba\u00f1o\" class=\"wp-image-2017\" style=\"object-fit:cover\" srcset=\"https:\/\/www.shouyasanitary.com\/wp-content\/uploads\/2025\/09\/OEM-aluminium-Bathroom-Vanity-Cabinet.webp 700w, https:\/\/www.shouyasanitary.com\/wp-content\/uploads\/2025\/09\/OEM-aluminium-Bathroom-Vanity-Cabinet-300x300.webp 300w, https:\/\/www.shouyasanitary.com\/wp-content\/uploads\/2025\/09\/OEM-aluminium-Bathroom-Vanity-Cabinet-150x150.webp 150w, https:\/\/www.shouyasanitary.com\/wp-content\/uploads\/2025\/09\/OEM-aluminium-Bathroom-Vanity-Cabinet-12x12.webp 12w, https:\/\/www.shouyasanitary.com\/wp-content\/uploads\/2025\/09\/OEM-aluminium-Bathroom-Vanity-Cabinet-600x600.webp 600w, https:\/\/www.shouyasanitary.com\/wp-content\/uploads\/2025\/09\/OEM-aluminium-Bathroom-Vanity-Cabinet-100x100.webp 100w\" sizes=\"(max-width: 700px) 100vw, 700px\" \/><\/figure>\n<\/div><\/div>\n<\/div>","protected":false},"excerpt":{"rendered":"<p>Mueble con espejo de ba\u00f1o al por mayor, de material de aluminio con textura similar al m\u00e1rmol, es adecuado para la mayor\u00eda de los cuartos de ba\u00f1o. Viene con un espejo LED y un lavabo de cer\u00e1mica, siendo a la vez pr\u00e1ctico y est\u00e9ticamente agradable. No dude en ponerse en contacto con nosotros para obtener una soluci\u00f3n personalizada en cualquier momento.<\/p>\n<h2>Gabinete del espejo de la vanidad del cuarto de ba\u00f1o Atributos\uff1a<\/h2>\n<p><strong>Art\u00edculo No:<\/strong>2509FZ-80F<strong><br \/>Material del armario:<\/strong> Aluminio<br \/><strong>Color del armario:<\/strong> Caqui<br \/><strong>Espejo:<\/strong> Espejo LED (3,5 mm\/3,8 mm), iluminaci\u00f3n tricolor, desempa\u00f1ado con un solo toque, protegido con embalaje de espuma multicapa<br \/><strong>Tipo de instalaci\u00f3n:<\/strong>\u00a0Montaje en pared<br \/><strong>Dimensiones (L\u00d7A\u00d7H):<\/strong> 80*47*28 cm<br \/><strong>Peso bruto:<\/strong> 28kg\/set<\/p>\n<h2>Personalizaci\u00f3n y servicios:<\/h2>\n<p><strong>OEM Y ODM<\/strong>: Soporte<br \/><strong>Dise\u00f1o<\/strong>: Gratis<br \/><strong>Accesorios<\/strong>: Lavabos, espejos, grifos y otros accesorios de ba\u00f1o<br \/><strong>Embalaje<\/strong>: Listo para montar<\/p>","protected":false},"featured_media":2017,"comment_status":"closed","ping_status":"closed","template":"","meta":{"_acf_changed":true},"product_brand":[],"product_cat":[23],"product_tag":[],"class_list":{"0":"post-2016","1":"product","2":"type-product","3":"status-publish","4":"has-post-thumbnail","6":"product_cat-wholesale-aluminum-bathroom-vanity-cabinets","8":"first","9":"instock","10":"shipping-taxable","11":"product-type-simple"},"acf":[],"_links":{"self":[{"href":"https:\/\/www.shouyasanitary.com\/es\/wp-json\/wp\/v2\/product\/2016","targetHints":{"allow":["GET"]}}],"collection":[{"href":"https:\/\/www.shouyasanitary.com\/es\/wp-json\/wp\/v2\/product"}],"about":[{"href":"https:\/\/www.shouyasanitary.com\/es\/wp-json\/wp\/v2\/types\/product"}],"replies":[{"embeddable":true,"href":"https:\/\/www.shouyasanitary.com\/es\/wp-json\/wp\/v2\/comments?post=2016"}],"wp:featuredmedia":[{"embeddable":true,"href":"https:\/\/www.shouyasanitary.com\/es\/wp-json\/wp\/v2\/media\/2017"}],"wp:attachment":[{"href":"https:\/\/www.shouyasanitary.com\/es\/wp-json\/wp\/v2\/media?parent=2016"}],"wp:term":[{"taxonomy":"product_brand","embeddable":true,"href":"https:\/\/www.shouyasanitary.com\/es\/wp-json\/wp\/v2\/product_brand?post=2016"},{"taxonomy":"product_cat","embeddable":true,"href":"https:\/\/www.shouyasanitary.com\/es\/wp-json\/wp\/v2\/product_cat?post=2016"},{"taxonomy":"product_tag","embeddable":true,"href":"https:\/\/www.shouyasanitary.com\/es\/wp-json\/wp\/v2\/product_tag?post=2016"}],"curies":[{"name":"wp","href":"https:\/\/api.w.org\/{rel}","templated":true}]}}