{"id":2043,"date":"2025-09-26T09:45:19","date_gmt":"2025-09-26T09:45:19","guid":{"rendered":"https:\/\/www.shouyasanitary.com\/?post_type=product&#038;p=2043"},"modified":"2025-09-26T09:45:21","modified_gmt":"2025-09-26T09:45:21","slug":"custom-green-bathroom-cabinets","status":"publish","type":"product","link":"https:\/\/www.shouyasanitary.com\/es\/producto\/custom-green-bathroom-cabinets\/","title":{"rendered":"Gabinetes de Ba\u00f1o Verdes Personalizados, F\u00e1brica al por mayor de PVC Cuarto de Ba\u00f1o Vanidad Conjunto de Gabinete de rayas verticales"},"content":{"rendered":"<div class=\"wp-block-columns is-layout-flex wp-container-core-columns-is-layout-9d6595d7 wp-block-columns-is-layout-flex\">\n<div class=\"wp-block-column is-layout-flow wp-block-column-is-layout-flow\">\n<h2 class=\"wp-block-heading\">Caracter\u00edsticas de los armarios de ba\u00f1o ecol\u00f3gicos\uff1a<\/h2>\n\n\n\n<p><strong>Dise\u00f1o de tama\u00f1o exquisito: <\/strong>Este mueble de ba\u00f1o est\u00e1 dise\u00f1ado con un tama\u00f1o de 80 cm. No ocupa demasiado espacio ni carece de suficiente espacio de funcionamiento y almacenamiento en la encimera. Es muy adecuado para ba\u00f1os peque\u00f1os y medianos y maximiza el aprovechamiento del espacio.<\/p>\n\n\n\n<p><strong>Material de PVC respetuoso con el medio ambiente:<\/strong> Fabricado con material de PVC respetuoso con el medio ambiente, no es t\u00f3xico ni tiene olor, lo que garantiza la seguridad y la salud. El material tiene excelentes propiedades impermeables y a prueba de humedad. Incluso en un cuarto de ba\u00f1o h\u00famedo, puede permanecer estable durante mucho tiempo sin deformarse ni enmohecerse.<\/p>\n\n\n\n<p><strong>Combinaci\u00f3n de encimeras de granito: <\/strong>Equipada con una encimera de granito de alta calidad, que destaca por su textura natural y su dureza, no s\u00f3lo realza el grado general del mueble de ba\u00f1o, sino que tambi\u00e9n es f\u00e1cil de limpiar y mantener a diario, lo que garantiza que la encimera se mantenga como nueva durante mucho tiempo.<\/p>\n\n\n\n<p><strong>Est\u00e9tica de patr\u00f3n vertical: <\/strong>Las puertas de los armarios presentan un dise\u00f1o de patr\u00f3n vertical que a\u00f1ade un toque de atractivo est\u00e9tico moderno y minimalista. <\/p>\n\n\n\n<p><strong>Pr\u00e1ctica funci\u00f3n de almacenamiento<\/strong>: La razonable distribuci\u00f3n interna del almacenamiento garantiza que elementos como los art\u00edculos de aseo y las toallas se coloquen ordenadamente en sus respectivas posiciones, lo que hace que el cuarto de ba\u00f1o est\u00e9 m\u00e1s limpio y organizado.<\/p>\n\n\n\n<p><strong>Descuento por pedido al por mayor:\u00a0<\/strong>Suministro directo del proveedor Shouya, ofrecemos precios competitivos al por mayor y servicios de personalizaci\u00f3n, ideal para los concesionarios, distribuidores y empresas de ingenier\u00eda de decoraci\u00f3n a gran escala de cooperaci\u00f3n a largo plazo.<\/p>\n<\/div>\n\n\n\n<div class=\"wp-block-column is-layout-flow wp-block-column-is-layout-flow\"><div class=\"wp-block-image\">\n<figure class=\"aligncenter size-full\"><img decoding=\"async\" width=\"700\" height=\"700\" src=\"https:\/\/www.shouyasanitary.com\/wp-content\/uploads\/2025\/09\/Wholesale-supply-of-PVC-bathroom-cabinet-vanity.webp\" alt=\"Suministro al por mayor de PVC mueble de ba\u00f1o vanidad\" class=\"wp-image-2045\" style=\"object-fit:cover\" srcset=\"https:\/\/www.shouyasanitary.com\/wp-content\/uploads\/2025\/09\/Wholesale-supply-of-PVC-bathroom-cabinet-vanity.webp 700w, https:\/\/www.shouyasanitary.com\/wp-content\/uploads\/2025\/09\/Wholesale-supply-of-PVC-bathroom-cabinet-vanity-300x300.webp 300w, https:\/\/www.shouyasanitary.com\/wp-content\/uploads\/2025\/09\/Wholesale-supply-of-PVC-bathroom-cabinet-vanity-150x150.webp 150w, https:\/\/www.shouyasanitary.com\/wp-content\/uploads\/2025\/09\/Wholesale-supply-of-PVC-bathroom-cabinet-vanity-12x12.webp 12w, https:\/\/www.shouyasanitary.com\/wp-content\/uploads\/2025\/09\/Wholesale-supply-of-PVC-bathroom-cabinet-vanity-600x600.webp 600w, https:\/\/www.shouyasanitary.com\/wp-content\/uploads\/2025\/09\/Wholesale-supply-of-PVC-bathroom-cabinet-vanity-100x100.webp 100w\" sizes=\"(max-width: 700px) 100vw, 700px\" \/><\/figure>\n<\/div><\/div>\n<\/div>","protected":false},"excerpt":{"rendered":"<p>Armarios de ba\u00f1o personalizados de color verde, tocador de ba\u00f1o de PVC de 80CM con estructura montada, que est\u00e1 especialmente dise\u00f1ado para ba\u00f1os peque\u00f1os. Las puertas de los armarios con dibujos verticales a\u00f1aden un toque art\u00edstico, y el espejo b\u00e1sico satisface las necesidades diarias. Suministros directos de f\u00e1brica Shouya con descuentos por pedido al por mayor. \u00a1Bienvenido a preguntar!<\/p>\n<h2>Armarios de ba\u00f1o verdes Atributos\uff1a<\/h2>\n<p><strong>Art\u00edculo No: <\/strong>6084-80GN<strong><br \/>Material del armario:<\/strong> PVC<br \/><strong>Color del armario:\u00a0<\/strong>Verde<br \/><strong>Espejo:<\/strong> Espejo LED (3,5 mm\/3,8 mm), iluminaci\u00f3n tricolor, desempa\u00f1ado con un solo toque, protegido con embalaje de espuma multicapa<br \/><strong>Tipo de instalaci\u00f3n:<\/strong>\u00a0Montaje en pared<br \/><strong>Dimensiones (L\u00d7A\u00d7H):<\/strong> 80*50*47 cm<br \/><strong>Peso bruto:<\/strong> 30 kg\/set<\/p>\n<h2>Personalizaci\u00f3n y servicios:<\/h2>\n<p><strong>OEM Y ODM<\/strong>: Soporte<br \/><strong>Dise\u00f1o<\/strong>: Gratis<br \/><strong>Accesorios<\/strong>: Lavabos, espejos, grifos y otros accesorios de ba\u00f1o<br \/><strong>Embalaje<\/strong>: Listo para montar<\/p>","protected":false},"featured_media":2045,"comment_status":"closed","ping_status":"closed","template":"","meta":{"_acf_changed":true},"product_brand":[],"product_cat":[24],"product_tag":[],"class_list":{"0":"post-2043","1":"product","2":"type-product","3":"status-publish","4":"has-post-thumbnail","6":"product_cat-wholesale-pvc-bathroom-vanity-cabinets","8":"first","9":"instock","10":"shipping-taxable","11":"product-type-simple"},"acf":[],"_links":{"self":[{"href":"https:\/\/www.shouyasanitary.com\/es\/wp-json\/wp\/v2\/product\/2043","targetHints":{"allow":["GET"]}}],"collection":[{"href":"https:\/\/www.shouyasanitary.com\/es\/wp-json\/wp\/v2\/product"}],"about":[{"href":"https:\/\/www.shouyasanitary.com\/es\/wp-json\/wp\/v2\/types\/product"}],"replies":[{"embeddable":true,"href":"https:\/\/www.shouyasanitary.com\/es\/wp-json\/wp\/v2\/comments?post=2043"}],"wp:featuredmedia":[{"embeddable":true,"href":"https:\/\/www.shouyasanitary.com\/es\/wp-json\/wp\/v2\/media\/2045"}],"wp:attachment":[{"href":"https:\/\/www.shouyasanitary.com\/es\/wp-json\/wp\/v2\/media?parent=2043"}],"wp:term":[{"taxonomy":"product_brand","embeddable":true,"href":"https:\/\/www.shouyasanitary.com\/es\/wp-json\/wp\/v2\/product_brand?post=2043"},{"taxonomy":"product_cat","embeddable":true,"href":"https:\/\/www.shouyasanitary.com\/es\/wp-json\/wp\/v2\/product_cat?post=2043"},{"taxonomy":"product_tag","embeddable":true,"href":"https:\/\/www.shouyasanitary.com\/es\/wp-json\/wp\/v2\/product_tag?post=2043"}],"curies":[{"name":"wp","href":"https:\/\/api.w.org\/{rel}","templated":true}]}}